{"id":11445,"date":"2026-01-31T17:25:10","date_gmt":"2026-01-31T17:25:10","guid":{"rendered":"https:\/\/livrariasolmar.pt\/?post_type=product&#038;p=11445"},"modified":"2026-02-08T17:42:16","modified_gmt":"2026-02-08T17:42:16","slug":"a-livraria-dos-segredos","status":"publish","type":"product","link":"https:\/\/livrariasolmar.pt\/en\/produto\/a-livraria-dos-segredos\/","title":{"rendered":"A Livraria dos Segredos"},"content":{"rendered":"<p>&nbsp;<\/p>\n","protected":false},"excerpt":{"rendered":"<p>1938. Em busca de um recome\u00e7o depois da morte do pai, Lara Hope chega a Lisboa \u00e0 procura de uma fam\u00edlia que nunca conheceu. Com a guerra a assolar a Europa, Lara encontra ref\u00fagio e sentido de perten\u00e7a na tranquila livraria da sua senhoria, num dos recantos mais bonitos da cidade.<\/p>\n<p>Por\u00e9m, ao reparar num cliente a trocar secretamente um livro por outro, apercebe-se de que a livraria n\u00e3o \u00e9 apenas uma loja. Lara mergulha ent\u00e3o num mundo labir\u00edntico de mist\u00e9rio e dissimula\u00e7\u00e3o, encontrando novos amigos, um romance inesperado e at\u00e9 mesmo a realeza\u2026 Estar\u00e1 ela realmente preparada para arriscar tudo por uma nova vida?<\/p>\n<p>Mist\u00e9rio, romance e amizade num livro inspirador que desvenda os meandros do mundo da espionagem da Lisboa da Segunda Guerra Mundial.<\/p>\n","protected":false},"author":2,"featured_media":11446,"template":"","meta":[],"product_cat":[477],"product_tag":[],"cat_produtos":[1917],"yoast_head":"<!-- This site is optimized with the Yoast SEO plugin v16.6 - https:\/\/yoast.com\/wordpress\/plugins\/seo\/ -->\n<title>A Livraria dos Segredos - Livraria Solmar - Livraria online<\/title>\n<meta name=\"robots\" content=\"index, follow, max-snippet:-1, max-image-preview:large, max-video-preview:-1\" \/>\n<link rel=\"canonical\" href=\"https:\/\/livrariasolmar.pt\/en\/produto\/a-livraria-dos-segredos\/\" \/>\n<meta property=\"og:locale\" content=\"en_US\" \/>\n<meta property=\"og:type\" content=\"article\" \/>\n<meta property=\"og:title\" content=\"A Livraria dos Segredos - Livraria Solmar - Livraria online\" \/>\n<meta property=\"og:description\" content=\"1938. Em busca de um recome\u00e7o depois da morte do pai, Lara Hope chega a Lisboa \u00e0 procura de uma fam\u00edlia que nunca conheceu. Com a guerra a assolar a Europa, Lara encontra ref\u00fagio e sentido de perten\u00e7a na tranquila livraria da sua senhoria, num dos recantos mais bonitos da cidade.  Por\u00e9m, ao reparar num cliente a trocar secretamente um livro por outro, apercebe-se de que a livraria n\u00e3o \u00e9 apenas uma loja. Lara mergulha ent\u00e3o num mundo labir\u00edntico de mist\u00e9rio e dissimula\u00e7\u00e3o, encontrando novos amigos, um romance inesperado e at\u00e9 mesmo a realeza\u2026 Estar\u00e1 ela realmente preparada para arriscar tudo por uma nova vida?  Mist\u00e9rio, romance e amizade num livro inspirador que desvenda os meandros do mundo da espionagem da Lisboa da Segunda Guerra Mundial.\" \/>\n<meta property=\"og:url\" content=\"https:\/\/livrariasolmar.pt\/produto\/a-livraria-dos-segredos\/\" \/>\n<meta property=\"og:site_name\" content=\"Livraria Solmar - Livraria online\" \/>\n<meta property=\"article:modified_time\" content=\"2026-02-08T17:42:16+00:00\" \/>\n<meta property=\"og:image\" content=\"https:\/\/livrariasolmar.pt\/wp-content\/uploads\/2026\/01\/1507-1-1.jpg\" \/>\n\t<meta property=\"og:image:width\" content=\"400\" \/>\n\t<meta property=\"og:image:height\" content=\"605\" \/>\n<meta name=\"twitter:card\" content=\"summary_large_image\" \/>\n<script type=\"application\/ld+json\" class=\"yoast-schema-graph\">{\"@context\":\"https:\/\/schema.org\",\"@graph\":[{\"@type\":\"WebSite\",\"@id\":\"https:\/\/livrariasolmar.pt\/#website\",\"url\":\"https:\/\/livrariasolmar.pt\/\",\"name\":\"Livraria Solmar - Livraria online\",\"description\":\"Com\\u00e9rcio Livros E Objetos De Arte, Lda - Ponta Delgada, A\\u00e7ores\",\"potentialAction\":[{\"@type\":\"SearchAction\",\"target\":{\"@type\":\"EntryPoint\",\"urlTemplate\":\"https:\/\/livrariasolmar.pt\/?s={search_term_string}\"},\"query-input\":\"required name=search_term_string\"}],\"inLanguage\":\"en-US\"},{\"@type\":\"ImageObject\",\"@id\":\"https:\/\/livrariasolmar.pt\/produto\/a-livraria-dos-segredos\/#primaryimage\",\"inLanguage\":\"en-US\",\"url\":\"https:\/\/livrariasolmar.pt\/wp-content\/uploads\/2026\/01\/1507-1-1.jpg\",\"contentUrl\":\"https:\/\/livrariasolmar.pt\/wp-content\/uploads\/2026\/01\/1507-1-1.jpg\",\"width\":400,\"height\":605},{\"@type\":\"WebPage\",\"@id\":\"https:\/\/livrariasolmar.pt\/produto\/a-livraria-dos-segredos\/#webpage\",\"url\":\"https:\/\/livrariasolmar.pt\/produto\/a-livraria-dos-segredos\/\",\"name\":\"A Livraria dos Segredos - Livraria Solmar - Livraria online\",\"isPartOf\":{\"@id\":\"https:\/\/livrariasolmar.pt\/#website\"},\"primaryImageOfPage\":{\"@id\":\"https:\/\/livrariasolmar.pt\/produto\/a-livraria-dos-segredos\/#primaryimage\"},\"datePublished\":\"2026-01-31T17:25:10+00:00\",\"dateModified\":\"2026-02-08T17:42:16+00:00\",\"breadcrumb\":{\"@id\":\"https:\/\/livrariasolmar.pt\/produto\/a-livraria-dos-segredos\/#breadcrumb\"},\"inLanguage\":\"en-US\",\"potentialAction\":[{\"@type\":\"ReadAction\",\"target\":[\"https:\/\/livrariasolmar.pt\/produto\/a-livraria-dos-segredos\/\"]}]},{\"@type\":\"BreadcrumbList\",\"@id\":\"https:\/\/livrariasolmar.pt\/produto\/a-livraria-dos-segredos\/#breadcrumb\",\"itemListElement\":[{\"@type\":\"ListItem\",\"position\":1,\"name\":\"In\\u00edcio\",\"item\":\"https:\/\/livrariasolmar.pt\/en\/\"},{\"@type\":\"ListItem\",\"position\":2,\"name\":\"Shop\",\"item\":\"https:\/\/livrariasolmar.pt\/en\/shop\/\"},{\"@type\":\"ListItem\",\"position\":3,\"name\":\"A Livraria dos Segredos\"}]}]}<\/script>\n<!-- \/ Yoast SEO plugin. -->","_links":{"self":[{"href":"https:\/\/livrariasolmar.pt\/en\/wp-json\/wp\/v2\/product\/11445"}],"collection":[{"href":"https:\/\/livrariasolmar.pt\/en\/wp-json\/wp\/v2\/product"}],"about":[{"href":"https:\/\/livrariasolmar.pt\/en\/wp-json\/wp\/v2\/types\/product"}],"author":[{"embeddable":true,"href":"https:\/\/livrariasolmar.pt\/en\/wp-json\/wp\/v2\/users\/2"}],"wp:featuredmedia":[{"embeddable":true,"href":"https:\/\/livrariasolmar.pt\/en\/wp-json\/wp\/v2\/media\/11446"}],"wp:attachment":[{"href":"https:\/\/livrariasolmar.pt\/en\/wp-json\/wp\/v2\/media?parent=11445"}],"wp:term":[{"taxonomy":"product_cat","embeddable":true,"href":"https:\/\/livrariasolmar.pt\/en\/wp-json\/wp\/v2\/product_cat?post=11445"},{"taxonomy":"product_tag","embeddable":true,"href":"https:\/\/livrariasolmar.pt\/en\/wp-json\/wp\/v2\/product_tag?post=11445"},{"taxonomy":"cat_produtos","embeddable":true,"href":"https:\/\/livrariasolmar.pt\/en\/wp-json\/wp\/v2\/cat_produtos?post=11445"}],"curies":[{"name":"wp","href":"https:\/\/api.w.org\/{rel}","templated":true}]}}