{"id":11451,"date":"2026-02-01T13:19:06","date_gmt":"2026-02-01T13:19:06","guid":{"rendered":"https:\/\/livrariasolmar.pt\/?post_type=product&#038;p=11451"},"modified":"2026-02-01T13:19:06","modified_gmt":"2026-02-01T13:19:06","slug":"sete-dentes-de-leao","status":"publish","type":"product","link":"https:\/\/livrariasolmar.pt\/en\/produto\/sete-dentes-de-leao\/","title":{"rendered":"Sete Dentes-de-Le\u00e3o"},"content":{"rendered":"","protected":false},"excerpt":{"rendered":"<p>E se bastasse um sonho para mudar o mundo?<\/p>\n<p>\u00cdris, uma velha pescadora, vivia sozinha e triste, no meio de uma floresta onde tudo era cinzento. At\u00e9 que estranhos sonhos e a inesperada descoberta de sete dentes-de-le\u00e3o lhe mostram que talvez seja poss\u00edvel colorir tudo ao seu redor.<\/p>\n<p>Com texto da autora galega Ledicia Costas, vencedora do Pr\u00e9mio Nacional de Literatura Infantil de Espanha e do Pr\u00e9mio Zenda Infantil, e ilustra\u00e7\u00f5es de David Sierra, este \u00e1lbum \u00e9 uma met\u00e1fora po\u00e9tica sobre esperan\u00e7a, imagina\u00e7\u00e3o e mudan\u00e7a.<\/p>\n<p>Destina-se a crian\u00e7as a partir dos 4 anos, mas emociona leitores de todas as idades com a sua mensagem intemporal: mesmo nos cen\u00e1rios mais cinzentos, basta um gesto para acender a transforma\u00e7\u00e3o.<\/p>\n","protected":false},"author":2,"featured_media":11452,"template":"","meta":[],"product_cat":[384],"product_tag":[],"cat_produtos":[1919],"yoast_head":"<!-- This site is optimized with the Yoast SEO plugin v16.6 - https:\/\/yoast.com\/wordpress\/plugins\/seo\/ -->\n<title>Sete Dentes-de-Le\u00e3o - Livraria Solmar - Livraria online<\/title>\n<meta name=\"robots\" content=\"index, follow, max-snippet:-1, max-image-preview:large, max-video-preview:-1\" \/>\n<link rel=\"canonical\" href=\"https:\/\/livrariasolmar.pt\/en\/produto\/sete-dentes-de-leao\/\" \/>\n<meta property=\"og:locale\" content=\"en_US\" \/>\n<meta property=\"og:type\" content=\"article\" \/>\n<meta property=\"og:title\" content=\"Sete Dentes-de-Le\u00e3o - Livraria Solmar - Livraria online\" \/>\n<meta property=\"og:description\" content=\"E se bastasse um sonho para mudar o mundo?  \u00cdris, uma velha pescadora, vivia sozinha e triste, no meio de uma floresta onde tudo era cinzento. At\u00e9 que estranhos sonhos e a inesperada descoberta de sete dentes-de-le\u00e3o lhe mostram que talvez seja poss\u00edvel colorir tudo ao seu redor.  Com texto da autora galega Ledicia Costas, vencedora do Pr\u00e9mio Nacional de Literatura Infantil de Espanha e do Pr\u00e9mio Zenda Infantil, e ilustra\u00e7\u00f5es de David Sierra, este \u00e1lbum \u00e9 uma met\u00e1fora po\u00e9tica sobre esperan\u00e7a, imagina\u00e7\u00e3o e mudan\u00e7a.  Destina-se a crian\u00e7as a partir dos 4 anos, mas emociona leitores de todas as idades com a sua mensagem intemporal: mesmo nos cen\u00e1rios mais cinzentos, basta um gesto para acender a transforma\u00e7\u00e3o.\" \/>\n<meta property=\"og:url\" content=\"https:\/\/livrariasolmar.pt\/produto\/sete-dentes-de-leao\/\" \/>\n<meta property=\"og:site_name\" content=\"Livraria Solmar - Livraria online\" \/>\n<meta property=\"og:image\" content=\"https:\/\/livrariasolmar.pt\/wp-content\/uploads\/2026\/02\/sete-dentes-de-leao-FA90910-scaled-1.jpg\" \/>\n\t<meta property=\"og:image:width\" content=\"1880\" \/>\n\t<meta property=\"og:image:height\" content=\"2560\" \/>\n<meta name=\"twitter:card\" content=\"summary_large_image\" \/>\n<script type=\"application\/ld+json\" class=\"yoast-schema-graph\">{\"@context\":\"https:\/\/schema.org\",\"@graph\":[{\"@type\":\"WebSite\",\"@id\":\"https:\/\/livrariasolmar.pt\/#website\",\"url\":\"https:\/\/livrariasolmar.pt\/\",\"name\":\"Livraria Solmar - Livraria online\",\"description\":\"Com\\u00e9rcio Livros E Objetos De Arte, Lda - Ponta Delgada, A\\u00e7ores\",\"potentialAction\":[{\"@type\":\"SearchAction\",\"target\":{\"@type\":\"EntryPoint\",\"urlTemplate\":\"https:\/\/livrariasolmar.pt\/?s={search_term_string}\"},\"query-input\":\"required name=search_term_string\"}],\"inLanguage\":\"en-US\"},{\"@type\":\"ImageObject\",\"@id\":\"https:\/\/livrariasolmar.pt\/produto\/sete-dentes-de-leao\/#primaryimage\",\"inLanguage\":\"en-US\",\"url\":\"https:\/\/livrariasolmar.pt\/wp-content\/uploads\/2026\/02\/sete-dentes-de-leao-FA90910-scaled-1.jpg\",\"contentUrl\":\"https:\/\/livrariasolmar.pt\/wp-content\/uploads\/2026\/02\/sete-dentes-de-leao-FA90910-scaled-1.jpg\",\"width\":1880,\"height\":2560},{\"@type\":\"WebPage\",\"@id\":\"https:\/\/livrariasolmar.pt\/produto\/sete-dentes-de-leao\/#webpage\",\"url\":\"https:\/\/livrariasolmar.pt\/produto\/sete-dentes-de-leao\/\",\"name\":\"Sete Dentes-de-Le\\u00e3o - Livraria Solmar - Livraria online\",\"isPartOf\":{\"@id\":\"https:\/\/livrariasolmar.pt\/#website\"},\"primaryImageOfPage\":{\"@id\":\"https:\/\/livrariasolmar.pt\/produto\/sete-dentes-de-leao\/#primaryimage\"},\"datePublished\":\"2026-02-01T13:19:06+00:00\",\"dateModified\":\"2026-02-01T13:19:06+00:00\",\"breadcrumb\":{\"@id\":\"https:\/\/livrariasolmar.pt\/produto\/sete-dentes-de-leao\/#breadcrumb\"},\"inLanguage\":\"en-US\",\"potentialAction\":[{\"@type\":\"ReadAction\",\"target\":[\"https:\/\/livrariasolmar.pt\/produto\/sete-dentes-de-leao\/\"]}]},{\"@type\":\"BreadcrumbList\",\"@id\":\"https:\/\/livrariasolmar.pt\/produto\/sete-dentes-de-leao\/#breadcrumb\",\"itemListElement\":[{\"@type\":\"ListItem\",\"position\":1,\"name\":\"In\\u00edcio\",\"item\":\"https:\/\/livrariasolmar.pt\/en\/\"},{\"@type\":\"ListItem\",\"position\":2,\"name\":\"Shop\",\"item\":\"https:\/\/livrariasolmar.pt\/en\/shop\/\"},{\"@type\":\"ListItem\",\"position\":3,\"name\":\"Sete Dentes-de-Le\\u00e3o\"}]}]}<\/script>\n<!-- \/ Yoast SEO plugin. -->","_links":{"self":[{"href":"https:\/\/livrariasolmar.pt\/en\/wp-json\/wp\/v2\/product\/11451"}],"collection":[{"href":"https:\/\/livrariasolmar.pt\/en\/wp-json\/wp\/v2\/product"}],"about":[{"href":"https:\/\/livrariasolmar.pt\/en\/wp-json\/wp\/v2\/types\/product"}],"author":[{"embeddable":true,"href":"https:\/\/livrariasolmar.pt\/en\/wp-json\/wp\/v2\/users\/2"}],"wp:featuredmedia":[{"embeddable":true,"href":"https:\/\/livrariasolmar.pt\/en\/wp-json\/wp\/v2\/media\/11452"}],"wp:attachment":[{"href":"https:\/\/livrariasolmar.pt\/en\/wp-json\/wp\/v2\/media?parent=11451"}],"wp:term":[{"taxonomy":"product_cat","embeddable":true,"href":"https:\/\/livrariasolmar.pt\/en\/wp-json\/wp\/v2\/product_cat?post=11451"},{"taxonomy":"product_tag","embeddable":true,"href":"https:\/\/livrariasolmar.pt\/en\/wp-json\/wp\/v2\/product_tag?post=11451"},{"taxonomy":"cat_produtos","embeddable":true,"href":"https:\/\/livrariasolmar.pt\/en\/wp-json\/wp\/v2\/cat_produtos?post=11451"}],"curies":[{"name":"wp","href":"https:\/\/api.w.org\/{rel}","templated":true}]}}