{"id":11454,"date":"2026-02-01T15:09:45","date_gmt":"2026-02-01T15:09:45","guid":{"rendered":"https:\/\/livrariasolmar.pt\/?post_type=product&#038;p=11454"},"modified":"2026-02-01T15:09:45","modified_gmt":"2026-02-01T15:09:45","slug":"contos-de-grimm","status":"publish","type":"product","link":"https:\/\/livrariasolmar.pt\/en\/produto\/contos-de-grimm\/","title":{"rendered":"Contos de Grimm"},"content":{"rendered":"","protected":false},"excerpt":{"rendered":"<p>Adapta\u00e7\u00e3o de contos cl\u00e1ssicos, com humor, em verso e repleto de ilustra\u00e7\u00f5es maravilhosas. Obra de qualidade liter\u00e1ria e art\u00edstica. Um livro encantador e bem humorado.<br \/>\nCinco dos mais famosos e maravilhosos contos dos Irm\u00e3os Grimm: A Capuchinho Vermelho; O Sapateiro e os Duendes; Hansel e Gretel; Os M\u00fasicos de Bremen e A Gata Borralheira est\u00e3o recheados de magia, humor, aventuras e corajosos animais!<\/p>\n<p>Recontados em verso pela talentosa Elli Woollard e magnificamente ilustrados pela premiada Marta Alt\u00e9s, autoras dos anteriores livros desta s\u00e9rie publicada pela F\u00e1bula: Contos do Foi Assim e F\u00e1bulas de Esopo.<\/p>\n<p>Uma obra cl\u00e1ssica, bem escrita, com humor no texto e ilustra\u00e7\u00f5es. Encaderna\u00e7\u00e3o de luxo que o torna um presente ideal durante o ano inteiro.<\/p>\n","protected":false},"author":2,"featured_media":11456,"template":"","meta":[],"product_cat":[384],"product_tag":[],"cat_produtos":[1920],"yoast_head":"<!-- This site is optimized with the Yoast SEO plugin v16.6 - https:\/\/yoast.com\/wordpress\/plugins\/seo\/ -->\n<title>Contos de Grimm - Livraria Solmar - Livraria online<\/title>\n<meta name=\"robots\" content=\"index, follow, max-snippet:-1, max-image-preview:large, max-video-preview:-1\" \/>\n<link rel=\"canonical\" href=\"https:\/\/livrariasolmar.pt\/en\/produto\/contos-de-grimm\/\" \/>\n<meta property=\"og:locale\" content=\"en_US\" \/>\n<meta property=\"og:type\" content=\"article\" \/>\n<meta property=\"og:title\" content=\"Contos de Grimm - Livraria Solmar - Livraria online\" \/>\n<meta property=\"og:description\" content=\"Adapta\u00e7\u00e3o de contos cl\u00e1ssicos, com humor, em verso e repleto de ilustra\u00e7\u00f5es maravilhosas. Obra de qualidade liter\u00e1ria e art\u00edstica. Um livro encantador e bem humorado. Cinco dos mais famosos e maravilhosos contos dos Irm\u00e3os Grimm: A Capuchinho Vermelho; O Sapateiro e os Duendes; Hansel e Gretel; Os M\u00fasicos de Bremen e A Gata Borralheira est\u00e3o recheados de magia, humor, aventuras e corajosos animais!  Recontados em verso pela talentosa Elli Woollard e magnificamente ilustrados pela premiada Marta Alt\u00e9s, autoras dos anteriores livros desta s\u00e9rie publicada pela F\u00e1bula: Contos do Foi Assim e F\u00e1bulas de Esopo.  Uma obra cl\u00e1ssica, bem escrita, com humor no texto e ilustra\u00e7\u00f5es. Encaderna\u00e7\u00e3o de luxo que o torna um presente ideal durante o ano inteiro.\" \/>\n<meta property=\"og:url\" content=\"https:\/\/livrariasolmar.pt\/produto\/contos-de-grimm\/\" \/>\n<meta property=\"og:site_name\" content=\"Livraria Solmar - Livraria online\" \/>\n<meta property=\"og:image\" content=\"https:\/\/livrariasolmar.pt\/wp-content\/uploads\/2026\/02\/1540-1-2.jpg\" \/>\n\t<meta property=\"og:image:width\" content=\"340\" \/>\n\t<meta property=\"og:image:height\" content=\"340\" \/>\n<meta name=\"twitter:card\" content=\"summary_large_image\" \/>\n<script type=\"application\/ld+json\" class=\"yoast-schema-graph\">{\"@context\":\"https:\/\/schema.org\",\"@graph\":[{\"@type\":\"WebSite\",\"@id\":\"https:\/\/livrariasolmar.pt\/#website\",\"url\":\"https:\/\/livrariasolmar.pt\/\",\"name\":\"Livraria Solmar - Livraria online\",\"description\":\"Com\\u00e9rcio Livros E Objetos De Arte, Lda - Ponta Delgada, A\\u00e7ores\",\"potentialAction\":[{\"@type\":\"SearchAction\",\"target\":{\"@type\":\"EntryPoint\",\"urlTemplate\":\"https:\/\/livrariasolmar.pt\/?s={search_term_string}\"},\"query-input\":\"required name=search_term_string\"}],\"inLanguage\":\"en-US\"},{\"@type\":\"ImageObject\",\"@id\":\"https:\/\/livrariasolmar.pt\/produto\/contos-de-grimm\/#primaryimage\",\"inLanguage\":\"en-US\",\"url\":\"https:\/\/livrariasolmar.pt\/wp-content\/uploads\/2026\/02\/1540-1-2.jpg\",\"contentUrl\":\"https:\/\/livrariasolmar.pt\/wp-content\/uploads\/2026\/02\/1540-1-2.jpg\",\"width\":340,\"height\":340},{\"@type\":\"WebPage\",\"@id\":\"https:\/\/livrariasolmar.pt\/produto\/contos-de-grimm\/#webpage\",\"url\":\"https:\/\/livrariasolmar.pt\/produto\/contos-de-grimm\/\",\"name\":\"Contos de Grimm - Livraria Solmar - Livraria online\",\"isPartOf\":{\"@id\":\"https:\/\/livrariasolmar.pt\/#website\"},\"primaryImageOfPage\":{\"@id\":\"https:\/\/livrariasolmar.pt\/produto\/contos-de-grimm\/#primaryimage\"},\"datePublished\":\"2026-02-01T15:09:45+00:00\",\"dateModified\":\"2026-02-01T15:09:45+00:00\",\"breadcrumb\":{\"@id\":\"https:\/\/livrariasolmar.pt\/produto\/contos-de-grimm\/#breadcrumb\"},\"inLanguage\":\"en-US\",\"potentialAction\":[{\"@type\":\"ReadAction\",\"target\":[\"https:\/\/livrariasolmar.pt\/produto\/contos-de-grimm\/\"]}]},{\"@type\":\"BreadcrumbList\",\"@id\":\"https:\/\/livrariasolmar.pt\/produto\/contos-de-grimm\/#breadcrumb\",\"itemListElement\":[{\"@type\":\"ListItem\",\"position\":1,\"name\":\"In\\u00edcio\",\"item\":\"https:\/\/livrariasolmar.pt\/en\/\"},{\"@type\":\"ListItem\",\"position\":2,\"name\":\"Shop\",\"item\":\"https:\/\/livrariasolmar.pt\/en\/shop\/\"},{\"@type\":\"ListItem\",\"position\":3,\"name\":\"Contos de Grimm\"}]}]}<\/script>\n<!-- \/ Yoast SEO plugin. -->","_links":{"self":[{"href":"https:\/\/livrariasolmar.pt\/en\/wp-json\/wp\/v2\/product\/11454"}],"collection":[{"href":"https:\/\/livrariasolmar.pt\/en\/wp-json\/wp\/v2\/product"}],"about":[{"href":"https:\/\/livrariasolmar.pt\/en\/wp-json\/wp\/v2\/types\/product"}],"author":[{"embeddable":true,"href":"https:\/\/livrariasolmar.pt\/en\/wp-json\/wp\/v2\/users\/2"}],"wp:featuredmedia":[{"embeddable":true,"href":"https:\/\/livrariasolmar.pt\/en\/wp-json\/wp\/v2\/media\/11456"}],"wp:attachment":[{"href":"https:\/\/livrariasolmar.pt\/en\/wp-json\/wp\/v2\/media?parent=11454"}],"wp:term":[{"taxonomy":"product_cat","embeddable":true,"href":"https:\/\/livrariasolmar.pt\/en\/wp-json\/wp\/v2\/product_cat?post=11454"},{"taxonomy":"product_tag","embeddable":true,"href":"https:\/\/livrariasolmar.pt\/en\/wp-json\/wp\/v2\/product_tag?post=11454"},{"taxonomy":"cat_produtos","embeddable":true,"href":"https:\/\/livrariasolmar.pt\/en\/wp-json\/wp\/v2\/cat_produtos?post=11454"}],"curies":[{"name":"wp","href":"https:\/\/api.w.org\/{rel}","templated":true}]}}