{"id":11458,"date":"2026-02-01T15:20:24","date_gmt":"2026-02-01T15:20:24","guid":{"rendered":"https:\/\/livrariasolmar.pt\/?post_type=product&#038;p=11458"},"modified":"2026-02-01T15:20:24","modified_gmt":"2026-02-01T15:20:24","slug":"cao-pulgao-apaixona-se","status":"publish","type":"product","link":"https:\/\/livrariasolmar.pt\/en\/produto\/cao-pulgao-apaixona-se\/","title":{"rendered":"C\u00e3o Pulg\u00e3o Apaixona-se!"},"content":{"rendered":"","protected":false},"excerpt":{"rendered":"<p><i>O C\u00e3o Pulg\u00e3o<\/i>\u00a0sente-se sozinho. V\u00ea outros casais e gostava de se apaixonar. \u00c9 ent\u00e3o que conhece a Sem-Espinhas, uma pequena cadela piolhosa que lhe arrebata o cora\u00e7\u00e3o. Mas e agora? Como conquist\u00e1-la? Felizmente, o Gato Chato tem a solu\u00e7\u00e3o ideal.\u00a0<i>O Guia do Sedutor<\/i>\u00a0que encontrou no caixote do lixo tem todas as dicas para a miss\u00e3o ser bem-sucedida&#8230; ou talvez n\u00e3o!<\/p>\n<p>Um livro que, com humor, leveza e simplicidade, aborda temas t\u00e3o profundos como a exclus\u00e3o ou a necessidade de aceita\u00e7\u00e3o, atrav\u00e9s de um anti-her\u00f3i encantador, inocente e divertido.<\/p>\n","protected":false},"author":2,"featured_media":11459,"template":"","meta":[],"product_cat":[172],"product_tag":[],"cat_produtos":[1921],"yoast_head":"<!-- This site is optimized with the Yoast SEO plugin v16.6 - https:\/\/yoast.com\/wordpress\/plugins\/seo\/ -->\n<title>C\u00e3o Pulg\u00e3o Apaixona-se! - Livraria Solmar - Livraria online<\/title>\n<meta name=\"robots\" content=\"index, follow, max-snippet:-1, max-image-preview:large, max-video-preview:-1\" \/>\n<link rel=\"canonical\" href=\"https:\/\/livrariasolmar.pt\/en\/produto\/cao-pulgao-apaixona-se\/\" \/>\n<meta property=\"og:locale\" content=\"en_US\" \/>\n<meta property=\"og:type\" content=\"article\" \/>\n<meta property=\"og:title\" content=\"C\u00e3o Pulg\u00e3o Apaixona-se! - Livraria Solmar - Livraria online\" \/>\n<meta property=\"og:description\" content=\"O C\u00e3o Pulg\u00e3o\u00a0sente-se sozinho. V\u00ea outros casais e gostava de se apaixonar. \u00c9 ent\u00e3o que conhece a Sem-Espinhas, uma pequena cadela piolhosa que lhe arrebata o cora\u00e7\u00e3o. Mas e agora? Como conquist\u00e1-la? Felizmente, o Gato Chato tem a solu\u00e7\u00e3o ideal.\u00a0O Guia do Sedutor\u00a0que encontrou no caixote do lixo tem todas as dicas para a miss\u00e3o ser bem-sucedida... ou talvez n\u00e3o!  Um livro que, com humor, leveza e simplicidade, aborda temas t\u00e3o profundos como a exclus\u00e3o ou a necessidade de aceita\u00e7\u00e3o, atrav\u00e9s de um anti-her\u00f3i encantador, inocente e divertido.\" \/>\n<meta property=\"og:url\" content=\"https:\/\/livrariasolmar.pt\/produto\/cao-pulgao-apaixona-se\/\" \/>\n<meta property=\"og:site_name\" content=\"Livraria Solmar - Livraria online\" \/>\n<meta property=\"og:image\" content=\"https:\/\/livrariasolmar.pt\/wp-content\/uploads\/2026\/02\/1507-1.jpg\" \/>\n\t<meta property=\"og:image:width\" content=\"400\" \/>\n\t<meta property=\"og:image:height\" content=\"500\" \/>\n<meta name=\"twitter:card\" content=\"summary_large_image\" \/>\n<script type=\"application\/ld+json\" class=\"yoast-schema-graph\">{\"@context\":\"https:\/\/schema.org\",\"@graph\":[{\"@type\":\"WebSite\",\"@id\":\"https:\/\/livrariasolmar.pt\/#website\",\"url\":\"https:\/\/livrariasolmar.pt\/\",\"name\":\"Livraria Solmar - Livraria online\",\"description\":\"Com\\u00e9rcio Livros E Objetos De Arte, Lda - Ponta Delgada, A\\u00e7ores\",\"potentialAction\":[{\"@type\":\"SearchAction\",\"target\":{\"@type\":\"EntryPoint\",\"urlTemplate\":\"https:\/\/livrariasolmar.pt\/?s={search_term_string}\"},\"query-input\":\"required name=search_term_string\"}],\"inLanguage\":\"en-US\"},{\"@type\":\"ImageObject\",\"@id\":\"https:\/\/livrariasolmar.pt\/produto\/cao-pulgao-apaixona-se\/#primaryimage\",\"inLanguage\":\"en-US\",\"url\":\"https:\/\/livrariasolmar.pt\/wp-content\/uploads\/2026\/02\/1507-1.jpg\",\"contentUrl\":\"https:\/\/livrariasolmar.pt\/wp-content\/uploads\/2026\/02\/1507-1.jpg\",\"width\":400,\"height\":500},{\"@type\":\"WebPage\",\"@id\":\"https:\/\/livrariasolmar.pt\/produto\/cao-pulgao-apaixona-se\/#webpage\",\"url\":\"https:\/\/livrariasolmar.pt\/produto\/cao-pulgao-apaixona-se\/\",\"name\":\"C\\u00e3o Pulg\\u00e3o Apaixona-se! - Livraria Solmar - Livraria online\",\"isPartOf\":{\"@id\":\"https:\/\/livrariasolmar.pt\/#website\"},\"primaryImageOfPage\":{\"@id\":\"https:\/\/livrariasolmar.pt\/produto\/cao-pulgao-apaixona-se\/#primaryimage\"},\"datePublished\":\"2026-02-01T15:20:24+00:00\",\"dateModified\":\"2026-02-01T15:20:24+00:00\",\"breadcrumb\":{\"@id\":\"https:\/\/livrariasolmar.pt\/produto\/cao-pulgao-apaixona-se\/#breadcrumb\"},\"inLanguage\":\"en-US\",\"potentialAction\":[{\"@type\":\"ReadAction\",\"target\":[\"https:\/\/livrariasolmar.pt\/produto\/cao-pulgao-apaixona-se\/\"]}]},{\"@type\":\"BreadcrumbList\",\"@id\":\"https:\/\/livrariasolmar.pt\/produto\/cao-pulgao-apaixona-se\/#breadcrumb\",\"itemListElement\":[{\"@type\":\"ListItem\",\"position\":1,\"name\":\"In\\u00edcio\",\"item\":\"https:\/\/livrariasolmar.pt\/en\/\"},{\"@type\":\"ListItem\",\"position\":2,\"name\":\"Shop\",\"item\":\"https:\/\/livrariasolmar.pt\/en\/shop\/\"},{\"@type\":\"ListItem\",\"position\":3,\"name\":\"C\\u00e3o Pulg\\u00e3o Apaixona-se!\"}]}]}<\/script>\n<!-- \/ Yoast SEO plugin. -->","_links":{"self":[{"href":"https:\/\/livrariasolmar.pt\/en\/wp-json\/wp\/v2\/product\/11458"}],"collection":[{"href":"https:\/\/livrariasolmar.pt\/en\/wp-json\/wp\/v2\/product"}],"about":[{"href":"https:\/\/livrariasolmar.pt\/en\/wp-json\/wp\/v2\/types\/product"}],"author":[{"embeddable":true,"href":"https:\/\/livrariasolmar.pt\/en\/wp-json\/wp\/v2\/users\/2"}],"wp:featuredmedia":[{"embeddable":true,"href":"https:\/\/livrariasolmar.pt\/en\/wp-json\/wp\/v2\/media\/11459"}],"wp:attachment":[{"href":"https:\/\/livrariasolmar.pt\/en\/wp-json\/wp\/v2\/media?parent=11458"}],"wp:term":[{"taxonomy":"product_cat","embeddable":true,"href":"https:\/\/livrariasolmar.pt\/en\/wp-json\/wp\/v2\/product_cat?post=11458"},{"taxonomy":"product_tag","embeddable":true,"href":"https:\/\/livrariasolmar.pt\/en\/wp-json\/wp\/v2\/product_tag?post=11458"},{"taxonomy":"cat_produtos","embeddable":true,"href":"https:\/\/livrariasolmar.pt\/en\/wp-json\/wp\/v2\/cat_produtos?post=11458"}],"curies":[{"name":"wp","href":"https:\/\/api.w.org\/{rel}","templated":true}]}}