{"id":11461,"date":"2026-02-01T15:25:04","date_gmt":"2026-02-01T15:25:04","guid":{"rendered":"https:\/\/livrariasolmar.pt\/?post_type=product&#038;p=11461"},"modified":"2026-02-01T15:25:04","modified_gmt":"2026-02-01T15:25:04","slug":"gata-em-fuga-episodio-2-a-loucura-do-pepino","status":"publish","type":"product","link":"https:\/\/livrariasolmar.pt\/en\/produto\/gata-em-fuga-episodio-2-a-loucura-do-pepino\/","title":{"rendered":"Gata em Fuga: Epis\u00f3dio 2 &#8211; A Loucura do Pepino!"},"content":{"rendered":"","protected":false},"excerpt":{"rendered":"<p>Desaparecida! A maior influenciadora felina desapareceu! Ou ser\u00e1 que n\u00e3o?<\/p>\n<p>Enquanto um mist\u00e9rio diab\u00f3lico se desenrola, a Princesa Bela mergulha num mundo terr\u00edvel onde n\u00e3o existem\u00a0<i>trends<\/i>, o perigo espreita a cada esquina e pepinos n\u00e3o s\u00e3o motivo para risotas.<\/p>\n<p>Ela vai de mal a pior em\u2026\u00a0<i>Gata em Fuga<\/i>, epis\u00f3dio 2!<\/p>\n","protected":false},"author":2,"featured_media":11462,"template":"","meta":[],"product_cat":[172],"product_tag":[],"cat_produtos":[1922],"yoast_head":"<!-- This site is optimized with the Yoast SEO plugin v16.6 - https:\/\/yoast.com\/wordpress\/plugins\/seo\/ -->\n<title>Gata em Fuga: Epis\u00f3dio 2 - A Loucura do Pepino! - Livraria Solmar - Livraria online<\/title>\n<meta name=\"robots\" content=\"index, follow, max-snippet:-1, max-image-preview:large, max-video-preview:-1\" \/>\n<link rel=\"canonical\" href=\"https:\/\/livrariasolmar.pt\/en\/produto\/gata-em-fuga-episodio-2-a-loucura-do-pepino\/\" \/>\n<meta property=\"og:locale\" content=\"en_US\" \/>\n<meta property=\"og:type\" content=\"article\" \/>\n<meta property=\"og:title\" content=\"Gata em Fuga: Epis\u00f3dio 2 - A Loucura do Pepino! - Livraria Solmar - Livraria online\" \/>\n<meta property=\"og:description\" content=\"Desaparecida! A maior influenciadora felina desapareceu! Ou ser\u00e1 que n\u00e3o?  Enquanto um mist\u00e9rio diab\u00f3lico se desenrola, a Princesa Bela mergulha num mundo terr\u00edvel onde n\u00e3o existem\u00a0trends, o perigo espreita a cada esquina e pepinos n\u00e3o s\u00e3o motivo para risotas.  Ela vai de mal a pior em\u2026\u00a0Gata em Fuga, epis\u00f3dio 2!\" \/>\n<meta property=\"og:url\" content=\"https:\/\/livrariasolmar.pt\/produto\/gata-em-fuga-episodio-2-a-loucura-do-pepino\/\" \/>\n<meta property=\"og:site_name\" content=\"Livraria Solmar - Livraria online\" \/>\n<meta property=\"og:image\" content=\"https:\/\/livrariasolmar.pt\/wp-content\/uploads\/2026\/02\/1540-1-3.jpg\" \/>\n\t<meta property=\"og:image:width\" content=\"340\" \/>\n\t<meta property=\"og:image:height\" content=\"340\" \/>\n<meta name=\"twitter:card\" content=\"summary_large_image\" \/>\n<script type=\"application\/ld+json\" class=\"yoast-schema-graph\">{\"@context\":\"https:\/\/schema.org\",\"@graph\":[{\"@type\":\"WebSite\",\"@id\":\"https:\/\/livrariasolmar.pt\/#website\",\"url\":\"https:\/\/livrariasolmar.pt\/\",\"name\":\"Livraria Solmar - Livraria online\",\"description\":\"Com\\u00e9rcio Livros E Objetos De Arte, Lda - Ponta Delgada, A\\u00e7ores\",\"potentialAction\":[{\"@type\":\"SearchAction\",\"target\":{\"@type\":\"EntryPoint\",\"urlTemplate\":\"https:\/\/livrariasolmar.pt\/?s={search_term_string}\"},\"query-input\":\"required name=search_term_string\"}],\"inLanguage\":\"en-US\"},{\"@type\":\"ImageObject\",\"@id\":\"https:\/\/livrariasolmar.pt\/produto\/gata-em-fuga-episodio-2-a-loucura-do-pepino\/#primaryimage\",\"inLanguage\":\"en-US\",\"url\":\"https:\/\/livrariasolmar.pt\/wp-content\/uploads\/2026\/02\/1540-1-3.jpg\",\"contentUrl\":\"https:\/\/livrariasolmar.pt\/wp-content\/uploads\/2026\/02\/1540-1-3.jpg\",\"width\":340,\"height\":340},{\"@type\":\"WebPage\",\"@id\":\"https:\/\/livrariasolmar.pt\/produto\/gata-em-fuga-episodio-2-a-loucura-do-pepino\/#webpage\",\"url\":\"https:\/\/livrariasolmar.pt\/produto\/gata-em-fuga-episodio-2-a-loucura-do-pepino\/\",\"name\":\"Gata em Fuga: Epis\\u00f3dio 2 - A Loucura do Pepino! - Livraria Solmar - Livraria online\",\"isPartOf\":{\"@id\":\"https:\/\/livrariasolmar.pt\/#website\"},\"primaryImageOfPage\":{\"@id\":\"https:\/\/livrariasolmar.pt\/produto\/gata-em-fuga-episodio-2-a-loucura-do-pepino\/#primaryimage\"},\"datePublished\":\"2026-02-01T15:25:04+00:00\",\"dateModified\":\"2026-02-01T15:25:04+00:00\",\"breadcrumb\":{\"@id\":\"https:\/\/livrariasolmar.pt\/produto\/gata-em-fuga-episodio-2-a-loucura-do-pepino\/#breadcrumb\"},\"inLanguage\":\"en-US\",\"potentialAction\":[{\"@type\":\"ReadAction\",\"target\":[\"https:\/\/livrariasolmar.pt\/produto\/gata-em-fuga-episodio-2-a-loucura-do-pepino\/\"]}]},{\"@type\":\"BreadcrumbList\",\"@id\":\"https:\/\/livrariasolmar.pt\/produto\/gata-em-fuga-episodio-2-a-loucura-do-pepino\/#breadcrumb\",\"itemListElement\":[{\"@type\":\"ListItem\",\"position\":1,\"name\":\"In\\u00edcio\",\"item\":\"https:\/\/livrariasolmar.pt\/en\/\"},{\"@type\":\"ListItem\",\"position\":2,\"name\":\"Shop\",\"item\":\"https:\/\/livrariasolmar.pt\/en\/shop\/\"},{\"@type\":\"ListItem\",\"position\":3,\"name\":\"Gata em Fuga: Epis\\u00f3dio 2 &#8211; A Loucura do Pepino!\"}]}]}<\/script>\n<!-- \/ Yoast SEO plugin. -->","_links":{"self":[{"href":"https:\/\/livrariasolmar.pt\/en\/wp-json\/wp\/v2\/product\/11461"}],"collection":[{"href":"https:\/\/livrariasolmar.pt\/en\/wp-json\/wp\/v2\/product"}],"about":[{"href":"https:\/\/livrariasolmar.pt\/en\/wp-json\/wp\/v2\/types\/product"}],"author":[{"embeddable":true,"href":"https:\/\/livrariasolmar.pt\/en\/wp-json\/wp\/v2\/users\/2"}],"wp:featuredmedia":[{"embeddable":true,"href":"https:\/\/livrariasolmar.pt\/en\/wp-json\/wp\/v2\/media\/11462"}],"wp:attachment":[{"href":"https:\/\/livrariasolmar.pt\/en\/wp-json\/wp\/v2\/media?parent=11461"}],"wp:term":[{"taxonomy":"product_cat","embeddable":true,"href":"https:\/\/livrariasolmar.pt\/en\/wp-json\/wp\/v2\/product_cat?post=11461"},{"taxonomy":"product_tag","embeddable":true,"href":"https:\/\/livrariasolmar.pt\/en\/wp-json\/wp\/v2\/product_tag?post=11461"},{"taxonomy":"cat_produtos","embeddable":true,"href":"https:\/\/livrariasolmar.pt\/en\/wp-json\/wp\/v2\/cat_produtos?post=11461"}],"curies":[{"name":"wp","href":"https:\/\/api.w.org\/{rel}","templated":true}]}}