{"id":11464,"date":"2026-02-01T15:31:39","date_gmt":"2026-02-01T15:31:39","guid":{"rendered":"https:\/\/livrariasolmar.pt\/?post_type=product&#038;p=11464"},"modified":"2026-02-01T15:31:39","modified_gmt":"2026-02-01T15:31:39","slug":"as-sisters-no-1-irmas-a-forca","status":"publish","type":"product","link":"https:\/\/livrariasolmar.pt\/en\/produto\/as-sisters-no-1-irmas-a-forca\/","title":{"rendered":"As Sisters N\u00ba 1 &#8211; Irm\u00e3s \u00e0 For\u00e7a"},"content":{"rendered":"","protected":false},"excerpt":{"rendered":"<p>A Wendy \u00e9 uma pr\u00e9-adolescente que tem muitos amigos e um namorado que adora. A sua vida parece espectacular, mas h\u00e1 um pequenino problema: tem tamb\u00e9m uma irm\u00e3 mais nova. Pois, \u00e9 a Marina, que \u00e9 uma chata e n\u00e3o a larga!<\/p>\n<p>A Wendy s\u00f3 quer falar com as amigas sobre rapazes, arranjar-se para sair e que a deixem em paz. J\u00e1 a Marina sonha em estar sempre com a mana mais velha e saber tudo o que ela faz.<\/p>\n<p>EM CADA P\u00c1GINA, UMA NOVA HIST\u00d3RIA!<\/p>\n<p>Descobre a nova s\u00e9rie\u00a0<i>AS SISTERS<\/i>, que conta a vida e as aventuras hi-la-ri-an-tes de duas mi\u00fadas como tu, entre ataques de choro, brigas, abra\u00e7os apertados e muitas gargalhadas!<\/p>\n","protected":false},"author":2,"featured_media":11465,"template":"","meta":[],"product_cat":[172],"product_tag":[],"cat_produtos":[1923],"yoast_head":"<!-- This site is optimized with the Yoast SEO plugin v16.6 - https:\/\/yoast.com\/wordpress\/plugins\/seo\/ -->\n<title>As Sisters N\u00ba 1 - Irm\u00e3s \u00e0 For\u00e7a - Livraria Solmar - Livraria online<\/title>\n<meta name=\"robots\" content=\"index, follow, max-snippet:-1, max-image-preview:large, max-video-preview:-1\" \/>\n<link rel=\"canonical\" href=\"https:\/\/livrariasolmar.pt\/en\/produto\/as-sisters-no-1-irmas-a-forca\/\" \/>\n<meta property=\"og:locale\" content=\"en_US\" \/>\n<meta property=\"og:type\" content=\"article\" \/>\n<meta property=\"og:title\" content=\"As Sisters N\u00ba 1 - Irm\u00e3s \u00e0 For\u00e7a - Livraria Solmar - Livraria online\" \/>\n<meta property=\"og:description\" content=\"A Wendy \u00e9 uma pr\u00e9-adolescente que tem muitos amigos e um namorado que adora. A sua vida parece espectacular, mas h\u00e1 um pequenino problema: tem tamb\u00e9m uma irm\u00e3 mais nova. Pois, \u00e9 a Marina, que \u00e9 uma chata e n\u00e3o a larga!  A Wendy s\u00f3 quer falar com as amigas sobre rapazes, arranjar-se para sair e que a deixem em paz. J\u00e1 a Marina sonha em estar sempre com a mana mais velha e saber tudo o que ela faz.  EM CADA P\u00c1GINA, UMA NOVA HIST\u00d3RIA!  Descobre a nova s\u00e9rie\u00a0AS SISTERS, que conta a vida e as aventuras hi-la-ri-an-tes de duas mi\u00fadas como tu, entre ataques de choro, brigas, abra\u00e7os apertados e muitas gargalhadas!\" \/>\n<meta property=\"og:url\" content=\"https:\/\/livrariasolmar.pt\/produto\/as-sisters-no-1-irmas-a-forca\/\" \/>\n<meta property=\"og:site_name\" content=\"Livraria Solmar - Livraria online\" \/>\n<meta property=\"og:image\" content=\"https:\/\/livrariasolmar.pt\/wp-content\/uploads\/2026\/02\/1540-1-4.jpg\" \/>\n\t<meta property=\"og:image:width\" content=\"340\" \/>\n\t<meta property=\"og:image:height\" content=\"340\" \/>\n<meta name=\"twitter:card\" content=\"summary_large_image\" \/>\n<script type=\"application\/ld+json\" class=\"yoast-schema-graph\">{\"@context\":\"https:\/\/schema.org\",\"@graph\":[{\"@type\":\"WebSite\",\"@id\":\"https:\/\/livrariasolmar.pt\/#website\",\"url\":\"https:\/\/livrariasolmar.pt\/\",\"name\":\"Livraria Solmar - Livraria online\",\"description\":\"Com\\u00e9rcio Livros E Objetos De Arte, Lda - Ponta Delgada, A\\u00e7ores\",\"potentialAction\":[{\"@type\":\"SearchAction\",\"target\":{\"@type\":\"EntryPoint\",\"urlTemplate\":\"https:\/\/livrariasolmar.pt\/?s={search_term_string}\"},\"query-input\":\"required name=search_term_string\"}],\"inLanguage\":\"en-US\"},{\"@type\":\"ImageObject\",\"@id\":\"https:\/\/livrariasolmar.pt\/produto\/as-sisters-no-1-irmas-a-forca\/#primaryimage\",\"inLanguage\":\"en-US\",\"url\":\"https:\/\/livrariasolmar.pt\/wp-content\/uploads\/2026\/02\/1540-1-4.jpg\",\"contentUrl\":\"https:\/\/livrariasolmar.pt\/wp-content\/uploads\/2026\/02\/1540-1-4.jpg\",\"width\":340,\"height\":340},{\"@type\":\"WebPage\",\"@id\":\"https:\/\/livrariasolmar.pt\/produto\/as-sisters-no-1-irmas-a-forca\/#webpage\",\"url\":\"https:\/\/livrariasolmar.pt\/produto\/as-sisters-no-1-irmas-a-forca\/\",\"name\":\"As Sisters N\\u00ba 1 - Irm\\u00e3s \\u00e0 For\\u00e7a - Livraria Solmar - Livraria online\",\"isPartOf\":{\"@id\":\"https:\/\/livrariasolmar.pt\/#website\"},\"primaryImageOfPage\":{\"@id\":\"https:\/\/livrariasolmar.pt\/produto\/as-sisters-no-1-irmas-a-forca\/#primaryimage\"},\"datePublished\":\"2026-02-01T15:31:39+00:00\",\"dateModified\":\"2026-02-01T15:31:39+00:00\",\"breadcrumb\":{\"@id\":\"https:\/\/livrariasolmar.pt\/produto\/as-sisters-no-1-irmas-a-forca\/#breadcrumb\"},\"inLanguage\":\"en-US\",\"potentialAction\":[{\"@type\":\"ReadAction\",\"target\":[\"https:\/\/livrariasolmar.pt\/produto\/as-sisters-no-1-irmas-a-forca\/\"]}]},{\"@type\":\"BreadcrumbList\",\"@id\":\"https:\/\/livrariasolmar.pt\/produto\/as-sisters-no-1-irmas-a-forca\/#breadcrumb\",\"itemListElement\":[{\"@type\":\"ListItem\",\"position\":1,\"name\":\"In\\u00edcio\",\"item\":\"https:\/\/livrariasolmar.pt\/en\/\"},{\"@type\":\"ListItem\",\"position\":2,\"name\":\"Shop\",\"item\":\"https:\/\/livrariasolmar.pt\/en\/shop\/\"},{\"@type\":\"ListItem\",\"position\":3,\"name\":\"As Sisters N\\u00ba 1 &#8211; Irm\\u00e3s \\u00e0 For\\u00e7a\"}]}]}<\/script>\n<!-- \/ Yoast SEO plugin. -->","_links":{"self":[{"href":"https:\/\/livrariasolmar.pt\/en\/wp-json\/wp\/v2\/product\/11464"}],"collection":[{"href":"https:\/\/livrariasolmar.pt\/en\/wp-json\/wp\/v2\/product"}],"about":[{"href":"https:\/\/livrariasolmar.pt\/en\/wp-json\/wp\/v2\/types\/product"}],"author":[{"embeddable":true,"href":"https:\/\/livrariasolmar.pt\/en\/wp-json\/wp\/v2\/users\/2"}],"wp:featuredmedia":[{"embeddable":true,"href":"https:\/\/livrariasolmar.pt\/en\/wp-json\/wp\/v2\/media\/11465"}],"wp:attachment":[{"href":"https:\/\/livrariasolmar.pt\/en\/wp-json\/wp\/v2\/media?parent=11464"}],"wp:term":[{"taxonomy":"product_cat","embeddable":true,"href":"https:\/\/livrariasolmar.pt\/en\/wp-json\/wp\/v2\/product_cat?post=11464"},{"taxonomy":"product_tag","embeddable":true,"href":"https:\/\/livrariasolmar.pt\/en\/wp-json\/wp\/v2\/product_tag?post=11464"},{"taxonomy":"cat_produtos","embeddable":true,"href":"https:\/\/livrariasolmar.pt\/en\/wp-json\/wp\/v2\/cat_produtos?post=11464"}],"curies":[{"name":"wp","href":"https:\/\/api.w.org\/{rel}","templated":true}]}}