{"id":11481,"date":"2026-02-01T16:14:24","date_gmt":"2026-02-01T16:14:24","guid":{"rendered":"https:\/\/livrariasolmar.pt\/?post_type=product&#038;p=11481"},"modified":"2026-02-24T15:31:33","modified_gmt":"2026-02-24T15:31:33","slug":"biblia-volume-vi-antigo-testamento-genesis-exodo-levitico-numeros-e-deuteronomio","status":"publish","type":"product","link":"https:\/\/livrariasolmar.pt\/en\/produto\/biblia-volume-vi-antigo-testamento-genesis-exodo-levitico-numeros-e-deuteronomio\/","title":{"rendered":"B\u00edblia &#8211; Volume VI :Antigo Testamento &#8211; G\u00e9nesis, \u00caxodo, Lev\u00edtico, N\u00fameros e Deuteron\u00f3mio"},"content":{"rendered":"","protected":false},"excerpt":{"rendered":"<p>O sexto e \u00faltimo volume da B\u00edblia na tradu\u00e7\u00e3o da Quetzal cont\u00e9m os cinco livros do Pentateuco: G\u00e9nesis, \u00caxodo, Lev\u00edtico, N\u00fameros e Deuteron\u00f3mio. O arco narrativo come\u00e7a com a cria\u00e7\u00e3o do mundo e termina com a chegada do povo israelita \u00e0 terra prometida, ap\u00f3s a escravid\u00e3o no Egito. Os temas que o Pentateuco prop\u00f5e aos seus leitores tocam o mais profundo que existe na experi\u00eancia humana do Divino.<\/p>\n<p>As a\u00e7\u00f5es desenrolam-se diante dos nossos olhos, protagonizadas por Ad\u00e3o, Eva, Caim, Abel, No\u00e9, Abra\u00e3o e seus descendentes, at\u00e9 ao momento em que a propuls\u00e3o da narrativa \u00e9 assumida por Mois\u00e9s. Mas sobretudo \u00e9 o Deus de Israel que se revela o verdadeiro protagonista do Pentateuco: Deus criador, Deus das alian\u00e7as com o Seu povo, Deus que dita a Sua lei.<\/p>\n<p>Fruto de um processo de composi\u00e7\u00e3o que representa o culminar de diferentes tradi\u00e7\u00f5es em Israel, o Pentateuco n\u00e3o \u00e9 somente um texto de enorme profundidade teol\u00f3gica, mas constitui tamb\u00e9m um fascinante objeto de estudo do ponto de vista cr\u00edtico-hist\u00f3rico. As notas e coment\u00e1rios de Frederico Louren\u00e7o procuram encaminhar os leitores na explora\u00e7\u00e3o deste segundo aspeto, que se afigura fundamental para uma compreens\u00e3o mais completa da B\u00edblia.<\/p>\n<p>E ouviram a voz do Senhor Deus caminhando no jardim \u00e0 tarde; e Ad\u00e3o e a mulher dele esconderam-se da face do Senhor Deus no meio do arvoredo do jardim. E o Senhor Deus chamou Ad\u00e3o e disse-lhe: \u00abAd\u00e3o, onde est\u00e1s?\u00bb E ele disse-Lhe: \u00abOuvi a Tua voz enquanto caminhavas no jardim e tive medo, porque estou nu; e escondi-me.\u00bb E Ele disse-lhe: \u00abQuem te anunciou que est\u00e1s nu? Ser\u00e1 que comeste da \u00e1rvore, da qual Eu disse s\u00f3 dessa n\u00e3o se pode comer?\u00bb<br \/>\n<i>G\u00e9nesis 3:8-11<\/i><\/p>\n","protected":false},"author":2,"featured_media":11482,"template":"","meta":[],"product_cat":[180],"product_tag":[],"cat_produtos":[1925],"yoast_head":"<!-- This site is optimized with the Yoast SEO plugin v16.6 - https:\/\/yoast.com\/wordpress\/plugins\/seo\/ -->\n<title>B\u00edblia - Volume VI :Antigo Testamento - G\u00e9nesis, \u00caxodo, Lev\u00edtico, N\u00fameros e Deuteron\u00f3mio - Livraria Solmar - Livraria online<\/title>\n<meta name=\"robots\" content=\"index, follow, max-snippet:-1, max-image-preview:large, max-video-preview:-1\" \/>\n<link rel=\"canonical\" href=\"https:\/\/livrariasolmar.pt\/en\/produto\/biblia-volume-vi-antigo-testamento-genesis-exodo-levitico-numeros-e-deuteronomio\/\" \/>\n<meta property=\"og:locale\" content=\"en_US\" \/>\n<meta property=\"og:type\" content=\"article\" \/>\n<meta property=\"og:title\" content=\"B\u00edblia - Volume VI :Antigo Testamento - G\u00e9nesis, \u00caxodo, Lev\u00edtico, N\u00fameros e Deuteron\u00f3mio - Livraria Solmar - Livraria online\" \/>\n<meta property=\"og:description\" content=\"O sexto e \u00faltimo volume da B\u00edblia na tradu\u00e7\u00e3o da Quetzal cont\u00e9m os cinco livros do Pentateuco: G\u00e9nesis, \u00caxodo, Lev\u00edtico, N\u00fameros e Deuteron\u00f3mio. O arco narrativo come\u00e7a com a cria\u00e7\u00e3o do mundo e termina com a chegada do povo israelita \u00e0 terra prometida, ap\u00f3s a escravid\u00e3o no Egito. Os temas que o Pentateuco prop\u00f5e aos seus leitores tocam o mais profundo que existe na experi\u00eancia humana do Divino.  As a\u00e7\u00f5es desenrolam-se diante dos nossos olhos, protagonizadas por Ad\u00e3o, Eva, Caim, Abel, No\u00e9, Abra\u00e3o e seus descendentes, at\u00e9 ao momento em que a propuls\u00e3o da narrativa \u00e9 assumida por Mois\u00e9s. Mas sobretudo \u00e9 o Deus de Israel que se revela o verdadeiro protagonista do Pentateuco: Deus criador, Deus das alian\u00e7as com o Seu povo, Deus que dita a Sua lei.  Fruto de um processo de composi\u00e7\u00e3o que representa o culminar de diferentes tradi\u00e7\u00f5es em Israel, o Pentateuco n\u00e3o \u00e9 somente um texto de enorme profundidade teol\u00f3gica, mas constitui tamb\u00e9m um fascinante objeto de estudo do ponto de vista cr\u00edtico-hist\u00f3rico. As notas e coment\u00e1rios de Frederico Louren\u00e7o procuram encaminhar os leitores na explora\u00e7\u00e3o deste segundo aspeto, que se afigura fundamental para uma compreens\u00e3o mais completa da B\u00edblia.  E ouviram a voz do Senhor Deus caminhando no jardim \u00e0 tarde; e Ad\u00e3o e a mulher dele esconderam-se da face do Senhor Deus no meio do arvoredo do jardim. E o Senhor Deus chamou Ad\u00e3o e disse-lhe: \u00abAd\u00e3o, onde est\u00e1s?\u00bb E ele disse-Lhe: \u00abOuvi a Tua voz enquanto caminhavas no jardim e tive medo, porque estou nu; e escondi-me.\u00bb E Ele disse-lhe: \u00abQuem te anunciou que est\u00e1s nu? Ser\u00e1 que comeste da \u00e1rvore, da qual Eu disse s\u00f3 dessa n\u00e3o se pode comer?\u00bb G\u00e9nesis 3:8-11\" \/>\n<meta property=\"og:url\" content=\"https:\/\/livrariasolmar.pt\/produto\/biblia-volume-vi-antigo-testamento-genesis-exodo-levitico-numeros-e-deuteronomio\/\" \/>\n<meta property=\"og:site_name\" content=\"Livraria Solmar - Livraria online\" \/>\n<meta property=\"article:modified_time\" content=\"2026-02-24T15:31:33+00:00\" \/>\n<meta property=\"og:image\" content=\"https:\/\/livrariasolmar.pt\/wp-content\/uploads\/2026\/02\/1540-1-2-1.jpg\" \/>\n\t<meta property=\"og:image:width\" content=\"340\" \/>\n\t<meta property=\"og:image:height\" content=\"340\" \/>\n<meta name=\"twitter:card\" content=\"summary_large_image\" \/>\n<script type=\"application\/ld+json\" class=\"yoast-schema-graph\">{\"@context\":\"https:\/\/schema.org\",\"@graph\":[{\"@type\":\"WebSite\",\"@id\":\"https:\/\/livrariasolmar.pt\/#website\",\"url\":\"https:\/\/livrariasolmar.pt\/\",\"name\":\"Livraria Solmar - Livraria online\",\"description\":\"Com\\u00e9rcio Livros E Objetos De Arte, Lda - Ponta Delgada, A\\u00e7ores\",\"potentialAction\":[{\"@type\":\"SearchAction\",\"target\":{\"@type\":\"EntryPoint\",\"urlTemplate\":\"https:\/\/livrariasolmar.pt\/?s={search_term_string}\"},\"query-input\":\"required name=search_term_string\"}],\"inLanguage\":\"en-US\"},{\"@type\":\"ImageObject\",\"@id\":\"https:\/\/livrariasolmar.pt\/produto\/biblia-volume-vi-antigo-testamento-genesis-exodo-levitico-numeros-e-deuteronomio\/#primaryimage\",\"inLanguage\":\"en-US\",\"url\":\"https:\/\/livrariasolmar.pt\/wp-content\/uploads\/2026\/02\/1540-1-2-1.jpg\",\"contentUrl\":\"https:\/\/livrariasolmar.pt\/wp-content\/uploads\/2026\/02\/1540-1-2-1.jpg\",\"width\":340,\"height\":340},{\"@type\":\"WebPage\",\"@id\":\"https:\/\/livrariasolmar.pt\/produto\/biblia-volume-vi-antigo-testamento-genesis-exodo-levitico-numeros-e-deuteronomio\/#webpage\",\"url\":\"https:\/\/livrariasolmar.pt\/produto\/biblia-volume-vi-antigo-testamento-genesis-exodo-levitico-numeros-e-deuteronomio\/\",\"name\":\"B\\u00edblia - Volume VI :Antigo Testamento - G\\u00e9nesis, \\u00caxodo, Lev\\u00edtico, N\\u00fameros e Deuteron\\u00f3mio - Livraria Solmar - Livraria online\",\"isPartOf\":{\"@id\":\"https:\/\/livrariasolmar.pt\/#website\"},\"primaryImageOfPage\":{\"@id\":\"https:\/\/livrariasolmar.pt\/produto\/biblia-volume-vi-antigo-testamento-genesis-exodo-levitico-numeros-e-deuteronomio\/#primaryimage\"},\"datePublished\":\"2026-02-01T16:14:24+00:00\",\"dateModified\":\"2026-02-24T15:31:33+00:00\",\"breadcrumb\":{\"@id\":\"https:\/\/livrariasolmar.pt\/produto\/biblia-volume-vi-antigo-testamento-genesis-exodo-levitico-numeros-e-deuteronomio\/#breadcrumb\"},\"inLanguage\":\"en-US\",\"potentialAction\":[{\"@type\":\"ReadAction\",\"target\":[\"https:\/\/livrariasolmar.pt\/produto\/biblia-volume-vi-antigo-testamento-genesis-exodo-levitico-numeros-e-deuteronomio\/\"]}]},{\"@type\":\"BreadcrumbList\",\"@id\":\"https:\/\/livrariasolmar.pt\/produto\/biblia-volume-vi-antigo-testamento-genesis-exodo-levitico-numeros-e-deuteronomio\/#breadcrumb\",\"itemListElement\":[{\"@type\":\"ListItem\",\"position\":1,\"name\":\"In\\u00edcio\",\"item\":\"https:\/\/livrariasolmar.pt\/en\/\"},{\"@type\":\"ListItem\",\"position\":2,\"name\":\"Shop\",\"item\":\"https:\/\/livrariasolmar.pt\/en\/shop\/\"},{\"@type\":\"ListItem\",\"position\":3,\"name\":\"B\\u00edblia &#8211; Volume VI :Antigo Testamento &#8211; G\\u00e9nesis, \\u00caxodo, Lev\\u00edtico, N\\u00fameros e Deuteron\\u00f3mio\"}]}]}<\/script>\n<!-- \/ Yoast SEO plugin. -->","_links":{"self":[{"href":"https:\/\/livrariasolmar.pt\/en\/wp-json\/wp\/v2\/product\/11481"}],"collection":[{"href":"https:\/\/livrariasolmar.pt\/en\/wp-json\/wp\/v2\/product"}],"about":[{"href":"https:\/\/livrariasolmar.pt\/en\/wp-json\/wp\/v2\/types\/product"}],"author":[{"embeddable":true,"href":"https:\/\/livrariasolmar.pt\/en\/wp-json\/wp\/v2\/users\/2"}],"wp:featuredmedia":[{"embeddable":true,"href":"https:\/\/livrariasolmar.pt\/en\/wp-json\/wp\/v2\/media\/11482"}],"wp:attachment":[{"href":"https:\/\/livrariasolmar.pt\/en\/wp-json\/wp\/v2\/media?parent=11481"}],"wp:term":[{"taxonomy":"product_cat","embeddable":true,"href":"https:\/\/livrariasolmar.pt\/en\/wp-json\/wp\/v2\/product_cat?post=11481"},{"taxonomy":"product_tag","embeddable":true,"href":"https:\/\/livrariasolmar.pt\/en\/wp-json\/wp\/v2\/product_tag?post=11481"},{"taxonomy":"cat_produtos","embeddable":true,"href":"https:\/\/livrariasolmar.pt\/en\/wp-json\/wp\/v2\/cat_produtos?post=11481"}],"curies":[{"name":"wp","href":"https:\/\/api.w.org\/{rel}","templated":true}]}}