{"id":11484,"date":"2026-02-01T16:44:43","date_gmt":"2026-02-01T16:44:43","guid":{"rendered":"https:\/\/livrariasolmar.pt\/?post_type=product&#038;p=11484"},"modified":"2026-02-01T16:44:43","modified_gmt":"2026-02-01T16:44:43","slug":"a-minha-terapia-diaria-ferramentas-para-gerir-o-seu-bem-estar-emocional-e-mental","status":"publish","type":"product","link":"https:\/\/livrariasolmar.pt\/en\/produto\/a-minha-terapia-diaria-ferramentas-para-gerir-o-seu-bem-estar-emocional-e-mental\/","title":{"rendered":"A Minha Terapia Di\u00e1ria &#8211; Ferramentas para gerir o seu bem-estar emocional e mental"},"content":{"rendered":"","protected":false},"excerpt":{"rendered":"<p>Vive em piloto autom\u00e1tico?<br \/>\nN\u00e3o sabe dizer que \u00abn\u00e3o\u00bb?<br \/>\nEst\u00e1 com os mi\u00fados pelos cabelos?<br \/>\nProcrastina mais do que queria?<br \/>\nAcha sempre que os outros s\u00e3o mais capazes?<br \/>\nN\u00e3o se entende com a chefia?<br \/>\nN\u00e3o se sente valorizada?<\/p>\n<p>S\u00e3o muitos os desafios que enfrentamos no dia a dia. As manh\u00e3s stressantes, o cansa\u00e7o da rotina, a pouca perspetiva de futuro, a baixa autoestima, a solid\u00e3o, a falta de tempo, de desejo ou de entusiasmo, ou ainda o fim de uma rela\u00e7\u00e3o ou um chefe t\u00f3xico s\u00e3o algumas das muitas situa\u00e7\u00f5es que nos magoam e fragilizam.<\/p>\n<p>No meio destes conflitos, internos e externos, precisamos, muitas vezes, de quem nos ajude a analisar a situa\u00e7\u00e3o, a respirar fundo e a perceber qual o caminho a seguir, nunca perdendo de vista o nosso bem-estar mental, f\u00edsico e emocional. E \u00e9 precisamente essa ajuda que D\u00e9bora Bento Correia nos d\u00e1 em\u00a0<i>A Minha Terapia Di\u00e1ria<\/i>, um livro para ler e consultar sempre que for preciso, como um \u00abterapeuta\u00bb de bolso, que est\u00e1 dispon\u00edvel em qualquer momento.<\/p>\n<p>Ensinando-nos a gerir melhor as nossas emo\u00e7\u00f5es, a psic\u00f3loga cl\u00ednica partilha estrat\u00e9gias e exerc\u00edcios, fundamentados em anos de pr\u00e1tica, que nos permitem olhar para os problemas de uma outra maneira, levando-nos ainda a cuidar mais de n\u00f3s e a sentirmo-nos melhor na nossa pr\u00f3pria pele. Dia ap\u00f3s dia.<\/p>\n","protected":false},"author":2,"featured_media":11485,"template":"","meta":[],"product_cat":[173],"product_tag":[],"cat_produtos":[],"yoast_head":"<!-- This site is optimized with the Yoast SEO plugin v16.6 - https:\/\/yoast.com\/wordpress\/plugins\/seo\/ -->\n<title>A Minha Terapia Di\u00e1ria - Ferramentas para gerir o seu bem-estar emocional e mental - Livraria Solmar - Livraria online<\/title>\n<meta name=\"robots\" content=\"index, follow, max-snippet:-1, max-image-preview:large, max-video-preview:-1\" \/>\n<link rel=\"canonical\" href=\"https:\/\/livrariasolmar.pt\/en\/produto\/a-minha-terapia-diaria-ferramentas-para-gerir-o-seu-bem-estar-emocional-e-mental\/\" \/>\n<meta property=\"og:locale\" content=\"en_US\" \/>\n<meta property=\"og:type\" content=\"article\" \/>\n<meta property=\"og:title\" content=\"A Minha Terapia Di\u00e1ria - Ferramentas para gerir o seu bem-estar emocional e mental - Livraria Solmar - Livraria online\" \/>\n<meta property=\"og:description\" content=\"Vive em piloto autom\u00e1tico? N\u00e3o sabe dizer que \u00abn\u00e3o\u00bb? Est\u00e1 com os mi\u00fados pelos cabelos? Procrastina mais do que queria? Acha sempre que os outros s\u00e3o mais capazes? N\u00e3o se entende com a chefia? N\u00e3o se sente valorizada?  S\u00e3o muitos os desafios que enfrentamos no dia a dia. As manh\u00e3s stressantes, o cansa\u00e7o da rotina, a pouca perspetiva de futuro, a baixa autoestima, a solid\u00e3o, a falta de tempo, de desejo ou de entusiasmo, ou ainda o fim de uma rela\u00e7\u00e3o ou um chefe t\u00f3xico s\u00e3o algumas das muitas situa\u00e7\u00f5es que nos magoam e fragilizam.  No meio destes conflitos, internos e externos, precisamos, muitas vezes, de quem nos ajude a analisar a situa\u00e7\u00e3o, a respirar fundo e a perceber qual o caminho a seguir, nunca perdendo de vista o nosso bem-estar mental, f\u00edsico e emocional. E \u00e9 precisamente essa ajuda que D\u00e9bora Bento Correia nos d\u00e1 em\u00a0A Minha Terapia Di\u00e1ria, um livro para ler e consultar sempre que for preciso, como um \u00abterapeuta\u00bb de bolso, que est\u00e1 dispon\u00edvel em qualquer momento.  Ensinando-nos a gerir melhor as nossas emo\u00e7\u00f5es, a psic\u00f3loga cl\u00ednica partilha estrat\u00e9gias e exerc\u00edcios, fundamentados em anos de pr\u00e1tica, que nos permitem olhar para os problemas de uma outra maneira, levando-nos ainda a cuidar mais de n\u00f3s e a sentirmo-nos melhor na nossa pr\u00f3pria pele. Dia ap\u00f3s dia.\" \/>\n<meta property=\"og:url\" content=\"https:\/\/livrariasolmar.pt\/produto\/a-minha-terapia-diaria-ferramentas-para-gerir-o-seu-bem-estar-emocional-e-mental\/\" \/>\n<meta property=\"og:site_name\" content=\"Livraria Solmar - Livraria online\" \/>\n<meta property=\"og:image\" content=\"https:\/\/livrariasolmar.pt\/wp-content\/uploads\/2026\/02\/1540-1-3-1.jpg\" \/>\n\t<meta property=\"og:image:width\" content=\"340\" \/>\n\t<meta property=\"og:image:height\" content=\"340\" \/>\n<meta name=\"twitter:card\" content=\"summary_large_image\" \/>\n<script type=\"application\/ld+json\" class=\"yoast-schema-graph\">{\"@context\":\"https:\/\/schema.org\",\"@graph\":[{\"@type\":\"WebSite\",\"@id\":\"https:\/\/livrariasolmar.pt\/#website\",\"url\":\"https:\/\/livrariasolmar.pt\/\",\"name\":\"Livraria Solmar - Livraria online\",\"description\":\"Com\\u00e9rcio Livros E Objetos De Arte, Lda - Ponta Delgada, A\\u00e7ores\",\"potentialAction\":[{\"@type\":\"SearchAction\",\"target\":{\"@type\":\"EntryPoint\",\"urlTemplate\":\"https:\/\/livrariasolmar.pt\/?s={search_term_string}\"},\"query-input\":\"required name=search_term_string\"}],\"inLanguage\":\"en-US\"},{\"@type\":\"ImageObject\",\"@id\":\"https:\/\/livrariasolmar.pt\/produto\/a-minha-terapia-diaria-ferramentas-para-gerir-o-seu-bem-estar-emocional-e-mental\/#primaryimage\",\"inLanguage\":\"en-US\",\"url\":\"https:\/\/livrariasolmar.pt\/wp-content\/uploads\/2026\/02\/1540-1-3-1.jpg\",\"contentUrl\":\"https:\/\/livrariasolmar.pt\/wp-content\/uploads\/2026\/02\/1540-1-3-1.jpg\",\"width\":340,\"height\":340},{\"@type\":\"WebPage\",\"@id\":\"https:\/\/livrariasolmar.pt\/produto\/a-minha-terapia-diaria-ferramentas-para-gerir-o-seu-bem-estar-emocional-e-mental\/#webpage\",\"url\":\"https:\/\/livrariasolmar.pt\/produto\/a-minha-terapia-diaria-ferramentas-para-gerir-o-seu-bem-estar-emocional-e-mental\/\",\"name\":\"A Minha Terapia Di\\u00e1ria - Ferramentas para gerir o seu bem-estar emocional e mental - Livraria Solmar - Livraria online\",\"isPartOf\":{\"@id\":\"https:\/\/livrariasolmar.pt\/#website\"},\"primaryImageOfPage\":{\"@id\":\"https:\/\/livrariasolmar.pt\/produto\/a-minha-terapia-diaria-ferramentas-para-gerir-o-seu-bem-estar-emocional-e-mental\/#primaryimage\"},\"datePublished\":\"2026-02-01T16:44:43+00:00\",\"dateModified\":\"2026-02-01T16:44:43+00:00\",\"breadcrumb\":{\"@id\":\"https:\/\/livrariasolmar.pt\/produto\/a-minha-terapia-diaria-ferramentas-para-gerir-o-seu-bem-estar-emocional-e-mental\/#breadcrumb\"},\"inLanguage\":\"en-US\",\"potentialAction\":[{\"@type\":\"ReadAction\",\"target\":[\"https:\/\/livrariasolmar.pt\/produto\/a-minha-terapia-diaria-ferramentas-para-gerir-o-seu-bem-estar-emocional-e-mental\/\"]}]},{\"@type\":\"BreadcrumbList\",\"@id\":\"https:\/\/livrariasolmar.pt\/produto\/a-minha-terapia-diaria-ferramentas-para-gerir-o-seu-bem-estar-emocional-e-mental\/#breadcrumb\",\"itemListElement\":[{\"@type\":\"ListItem\",\"position\":1,\"name\":\"In\\u00edcio\",\"item\":\"https:\/\/livrariasolmar.pt\/en\/\"},{\"@type\":\"ListItem\",\"position\":2,\"name\":\"Shop\",\"item\":\"https:\/\/livrariasolmar.pt\/en\/shop\/\"},{\"@type\":\"ListItem\",\"position\":3,\"name\":\"A Minha Terapia Di\\u00e1ria &#8211; Ferramentas para gerir o seu bem-estar emocional e mental\"}]}]}<\/script>\n<!-- \/ Yoast SEO plugin. -->","_links":{"self":[{"href":"https:\/\/livrariasolmar.pt\/en\/wp-json\/wp\/v2\/product\/11484"}],"collection":[{"href":"https:\/\/livrariasolmar.pt\/en\/wp-json\/wp\/v2\/product"}],"about":[{"href":"https:\/\/livrariasolmar.pt\/en\/wp-json\/wp\/v2\/types\/product"}],"author":[{"embeddable":true,"href":"https:\/\/livrariasolmar.pt\/en\/wp-json\/wp\/v2\/users\/2"}],"wp:featuredmedia":[{"embeddable":true,"href":"https:\/\/livrariasolmar.pt\/en\/wp-json\/wp\/v2\/media\/11485"}],"wp:attachment":[{"href":"https:\/\/livrariasolmar.pt\/en\/wp-json\/wp\/v2\/media?parent=11484"}],"wp:term":[{"taxonomy":"product_cat","embeddable":true,"href":"https:\/\/livrariasolmar.pt\/en\/wp-json\/wp\/v2\/product_cat?post=11484"},{"taxonomy":"product_tag","embeddable":true,"href":"https:\/\/livrariasolmar.pt\/en\/wp-json\/wp\/v2\/product_tag?post=11484"},{"taxonomy":"cat_produtos","embeddable":true,"href":"https:\/\/livrariasolmar.pt\/en\/wp-json\/wp\/v2\/cat_produtos?post=11484"}],"curies":[{"name":"wp","href":"https:\/\/api.w.org\/{rel}","templated":true}]}}