{"id":11488,"date":"2026-02-09T19:21:01","date_gmt":"2026-02-09T19:21:01","guid":{"rendered":"https:\/\/livrariasolmar.pt\/?post_type=product&#038;p=11488"},"modified":"2026-04-21T14:03:17","modified_gmt":"2026-04-21T14:03:17","slug":"partida","status":"publish","type":"product","link":"https:\/\/livrariasolmar.pt\/en\/produto\/partida\/","title":{"rendered":"Partida"},"content":{"rendered":"","protected":false},"excerpt":{"rendered":"<p>Partindo da hist\u00f3ria de um casal de namorados que se reencontrou quarenta anos depois da separa\u00e7\u00e3o e que decide tentar \u00aba \u00faltima possibilidade de ser feliz\u00bb, Julian Barnes embarca numa deambula\u00e7\u00e3o sobre a mem\u00f3ria, a doen\u00e7a, a velhice \u2014 e, inevitavelmente, a morte.<\/p>\n<p>Barnes n\u00e3o perdeu a leveza, a intelig\u00eancia aguda nem o sentido de humor neste balan\u00e7o de vida. E adverte: ao contr\u00e1rio do que a religi\u00e3o e os filmes americanos prometem, a vida \u00e9 (na melhor das hip\u00f3teses) \u00abuma com\u00e9dia ligeira com um final triste\u00bb.<\/p>\n<p>Mais do que em qualquer outro dos seus livros, o autor conversa com os leitores, sentados lado a lado numa esplanada, comentando as muitas e variadas express\u00f5es da vida. E despede-se deles.<\/p>\n<p>Envolto em grande secretismo at\u00e9 \u00e0 data de publica\u00e7\u00e3o, no octog\u00e9simo anivers\u00e1rio de Julian Barnes,\u00a0<i>Partida<\/i>\u00a0\u00e9, nas palavras do autor, \u00aba minha partida oficial, a minha \u00faltima conversa convosco\u00bb.<\/p>\n","protected":false},"author":2,"featured_media":11503,"template":"","meta":[],"product_cat":[153,190],"product_tag":[],"cat_produtos":[1927],"yoast_head":"<!-- This site is optimized with the Yoast SEO plugin v16.6 - https:\/\/yoast.com\/wordpress\/plugins\/seo\/ -->\n<title>Partida - Livraria Solmar - Livraria online<\/title>\n<meta name=\"robots\" content=\"index, follow, max-snippet:-1, max-image-preview:large, max-video-preview:-1\" \/>\n<link rel=\"canonical\" href=\"https:\/\/livrariasolmar.pt\/en\/produto\/partida\/\" \/>\n<meta property=\"og:locale\" content=\"en_US\" \/>\n<meta property=\"og:type\" content=\"article\" \/>\n<meta property=\"og:title\" content=\"Partida - Livraria Solmar - Livraria online\" \/>\n<meta property=\"og:description\" content=\"Partindo da hist\u00f3ria de um casal de namorados que se reencontrou quarenta anos depois da separa\u00e7\u00e3o e que decide tentar \u00aba \u00faltima possibilidade de ser feliz\u00bb, Julian Barnes embarca numa deambula\u00e7\u00e3o sobre a mem\u00f3ria, a doen\u00e7a, a velhice \u2014 e, inevitavelmente, a morte.  Barnes n\u00e3o perdeu a leveza, a intelig\u00eancia aguda nem o sentido de humor neste balan\u00e7o de vida. E adverte: ao contr\u00e1rio do que a religi\u00e3o e os filmes americanos prometem, a vida \u00e9 (na melhor das hip\u00f3teses) \u00abuma com\u00e9dia ligeira com um final triste\u00bb.  Mais do que em qualquer outro dos seus livros, o autor conversa com os leitores, sentados lado a lado numa esplanada, comentando as muitas e variadas express\u00f5es da vida. E despede-se deles.  Envolto em grande secretismo at\u00e9 \u00e0 data de publica\u00e7\u00e3o, no octog\u00e9simo anivers\u00e1rio de Julian Barnes,\u00a0Partida\u00a0\u00e9, nas palavras do autor, \u00aba minha partida oficial, a minha \u00faltima conversa convosco\u00bb.\" \/>\n<meta property=\"og:url\" content=\"https:\/\/livrariasolmar.pt\/produto\/partida\/\" \/>\n<meta property=\"og:site_name\" content=\"Livraria Solmar - Livraria online\" \/>\n<meta property=\"article:modified_time\" content=\"2026-04-21T14:03:17+00:00\" \/>\n<meta property=\"og:image\" content=\"https:\/\/livrariasolmar.pt\/wp-content\/uploads\/2026\/02\/shthf2jipy784d0p2cn00qpodtzr.jpg\" \/>\n\t<meta property=\"og:image:width\" content=\"300\" \/>\n\t<meta property=\"og:image:height\" content=\"300\" \/>\n<meta name=\"twitter:card\" content=\"summary_large_image\" \/>\n<script type=\"application\/ld+json\" class=\"yoast-schema-graph\">{\"@context\":\"https:\/\/schema.org\",\"@graph\":[{\"@type\":\"WebSite\",\"@id\":\"https:\/\/livrariasolmar.pt\/#website\",\"url\":\"https:\/\/livrariasolmar.pt\/\",\"name\":\"Livraria Solmar - Livraria online\",\"description\":\"Com\\u00e9rcio Livros E Objetos De Arte, Lda - Ponta Delgada, A\\u00e7ores\",\"potentialAction\":[{\"@type\":\"SearchAction\",\"target\":{\"@type\":\"EntryPoint\",\"urlTemplate\":\"https:\/\/livrariasolmar.pt\/?s={search_term_string}\"},\"query-input\":\"required name=search_term_string\"}],\"inLanguage\":\"en-US\"},{\"@type\":\"ImageObject\",\"@id\":\"https:\/\/livrariasolmar.pt\/produto\/partida\/#primaryimage\",\"inLanguage\":\"en-US\",\"url\":\"https:\/\/livrariasolmar.pt\/wp-content\/uploads\/2026\/02\/shthf2jipy784d0p2cn00qpodtzr.jpg\",\"contentUrl\":\"https:\/\/livrariasolmar.pt\/wp-content\/uploads\/2026\/02\/shthf2jipy784d0p2cn00qpodtzr.jpg\",\"width\":300,\"height\":300},{\"@type\":\"WebPage\",\"@id\":\"https:\/\/livrariasolmar.pt\/produto\/partida\/#webpage\",\"url\":\"https:\/\/livrariasolmar.pt\/produto\/partida\/\",\"name\":\"Partida - Livraria Solmar - Livraria online\",\"isPartOf\":{\"@id\":\"https:\/\/livrariasolmar.pt\/#website\"},\"primaryImageOfPage\":{\"@id\":\"https:\/\/livrariasolmar.pt\/produto\/partida\/#primaryimage\"},\"datePublished\":\"2026-02-09T19:21:01+00:00\",\"dateModified\":\"2026-04-21T14:03:17+00:00\",\"breadcrumb\":{\"@id\":\"https:\/\/livrariasolmar.pt\/produto\/partida\/#breadcrumb\"},\"inLanguage\":\"en-US\",\"potentialAction\":[{\"@type\":\"ReadAction\",\"target\":[\"https:\/\/livrariasolmar.pt\/produto\/partida\/\"]}]},{\"@type\":\"BreadcrumbList\",\"@id\":\"https:\/\/livrariasolmar.pt\/produto\/partida\/#breadcrumb\",\"itemListElement\":[{\"@type\":\"ListItem\",\"position\":1,\"name\":\"In\\u00edcio\",\"item\":\"https:\/\/livrariasolmar.pt\/en\/\"},{\"@type\":\"ListItem\",\"position\":2,\"name\":\"Shop\",\"item\":\"https:\/\/livrariasolmar.pt\/en\/shop\/\"},{\"@type\":\"ListItem\",\"position\":3,\"name\":\"Partida\"}]}]}<\/script>\n<!-- \/ Yoast SEO plugin. -->","_links":{"self":[{"href":"https:\/\/livrariasolmar.pt\/en\/wp-json\/wp\/v2\/product\/11488"}],"collection":[{"href":"https:\/\/livrariasolmar.pt\/en\/wp-json\/wp\/v2\/product"}],"about":[{"href":"https:\/\/livrariasolmar.pt\/en\/wp-json\/wp\/v2\/types\/product"}],"author":[{"embeddable":true,"href":"https:\/\/livrariasolmar.pt\/en\/wp-json\/wp\/v2\/users\/2"}],"wp:featuredmedia":[{"embeddable":true,"href":"https:\/\/livrariasolmar.pt\/en\/wp-json\/wp\/v2\/media\/11503"}],"wp:attachment":[{"href":"https:\/\/livrariasolmar.pt\/en\/wp-json\/wp\/v2\/media?parent=11488"}],"wp:term":[{"taxonomy":"product_cat","embeddable":true,"href":"https:\/\/livrariasolmar.pt\/en\/wp-json\/wp\/v2\/product_cat?post=11488"},{"taxonomy":"product_tag","embeddable":true,"href":"https:\/\/livrariasolmar.pt\/en\/wp-json\/wp\/v2\/product_tag?post=11488"},{"taxonomy":"cat_produtos","embeddable":true,"href":"https:\/\/livrariasolmar.pt\/en\/wp-json\/wp\/v2\/cat_produtos?post=11488"}],"curies":[{"name":"wp","href":"https:\/\/api.w.org\/{rel}","templated":true}]}}