{"id":11491,"date":"2026-02-10T17:34:27","date_gmt":"2026-02-10T17:34:27","guid":{"rendered":"https:\/\/livrariasolmar.pt\/?post_type=product&#038;p=11491"},"modified":"2026-02-16T19:21:10","modified_gmt":"2026-02-16T19:21:10","slug":"a-arte-de-nao-ter-sempre-razao","status":"publish","type":"product","link":"https:\/\/livrariasolmar.pt\/en\/produto\/a-arte-de-nao-ter-sempre-razao\/","title":{"rendered":"A Arte de N\u00e3o Ter Sempre Raz\u00e3o"},"content":{"rendered":"","protected":false},"excerpt":{"rendered":"<p>Num tempo em que as opini\u00f5es se tornaram trincheiras e cada debate parece resultar numa escaramu\u00e7a; num tempo em que todos parecem determinados a &#8220;ter sempre raz\u00e3o&#8221; e a fazer de Schopenhauer o seu guru, este livro responde de forma directa ao fil\u00f3sofo niilista alem\u00e3o.<\/p>\n<p>Em A Arte de N\u00e3o Ter Sempre Raz\u00e3o, Martin Desrosiers convida-nos a recentrarmos o di\u00e1logo naquilo que realmente importa: compreender melhor o mundo e os outros.<\/p>\n","protected":false},"author":2,"featured_media":11492,"template":"","meta":[],"product_cat":[164,163],"product_tag":[],"cat_produtos":[],"yoast_head":"<!-- This site is optimized with the Yoast SEO plugin v16.6 - https:\/\/yoast.com\/wordpress\/plugins\/seo\/ -->\n<title>A Arte de N\u00e3o Ter Sempre Raz\u00e3o - Livraria Solmar - Livraria online<\/title>\n<meta name=\"robots\" content=\"index, follow, max-snippet:-1, max-image-preview:large, max-video-preview:-1\" \/>\n<link rel=\"canonical\" href=\"https:\/\/livrariasolmar.pt\/en\/produto\/a-arte-de-nao-ter-sempre-razao\/\" \/>\n<meta property=\"og:locale\" content=\"en_US\" \/>\n<meta property=\"og:type\" content=\"article\" \/>\n<meta property=\"og:title\" content=\"A Arte de N\u00e3o Ter Sempre Raz\u00e3o - Livraria Solmar - Livraria online\" \/>\n<meta property=\"og:description\" content=\"Num tempo em que as opini\u00f5es se tornaram trincheiras e cada debate parece resultar numa escaramu\u00e7a; num tempo em que todos parecem determinados a &quot;ter sempre raz\u00e3o&quot; e a fazer de Schopenhauer o seu guru, este livro responde de forma directa ao fil\u00f3sofo niilista alem\u00e3o.  Em A Arte de N\u00e3o Ter Sempre Raz\u00e3o, Martin Desrosiers convida-nos a recentrarmos o di\u00e1logo naquilo que realmente importa: compreender melhor o mundo e os outros.\" \/>\n<meta property=\"og:url\" content=\"https:\/\/livrariasolmar.pt\/produto\/a-arte-de-nao-ter-sempre-razao\/\" \/>\n<meta property=\"og:site_name\" content=\"Livraria Solmar - Livraria online\" \/>\n<meta property=\"article:modified_time\" content=\"2026-02-16T19:21:10+00:00\" \/>\n<meta property=\"og:image\" content=\"https:\/\/livrariasolmar.pt\/wp-content\/uploads\/2026\/02\/1540-1-2-2.jpg\" \/>\n\t<meta property=\"og:image:width\" content=\"340\" \/>\n\t<meta property=\"og:image:height\" content=\"340\" \/>\n<meta name=\"twitter:card\" content=\"summary_large_image\" \/>\n<script type=\"application\/ld+json\" class=\"yoast-schema-graph\">{\"@context\":\"https:\/\/schema.org\",\"@graph\":[{\"@type\":\"WebSite\",\"@id\":\"https:\/\/livrariasolmar.pt\/#website\",\"url\":\"https:\/\/livrariasolmar.pt\/\",\"name\":\"Livraria Solmar - Livraria online\",\"description\":\"Com\\u00e9rcio Livros E Objetos De Arte, Lda - Ponta Delgada, A\\u00e7ores\",\"potentialAction\":[{\"@type\":\"SearchAction\",\"target\":{\"@type\":\"EntryPoint\",\"urlTemplate\":\"https:\/\/livrariasolmar.pt\/?s={search_term_string}\"},\"query-input\":\"required name=search_term_string\"}],\"inLanguage\":\"en-US\"},{\"@type\":\"ImageObject\",\"@id\":\"https:\/\/livrariasolmar.pt\/produto\/a-arte-de-nao-ter-sempre-razao\/#primaryimage\",\"inLanguage\":\"en-US\",\"url\":\"https:\/\/livrariasolmar.pt\/wp-content\/uploads\/2026\/02\/1540-1-2-2.jpg\",\"contentUrl\":\"https:\/\/livrariasolmar.pt\/wp-content\/uploads\/2026\/02\/1540-1-2-2.jpg\",\"width\":340,\"height\":340},{\"@type\":\"WebPage\",\"@id\":\"https:\/\/livrariasolmar.pt\/produto\/a-arte-de-nao-ter-sempre-razao\/#webpage\",\"url\":\"https:\/\/livrariasolmar.pt\/produto\/a-arte-de-nao-ter-sempre-razao\/\",\"name\":\"A Arte de N\\u00e3o Ter Sempre Raz\\u00e3o - Livraria Solmar - Livraria online\",\"isPartOf\":{\"@id\":\"https:\/\/livrariasolmar.pt\/#website\"},\"primaryImageOfPage\":{\"@id\":\"https:\/\/livrariasolmar.pt\/produto\/a-arte-de-nao-ter-sempre-razao\/#primaryimage\"},\"datePublished\":\"2026-02-10T17:34:27+00:00\",\"dateModified\":\"2026-02-16T19:21:10+00:00\",\"breadcrumb\":{\"@id\":\"https:\/\/livrariasolmar.pt\/produto\/a-arte-de-nao-ter-sempre-razao\/#breadcrumb\"},\"inLanguage\":\"en-US\",\"potentialAction\":[{\"@type\":\"ReadAction\",\"target\":[\"https:\/\/livrariasolmar.pt\/produto\/a-arte-de-nao-ter-sempre-razao\/\"]}]},{\"@type\":\"BreadcrumbList\",\"@id\":\"https:\/\/livrariasolmar.pt\/produto\/a-arte-de-nao-ter-sempre-razao\/#breadcrumb\",\"itemListElement\":[{\"@type\":\"ListItem\",\"position\":1,\"name\":\"In\\u00edcio\",\"item\":\"https:\/\/livrariasolmar.pt\/en\/\"},{\"@type\":\"ListItem\",\"position\":2,\"name\":\"Shop\",\"item\":\"https:\/\/livrariasolmar.pt\/en\/shop\/\"},{\"@type\":\"ListItem\",\"position\":3,\"name\":\"A Arte de N\\u00e3o Ter Sempre Raz\\u00e3o\"}]}]}<\/script>\n<!-- \/ Yoast SEO plugin. -->","_links":{"self":[{"href":"https:\/\/livrariasolmar.pt\/en\/wp-json\/wp\/v2\/product\/11491"}],"collection":[{"href":"https:\/\/livrariasolmar.pt\/en\/wp-json\/wp\/v2\/product"}],"about":[{"href":"https:\/\/livrariasolmar.pt\/en\/wp-json\/wp\/v2\/types\/product"}],"author":[{"embeddable":true,"href":"https:\/\/livrariasolmar.pt\/en\/wp-json\/wp\/v2\/users\/2"}],"wp:featuredmedia":[{"embeddable":true,"href":"https:\/\/livrariasolmar.pt\/en\/wp-json\/wp\/v2\/media\/11492"}],"wp:attachment":[{"href":"https:\/\/livrariasolmar.pt\/en\/wp-json\/wp\/v2\/media?parent=11491"}],"wp:term":[{"taxonomy":"product_cat","embeddable":true,"href":"https:\/\/livrariasolmar.pt\/en\/wp-json\/wp\/v2\/product_cat?post=11491"},{"taxonomy":"product_tag","embeddable":true,"href":"https:\/\/livrariasolmar.pt\/en\/wp-json\/wp\/v2\/product_tag?post=11491"},{"taxonomy":"cat_produtos","embeddable":true,"href":"https:\/\/livrariasolmar.pt\/en\/wp-json\/wp\/v2\/cat_produtos?post=11491"}],"curies":[{"name":"wp","href":"https:\/\/api.w.org\/{rel}","templated":true}]}}