{"id":11494,"date":"2026-02-10T18:05:59","date_gmt":"2026-02-10T18:05:59","guid":{"rendered":"https:\/\/livrariasolmar.pt\/?post_type=product&#038;p=11494"},"modified":"2026-02-10T18:05:59","modified_gmt":"2026-02-10T18:05:59","slug":"rainhas-de-portugal-as-mulheres-que-construiram-a-nacao","status":"publish","type":"product","link":"https:\/\/livrariasolmar.pt\/en\/produto\/rainhas-de-portugal-as-mulheres-que-construiram-a-nacao\/","title":{"rendered":"Rainhas de Portugal &#8211; As mulheres que constru\u00edram a na\u00e7\u00e3o"},"content":{"rendered":"","protected":false},"excerpt":{"rendered":"<p>Descubra quem foram as mulheres que estiveram na base da edifica\u00e7\u00e3o do nosso pa\u00eds. Conhe\u00e7a os seus amores e as suas desilus\u00f5es. Os casamentos, as lutas pelo poder, as maquina\u00e7\u00f5es e as hist\u00f3rias curiosas de cada \u00e9poca.<\/p>\n<p>Um livro de leitura obrigat\u00f3ria.<\/p>\n<p>Conhe\u00e7a os mais de trinta reis e as mais de quarenta rainhas que governaram Portugal desde a funda\u00e7\u00e3o da monarquia \u00e0 implanta\u00e7\u00e3o da Rep\u00fablica. Saiba quem foram as duas rainhas reinantes e as nove que foram regentes ou estiveram encarregadas do governo do pa\u00eds num determinado per\u00edodo. Descubra que nem todas as consortes dos chefes de Estado portugueses foram rainhas. Cinco n\u00e3o chegaram a ser coroadas porque faleceram antes da exalta\u00e7\u00e3o dos seus maridos ao trono. Quatro casaram-se quando os maridos j\u00e1 tinham deixado de ser reis. Enleadas no meio da trama pol\u00edtica e dos casamentos combinados da sua \u00e9poca, dez delas nunca estiveram em Portugal. Duas n\u00e3o chegaram a consumar os seus matrim\u00f3nios. Uma foi repudiada. Outra foi coroada depois de morta.<\/p>\n<p>Uma investiga\u00e7\u00e3o hist\u00f3rica excecional.<\/p>\n","protected":false},"author":2,"featured_media":11495,"template":"","meta":[],"product_cat":[366],"product_tag":[],"cat_produtos":[1929],"yoast_head":"<!-- This site is optimized with the Yoast SEO plugin v16.6 - https:\/\/yoast.com\/wordpress\/plugins\/seo\/ -->\n<title>Rainhas de Portugal - As mulheres que constru\u00edram a na\u00e7\u00e3o - Livraria Solmar - Livraria online<\/title>\n<meta name=\"robots\" content=\"index, follow, max-snippet:-1, max-image-preview:large, max-video-preview:-1\" \/>\n<link rel=\"canonical\" href=\"https:\/\/livrariasolmar.pt\/en\/produto\/rainhas-de-portugal-as-mulheres-que-construiram-a-nacao\/\" \/>\n<meta property=\"og:locale\" content=\"en_US\" \/>\n<meta property=\"og:type\" content=\"article\" \/>\n<meta property=\"og:title\" content=\"Rainhas de Portugal - As mulheres que constru\u00edram a na\u00e7\u00e3o - Livraria Solmar - Livraria online\" \/>\n<meta property=\"og:description\" content=\"Descubra quem foram as mulheres que estiveram na base da edifica\u00e7\u00e3o do nosso pa\u00eds. Conhe\u00e7a os seus amores e as suas desilus\u00f5es. Os casamentos, as lutas pelo poder, as maquina\u00e7\u00f5es e as hist\u00f3rias curiosas de cada \u00e9poca.  Um livro de leitura obrigat\u00f3ria.  Conhe\u00e7a os mais de trinta reis e as mais de quarenta rainhas que governaram Portugal desde a funda\u00e7\u00e3o da monarquia \u00e0 implanta\u00e7\u00e3o da Rep\u00fablica. Saiba quem foram as duas rainhas reinantes e as nove que foram regentes ou estiveram encarregadas do governo do pa\u00eds num determinado per\u00edodo. Descubra que nem todas as consortes dos chefes de Estado portugueses foram rainhas. Cinco n\u00e3o chegaram a ser coroadas porque faleceram antes da exalta\u00e7\u00e3o dos seus maridos ao trono. Quatro casaram-se quando os maridos j\u00e1 tinham deixado de ser reis. Enleadas no meio da trama pol\u00edtica e dos casamentos combinados da sua \u00e9poca, dez delas nunca estiveram em Portugal. Duas n\u00e3o chegaram a consumar os seus matrim\u00f3nios. Uma foi repudiada. Outra foi coroada depois de morta.  Uma investiga\u00e7\u00e3o hist\u00f3rica excecional.\" \/>\n<meta property=\"og:url\" content=\"https:\/\/livrariasolmar.pt\/produto\/rainhas-de-portugal-as-mulheres-que-construiram-a-nacao\/\" \/>\n<meta property=\"og:site_name\" content=\"Livraria Solmar - Livraria online\" \/>\n<meta property=\"og:image\" content=\"https:\/\/livrariasolmar.pt\/wp-content\/uploads\/2026\/02\/1540-1-3-2.jpg\" \/>\n\t<meta property=\"og:image:width\" content=\"340\" \/>\n\t<meta property=\"og:image:height\" content=\"340\" \/>\n<meta name=\"twitter:card\" content=\"summary_large_image\" \/>\n<script type=\"application\/ld+json\" class=\"yoast-schema-graph\">{\"@context\":\"https:\/\/schema.org\",\"@graph\":[{\"@type\":\"WebSite\",\"@id\":\"https:\/\/livrariasolmar.pt\/#website\",\"url\":\"https:\/\/livrariasolmar.pt\/\",\"name\":\"Livraria Solmar - Livraria online\",\"description\":\"Com\\u00e9rcio Livros E Objetos De Arte, Lda - Ponta Delgada, A\\u00e7ores\",\"potentialAction\":[{\"@type\":\"SearchAction\",\"target\":{\"@type\":\"EntryPoint\",\"urlTemplate\":\"https:\/\/livrariasolmar.pt\/?s={search_term_string}\"},\"query-input\":\"required name=search_term_string\"}],\"inLanguage\":\"en-US\"},{\"@type\":\"ImageObject\",\"@id\":\"https:\/\/livrariasolmar.pt\/produto\/rainhas-de-portugal-as-mulheres-que-construiram-a-nacao\/#primaryimage\",\"inLanguage\":\"en-US\",\"url\":\"https:\/\/livrariasolmar.pt\/wp-content\/uploads\/2026\/02\/1540-1-3-2.jpg\",\"contentUrl\":\"https:\/\/livrariasolmar.pt\/wp-content\/uploads\/2026\/02\/1540-1-3-2.jpg\",\"width\":340,\"height\":340},{\"@type\":\"WebPage\",\"@id\":\"https:\/\/livrariasolmar.pt\/produto\/rainhas-de-portugal-as-mulheres-que-construiram-a-nacao\/#webpage\",\"url\":\"https:\/\/livrariasolmar.pt\/produto\/rainhas-de-portugal-as-mulheres-que-construiram-a-nacao\/\",\"name\":\"Rainhas de Portugal - As mulheres que constru\\u00edram a na\\u00e7\\u00e3o - Livraria Solmar - Livraria online\",\"isPartOf\":{\"@id\":\"https:\/\/livrariasolmar.pt\/#website\"},\"primaryImageOfPage\":{\"@id\":\"https:\/\/livrariasolmar.pt\/produto\/rainhas-de-portugal-as-mulheres-que-construiram-a-nacao\/#primaryimage\"},\"datePublished\":\"2026-02-10T18:05:59+00:00\",\"dateModified\":\"2026-02-10T18:05:59+00:00\",\"breadcrumb\":{\"@id\":\"https:\/\/livrariasolmar.pt\/produto\/rainhas-de-portugal-as-mulheres-que-construiram-a-nacao\/#breadcrumb\"},\"inLanguage\":\"en-US\",\"potentialAction\":[{\"@type\":\"ReadAction\",\"target\":[\"https:\/\/livrariasolmar.pt\/produto\/rainhas-de-portugal-as-mulheres-que-construiram-a-nacao\/\"]}]},{\"@type\":\"BreadcrumbList\",\"@id\":\"https:\/\/livrariasolmar.pt\/produto\/rainhas-de-portugal-as-mulheres-que-construiram-a-nacao\/#breadcrumb\",\"itemListElement\":[{\"@type\":\"ListItem\",\"position\":1,\"name\":\"In\\u00edcio\",\"item\":\"https:\/\/livrariasolmar.pt\/en\/\"},{\"@type\":\"ListItem\",\"position\":2,\"name\":\"Shop\",\"item\":\"https:\/\/livrariasolmar.pt\/en\/shop\/\"},{\"@type\":\"ListItem\",\"position\":3,\"name\":\"Rainhas de Portugal &#8211; As mulheres que constru\\u00edram a na\\u00e7\\u00e3o\"}]}]}<\/script>\n<!-- \/ Yoast SEO plugin. -->","_links":{"self":[{"href":"https:\/\/livrariasolmar.pt\/en\/wp-json\/wp\/v2\/product\/11494"}],"collection":[{"href":"https:\/\/livrariasolmar.pt\/en\/wp-json\/wp\/v2\/product"}],"about":[{"href":"https:\/\/livrariasolmar.pt\/en\/wp-json\/wp\/v2\/types\/product"}],"author":[{"embeddable":true,"href":"https:\/\/livrariasolmar.pt\/en\/wp-json\/wp\/v2\/users\/2"}],"wp:featuredmedia":[{"embeddable":true,"href":"https:\/\/livrariasolmar.pt\/en\/wp-json\/wp\/v2\/media\/11495"}],"wp:attachment":[{"href":"https:\/\/livrariasolmar.pt\/en\/wp-json\/wp\/v2\/media?parent=11494"}],"wp:term":[{"taxonomy":"product_cat","embeddable":true,"href":"https:\/\/livrariasolmar.pt\/en\/wp-json\/wp\/v2\/product_cat?post=11494"},{"taxonomy":"product_tag","embeddable":true,"href":"https:\/\/livrariasolmar.pt\/en\/wp-json\/wp\/v2\/product_tag?post=11494"},{"taxonomy":"cat_produtos","embeddable":true,"href":"https:\/\/livrariasolmar.pt\/en\/wp-json\/wp\/v2\/cat_produtos?post=11494"}],"curies":[{"name":"wp","href":"https:\/\/api.w.org\/{rel}","templated":true}]}}