{"id":11497,"date":"2026-02-10T18:21:29","date_gmt":"2026-02-10T18:21:29","guid":{"rendered":"https:\/\/livrariasolmar.pt\/?post_type=product&#038;p=11497"},"modified":"2026-03-28T18:15:26","modified_gmt":"2026-03-28T18:15:26","slug":"o-mosteiro-o-rei-improvavel","status":"publish","type":"product","link":"https:\/\/livrariasolmar.pt\/en\/produto\/o-mosteiro-o-rei-improvavel\/","title":{"rendered":"O Mosteiro: O Rei Improv\u00e1vel"},"content":{"rendered":"","protected":false},"excerpt":{"rendered":"<p>Portugal, 1479<br \/>\nA morte do rei Henrique IV abriu no reino de Castela uma crise sucess\u00f3ria grave, provocando um conflito armado com a Coroa vizinha. De um lado, encontravam-se os partid\u00e1rios de Isabel, a irm\u00e3 leg\u00edtima do monarca; do outro, Joana, a filha bastarda, que se casara com o tio, o rei portugu\u00eas, para certificar a sua pretens\u00e3o ao trono.<\/p>\n<p>Numa altura em que o poder da pol\u00edtica externa de um pa\u00eds se media pela influ\u00eancia do casamento, a paz na Pen\u00ednsula Ib\u00e9rica foi deixada sob a cau\u00e7\u00e3o de dois infantes \u2014 o pr\u00edncipe Afonso de Portugal e a primog\u00e9nita de Fernando de Arag\u00e3o e Isabel de Castela.<\/p>\n<p>Mas foi, ent\u00e3o, que os caprichos da Hist\u00f3ria colocaram no caminho de ambos duas outras crian\u00e7as: Jo\u00e3o, o filho renegado de um abade, que sonhava com estruturas imposs\u00edveis, e o descendente mais novo de uma fam\u00edlia poderosa, cuja ambi\u00e7\u00e3o fez com que os seus destinos se cruzassem na edifica\u00e7\u00e3o da maior obra-prima da arquitetura portuguesa.<\/p>\n<p>Inspirado nos factos hist\u00f3ricos que envolveram a constru\u00e7\u00e3o do Mosteiro dos Jer\u00f3nimos,\u00a0<i>O Mosteiro, O Rei Improv\u00e1vel<\/i>\u00a0\u00e9 a estreia surpreendente de Nuno Nepomuceno na fic\u00e7\u00e3o hist\u00f3rica. Uma grande narrativa passada na Europa medieval e, simultaneamente, uma recria\u00e7\u00e3o magistral de uma \u00e9poca fascinante, onde o amor e a trai\u00e7\u00e3o tecem um enredo empolgante, pleno de emo\u00e7\u00e3o, romance e trag\u00e9dia, que ir\u00e1 apaixon\u00e1-lo at\u00e9 \u00e0 \u00faltima p\u00e1gina.<\/p>\n","protected":false},"author":2,"featured_media":11498,"template":"","meta":[],"product_cat":[153],"product_tag":[],"cat_produtos":[1930],"yoast_head":"<!-- This site is optimized with the Yoast SEO plugin v16.6 - https:\/\/yoast.com\/wordpress\/plugins\/seo\/ -->\n<title>O Mosteiro: O Rei Improv\u00e1vel - Livraria Solmar - Livraria online<\/title>\n<meta name=\"robots\" content=\"index, follow, max-snippet:-1, max-image-preview:large, max-video-preview:-1\" \/>\n<link rel=\"canonical\" href=\"https:\/\/livrariasolmar.pt\/en\/produto\/o-mosteiro-o-rei-improvavel\/\" \/>\n<meta property=\"og:locale\" content=\"en_US\" \/>\n<meta property=\"og:type\" content=\"article\" \/>\n<meta property=\"og:title\" content=\"O Mosteiro: O Rei Improv\u00e1vel - Livraria Solmar - Livraria online\" \/>\n<meta property=\"og:description\" content=\"Portugal, 1479 A morte do rei Henrique IV abriu no reino de Castela uma crise sucess\u00f3ria grave, provocando um conflito armado com a Coroa vizinha. De um lado, encontravam-se os partid\u00e1rios de Isabel, a irm\u00e3 leg\u00edtima do monarca; do outro, Joana, a filha bastarda, que se casara com o tio, o rei portugu\u00eas, para certificar a sua pretens\u00e3o ao trono.  Numa altura em que o poder da pol\u00edtica externa de um pa\u00eds se media pela influ\u00eancia do casamento, a paz na Pen\u00ednsula Ib\u00e9rica foi deixada sob a cau\u00e7\u00e3o de dois infantes \u2014 o pr\u00edncipe Afonso de Portugal e a primog\u00e9nita de Fernando de Arag\u00e3o e Isabel de Castela.  Mas foi, ent\u00e3o, que os caprichos da Hist\u00f3ria colocaram no caminho de ambos duas outras crian\u00e7as: Jo\u00e3o, o filho renegado de um abade, que sonhava com estruturas imposs\u00edveis, e o descendente mais novo de uma fam\u00edlia poderosa, cuja ambi\u00e7\u00e3o fez com que os seus destinos se cruzassem na edifica\u00e7\u00e3o da maior obra-prima da arquitetura portuguesa.  Inspirado nos factos hist\u00f3ricos que envolveram a constru\u00e7\u00e3o do Mosteiro dos Jer\u00f3nimos,\u00a0O Mosteiro, O Rei Improv\u00e1vel\u00a0\u00e9 a estreia surpreendente de Nuno Nepomuceno na fic\u00e7\u00e3o hist\u00f3rica. Uma grande narrativa passada na Europa medieval e, simultaneamente, uma recria\u00e7\u00e3o magistral de uma \u00e9poca fascinante, onde o amor e a trai\u00e7\u00e3o tecem um enredo empolgante, pleno de emo\u00e7\u00e3o, romance e trag\u00e9dia, que ir\u00e1 apaixon\u00e1-lo at\u00e9 \u00e0 \u00faltima p\u00e1gina.\" \/>\n<meta property=\"og:url\" content=\"https:\/\/livrariasolmar.pt\/produto\/o-mosteiro-o-rei-improvavel\/\" \/>\n<meta property=\"og:site_name\" content=\"Livraria Solmar - Livraria online\" \/>\n<meta property=\"article:modified_time\" content=\"2026-03-28T18:15:26+00:00\" \/>\n<meta property=\"og:image\" content=\"https:\/\/livrariasolmar.pt\/wp-content\/uploads\/2026\/02\/1540-1-4-2.jpg\" \/>\n\t<meta property=\"og:image:width\" content=\"340\" \/>\n\t<meta property=\"og:image:height\" content=\"340\" \/>\n<meta name=\"twitter:card\" content=\"summary_large_image\" \/>\n<script type=\"application\/ld+json\" class=\"yoast-schema-graph\">{\"@context\":\"https:\/\/schema.org\",\"@graph\":[{\"@type\":\"WebSite\",\"@id\":\"https:\/\/livrariasolmar.pt\/#website\",\"url\":\"https:\/\/livrariasolmar.pt\/\",\"name\":\"Livraria Solmar - Livraria online\",\"description\":\"Com\\u00e9rcio Livros E Objetos De Arte, Lda - Ponta Delgada, A\\u00e7ores\",\"potentialAction\":[{\"@type\":\"SearchAction\",\"target\":{\"@type\":\"EntryPoint\",\"urlTemplate\":\"https:\/\/livrariasolmar.pt\/?s={search_term_string}\"},\"query-input\":\"required name=search_term_string\"}],\"inLanguage\":\"en-US\"},{\"@type\":\"ImageObject\",\"@id\":\"https:\/\/livrariasolmar.pt\/produto\/o-mosteiro-o-rei-improvavel\/#primaryimage\",\"inLanguage\":\"en-US\",\"url\":\"https:\/\/livrariasolmar.pt\/wp-content\/uploads\/2026\/02\/1540-1-4-2.jpg\",\"contentUrl\":\"https:\/\/livrariasolmar.pt\/wp-content\/uploads\/2026\/02\/1540-1-4-2.jpg\",\"width\":340,\"height\":340},{\"@type\":\"WebPage\",\"@id\":\"https:\/\/livrariasolmar.pt\/produto\/o-mosteiro-o-rei-improvavel\/#webpage\",\"url\":\"https:\/\/livrariasolmar.pt\/produto\/o-mosteiro-o-rei-improvavel\/\",\"name\":\"O Mosteiro: O Rei Improv\\u00e1vel - Livraria Solmar - Livraria online\",\"isPartOf\":{\"@id\":\"https:\/\/livrariasolmar.pt\/#website\"},\"primaryImageOfPage\":{\"@id\":\"https:\/\/livrariasolmar.pt\/produto\/o-mosteiro-o-rei-improvavel\/#primaryimage\"},\"datePublished\":\"2026-02-10T18:21:29+00:00\",\"dateModified\":\"2026-03-28T18:15:26+00:00\",\"breadcrumb\":{\"@id\":\"https:\/\/livrariasolmar.pt\/produto\/o-mosteiro-o-rei-improvavel\/#breadcrumb\"},\"inLanguage\":\"en-US\",\"potentialAction\":[{\"@type\":\"ReadAction\",\"target\":[\"https:\/\/livrariasolmar.pt\/produto\/o-mosteiro-o-rei-improvavel\/\"]}]},{\"@type\":\"BreadcrumbList\",\"@id\":\"https:\/\/livrariasolmar.pt\/produto\/o-mosteiro-o-rei-improvavel\/#breadcrumb\",\"itemListElement\":[{\"@type\":\"ListItem\",\"position\":1,\"name\":\"In\\u00edcio\",\"item\":\"https:\/\/livrariasolmar.pt\/en\/\"},{\"@type\":\"ListItem\",\"position\":2,\"name\":\"Shop\",\"item\":\"https:\/\/livrariasolmar.pt\/en\/shop\/\"},{\"@type\":\"ListItem\",\"position\":3,\"name\":\"O Mosteiro: O Rei Improv\\u00e1vel\"}]}]}<\/script>\n<!-- \/ Yoast SEO plugin. -->","_links":{"self":[{"href":"https:\/\/livrariasolmar.pt\/en\/wp-json\/wp\/v2\/product\/11497"}],"collection":[{"href":"https:\/\/livrariasolmar.pt\/en\/wp-json\/wp\/v2\/product"}],"about":[{"href":"https:\/\/livrariasolmar.pt\/en\/wp-json\/wp\/v2\/types\/product"}],"author":[{"embeddable":true,"href":"https:\/\/livrariasolmar.pt\/en\/wp-json\/wp\/v2\/users\/2"}],"wp:featuredmedia":[{"embeddable":true,"href":"https:\/\/livrariasolmar.pt\/en\/wp-json\/wp\/v2\/media\/11498"}],"wp:attachment":[{"href":"https:\/\/livrariasolmar.pt\/en\/wp-json\/wp\/v2\/media?parent=11497"}],"wp:term":[{"taxonomy":"product_cat","embeddable":true,"href":"https:\/\/livrariasolmar.pt\/en\/wp-json\/wp\/v2\/product_cat?post=11497"},{"taxonomy":"product_tag","embeddable":true,"href":"https:\/\/livrariasolmar.pt\/en\/wp-json\/wp\/v2\/product_tag?post=11497"},{"taxonomy":"cat_produtos","embeddable":true,"href":"https:\/\/livrariasolmar.pt\/en\/wp-json\/wp\/v2\/cat_produtos?post=11497"}],"curies":[{"name":"wp","href":"https:\/\/api.w.org\/{rel}","templated":true}]}}