{"id":11500,"date":"2026-02-10T18:53:44","date_gmt":"2026-02-10T18:53:44","guid":{"rendered":"https:\/\/livrariasolmar.pt\/?post_type=product&#038;p=11500"},"modified":"2026-02-10T18:53:44","modified_gmt":"2026-02-10T18:53:44","slug":"a-ultima-missao-de-gwendy","status":"publish","type":"product","link":"https:\/\/livrariasolmar.pt\/en\/produto\/a-ultima-missao-de-gwendy\/","title":{"rendered":"A \u00daltima Miss\u00e3o de Gwendy"},"content":{"rendered":"","protected":false},"excerpt":{"rendered":"<p>Todos os anos ganha poder. Todos os anos enfraquece a sua capacidade de fazer o Bem e fortalece a capacidade de fazer o Mal. Lembras-te do bot\u00e3o preto, Gwendy?<\/p>\n<p>Quando Gwendy Peterson tinha 12 anos, um enigm\u00e1tico estranho de nome Richard Farris deu-lhe uma caixa misteriosa para que a guardasse. Do seu interior vinham doces e moedas antigas, mas era perigosa: premir qualquer um dos seus oito bot\u00f5es coloridos prometia morte e destrui\u00e7\u00e3o. Anos mais tarde, a caixa dos bot\u00f5es voltou \u00e0 vida de Gwendy. J\u00e1 uma escritora de sucesso e estrela pol\u00edtica em ascens\u00e3o, Gwendy foi mais uma vez for\u00e7ada a lidar com a tenta\u00e7\u00e3o que a caixa representava.<\/p>\n<p>No presente, for\u00e7as malignas procuram possuir a caixa dos bot\u00f5es, e cabe novamente a Gwendy, agora senadora do Maine, impedir a todo o custo que o consigam. Mas onde poder\u00e1 ela esconder algo de entidades t\u00e3o poderosas?<\/p>\n<p>No terceiro e \u00faltimo volume da s\u00e9rie iniciada com\u00a0<i>A Caixa dos Bot\u00f5es de Gwendy<\/i>, a que se seguiu\u00a0<i>A Pluma M\u00e1gica de Gwendy<\/i>, os mestres Stephen King e Richard Chizmar conduzem-nos por uma viagem que vai de Castle Rock at\u00e9 uma outra c\u00e9lebre cidade amaldi\u00e7oada do Maine \u2014 e at\u00e9 \u00e0 esta\u00e7\u00e3o espacial MF-1, onde Gwendy deve cumprir a sua miss\u00e3o secreta para salvar o mundo. O nosso e todos os outros mundos que existem\u2026<\/p>\n","protected":false},"author":2,"featured_media":11501,"template":"","meta":[],"product_cat":[153],"product_tag":[],"cat_produtos":[1931],"yoast_head":"<!-- This site is optimized with the Yoast SEO plugin v16.6 - https:\/\/yoast.com\/wordpress\/plugins\/seo\/ -->\n<title>A \u00daltima Miss\u00e3o de Gwendy - Livraria Solmar - Livraria online<\/title>\n<meta name=\"robots\" content=\"index, follow, max-snippet:-1, max-image-preview:large, max-video-preview:-1\" \/>\n<link rel=\"canonical\" href=\"https:\/\/livrariasolmar.pt\/en\/produto\/a-ultima-missao-de-gwendy\/\" \/>\n<meta property=\"og:locale\" content=\"en_US\" \/>\n<meta property=\"og:type\" content=\"article\" \/>\n<meta property=\"og:title\" content=\"A \u00daltima Miss\u00e3o de Gwendy - Livraria Solmar - Livraria online\" \/>\n<meta property=\"og:description\" content=\"Todos os anos ganha poder. Todos os anos enfraquece a sua capacidade de fazer o Bem e fortalece a capacidade de fazer o Mal. Lembras-te do bot\u00e3o preto, Gwendy?  Quando Gwendy Peterson tinha 12 anos, um enigm\u00e1tico estranho de nome Richard Farris deu-lhe uma caixa misteriosa para que a guardasse. Do seu interior vinham doces e moedas antigas, mas era perigosa: premir qualquer um dos seus oito bot\u00f5es coloridos prometia morte e destrui\u00e7\u00e3o. Anos mais tarde, a caixa dos bot\u00f5es voltou \u00e0 vida de Gwendy. J\u00e1 uma escritora de sucesso e estrela pol\u00edtica em ascens\u00e3o, Gwendy foi mais uma vez for\u00e7ada a lidar com a tenta\u00e7\u00e3o que a caixa representava.  No presente, for\u00e7as malignas procuram possuir a caixa dos bot\u00f5es, e cabe novamente a Gwendy, agora senadora do Maine, impedir a todo o custo que o consigam. Mas onde poder\u00e1 ela esconder algo de entidades t\u00e3o poderosas?  No terceiro e \u00faltimo volume da s\u00e9rie iniciada com\u00a0A Caixa dos Bot\u00f5es de Gwendy, a que se seguiu\u00a0A Pluma M\u00e1gica de Gwendy, os mestres Stephen King e Richard Chizmar conduzem-nos por uma viagem que vai de Castle Rock at\u00e9 uma outra c\u00e9lebre cidade amaldi\u00e7oada do Maine \u2014 e at\u00e9 \u00e0 esta\u00e7\u00e3o espacial MF-1, onde Gwendy deve cumprir a sua miss\u00e3o secreta para salvar o mundo. O nosso e todos os outros mundos que existem\u2026\" \/>\n<meta property=\"og:url\" content=\"https:\/\/livrariasolmar.pt\/produto\/a-ultima-missao-de-gwendy\/\" \/>\n<meta property=\"og:site_name\" content=\"Livraria Solmar - Livraria online\" \/>\n<meta property=\"og:image\" content=\"https:\/\/livrariasolmar.pt\/wp-content\/uploads\/2026\/02\/1540-1-2-3.jpg\" \/>\n\t<meta property=\"og:image:width\" content=\"340\" \/>\n\t<meta property=\"og:image:height\" content=\"340\" \/>\n<meta name=\"twitter:card\" content=\"summary_large_image\" \/>\n<script type=\"application\/ld+json\" class=\"yoast-schema-graph\">{\"@context\":\"https:\/\/schema.org\",\"@graph\":[{\"@type\":\"WebSite\",\"@id\":\"https:\/\/livrariasolmar.pt\/#website\",\"url\":\"https:\/\/livrariasolmar.pt\/\",\"name\":\"Livraria Solmar - Livraria online\",\"description\":\"Com\\u00e9rcio Livros E Objetos De Arte, Lda - Ponta Delgada, A\\u00e7ores\",\"potentialAction\":[{\"@type\":\"SearchAction\",\"target\":{\"@type\":\"EntryPoint\",\"urlTemplate\":\"https:\/\/livrariasolmar.pt\/?s={search_term_string}\"},\"query-input\":\"required name=search_term_string\"}],\"inLanguage\":\"en-US\"},{\"@type\":\"ImageObject\",\"@id\":\"https:\/\/livrariasolmar.pt\/produto\/a-ultima-missao-de-gwendy\/#primaryimage\",\"inLanguage\":\"en-US\",\"url\":\"https:\/\/livrariasolmar.pt\/wp-content\/uploads\/2026\/02\/1540-1-2-3.jpg\",\"contentUrl\":\"https:\/\/livrariasolmar.pt\/wp-content\/uploads\/2026\/02\/1540-1-2-3.jpg\",\"width\":340,\"height\":340},{\"@type\":\"WebPage\",\"@id\":\"https:\/\/livrariasolmar.pt\/produto\/a-ultima-missao-de-gwendy\/#webpage\",\"url\":\"https:\/\/livrariasolmar.pt\/produto\/a-ultima-missao-de-gwendy\/\",\"name\":\"A \\u00daltima Miss\\u00e3o de Gwendy - Livraria Solmar - Livraria online\",\"isPartOf\":{\"@id\":\"https:\/\/livrariasolmar.pt\/#website\"},\"primaryImageOfPage\":{\"@id\":\"https:\/\/livrariasolmar.pt\/produto\/a-ultima-missao-de-gwendy\/#primaryimage\"},\"datePublished\":\"2026-02-10T18:53:44+00:00\",\"dateModified\":\"2026-02-10T18:53:44+00:00\",\"breadcrumb\":{\"@id\":\"https:\/\/livrariasolmar.pt\/produto\/a-ultima-missao-de-gwendy\/#breadcrumb\"},\"inLanguage\":\"en-US\",\"potentialAction\":[{\"@type\":\"ReadAction\",\"target\":[\"https:\/\/livrariasolmar.pt\/produto\/a-ultima-missao-de-gwendy\/\"]}]},{\"@type\":\"BreadcrumbList\",\"@id\":\"https:\/\/livrariasolmar.pt\/produto\/a-ultima-missao-de-gwendy\/#breadcrumb\",\"itemListElement\":[{\"@type\":\"ListItem\",\"position\":1,\"name\":\"In\\u00edcio\",\"item\":\"https:\/\/livrariasolmar.pt\/en\/\"},{\"@type\":\"ListItem\",\"position\":2,\"name\":\"Shop\",\"item\":\"https:\/\/livrariasolmar.pt\/en\/shop\/\"},{\"@type\":\"ListItem\",\"position\":3,\"name\":\"A \\u00daltima Miss\\u00e3o de Gwendy\"}]}]}<\/script>\n<!-- \/ Yoast SEO plugin. -->","_links":{"self":[{"href":"https:\/\/livrariasolmar.pt\/en\/wp-json\/wp\/v2\/product\/11500"}],"collection":[{"href":"https:\/\/livrariasolmar.pt\/en\/wp-json\/wp\/v2\/product"}],"about":[{"href":"https:\/\/livrariasolmar.pt\/en\/wp-json\/wp\/v2\/types\/product"}],"author":[{"embeddable":true,"href":"https:\/\/livrariasolmar.pt\/en\/wp-json\/wp\/v2\/users\/2"}],"wp:featuredmedia":[{"embeddable":true,"href":"https:\/\/livrariasolmar.pt\/en\/wp-json\/wp\/v2\/media\/11501"}],"wp:attachment":[{"href":"https:\/\/livrariasolmar.pt\/en\/wp-json\/wp\/v2\/media?parent=11500"}],"wp:term":[{"taxonomy":"product_cat","embeddable":true,"href":"https:\/\/livrariasolmar.pt\/en\/wp-json\/wp\/v2\/product_cat?post=11500"},{"taxonomy":"product_tag","embeddable":true,"href":"https:\/\/livrariasolmar.pt\/en\/wp-json\/wp\/v2\/product_tag?post=11500"},{"taxonomy":"cat_produtos","embeddable":true,"href":"https:\/\/livrariasolmar.pt\/en\/wp-json\/wp\/v2\/cat_produtos?post=11500"}],"curies":[{"name":"wp","href":"https:\/\/api.w.org\/{rel}","templated":true}]}}