{"id":11506,"date":"2026-02-12T16:24:40","date_gmt":"2026-02-12T16:24:40","guid":{"rendered":"https:\/\/livrariasolmar.pt\/?post_type=product&#038;p=11506"},"modified":"2026-02-12T16:24:40","modified_gmt":"2026-02-12T16:24:40","slug":"como-deixar-os-pais-a-beira-de-um-ataque-de-nervos","status":"publish","type":"product","link":"https:\/\/livrariasolmar.pt\/en\/produto\/como-deixar-os-pais-a-beira-de-um-ataque-de-nervos\/","title":{"rendered":"Como Deixar os Pais \u00e0 Beira de um Ataque de Nervos"},"content":{"rendered":"","protected":false},"excerpt":{"rendered":"<p>Queremos deixar os pais \u00e0 beira de um ataque de nervos? Muito simples! Este guia ilustrado vai mostrar-nos tudo o que os adultos detestam. E nada temam: se estas instru\u00e7\u00f5es n\u00e3o forem suficientes, aqui encontraremos outra ferramenta preciosa que nos pode ajudar a chegar ao objetivo. O \u00fanico problema, depois, ser\u00e1 fazer com que se acalmem&#8230; Mas para isso tamb\u00e9m h\u00e1 rem\u00e9dio: escrever um livro sobre como acalmar os pais!<\/p>\n<p>Inclui um irrit\u00f3metro, para estarmos conscientes do n\u00edvel de irritabilidade, pois claro.<\/p>\n","protected":false},"author":2,"featured_media":11507,"template":"","meta":[],"product_cat":[384],"product_tag":[],"cat_produtos":[1932],"yoast_head":"<!-- This site is optimized with the Yoast SEO plugin v16.6 - https:\/\/yoast.com\/wordpress\/plugins\/seo\/ -->\n<title>Como Deixar os Pais \u00e0 Beira de um Ataque de Nervos - Livraria Solmar - Livraria online<\/title>\n<meta name=\"robots\" content=\"index, follow, max-snippet:-1, max-image-preview:large, max-video-preview:-1\" \/>\n<link rel=\"canonical\" href=\"https:\/\/livrariasolmar.pt\/en\/produto\/como-deixar-os-pais-a-beira-de-um-ataque-de-nervos\/\" \/>\n<meta property=\"og:locale\" content=\"en_US\" \/>\n<meta property=\"og:type\" content=\"article\" \/>\n<meta property=\"og:title\" content=\"Como Deixar os Pais \u00e0 Beira de um Ataque de Nervos - Livraria Solmar - Livraria online\" \/>\n<meta property=\"og:description\" content=\"Queremos deixar os pais \u00e0 beira de um ataque de nervos? Muito simples! Este guia ilustrado vai mostrar-nos tudo o que os adultos detestam. E nada temam: se estas instru\u00e7\u00f5es n\u00e3o forem suficientes, aqui encontraremos outra ferramenta preciosa que nos pode ajudar a chegar ao objetivo. O \u00fanico problema, depois, ser\u00e1 fazer com que se acalmem... Mas para isso tamb\u00e9m h\u00e1 rem\u00e9dio: escrever um livro sobre como acalmar os pais!  Inclui um irrit\u00f3metro, para estarmos conscientes do n\u00edvel de irritabilidade, pois claro.\" \/>\n<meta property=\"og:url\" content=\"https:\/\/livrariasolmar.pt\/produto\/como-deixar-os-pais-a-beira-de-um-ataque-de-nervos\/\" \/>\n<meta property=\"og:site_name\" content=\"Livraria Solmar - Livraria online\" \/>\n<meta property=\"og:image\" content=\"https:\/\/livrariasolmar.pt\/wp-content\/uploads\/2026\/02\/como-deixar-os-pais-a-beira-de-um-ataque-de-nervos-NL95786.jpg\" \/>\n\t<meta property=\"og:image:width\" content=\"2000\" \/>\n\t<meta property=\"og:image:height\" content=\"2520\" \/>\n<meta name=\"twitter:card\" content=\"summary_large_image\" \/>\n<script type=\"application\/ld+json\" class=\"yoast-schema-graph\">{\"@context\":\"https:\/\/schema.org\",\"@graph\":[{\"@type\":\"WebSite\",\"@id\":\"https:\/\/livrariasolmar.pt\/#website\",\"url\":\"https:\/\/livrariasolmar.pt\/\",\"name\":\"Livraria Solmar - Livraria online\",\"description\":\"Com\\u00e9rcio Livros E Objetos De Arte, Lda - Ponta Delgada, A\\u00e7ores\",\"potentialAction\":[{\"@type\":\"SearchAction\",\"target\":{\"@type\":\"EntryPoint\",\"urlTemplate\":\"https:\/\/livrariasolmar.pt\/?s={search_term_string}\"},\"query-input\":\"required name=search_term_string\"}],\"inLanguage\":\"en-US\"},{\"@type\":\"ImageObject\",\"@id\":\"https:\/\/livrariasolmar.pt\/produto\/como-deixar-os-pais-a-beira-de-um-ataque-de-nervos\/#primaryimage\",\"inLanguage\":\"en-US\",\"url\":\"https:\/\/livrariasolmar.pt\/wp-content\/uploads\/2026\/02\/como-deixar-os-pais-a-beira-de-um-ataque-de-nervos-NL95786.jpg\",\"contentUrl\":\"https:\/\/livrariasolmar.pt\/wp-content\/uploads\/2026\/02\/como-deixar-os-pais-a-beira-de-um-ataque-de-nervos-NL95786.jpg\",\"width\":2000,\"height\":2520},{\"@type\":\"WebPage\",\"@id\":\"https:\/\/livrariasolmar.pt\/produto\/como-deixar-os-pais-a-beira-de-um-ataque-de-nervos\/#webpage\",\"url\":\"https:\/\/livrariasolmar.pt\/produto\/como-deixar-os-pais-a-beira-de-um-ataque-de-nervos\/\",\"name\":\"Como Deixar os Pais \\u00e0 Beira de um Ataque de Nervos - Livraria Solmar - Livraria online\",\"isPartOf\":{\"@id\":\"https:\/\/livrariasolmar.pt\/#website\"},\"primaryImageOfPage\":{\"@id\":\"https:\/\/livrariasolmar.pt\/produto\/como-deixar-os-pais-a-beira-de-um-ataque-de-nervos\/#primaryimage\"},\"datePublished\":\"2026-02-12T16:24:40+00:00\",\"dateModified\":\"2026-02-12T16:24:40+00:00\",\"breadcrumb\":{\"@id\":\"https:\/\/livrariasolmar.pt\/produto\/como-deixar-os-pais-a-beira-de-um-ataque-de-nervos\/#breadcrumb\"},\"inLanguage\":\"en-US\",\"potentialAction\":[{\"@type\":\"ReadAction\",\"target\":[\"https:\/\/livrariasolmar.pt\/produto\/como-deixar-os-pais-a-beira-de-um-ataque-de-nervos\/\"]}]},{\"@type\":\"BreadcrumbList\",\"@id\":\"https:\/\/livrariasolmar.pt\/produto\/como-deixar-os-pais-a-beira-de-um-ataque-de-nervos\/#breadcrumb\",\"itemListElement\":[{\"@type\":\"ListItem\",\"position\":1,\"name\":\"In\\u00edcio\",\"item\":\"https:\/\/livrariasolmar.pt\/en\/\"},{\"@type\":\"ListItem\",\"position\":2,\"name\":\"Shop\",\"item\":\"https:\/\/livrariasolmar.pt\/en\/shop\/\"},{\"@type\":\"ListItem\",\"position\":3,\"name\":\"Como Deixar os Pais \\u00e0 Beira de um Ataque de Nervos\"}]}]}<\/script>\n<!-- \/ Yoast SEO plugin. -->","_links":{"self":[{"href":"https:\/\/livrariasolmar.pt\/en\/wp-json\/wp\/v2\/product\/11506"}],"collection":[{"href":"https:\/\/livrariasolmar.pt\/en\/wp-json\/wp\/v2\/product"}],"about":[{"href":"https:\/\/livrariasolmar.pt\/en\/wp-json\/wp\/v2\/types\/product"}],"author":[{"embeddable":true,"href":"https:\/\/livrariasolmar.pt\/en\/wp-json\/wp\/v2\/users\/2"}],"wp:featuredmedia":[{"embeddable":true,"href":"https:\/\/livrariasolmar.pt\/en\/wp-json\/wp\/v2\/media\/11507"}],"wp:attachment":[{"href":"https:\/\/livrariasolmar.pt\/en\/wp-json\/wp\/v2\/media?parent=11506"}],"wp:term":[{"taxonomy":"product_cat","embeddable":true,"href":"https:\/\/livrariasolmar.pt\/en\/wp-json\/wp\/v2\/product_cat?post=11506"},{"taxonomy":"product_tag","embeddable":true,"href":"https:\/\/livrariasolmar.pt\/en\/wp-json\/wp\/v2\/product_tag?post=11506"},{"taxonomy":"cat_produtos","embeddable":true,"href":"https:\/\/livrariasolmar.pt\/en\/wp-json\/wp\/v2\/cat_produtos?post=11506"}],"curies":[{"name":"wp","href":"https:\/\/api.w.org\/{rel}","templated":true}]}}