{"id":11509,"date":"2026-02-12T16:40:25","date_gmt":"2026-02-12T16:40:25","guid":{"rendered":"https:\/\/livrariasolmar.pt\/?post_type=product&#038;p=11509"},"modified":"2026-02-12T16:40:25","modified_gmt":"2026-02-12T16:40:25","slug":"a-guerra-de-troia","status":"publish","type":"product","link":"https:\/\/livrariasolmar.pt\/en\/produto\/a-guerra-de-troia\/","title":{"rendered":"A Guerra de Troia"},"content":{"rendered":"","protected":false},"excerpt":{"rendered":"<p><i>A Guerra de Troia<\/i>\u00a0narra um dos maiores conflitos b\u00e9licos da mitologia grega, causado pelo rapto de Helena, a esposa do rei de Esparta. Reis poderosos e guerreiros lend\u00e1rios, todos eles ajudados por deuses magn\u00edficos, defrontaram-se durante 10 anos.<\/p>\n<p>Nicol\u00e1s Schuff, tantas vezes distinguido pelo seu talento, reconta-nos esta hist\u00f3ria inesquec\u00edvel atrav\u00e9s de uma narrativa clara e emocionante. Mariana Ruiz Johnson, ilustradora premiada, \u00e9 quem d\u00e1 vida a este cen\u00e1rio inesquec\u00edvel.<\/p>\n<p>Uma hist\u00f3ria intemporal que nos convida a refletir sobre as consequ\u00eancias e o peso das escolhas de cada um de n\u00f3s.<\/p>\n","protected":false},"author":2,"featured_media":11510,"template":"","meta":[],"product_cat":[384],"product_tag":[],"cat_produtos":[1933],"yoast_head":"<!-- This site is optimized with the Yoast SEO plugin v16.6 - https:\/\/yoast.com\/wordpress\/plugins\/seo\/ -->\n<title>A Guerra de Troia - Livraria Solmar - Livraria online<\/title>\n<meta name=\"robots\" content=\"index, follow, max-snippet:-1, max-image-preview:large, max-video-preview:-1\" \/>\n<link rel=\"canonical\" href=\"https:\/\/livrariasolmar.pt\/en\/produto\/a-guerra-de-troia\/\" \/>\n<meta property=\"og:locale\" content=\"en_US\" \/>\n<meta property=\"og:type\" content=\"article\" \/>\n<meta property=\"og:title\" content=\"A Guerra de Troia - Livraria Solmar - Livraria online\" \/>\n<meta property=\"og:description\" content=\"A Guerra de Troia\u00a0narra um dos maiores conflitos b\u00e9licos da mitologia grega, causado pelo rapto de Helena, a esposa do rei de Esparta. Reis poderosos e guerreiros lend\u00e1rios, todos eles ajudados por deuses magn\u00edficos, defrontaram-se durante 10 anos.  Nicol\u00e1s Schuff, tantas vezes distinguido pelo seu talento, reconta-nos esta hist\u00f3ria inesquec\u00edvel atrav\u00e9s de uma narrativa clara e emocionante. Mariana Ruiz Johnson, ilustradora premiada, \u00e9 quem d\u00e1 vida a este cen\u00e1rio inesquec\u00edvel.  Uma hist\u00f3ria intemporal que nos convida a refletir sobre as consequ\u00eancias e o peso das escolhas de cada um de n\u00f3s.\" \/>\n<meta property=\"og:url\" content=\"https:\/\/livrariasolmar.pt\/produto\/a-guerra-de-troia\/\" \/>\n<meta property=\"og:site_name\" content=\"Livraria Solmar - Livraria online\" \/>\n<meta property=\"og:image\" content=\"https:\/\/livrariasolmar.pt\/wp-content\/uploads\/2026\/02\/1540-1-3-3.jpg\" \/>\n\t<meta property=\"og:image:width\" content=\"340\" \/>\n\t<meta property=\"og:image:height\" content=\"340\" \/>\n<meta name=\"twitter:card\" content=\"summary_large_image\" \/>\n<script type=\"application\/ld+json\" class=\"yoast-schema-graph\">{\"@context\":\"https:\/\/schema.org\",\"@graph\":[{\"@type\":\"WebSite\",\"@id\":\"https:\/\/livrariasolmar.pt\/#website\",\"url\":\"https:\/\/livrariasolmar.pt\/\",\"name\":\"Livraria Solmar - Livraria online\",\"description\":\"Com\\u00e9rcio Livros E Objetos De Arte, Lda - Ponta Delgada, A\\u00e7ores\",\"potentialAction\":[{\"@type\":\"SearchAction\",\"target\":{\"@type\":\"EntryPoint\",\"urlTemplate\":\"https:\/\/livrariasolmar.pt\/?s={search_term_string}\"},\"query-input\":\"required name=search_term_string\"}],\"inLanguage\":\"en-US\"},{\"@type\":\"ImageObject\",\"@id\":\"https:\/\/livrariasolmar.pt\/produto\/a-guerra-de-troia\/#primaryimage\",\"inLanguage\":\"en-US\",\"url\":\"https:\/\/livrariasolmar.pt\/wp-content\/uploads\/2026\/02\/1540-1-3-3.jpg\",\"contentUrl\":\"https:\/\/livrariasolmar.pt\/wp-content\/uploads\/2026\/02\/1540-1-3-3.jpg\",\"width\":340,\"height\":340},{\"@type\":\"WebPage\",\"@id\":\"https:\/\/livrariasolmar.pt\/produto\/a-guerra-de-troia\/#webpage\",\"url\":\"https:\/\/livrariasolmar.pt\/produto\/a-guerra-de-troia\/\",\"name\":\"A Guerra de Troia - Livraria Solmar - Livraria online\",\"isPartOf\":{\"@id\":\"https:\/\/livrariasolmar.pt\/#website\"},\"primaryImageOfPage\":{\"@id\":\"https:\/\/livrariasolmar.pt\/produto\/a-guerra-de-troia\/#primaryimage\"},\"datePublished\":\"2026-02-12T16:40:25+00:00\",\"dateModified\":\"2026-02-12T16:40:25+00:00\",\"breadcrumb\":{\"@id\":\"https:\/\/livrariasolmar.pt\/produto\/a-guerra-de-troia\/#breadcrumb\"},\"inLanguage\":\"en-US\",\"potentialAction\":[{\"@type\":\"ReadAction\",\"target\":[\"https:\/\/livrariasolmar.pt\/produto\/a-guerra-de-troia\/\"]}]},{\"@type\":\"BreadcrumbList\",\"@id\":\"https:\/\/livrariasolmar.pt\/produto\/a-guerra-de-troia\/#breadcrumb\",\"itemListElement\":[{\"@type\":\"ListItem\",\"position\":1,\"name\":\"In\\u00edcio\",\"item\":\"https:\/\/livrariasolmar.pt\/en\/\"},{\"@type\":\"ListItem\",\"position\":2,\"name\":\"Shop\",\"item\":\"https:\/\/livrariasolmar.pt\/en\/shop\/\"},{\"@type\":\"ListItem\",\"position\":3,\"name\":\"A Guerra de Troia\"}]}]}<\/script>\n<!-- \/ Yoast SEO plugin. -->","_links":{"self":[{"href":"https:\/\/livrariasolmar.pt\/en\/wp-json\/wp\/v2\/product\/11509"}],"collection":[{"href":"https:\/\/livrariasolmar.pt\/en\/wp-json\/wp\/v2\/product"}],"about":[{"href":"https:\/\/livrariasolmar.pt\/en\/wp-json\/wp\/v2\/types\/product"}],"author":[{"embeddable":true,"href":"https:\/\/livrariasolmar.pt\/en\/wp-json\/wp\/v2\/users\/2"}],"wp:featuredmedia":[{"embeddable":true,"href":"https:\/\/livrariasolmar.pt\/en\/wp-json\/wp\/v2\/media\/11510"}],"wp:attachment":[{"href":"https:\/\/livrariasolmar.pt\/en\/wp-json\/wp\/v2\/media?parent=11509"}],"wp:term":[{"taxonomy":"product_cat","embeddable":true,"href":"https:\/\/livrariasolmar.pt\/en\/wp-json\/wp\/v2\/product_cat?post=11509"},{"taxonomy":"product_tag","embeddable":true,"href":"https:\/\/livrariasolmar.pt\/en\/wp-json\/wp\/v2\/product_tag?post=11509"},{"taxonomy":"cat_produtos","embeddable":true,"href":"https:\/\/livrariasolmar.pt\/en\/wp-json\/wp\/v2\/cat_produtos?post=11509"}],"curies":[{"name":"wp","href":"https:\/\/api.w.org\/{rel}","templated":true}]}}