{"id":11512,"date":"2026-02-12T17:09:44","date_gmt":"2026-02-12T17:09:44","guid":{"rendered":"https:\/\/livrariasolmar.pt\/?post_type=product&#038;p=11512"},"modified":"2026-02-28T15:29:35","modified_gmt":"2026-02-28T15:29:35","slug":"pop-manga-dragoes-e-outras-criaturas-magicas-livro-de-colorir","status":"publish","type":"product","link":"https:\/\/livrariasolmar.pt\/en\/produto\/pop-manga-dragoes-e-outras-criaturas-magicas-livro-de-colorir\/","title":{"rendered":"Pop Manga &#8211; Drag\u00f5es e Outras Criaturas M\u00e1gicas: Livro de Colorir"},"content":{"rendered":"","protected":false},"excerpt":{"rendered":"<p>Sa\u00eddas da imagina\u00e7\u00e3o vibrante e divertida de Camilla d\u2019Errico, estas p\u00e1ginas d\u00e3o vida a uma s\u00e9rie de criaturas not\u00e1veis, com um toque inconfund\u00edvel e inspirado na manga e no anime.<\/p>\n<p>Usa a tua paleta \u00fanica para dar cor e for\u00e7a a seres fant\u00e1sticos como grifos, hidras e centauros \u2014 e a outros de que talvez nunca tenhas ouvido falar!<\/p>\n<p>Com ilustra\u00e7\u00f5es de p\u00e1gina inteira e padr\u00f5es misteriosos, este livro convida-te a transformar estas criaturas extraordin\u00e1rias em obras de arte \u00fanicas e cheias de vida.<\/p>\n","protected":false},"author":2,"featured_media":11513,"template":"","meta":[],"product_cat":[172],"product_tag":[],"cat_produtos":[1934],"yoast_head":"<!-- This site is optimized with the Yoast SEO plugin v16.6 - https:\/\/yoast.com\/wordpress\/plugins\/seo\/ -->\n<title>Pop Manga - Drag\u00f5es e Outras Criaturas M\u00e1gicas: Livro de Colorir - Livraria Solmar - Livraria online<\/title>\n<meta name=\"robots\" content=\"index, follow, max-snippet:-1, max-image-preview:large, max-video-preview:-1\" \/>\n<link rel=\"canonical\" href=\"https:\/\/livrariasolmar.pt\/en\/produto\/pop-manga-dragoes-e-outras-criaturas-magicas-livro-de-colorir\/\" \/>\n<meta property=\"og:locale\" content=\"en_US\" \/>\n<meta property=\"og:type\" content=\"article\" \/>\n<meta property=\"og:title\" content=\"Pop Manga - Drag\u00f5es e Outras Criaturas M\u00e1gicas: Livro de Colorir - Livraria Solmar - Livraria online\" \/>\n<meta property=\"og:description\" content=\"Sa\u00eddas da imagina\u00e7\u00e3o vibrante e divertida de Camilla d\u2019Errico, estas p\u00e1ginas d\u00e3o vida a uma s\u00e9rie de criaturas not\u00e1veis, com um toque inconfund\u00edvel e inspirado na manga e no anime.  Usa a tua paleta \u00fanica para dar cor e for\u00e7a a seres fant\u00e1sticos como grifos, hidras e centauros \u2014 e a outros de que talvez nunca tenhas ouvido falar!  Com ilustra\u00e7\u00f5es de p\u00e1gina inteira e padr\u00f5es misteriosos, este livro convida-te a transformar estas criaturas extraordin\u00e1rias em obras de arte \u00fanicas e cheias de vida.\" \/>\n<meta property=\"og:url\" content=\"https:\/\/livrariasolmar.pt\/produto\/pop-manga-dragoes-e-outras-criaturas-magicas-livro-de-colorir\/\" \/>\n<meta property=\"og:site_name\" content=\"Livraria Solmar - Livraria online\" \/>\n<meta property=\"article:modified_time\" content=\"2026-02-28T15:29:35+00:00\" \/>\n<meta property=\"og:image\" content=\"https:\/\/livrariasolmar.pt\/wp-content\/uploads\/2026\/02\/1540-1-4-3.jpg\" \/>\n\t<meta property=\"og:image:width\" content=\"340\" \/>\n\t<meta property=\"og:image:height\" content=\"340\" \/>\n<meta name=\"twitter:card\" content=\"summary_large_image\" \/>\n<script type=\"application\/ld+json\" class=\"yoast-schema-graph\">{\"@context\":\"https:\/\/schema.org\",\"@graph\":[{\"@type\":\"WebSite\",\"@id\":\"https:\/\/livrariasolmar.pt\/#website\",\"url\":\"https:\/\/livrariasolmar.pt\/\",\"name\":\"Livraria Solmar - Livraria online\",\"description\":\"Com\\u00e9rcio Livros E Objetos De Arte, Lda - Ponta Delgada, A\\u00e7ores\",\"potentialAction\":[{\"@type\":\"SearchAction\",\"target\":{\"@type\":\"EntryPoint\",\"urlTemplate\":\"https:\/\/livrariasolmar.pt\/?s={search_term_string}\"},\"query-input\":\"required name=search_term_string\"}],\"inLanguage\":\"en-US\"},{\"@type\":\"ImageObject\",\"@id\":\"https:\/\/livrariasolmar.pt\/produto\/pop-manga-dragoes-e-outras-criaturas-magicas-livro-de-colorir\/#primaryimage\",\"inLanguage\":\"en-US\",\"url\":\"https:\/\/livrariasolmar.pt\/wp-content\/uploads\/2026\/02\/1540-1-4-3.jpg\",\"contentUrl\":\"https:\/\/livrariasolmar.pt\/wp-content\/uploads\/2026\/02\/1540-1-4-3.jpg\",\"width\":340,\"height\":340},{\"@type\":\"WebPage\",\"@id\":\"https:\/\/livrariasolmar.pt\/produto\/pop-manga-dragoes-e-outras-criaturas-magicas-livro-de-colorir\/#webpage\",\"url\":\"https:\/\/livrariasolmar.pt\/produto\/pop-manga-dragoes-e-outras-criaturas-magicas-livro-de-colorir\/\",\"name\":\"Pop Manga - Drag\\u00f5es e Outras Criaturas M\\u00e1gicas: Livro de Colorir - Livraria Solmar - Livraria online\",\"isPartOf\":{\"@id\":\"https:\/\/livrariasolmar.pt\/#website\"},\"primaryImageOfPage\":{\"@id\":\"https:\/\/livrariasolmar.pt\/produto\/pop-manga-dragoes-e-outras-criaturas-magicas-livro-de-colorir\/#primaryimage\"},\"datePublished\":\"2026-02-12T17:09:44+00:00\",\"dateModified\":\"2026-02-28T15:29:35+00:00\",\"breadcrumb\":{\"@id\":\"https:\/\/livrariasolmar.pt\/produto\/pop-manga-dragoes-e-outras-criaturas-magicas-livro-de-colorir\/#breadcrumb\"},\"inLanguage\":\"en-US\",\"potentialAction\":[{\"@type\":\"ReadAction\",\"target\":[\"https:\/\/livrariasolmar.pt\/produto\/pop-manga-dragoes-e-outras-criaturas-magicas-livro-de-colorir\/\"]}]},{\"@type\":\"BreadcrumbList\",\"@id\":\"https:\/\/livrariasolmar.pt\/produto\/pop-manga-dragoes-e-outras-criaturas-magicas-livro-de-colorir\/#breadcrumb\",\"itemListElement\":[{\"@type\":\"ListItem\",\"position\":1,\"name\":\"In\\u00edcio\",\"item\":\"https:\/\/livrariasolmar.pt\/en\/\"},{\"@type\":\"ListItem\",\"position\":2,\"name\":\"Shop\",\"item\":\"https:\/\/livrariasolmar.pt\/en\/shop\/\"},{\"@type\":\"ListItem\",\"position\":3,\"name\":\"Pop Manga &#8211; Drag\\u00f5es e Outras Criaturas M\\u00e1gicas: Livro de Colorir\"}]}]}<\/script>\n<!-- \/ Yoast SEO plugin. -->","_links":{"self":[{"href":"https:\/\/livrariasolmar.pt\/en\/wp-json\/wp\/v2\/product\/11512"}],"collection":[{"href":"https:\/\/livrariasolmar.pt\/en\/wp-json\/wp\/v2\/product"}],"about":[{"href":"https:\/\/livrariasolmar.pt\/en\/wp-json\/wp\/v2\/types\/product"}],"author":[{"embeddable":true,"href":"https:\/\/livrariasolmar.pt\/en\/wp-json\/wp\/v2\/users\/2"}],"wp:featuredmedia":[{"embeddable":true,"href":"https:\/\/livrariasolmar.pt\/en\/wp-json\/wp\/v2\/media\/11513"}],"wp:attachment":[{"href":"https:\/\/livrariasolmar.pt\/en\/wp-json\/wp\/v2\/media?parent=11512"}],"wp:term":[{"taxonomy":"product_cat","embeddable":true,"href":"https:\/\/livrariasolmar.pt\/en\/wp-json\/wp\/v2\/product_cat?post=11512"},{"taxonomy":"product_tag","embeddable":true,"href":"https:\/\/livrariasolmar.pt\/en\/wp-json\/wp\/v2\/product_tag?post=11512"},{"taxonomy":"cat_produtos","embeddable":true,"href":"https:\/\/livrariasolmar.pt\/en\/wp-json\/wp\/v2\/cat_produtos?post=11512"}],"curies":[{"name":"wp","href":"https:\/\/api.w.org\/{rel}","templated":true}]}}