{"id":11517,"date":"2026-02-19T14:44:15","date_gmt":"2026-02-19T14:44:15","guid":{"rendered":"https:\/\/livrariasolmar.pt\/?post_type=product&#038;p=11517"},"modified":"2026-03-25T18:03:44","modified_gmt":"2026-03-25T18:03:44","slug":"querida-debbie","status":"publish","type":"product","link":"https:\/\/livrariasolmar.pt\/en\/produto\/querida-debbie\/","title":{"rendered":"Querida Debbie"},"content":{"rendered":"","protected":false},"excerpt":{"rendered":"<p>Debbie Mullen est\u00e1 \u00e0 beira de um colapso. Durante anos, dedicou-se a partilhar os seus conselhos na coluna Querida Debbie, um espa\u00e7o onde as esposas de Nova Inglaterra procuravam apoio, empatia e orienta\u00e7\u00e3o. Ao longo do tempo, respondeu a hist\u00f3rias de incont\u00e1veis mulheres ignoradas, humilhadas, ou at\u00e9 maltratadas pelos maridos e pela fam\u00edlia, e sempre fez tudo para as ajudar a encontrar o melhor caminho. At\u00e9 agora.<\/p>\n<p>Ultimamente, a vida de Debbie parece estar a desmoronar-se. Foi despedida. As filhas adolescentes est\u00e3o a comportar-se de forma inquietante. E, gra\u00e7as \u00e0 aplica\u00e7\u00e3o de partilha de localiza\u00e7\u00e3o que instalou no telem\u00f3vel do marido, percebeu que ele esconde um segredo. Mas, por vezes, tudo se torna demasiado&#8230; e Debbie est\u00e1 cansada de ser sempre a compreensiva, a sensata, a respons\u00e1vel, a razo\u00e1vel, e decide que chegou, finalmente, a altura de seguir os seus pr\u00f3prios conselhos&#8230; e ajustar contas com todos aqueles que merecem receber a paga por tudo o que fizeram. Com juros.<\/p>\n","protected":false},"author":2,"featured_media":11518,"template":"","meta":[],"product_cat":[190,477],"product_tag":[],"cat_produtos":[1871],"yoast_head":"<!-- This site is optimized with the Yoast SEO plugin v16.6 - https:\/\/yoast.com\/wordpress\/plugins\/seo\/ -->\n<title>Querida Debbie - Livraria Solmar - Livraria online<\/title>\n<meta name=\"robots\" content=\"index, follow, max-snippet:-1, max-image-preview:large, max-video-preview:-1\" \/>\n<link rel=\"canonical\" href=\"https:\/\/livrariasolmar.pt\/en\/produto\/querida-debbie\/\" \/>\n<meta property=\"og:locale\" content=\"en_US\" \/>\n<meta property=\"og:type\" content=\"article\" \/>\n<meta property=\"og:title\" content=\"Querida Debbie - Livraria Solmar - Livraria online\" \/>\n<meta property=\"og:description\" content=\"Debbie Mullen est\u00e1 \u00e0 beira de um colapso. Durante anos, dedicou-se a partilhar os seus conselhos na coluna Querida Debbie, um espa\u00e7o onde as esposas de Nova Inglaterra procuravam apoio, empatia e orienta\u00e7\u00e3o. Ao longo do tempo, respondeu a hist\u00f3rias de incont\u00e1veis mulheres ignoradas, humilhadas, ou at\u00e9 maltratadas pelos maridos e pela fam\u00edlia, e sempre fez tudo para as ajudar a encontrar o melhor caminho. At\u00e9 agora.  Ultimamente, a vida de Debbie parece estar a desmoronar-se. Foi despedida. As filhas adolescentes est\u00e3o a comportar-se de forma inquietante. E, gra\u00e7as \u00e0 aplica\u00e7\u00e3o de partilha de localiza\u00e7\u00e3o que instalou no telem\u00f3vel do marido, percebeu que ele esconde um segredo. Mas, por vezes, tudo se torna demasiado... e Debbie est\u00e1 cansada de ser sempre a compreensiva, a sensata, a respons\u00e1vel, a razo\u00e1vel, e decide que chegou, finalmente, a altura de seguir os seus pr\u00f3prios conselhos... e ajustar contas com todos aqueles que merecem receber a paga por tudo o que fizeram. Com juros.\" \/>\n<meta property=\"og:url\" content=\"https:\/\/livrariasolmar.pt\/produto\/querida-debbie\/\" \/>\n<meta property=\"og:site_name\" content=\"Livraria Solmar - Livraria online\" \/>\n<meta property=\"article:modified_time\" content=\"2026-03-25T18:03:44+00:00\" \/>\n<meta property=\"og:image\" content=\"https:\/\/livrariasolmar.pt\/wp-content\/uploads\/2026\/02\/1507-1-1.jpg\" \/>\n\t<meta property=\"og:image:width\" content=\"400\" \/>\n\t<meta property=\"og:image:height\" content=\"606\" \/>\n<meta name=\"twitter:card\" content=\"summary_large_image\" \/>\n<script type=\"application\/ld+json\" class=\"yoast-schema-graph\">{\"@context\":\"https:\/\/schema.org\",\"@graph\":[{\"@type\":\"WebSite\",\"@id\":\"https:\/\/livrariasolmar.pt\/#website\",\"url\":\"https:\/\/livrariasolmar.pt\/\",\"name\":\"Livraria Solmar - Livraria online\",\"description\":\"Com\\u00e9rcio Livros E Objetos De Arte, Lda - Ponta Delgada, A\\u00e7ores\",\"potentialAction\":[{\"@type\":\"SearchAction\",\"target\":{\"@type\":\"EntryPoint\",\"urlTemplate\":\"https:\/\/livrariasolmar.pt\/?s={search_term_string}\"},\"query-input\":\"required name=search_term_string\"}],\"inLanguage\":\"en-US\"},{\"@type\":\"ImageObject\",\"@id\":\"https:\/\/livrariasolmar.pt\/produto\/querida-debbie\/#primaryimage\",\"inLanguage\":\"en-US\",\"url\":\"https:\/\/livrariasolmar.pt\/wp-content\/uploads\/2026\/02\/1507-1-1.jpg\",\"contentUrl\":\"https:\/\/livrariasolmar.pt\/wp-content\/uploads\/2026\/02\/1507-1-1.jpg\",\"width\":400,\"height\":606},{\"@type\":\"WebPage\",\"@id\":\"https:\/\/livrariasolmar.pt\/produto\/querida-debbie\/#webpage\",\"url\":\"https:\/\/livrariasolmar.pt\/produto\/querida-debbie\/\",\"name\":\"Querida Debbie - Livraria Solmar - Livraria online\",\"isPartOf\":{\"@id\":\"https:\/\/livrariasolmar.pt\/#website\"},\"primaryImageOfPage\":{\"@id\":\"https:\/\/livrariasolmar.pt\/produto\/querida-debbie\/#primaryimage\"},\"datePublished\":\"2026-02-19T14:44:15+00:00\",\"dateModified\":\"2026-03-25T18:03:44+00:00\",\"breadcrumb\":{\"@id\":\"https:\/\/livrariasolmar.pt\/produto\/querida-debbie\/#breadcrumb\"},\"inLanguage\":\"en-US\",\"potentialAction\":[{\"@type\":\"ReadAction\",\"target\":[\"https:\/\/livrariasolmar.pt\/produto\/querida-debbie\/\"]}]},{\"@type\":\"BreadcrumbList\",\"@id\":\"https:\/\/livrariasolmar.pt\/produto\/querida-debbie\/#breadcrumb\",\"itemListElement\":[{\"@type\":\"ListItem\",\"position\":1,\"name\":\"In\\u00edcio\",\"item\":\"https:\/\/livrariasolmar.pt\/en\/\"},{\"@type\":\"ListItem\",\"position\":2,\"name\":\"Shop\",\"item\":\"https:\/\/livrariasolmar.pt\/en\/shop\/\"},{\"@type\":\"ListItem\",\"position\":3,\"name\":\"Querida Debbie\"}]}]}<\/script>\n<!-- \/ Yoast SEO plugin. -->","_links":{"self":[{"href":"https:\/\/livrariasolmar.pt\/en\/wp-json\/wp\/v2\/product\/11517"}],"collection":[{"href":"https:\/\/livrariasolmar.pt\/en\/wp-json\/wp\/v2\/product"}],"about":[{"href":"https:\/\/livrariasolmar.pt\/en\/wp-json\/wp\/v2\/types\/product"}],"author":[{"embeddable":true,"href":"https:\/\/livrariasolmar.pt\/en\/wp-json\/wp\/v2\/users\/2"}],"wp:featuredmedia":[{"embeddable":true,"href":"https:\/\/livrariasolmar.pt\/en\/wp-json\/wp\/v2\/media\/11518"}],"wp:attachment":[{"href":"https:\/\/livrariasolmar.pt\/en\/wp-json\/wp\/v2\/media?parent=11517"}],"wp:term":[{"taxonomy":"product_cat","embeddable":true,"href":"https:\/\/livrariasolmar.pt\/en\/wp-json\/wp\/v2\/product_cat?post=11517"},{"taxonomy":"product_tag","embeddable":true,"href":"https:\/\/livrariasolmar.pt\/en\/wp-json\/wp\/v2\/product_tag?post=11517"},{"taxonomy":"cat_produtos","embeddable":true,"href":"https:\/\/livrariasolmar.pt\/en\/wp-json\/wp\/v2\/cat_produtos?post=11517"}],"curies":[{"name":"wp","href":"https:\/\/api.w.org\/{rel}","templated":true}]}}