{"id":11527,"date":"2026-02-20T15:10:04","date_gmt":"2026-02-20T15:10:04","guid":{"rendered":"https:\/\/livrariasolmar.pt\/?post_type=product&#038;p=11527"},"modified":"2026-03-22T17:10:35","modified_gmt":"2026-03-22T17:10:35","slug":"a-rapariga-sem-tempo","status":"publish","type":"product","link":"https:\/\/livrariasolmar.pt\/en\/produto\/a-rapariga-sem-tempo\/","title":{"rendered":"A Rapariga Sem Tempo"},"content":{"rendered":"","protected":false},"excerpt":{"rendered":"<p>Quando Brian, o ex-marido de Kay Sharp, \u00e9 acusado do homic\u00eddio da sua antiga melhor amiga, Rachel, a detetive sabe que est\u00e1 diante do caso mais pessoal e doloroso da sua vida. Dois dias antes, Kay recebera uma mensagem de voz de Rachel: \u00abEu\u2026 espero que me perdoes pelo que fiz. Por tudo. Sei que n\u00e3o tenho o direito, mas preciso de ti.\u00bb O sangue gelara-se-lhe nas veias; n\u00e3o chegou a responder \u00e0 mensagem, e agora Rachel est\u00e1 morta. Mesmo com a press\u00e3o da sua pr\u00f3pria equipa, que n\u00e3o a quer a trabalhar num caso t\u00e3o pessoal, Kay decide-se a investigar, prometendo trazer justi\u00e7a para Rachel. Especialmente quando descobre algo junto da m\u00e3e de Rachel que torna o caso ainda mais urgente: a neta, Holly, de apenas oito anos, est\u00e1 desaparecida.<\/p>\n","protected":false},"author":2,"featured_media":11528,"template":"","meta":[],"product_cat":[588],"product_tag":[],"cat_produtos":[1935],"yoast_head":"<!-- This site is optimized with the Yoast SEO plugin v16.6 - https:\/\/yoast.com\/wordpress\/plugins\/seo\/ -->\n<title>A Rapariga Sem Tempo - Livraria Solmar - Livraria online<\/title>\n<meta name=\"robots\" content=\"index, follow, max-snippet:-1, max-image-preview:large, max-video-preview:-1\" \/>\n<link rel=\"canonical\" href=\"https:\/\/livrariasolmar.pt\/en\/produto\/a-rapariga-sem-tempo\/\" \/>\n<meta property=\"og:locale\" content=\"en_US\" \/>\n<meta property=\"og:type\" content=\"article\" \/>\n<meta property=\"og:title\" content=\"A Rapariga Sem Tempo - Livraria Solmar - Livraria online\" \/>\n<meta property=\"og:description\" content=\"Quando Brian, o ex-marido de Kay Sharp, \u00e9 acusado do homic\u00eddio da sua antiga melhor amiga, Rachel, a detetive sabe que est\u00e1 diante do caso mais pessoal e doloroso da sua vida. Dois dias antes, Kay recebera uma mensagem de voz de Rachel: \u00abEu\u2026 espero que me perdoes pelo que fiz. Por tudo. Sei que n\u00e3o tenho o direito, mas preciso de ti.\u00bb O sangue gelara-se-lhe nas veias; n\u00e3o chegou a responder \u00e0 mensagem, e agora Rachel est\u00e1 morta. Mesmo com a press\u00e3o da sua pr\u00f3pria equipa, que n\u00e3o a quer a trabalhar num caso t\u00e3o pessoal, Kay decide-se a investigar, prometendo trazer justi\u00e7a para Rachel. Especialmente quando descobre algo junto da m\u00e3e de Rachel que torna o caso ainda mais urgente: a neta, Holly, de apenas oito anos, est\u00e1 desaparecida.\" \/>\n<meta property=\"og:url\" content=\"https:\/\/livrariasolmar.pt\/produto\/a-rapariga-sem-tempo\/\" \/>\n<meta property=\"og:site_name\" content=\"Livraria Solmar - Livraria online\" \/>\n<meta property=\"article:modified_time\" content=\"2026-03-22T17:10:35+00:00\" \/>\n<meta property=\"og:image\" content=\"https:\/\/livrariasolmar.pt\/wp-content\/uploads\/2026\/02\/1540-1-2-4.jpg\" \/>\n\t<meta property=\"og:image:width\" content=\"340\" \/>\n\t<meta property=\"og:image:height\" content=\"340\" \/>\n<meta name=\"twitter:card\" content=\"summary_large_image\" \/>\n<script type=\"application\/ld+json\" class=\"yoast-schema-graph\">{\"@context\":\"https:\/\/schema.org\",\"@graph\":[{\"@type\":\"WebSite\",\"@id\":\"https:\/\/livrariasolmar.pt\/#website\",\"url\":\"https:\/\/livrariasolmar.pt\/\",\"name\":\"Livraria Solmar - Livraria online\",\"description\":\"Com\\u00e9rcio Livros E Objetos De Arte, Lda - Ponta Delgada, A\\u00e7ores\",\"potentialAction\":[{\"@type\":\"SearchAction\",\"target\":{\"@type\":\"EntryPoint\",\"urlTemplate\":\"https:\/\/livrariasolmar.pt\/?s={search_term_string}\"},\"query-input\":\"required name=search_term_string\"}],\"inLanguage\":\"en-US\"},{\"@type\":\"ImageObject\",\"@id\":\"https:\/\/livrariasolmar.pt\/produto\/a-rapariga-sem-tempo\/#primaryimage\",\"inLanguage\":\"en-US\",\"url\":\"https:\/\/livrariasolmar.pt\/wp-content\/uploads\/2026\/02\/1540-1-2-4.jpg\",\"contentUrl\":\"https:\/\/livrariasolmar.pt\/wp-content\/uploads\/2026\/02\/1540-1-2-4.jpg\",\"width\":340,\"height\":340},{\"@type\":\"WebPage\",\"@id\":\"https:\/\/livrariasolmar.pt\/produto\/a-rapariga-sem-tempo\/#webpage\",\"url\":\"https:\/\/livrariasolmar.pt\/produto\/a-rapariga-sem-tempo\/\",\"name\":\"A Rapariga Sem Tempo - Livraria Solmar - Livraria online\",\"isPartOf\":{\"@id\":\"https:\/\/livrariasolmar.pt\/#website\"},\"primaryImageOfPage\":{\"@id\":\"https:\/\/livrariasolmar.pt\/produto\/a-rapariga-sem-tempo\/#primaryimage\"},\"datePublished\":\"2026-02-20T15:10:04+00:00\",\"dateModified\":\"2026-03-22T17:10:35+00:00\",\"breadcrumb\":{\"@id\":\"https:\/\/livrariasolmar.pt\/produto\/a-rapariga-sem-tempo\/#breadcrumb\"},\"inLanguage\":\"en-US\",\"potentialAction\":[{\"@type\":\"ReadAction\",\"target\":[\"https:\/\/livrariasolmar.pt\/produto\/a-rapariga-sem-tempo\/\"]}]},{\"@type\":\"BreadcrumbList\",\"@id\":\"https:\/\/livrariasolmar.pt\/produto\/a-rapariga-sem-tempo\/#breadcrumb\",\"itemListElement\":[{\"@type\":\"ListItem\",\"position\":1,\"name\":\"In\\u00edcio\",\"item\":\"https:\/\/livrariasolmar.pt\/en\/\"},{\"@type\":\"ListItem\",\"position\":2,\"name\":\"Shop\",\"item\":\"https:\/\/livrariasolmar.pt\/en\/shop\/\"},{\"@type\":\"ListItem\",\"position\":3,\"name\":\"A Rapariga Sem Tempo\"}]}]}<\/script>\n<!-- \/ Yoast SEO plugin. -->","_links":{"self":[{"href":"https:\/\/livrariasolmar.pt\/en\/wp-json\/wp\/v2\/product\/11527"}],"collection":[{"href":"https:\/\/livrariasolmar.pt\/en\/wp-json\/wp\/v2\/product"}],"about":[{"href":"https:\/\/livrariasolmar.pt\/en\/wp-json\/wp\/v2\/types\/product"}],"author":[{"embeddable":true,"href":"https:\/\/livrariasolmar.pt\/en\/wp-json\/wp\/v2\/users\/2"}],"wp:featuredmedia":[{"embeddable":true,"href":"https:\/\/livrariasolmar.pt\/en\/wp-json\/wp\/v2\/media\/11528"}],"wp:attachment":[{"href":"https:\/\/livrariasolmar.pt\/en\/wp-json\/wp\/v2\/media?parent=11527"}],"wp:term":[{"taxonomy":"product_cat","embeddable":true,"href":"https:\/\/livrariasolmar.pt\/en\/wp-json\/wp\/v2\/product_cat?post=11527"},{"taxonomy":"product_tag","embeddable":true,"href":"https:\/\/livrariasolmar.pt\/en\/wp-json\/wp\/v2\/product_tag?post=11527"},{"taxonomy":"cat_produtos","embeddable":true,"href":"https:\/\/livrariasolmar.pt\/en\/wp-json\/wp\/v2\/cat_produtos?post=11527"}],"curies":[{"name":"wp","href":"https:\/\/api.w.org\/{rel}","templated":true}]}}