{"id":11530,"date":"2026-02-20T15:14:24","date_gmt":"2026-02-20T15:14:24","guid":{"rendered":"https:\/\/livrariasolmar.pt\/?post_type=product&#038;p=11530"},"modified":"2026-02-28T15:29:00","modified_gmt":"2026-02-28T15:29:00","slug":"uma-breve-historia-do-fim-do-mundo","status":"publish","type":"product","link":"https:\/\/livrariasolmar.pt\/en\/produto\/uma-breve-historia-do-fim-do-mundo\/","title":{"rendered":"Uma Breve Hist\u00f3ria do Fim do Mundo"},"content":{"rendered":"","protected":false},"excerpt":{"rendered":"<p>Tem a impress\u00e3o de que estamos a um passo do fim do mundo? E que cada trag\u00e9dia que acontece traz consigo a promessa de outra desgra\u00e7a ainda maior? Eis um pequeno consolo: n\u00e3o \u00e9 o primeiro a senti-lo. Ao longo da hist\u00f3ria, a humanidade viveu convencida de que o fim do mundo estava sempre ao virar da esquina. Este livro fala sobre o fim do mundo e em como, ao longo da hist\u00f3ria, civiliza\u00e7\u00f5es que pareciam inabal\u00e1veis chegaram ao fim. Roma, os Maias, o povo da Ilha da P\u00e1scoa, e tantas outras sociedades, revelaram que at\u00e9 os imp\u00e9rios mais poderosos s\u00e3o fr\u00e1geis diante da passagem do tempo.<\/p>\n<p>O colapso raramente surge de forma repentina; resulta antes de um acumular de fatores: esgotamento de recursos, altera\u00e7\u00f5es clim\u00e1ticas, desigualdade social, corrup\u00e7\u00e3o pol\u00edtica, guerras internas e at\u00e9 avan\u00e7os tecnol\u00f3gicos que, prometendo progresso, acabam por trazer novos perigos. No centro destes desastres repete-se o mesmo erro humano: a arrog\u00e2ncia de acreditar que \u00abconnosco ser\u00e1 diferente\u00bb. O passado recorda-nos que o fim nunca \u00e9 inevit\u00e1vel. Se formos capazes de aprender com os erros de ontem, ainda poderemos construir um futuro comum e evitar que a nossa civiliza\u00e7\u00e3o seja apenas mais um cap\u00edtulo numa longa lista de colapsos.<\/p>\n<p>Uma reflex\u00e3o envolvente, erudita e inquietantemente atual sobre o fasc\u00ednio eterno que sentimos pelo fim do mundo, e sobre o que isso diz de n\u00f3s.<\/p>\n","protected":false},"author":2,"featured_media":11531,"template":"","meta":[],"product_cat":[366],"product_tag":[],"cat_produtos":[1936],"yoast_head":"<!-- This site is optimized with the Yoast SEO plugin v16.6 - https:\/\/yoast.com\/wordpress\/plugins\/seo\/ -->\n<title>Uma Breve Hist\u00f3ria do Fim do Mundo - Livraria Solmar - Livraria online<\/title>\n<meta name=\"robots\" content=\"index, follow, max-snippet:-1, max-image-preview:large, max-video-preview:-1\" \/>\n<link rel=\"canonical\" href=\"https:\/\/livrariasolmar.pt\/en\/produto\/uma-breve-historia-do-fim-do-mundo\/\" \/>\n<meta property=\"og:locale\" content=\"en_US\" \/>\n<meta property=\"og:type\" content=\"article\" \/>\n<meta property=\"og:title\" content=\"Uma Breve Hist\u00f3ria do Fim do Mundo - Livraria Solmar - Livraria online\" \/>\n<meta property=\"og:description\" content=\"Tem a impress\u00e3o de que estamos a um passo do fim do mundo? E que cada trag\u00e9dia que acontece traz consigo a promessa de outra desgra\u00e7a ainda maior? Eis um pequeno consolo: n\u00e3o \u00e9 o primeiro a senti-lo. Ao longo da hist\u00f3ria, a humanidade viveu convencida de que o fim do mundo estava sempre ao virar da esquina. Este livro fala sobre o fim do mundo e em como, ao longo da hist\u00f3ria, civiliza\u00e7\u00f5es que pareciam inabal\u00e1veis chegaram ao fim. Roma, os Maias, o povo da Ilha da P\u00e1scoa, e tantas outras sociedades, revelaram que at\u00e9 os imp\u00e9rios mais poderosos s\u00e3o fr\u00e1geis diante da passagem do tempo.  O colapso raramente surge de forma repentina; resulta antes de um acumular de fatores: esgotamento de recursos, altera\u00e7\u00f5es clim\u00e1ticas, desigualdade social, corrup\u00e7\u00e3o pol\u00edtica, guerras internas e at\u00e9 avan\u00e7os tecnol\u00f3gicos que, prometendo progresso, acabam por trazer novos perigos. No centro destes desastres repete-se o mesmo erro humano: a arrog\u00e2ncia de acreditar que \u00abconnosco ser\u00e1 diferente\u00bb. O passado recorda-nos que o fim nunca \u00e9 inevit\u00e1vel. Se formos capazes de aprender com os erros de ontem, ainda poderemos construir um futuro comum e evitar que a nossa civiliza\u00e7\u00e3o seja apenas mais um cap\u00edtulo numa longa lista de colapsos.  Uma reflex\u00e3o envolvente, erudita e inquietantemente atual sobre o fasc\u00ednio eterno que sentimos pelo fim do mundo, e sobre o que isso diz de n\u00f3s.\" \/>\n<meta property=\"og:url\" content=\"https:\/\/livrariasolmar.pt\/produto\/uma-breve-historia-do-fim-do-mundo\/\" \/>\n<meta property=\"og:site_name\" content=\"Livraria Solmar - Livraria online\" \/>\n<meta property=\"article:modified_time\" content=\"2026-02-28T15:29:00+00:00\" \/>\n<meta property=\"og:image\" content=\"https:\/\/livrariasolmar.pt\/wp-content\/uploads\/2026\/02\/1507-1-1-1.jpg\" \/>\n\t<meta property=\"og:image:width\" content=\"400\" \/>\n\t<meta property=\"og:image:height\" content=\"607\" \/>\n<meta name=\"twitter:card\" content=\"summary_large_image\" \/>\n<script type=\"application\/ld+json\" class=\"yoast-schema-graph\">{\"@context\":\"https:\/\/schema.org\",\"@graph\":[{\"@type\":\"WebSite\",\"@id\":\"https:\/\/livrariasolmar.pt\/#website\",\"url\":\"https:\/\/livrariasolmar.pt\/\",\"name\":\"Livraria Solmar - Livraria online\",\"description\":\"Com\\u00e9rcio Livros E Objetos De Arte, Lda - Ponta Delgada, A\\u00e7ores\",\"potentialAction\":[{\"@type\":\"SearchAction\",\"target\":{\"@type\":\"EntryPoint\",\"urlTemplate\":\"https:\/\/livrariasolmar.pt\/?s={search_term_string}\"},\"query-input\":\"required name=search_term_string\"}],\"inLanguage\":\"en-US\"},{\"@type\":\"ImageObject\",\"@id\":\"https:\/\/livrariasolmar.pt\/produto\/uma-breve-historia-do-fim-do-mundo\/#primaryimage\",\"inLanguage\":\"en-US\",\"url\":\"https:\/\/livrariasolmar.pt\/wp-content\/uploads\/2026\/02\/1507-1-1-1.jpg\",\"contentUrl\":\"https:\/\/livrariasolmar.pt\/wp-content\/uploads\/2026\/02\/1507-1-1-1.jpg\",\"width\":400,\"height\":607},{\"@type\":\"WebPage\",\"@id\":\"https:\/\/livrariasolmar.pt\/produto\/uma-breve-historia-do-fim-do-mundo\/#webpage\",\"url\":\"https:\/\/livrariasolmar.pt\/produto\/uma-breve-historia-do-fim-do-mundo\/\",\"name\":\"Uma Breve Hist\\u00f3ria do Fim do Mundo - Livraria Solmar - Livraria online\",\"isPartOf\":{\"@id\":\"https:\/\/livrariasolmar.pt\/#website\"},\"primaryImageOfPage\":{\"@id\":\"https:\/\/livrariasolmar.pt\/produto\/uma-breve-historia-do-fim-do-mundo\/#primaryimage\"},\"datePublished\":\"2026-02-20T15:14:24+00:00\",\"dateModified\":\"2026-02-28T15:29:00+00:00\",\"breadcrumb\":{\"@id\":\"https:\/\/livrariasolmar.pt\/produto\/uma-breve-historia-do-fim-do-mundo\/#breadcrumb\"},\"inLanguage\":\"en-US\",\"potentialAction\":[{\"@type\":\"ReadAction\",\"target\":[\"https:\/\/livrariasolmar.pt\/produto\/uma-breve-historia-do-fim-do-mundo\/\"]}]},{\"@type\":\"BreadcrumbList\",\"@id\":\"https:\/\/livrariasolmar.pt\/produto\/uma-breve-historia-do-fim-do-mundo\/#breadcrumb\",\"itemListElement\":[{\"@type\":\"ListItem\",\"position\":1,\"name\":\"In\\u00edcio\",\"item\":\"https:\/\/livrariasolmar.pt\/en\/\"},{\"@type\":\"ListItem\",\"position\":2,\"name\":\"Shop\",\"item\":\"https:\/\/livrariasolmar.pt\/en\/shop\/\"},{\"@type\":\"ListItem\",\"position\":3,\"name\":\"Uma Breve Hist\\u00f3ria do Fim do Mundo\"}]}]}<\/script>\n<!-- \/ Yoast SEO plugin. -->","_links":{"self":[{"href":"https:\/\/livrariasolmar.pt\/en\/wp-json\/wp\/v2\/product\/11530"}],"collection":[{"href":"https:\/\/livrariasolmar.pt\/en\/wp-json\/wp\/v2\/product"}],"about":[{"href":"https:\/\/livrariasolmar.pt\/en\/wp-json\/wp\/v2\/types\/product"}],"author":[{"embeddable":true,"href":"https:\/\/livrariasolmar.pt\/en\/wp-json\/wp\/v2\/users\/2"}],"wp:featuredmedia":[{"embeddable":true,"href":"https:\/\/livrariasolmar.pt\/en\/wp-json\/wp\/v2\/media\/11531"}],"wp:attachment":[{"href":"https:\/\/livrariasolmar.pt\/en\/wp-json\/wp\/v2\/media?parent=11530"}],"wp:term":[{"taxonomy":"product_cat","embeddable":true,"href":"https:\/\/livrariasolmar.pt\/en\/wp-json\/wp\/v2\/product_cat?post=11530"},{"taxonomy":"product_tag","embeddable":true,"href":"https:\/\/livrariasolmar.pt\/en\/wp-json\/wp\/v2\/product_tag?post=11530"},{"taxonomy":"cat_produtos","embeddable":true,"href":"https:\/\/livrariasolmar.pt\/en\/wp-json\/wp\/v2\/cat_produtos?post=11530"}],"curies":[{"name":"wp","href":"https:\/\/api.w.org\/{rel}","templated":true}]}}