{"id":11537,"date":"2026-02-23T17:18:52","date_gmt":"2026-02-23T17:18:52","guid":{"rendered":"https:\/\/livrariasolmar.pt\/?post_type=product&#038;p=11537"},"modified":"2026-04-20T16:48:08","modified_gmt":"2026-04-20T16:48:08","slug":"mulheres-que-se-exigem-demasiado","status":"publish","type":"product","link":"https:\/\/livrariasolmar.pt\/en\/produto\/mulheres-que-se-exigem-demasiado\/","title":{"rendered":"Mulheres que se Exigem Demasiado"},"content":{"rendered":"","protected":false},"excerpt":{"rendered":"<p>H\u00e1 mulheres que correm todos os dias contra o rel\u00f3gio, contra as expectativas, contra si pr\u00f3prias. Mulheres que tentam chegar a tudo, que se cobram em sil\u00eancio, que vivem entre o cansa\u00e7o e a culpa, entre o perfecionismo e o medo de falhar. Este livro \u00e9 para elas.<\/p>\n<p><i>Mulheres que Se Exigem Demasiado<\/i>\u00a0\u00e9 um convite para largarem, enfim, o peso que carregam nos seus ombros. Leva-as por um caminho de descoberta onde a autoexig\u00eancia deixa de ser um destino e passa a ser apenas uma sombra antiga que j\u00e1 n\u00e3o precisa de governar a sua vida.<\/p>\n<p>Este livro \u00e9 mais do que um guia: \u00e9 um regresso a casa. que nos pede para abrandar, para respirar fundo e nos lembra, com poesia, verdade e amor, que o nosso valor assenta mais naquilo que somos do que naquilo que fazemos. E que este pode ser o momento perfeito para come\u00e7ar, finalmente, a cuidarmos de n\u00f3s.<\/p>\n","protected":false},"author":2,"featured_media":11538,"template":"","meta":[],"product_cat":[173],"product_tag":[],"cat_produtos":[1938],"yoast_head":"<!-- This site is optimized with the Yoast SEO plugin v16.6 - https:\/\/yoast.com\/wordpress\/plugins\/seo\/ -->\n<title>Mulheres que se Exigem Demasiado - Livraria Solmar - Livraria online<\/title>\n<meta name=\"robots\" content=\"index, follow, max-snippet:-1, max-image-preview:large, max-video-preview:-1\" \/>\n<link rel=\"canonical\" href=\"https:\/\/livrariasolmar.pt\/en\/produto\/mulheres-que-se-exigem-demasiado\/\" \/>\n<meta property=\"og:locale\" content=\"en_US\" \/>\n<meta property=\"og:type\" content=\"article\" \/>\n<meta property=\"og:title\" content=\"Mulheres que se Exigem Demasiado - Livraria Solmar - Livraria online\" \/>\n<meta property=\"og:description\" content=\"H\u00e1 mulheres que correm todos os dias contra o rel\u00f3gio, contra as expectativas, contra si pr\u00f3prias. Mulheres que tentam chegar a tudo, que se cobram em sil\u00eancio, que vivem entre o cansa\u00e7o e a culpa, entre o perfecionismo e o medo de falhar. Este livro \u00e9 para elas.  Mulheres que Se Exigem Demasiado\u00a0\u00e9 um convite para largarem, enfim, o peso que carregam nos seus ombros. Leva-as por um caminho de descoberta onde a autoexig\u00eancia deixa de ser um destino e passa a ser apenas uma sombra antiga que j\u00e1 n\u00e3o precisa de governar a sua vida.  Este livro \u00e9 mais do que um guia: \u00e9 um regresso a casa. que nos pede para abrandar, para respirar fundo e nos lembra, com poesia, verdade e amor, que o nosso valor assenta mais naquilo que somos do que naquilo que fazemos. E que este pode ser o momento perfeito para come\u00e7ar, finalmente, a cuidarmos de n\u00f3s.\" \/>\n<meta property=\"og:url\" content=\"https:\/\/livrariasolmar.pt\/produto\/mulheres-que-se-exigem-demasiado\/\" \/>\n<meta property=\"og:site_name\" content=\"Livraria Solmar - Livraria online\" \/>\n<meta property=\"article:modified_time\" content=\"2026-04-20T16:48:08+00:00\" \/>\n<meta property=\"og:image\" content=\"https:\/\/livrariasolmar.pt\/wp-content\/uploads\/2026\/02\/1507-1-2.jpg\" \/>\n\t<meta property=\"og:image:width\" content=\"400\" \/>\n\t<meta property=\"og:image:height\" content=\"606\" \/>\n<meta name=\"twitter:card\" content=\"summary_large_image\" \/>\n<script type=\"application\/ld+json\" class=\"yoast-schema-graph\">{\"@context\":\"https:\/\/schema.org\",\"@graph\":[{\"@type\":\"WebSite\",\"@id\":\"https:\/\/livrariasolmar.pt\/#website\",\"url\":\"https:\/\/livrariasolmar.pt\/\",\"name\":\"Livraria Solmar - Livraria online\",\"description\":\"Com\\u00e9rcio Livros E Objetos De Arte, Lda - Ponta Delgada, A\\u00e7ores\",\"potentialAction\":[{\"@type\":\"SearchAction\",\"target\":{\"@type\":\"EntryPoint\",\"urlTemplate\":\"https:\/\/livrariasolmar.pt\/?s={search_term_string}\"},\"query-input\":\"required name=search_term_string\"}],\"inLanguage\":\"en-US\"},{\"@type\":\"ImageObject\",\"@id\":\"https:\/\/livrariasolmar.pt\/produto\/mulheres-que-se-exigem-demasiado\/#primaryimage\",\"inLanguage\":\"en-US\",\"url\":\"https:\/\/livrariasolmar.pt\/wp-content\/uploads\/2026\/02\/1507-1-2.jpg\",\"contentUrl\":\"https:\/\/livrariasolmar.pt\/wp-content\/uploads\/2026\/02\/1507-1-2.jpg\",\"width\":400,\"height\":606},{\"@type\":\"WebPage\",\"@id\":\"https:\/\/livrariasolmar.pt\/produto\/mulheres-que-se-exigem-demasiado\/#webpage\",\"url\":\"https:\/\/livrariasolmar.pt\/produto\/mulheres-que-se-exigem-demasiado\/\",\"name\":\"Mulheres que se Exigem Demasiado - Livraria Solmar - Livraria online\",\"isPartOf\":{\"@id\":\"https:\/\/livrariasolmar.pt\/#website\"},\"primaryImageOfPage\":{\"@id\":\"https:\/\/livrariasolmar.pt\/produto\/mulheres-que-se-exigem-demasiado\/#primaryimage\"},\"datePublished\":\"2026-02-23T17:18:52+00:00\",\"dateModified\":\"2026-04-20T16:48:08+00:00\",\"breadcrumb\":{\"@id\":\"https:\/\/livrariasolmar.pt\/produto\/mulheres-que-se-exigem-demasiado\/#breadcrumb\"},\"inLanguage\":\"en-US\",\"potentialAction\":[{\"@type\":\"ReadAction\",\"target\":[\"https:\/\/livrariasolmar.pt\/produto\/mulheres-que-se-exigem-demasiado\/\"]}]},{\"@type\":\"BreadcrumbList\",\"@id\":\"https:\/\/livrariasolmar.pt\/produto\/mulheres-que-se-exigem-demasiado\/#breadcrumb\",\"itemListElement\":[{\"@type\":\"ListItem\",\"position\":1,\"name\":\"In\\u00edcio\",\"item\":\"https:\/\/livrariasolmar.pt\/en\/\"},{\"@type\":\"ListItem\",\"position\":2,\"name\":\"Shop\",\"item\":\"https:\/\/livrariasolmar.pt\/en\/shop\/\"},{\"@type\":\"ListItem\",\"position\":3,\"name\":\"Mulheres que se Exigem Demasiado\"}]}]}<\/script>\n<!-- \/ Yoast SEO plugin. -->","_links":{"self":[{"href":"https:\/\/livrariasolmar.pt\/en\/wp-json\/wp\/v2\/product\/11537"}],"collection":[{"href":"https:\/\/livrariasolmar.pt\/en\/wp-json\/wp\/v2\/product"}],"about":[{"href":"https:\/\/livrariasolmar.pt\/en\/wp-json\/wp\/v2\/types\/product"}],"author":[{"embeddable":true,"href":"https:\/\/livrariasolmar.pt\/en\/wp-json\/wp\/v2\/users\/2"}],"wp:featuredmedia":[{"embeddable":true,"href":"https:\/\/livrariasolmar.pt\/en\/wp-json\/wp\/v2\/media\/11538"}],"wp:attachment":[{"href":"https:\/\/livrariasolmar.pt\/en\/wp-json\/wp\/v2\/media?parent=11537"}],"wp:term":[{"taxonomy":"product_cat","embeddable":true,"href":"https:\/\/livrariasolmar.pt\/en\/wp-json\/wp\/v2\/product_cat?post=11537"},{"taxonomy":"product_tag","embeddable":true,"href":"https:\/\/livrariasolmar.pt\/en\/wp-json\/wp\/v2\/product_tag?post=11537"},{"taxonomy":"cat_produtos","embeddable":true,"href":"https:\/\/livrariasolmar.pt\/en\/wp-json\/wp\/v2\/cat_produtos?post=11537"}],"curies":[{"name":"wp","href":"https:\/\/api.w.org\/{rel}","templated":true}]}}