{"id":11544,"date":"2026-02-26T15:50:12","date_gmt":"2026-02-26T15:50:12","guid":{"rendered":"https:\/\/livrariasolmar.pt\/?post_type=product&#038;p=11544"},"modified":"2026-04-16T16:01:05","modified_gmt":"2026-04-16T16:01:05","slug":"o-tango-de-satanas","status":"publish","type":"product","link":"https:\/\/livrariasolmar.pt\/en\/produto\/o-tango-de-satanas\/","title":{"rendered":"O Tango de Satan\u00e1s"},"content":{"rendered":"","protected":false},"excerpt":{"rendered":"<p>Romance inaugural sobre um mundo em decad\u00eancia, falsos profetas e utopias falhadas, j\u00e1 considerado uma obra-prima da literatura contempor\u00e2nea, foi igualmente adaptado ao cinema num filme de culto de B\u00e9la Tarr.<\/p>\n<p>Numa plan\u00edcie desolada, fustigada pela chuva incessante e pelo vento, ergue-se o que resta de uma antiga cooperativa agr\u00edcola, tornada agora cen\u00e1rio cinzento de decad\u00eancia, ru\u00edna e espera. Na taberna local, as moscas zumbem, as aranhas tecem, e os poucos habitantes que ainda ali subsistem, personagens ap\u00e1ticas, alco\u00f3licas, grotescas, bebem e dan\u00e7am ao som do acorde\u00e3o.<\/p>\n<p>Os tangos sucedem-se a um ritmo infernal, enquanto todos aguardam pela manh\u00e3 e pelo anunciado regresso do misterioso Irimi\u00e1s, \u00abo homem das situa\u00e7\u00f5es desesperadas e pastor de homens sem esperan\u00e7a\u00bb, dado h\u00e1 muito como morto e promovido a figura messi\u00e2nica. \u00c9 nas m\u00e3os deste charlat\u00e3o e na sua falsa boa nova que depositam os seus sonhos e destino.<\/p>\n<p>Romance inaugural e obra-prima de L\u00e1szl\u00f3 Krasznahorkai, Pr\u00e9mio Nobel de Literatura 2025,\u00a0<i>O Tango de Satan\u00e1s<\/i>\u00a0\u00e9 uma par\u00e1bola universal repleta de simbolismo religioso e pol\u00edtico que j\u00e1 alcan\u00e7ou o estatuto de cl\u00e1ssico contempor\u00e2neo, tendo sido adaptado ao cinema por B\u00e9la Tarr.<\/p>\n","protected":false},"author":2,"featured_media":11545,"template":"","meta":[],"product_cat":[153],"product_tag":[],"cat_produtos":[1940],"yoast_head":"<!-- This site is optimized with the Yoast SEO plugin v16.6 - https:\/\/yoast.com\/wordpress\/plugins\/seo\/ -->\n<title>O Tango de Satan\u00e1s - Livraria Solmar - Livraria online<\/title>\n<meta name=\"robots\" content=\"index, follow, max-snippet:-1, max-image-preview:large, max-video-preview:-1\" \/>\n<link rel=\"canonical\" href=\"https:\/\/livrariasolmar.pt\/en\/produto\/o-tango-de-satanas\/\" \/>\n<meta property=\"og:locale\" content=\"en_US\" \/>\n<meta property=\"og:type\" content=\"article\" \/>\n<meta property=\"og:title\" content=\"O Tango de Satan\u00e1s - Livraria Solmar - Livraria online\" \/>\n<meta property=\"og:description\" content=\"Romance inaugural sobre um mundo em decad\u00eancia, falsos profetas e utopias falhadas, j\u00e1 considerado uma obra-prima da literatura contempor\u00e2nea, foi igualmente adaptado ao cinema num filme de culto de B\u00e9la Tarr.  Numa plan\u00edcie desolada, fustigada pela chuva incessante e pelo vento, ergue-se o que resta de uma antiga cooperativa agr\u00edcola, tornada agora cen\u00e1rio cinzento de decad\u00eancia, ru\u00edna e espera. Na taberna local, as moscas zumbem, as aranhas tecem, e os poucos habitantes que ainda ali subsistem, personagens ap\u00e1ticas, alco\u00f3licas, grotescas, bebem e dan\u00e7am ao som do acorde\u00e3o.  Os tangos sucedem-se a um ritmo infernal, enquanto todos aguardam pela manh\u00e3 e pelo anunciado regresso do misterioso Irimi\u00e1s, \u00abo homem das situa\u00e7\u00f5es desesperadas e pastor de homens sem esperan\u00e7a\u00bb, dado h\u00e1 muito como morto e promovido a figura messi\u00e2nica. \u00c9 nas m\u00e3os deste charlat\u00e3o e na sua falsa boa nova que depositam os seus sonhos e destino.  Romance inaugural e obra-prima de L\u00e1szl\u00f3 Krasznahorkai, Pr\u00e9mio Nobel de Literatura 2025,\u00a0O Tango de Satan\u00e1s\u00a0\u00e9 uma par\u00e1bola universal repleta de simbolismo religioso e pol\u00edtico que j\u00e1 alcan\u00e7ou o estatuto de cl\u00e1ssico contempor\u00e2neo, tendo sido adaptado ao cinema por B\u00e9la Tarr.\" \/>\n<meta property=\"og:url\" content=\"https:\/\/livrariasolmar.pt\/produto\/o-tango-de-satanas\/\" \/>\n<meta property=\"og:site_name\" content=\"Livraria Solmar - Livraria online\" \/>\n<meta property=\"article:modified_time\" content=\"2026-04-16T16:01:05+00:00\" \/>\n<meta property=\"og:image\" content=\"https:\/\/livrariasolmar.pt\/wp-content\/uploads\/2026\/02\/1540-1-3-4.jpg\" \/>\n\t<meta property=\"og:image:width\" content=\"340\" \/>\n\t<meta property=\"og:image:height\" content=\"340\" \/>\n<meta name=\"twitter:card\" content=\"summary_large_image\" \/>\n<script type=\"application\/ld+json\" class=\"yoast-schema-graph\">{\"@context\":\"https:\/\/schema.org\",\"@graph\":[{\"@type\":\"WebSite\",\"@id\":\"https:\/\/livrariasolmar.pt\/#website\",\"url\":\"https:\/\/livrariasolmar.pt\/\",\"name\":\"Livraria Solmar - Livraria online\",\"description\":\"Com\\u00e9rcio Livros E Objetos De Arte, Lda - Ponta Delgada, A\\u00e7ores\",\"potentialAction\":[{\"@type\":\"SearchAction\",\"target\":{\"@type\":\"EntryPoint\",\"urlTemplate\":\"https:\/\/livrariasolmar.pt\/?s={search_term_string}\"},\"query-input\":\"required name=search_term_string\"}],\"inLanguage\":\"en-US\"},{\"@type\":\"ImageObject\",\"@id\":\"https:\/\/livrariasolmar.pt\/produto\/o-tango-de-satanas\/#primaryimage\",\"inLanguage\":\"en-US\",\"url\":\"https:\/\/livrariasolmar.pt\/wp-content\/uploads\/2026\/02\/1540-1-3-4.jpg\",\"contentUrl\":\"https:\/\/livrariasolmar.pt\/wp-content\/uploads\/2026\/02\/1540-1-3-4.jpg\",\"width\":340,\"height\":340},{\"@type\":\"WebPage\",\"@id\":\"https:\/\/livrariasolmar.pt\/produto\/o-tango-de-satanas\/#webpage\",\"url\":\"https:\/\/livrariasolmar.pt\/produto\/o-tango-de-satanas\/\",\"name\":\"O Tango de Satan\\u00e1s - Livraria Solmar - Livraria online\",\"isPartOf\":{\"@id\":\"https:\/\/livrariasolmar.pt\/#website\"},\"primaryImageOfPage\":{\"@id\":\"https:\/\/livrariasolmar.pt\/produto\/o-tango-de-satanas\/#primaryimage\"},\"datePublished\":\"2026-02-26T15:50:12+00:00\",\"dateModified\":\"2026-04-16T16:01:05+00:00\",\"breadcrumb\":{\"@id\":\"https:\/\/livrariasolmar.pt\/produto\/o-tango-de-satanas\/#breadcrumb\"},\"inLanguage\":\"en-US\",\"potentialAction\":[{\"@type\":\"ReadAction\",\"target\":[\"https:\/\/livrariasolmar.pt\/produto\/o-tango-de-satanas\/\"]}]},{\"@type\":\"BreadcrumbList\",\"@id\":\"https:\/\/livrariasolmar.pt\/produto\/o-tango-de-satanas\/#breadcrumb\",\"itemListElement\":[{\"@type\":\"ListItem\",\"position\":1,\"name\":\"In\\u00edcio\",\"item\":\"https:\/\/livrariasolmar.pt\/en\/\"},{\"@type\":\"ListItem\",\"position\":2,\"name\":\"Shop\",\"item\":\"https:\/\/livrariasolmar.pt\/en\/shop\/\"},{\"@type\":\"ListItem\",\"position\":3,\"name\":\"O Tango de Satan\\u00e1s\"}]}]}<\/script>\n<!-- \/ Yoast SEO plugin. -->","_links":{"self":[{"href":"https:\/\/livrariasolmar.pt\/en\/wp-json\/wp\/v2\/product\/11544"}],"collection":[{"href":"https:\/\/livrariasolmar.pt\/en\/wp-json\/wp\/v2\/product"}],"about":[{"href":"https:\/\/livrariasolmar.pt\/en\/wp-json\/wp\/v2\/types\/product"}],"author":[{"embeddable":true,"href":"https:\/\/livrariasolmar.pt\/en\/wp-json\/wp\/v2\/users\/2"}],"wp:featuredmedia":[{"embeddable":true,"href":"https:\/\/livrariasolmar.pt\/en\/wp-json\/wp\/v2\/media\/11545"}],"wp:attachment":[{"href":"https:\/\/livrariasolmar.pt\/en\/wp-json\/wp\/v2\/media?parent=11544"}],"wp:term":[{"taxonomy":"product_cat","embeddable":true,"href":"https:\/\/livrariasolmar.pt\/en\/wp-json\/wp\/v2\/product_cat?post=11544"},{"taxonomy":"product_tag","embeddable":true,"href":"https:\/\/livrariasolmar.pt\/en\/wp-json\/wp\/v2\/product_tag?post=11544"},{"taxonomy":"cat_produtos","embeddable":true,"href":"https:\/\/livrariasolmar.pt\/en\/wp-json\/wp\/v2\/cat_produtos?post=11544"}],"curies":[{"name":"wp","href":"https:\/\/api.w.org\/{rel}","templated":true}]}}