{"id":11548,"date":"2026-02-27T16:49:29","date_gmt":"2026-02-27T16:49:29","guid":{"rendered":"https:\/\/livrariasolmar.pt\/?post_type=product&#038;p=11548"},"modified":"2026-04-16T16:02:23","modified_gmt":"2026-04-16T16:02:23","slug":"o-que-podemos-saber","status":"publish","type":"product","link":"https:\/\/livrariasolmar.pt\/en\/produto\/o-que-podemos-saber\/","title":{"rendered":"O que Podemos Saber"},"content":{"rendered":"","protected":false},"excerpt":{"rendered":"<p>2014: Num jantar para amigos e colegas pr\u00f3ximos, o conceituado poeta Francis Blundy presta homenagem \u00e0 sua mulher, no anivers\u00e1rio dela, lendo em voz alta um novo poema que lhe dedica:\u00a0<i>Uma Coroa para Vivien<\/i>. Mal sabem os convidados que depois daquele jantar ser\u00e3o v\u00e1rias as gera\u00e7\u00f5es a especular sobre a mensagem daquele poema, cujo registo original nunca foi encontrado, permanecendo um mist\u00e9rio.<\/p>\n<p>2119: Pouco mais de cem anos depois, grande parte do mundo ocidental est\u00e1 submersa pela subida do n\u00edvel do mar ap\u00f3s um acidente nuclear catastr\u00f3fico. Aqueles que sobrevivem s\u00e3o assombrados pela riqueza de um mundo que se perdeu. No sul inundado do que costumava ser a Inglaterra, Thomas Metcalfe, um solit\u00e1rio investigador, idealiza o in\u00edcio do s\u00e9culo XXI enquanto persegue o fantasma de um poema. Thomas sente fasc\u00ednio por aquelas vidas selvagens e cheias de riscos, enquanto se debru\u00e7a sobre os arquivos dessa era distante, cativado pelas possibilidades da vida humana. Quando trope\u00e7a numa pista que pode levar \u00e0 descoberta do poema dedicado a Vivien, encontra tamb\u00e9m uma hist\u00f3ria de amores entrela\u00e7ados e de um crime brutal, que destr\u00f3i as suas suposi\u00e7\u00f5es sobre pessoas que julgava conhecer intimamente.<\/p>\n<p><i>O que Podemos Saber<\/i>\u00a0\u00e9 uma obra-prima, um tour de force filos\u00f3fico, uma hist\u00f3ria de amor sobre pessoas e as palavras que elas deixam para tr\u00e1s, um enredo detectivesco que resgata a nossa actual sensa\u00e7\u00e3o de cat\u00e1strofe iminente e imagina um mundo onde nem tudo est\u00e1 completamente perdido.<\/p>\n","protected":false},"author":2,"featured_media":11551,"template":"","meta":[],"product_cat":[153],"product_tag":[],"cat_produtos":[1941],"yoast_head":"<!-- This site is optimized with the Yoast SEO plugin v16.6 - https:\/\/yoast.com\/wordpress\/plugins\/seo\/ -->\n<title>O que Podemos Saber - Livraria Solmar - Livraria online<\/title>\n<meta name=\"robots\" content=\"index, follow, max-snippet:-1, max-image-preview:large, max-video-preview:-1\" \/>\n<link rel=\"canonical\" href=\"https:\/\/livrariasolmar.pt\/en\/produto\/o-que-podemos-saber\/\" \/>\n<meta property=\"og:locale\" content=\"en_US\" \/>\n<meta property=\"og:type\" content=\"article\" \/>\n<meta property=\"og:title\" content=\"O que Podemos Saber - Livraria Solmar - Livraria online\" \/>\n<meta property=\"og:description\" content=\"2014: Num jantar para amigos e colegas pr\u00f3ximos, o conceituado poeta Francis Blundy presta homenagem \u00e0 sua mulher, no anivers\u00e1rio dela, lendo em voz alta um novo poema que lhe dedica:\u00a0Uma Coroa para Vivien. Mal sabem os convidados que depois daquele jantar ser\u00e3o v\u00e1rias as gera\u00e7\u00f5es a especular sobre a mensagem daquele poema, cujo registo original nunca foi encontrado, permanecendo um mist\u00e9rio.  2119: Pouco mais de cem anos depois, grande parte do mundo ocidental est\u00e1 submersa pela subida do n\u00edvel do mar ap\u00f3s um acidente nuclear catastr\u00f3fico. Aqueles que sobrevivem s\u00e3o assombrados pela riqueza de um mundo que se perdeu. No sul inundado do que costumava ser a Inglaterra, Thomas Metcalfe, um solit\u00e1rio investigador, idealiza o in\u00edcio do s\u00e9culo XXI enquanto persegue o fantasma de um poema. Thomas sente fasc\u00ednio por aquelas vidas selvagens e cheias de riscos, enquanto se debru\u00e7a sobre os arquivos dessa era distante, cativado pelas possibilidades da vida humana. Quando trope\u00e7a numa pista que pode levar \u00e0 descoberta do poema dedicado a Vivien, encontra tamb\u00e9m uma hist\u00f3ria de amores entrela\u00e7ados e de um crime brutal, que destr\u00f3i as suas suposi\u00e7\u00f5es sobre pessoas que julgava conhecer intimamente.  O que Podemos Saber\u00a0\u00e9 uma obra-prima, um tour de force filos\u00f3fico, uma hist\u00f3ria de amor sobre pessoas e as palavras que elas deixam para tr\u00e1s, um enredo detectivesco que resgata a nossa actual sensa\u00e7\u00e3o de cat\u00e1strofe iminente e imagina um mundo onde nem tudo est\u00e1 completamente perdido.\" \/>\n<meta property=\"og:url\" content=\"https:\/\/livrariasolmar.pt\/produto\/o-que-podemos-saber\/\" \/>\n<meta property=\"og:site_name\" content=\"Livraria Solmar - Livraria online\" \/>\n<meta property=\"article:modified_time\" content=\"2026-04-16T16:02:23+00:00\" \/>\n<meta property=\"og:image\" content=\"https:\/\/livrariasolmar.pt\/wp-content\/uploads\/2026\/02\/0c1f5170-b805-410c-94c4-89f813f2ec4a.jpg\" \/>\n\t<meta property=\"og:image:width\" content=\"300\" \/>\n\t<meta property=\"og:image:height\" content=\"452\" \/>\n<meta name=\"twitter:card\" content=\"summary_large_image\" \/>\n<script type=\"application\/ld+json\" class=\"yoast-schema-graph\">{\"@context\":\"https:\/\/schema.org\",\"@graph\":[{\"@type\":\"WebSite\",\"@id\":\"https:\/\/livrariasolmar.pt\/#website\",\"url\":\"https:\/\/livrariasolmar.pt\/\",\"name\":\"Livraria Solmar - Livraria online\",\"description\":\"Com\\u00e9rcio Livros E Objetos De Arte, Lda - Ponta Delgada, A\\u00e7ores\",\"potentialAction\":[{\"@type\":\"SearchAction\",\"target\":{\"@type\":\"EntryPoint\",\"urlTemplate\":\"https:\/\/livrariasolmar.pt\/?s={search_term_string}\"},\"query-input\":\"required name=search_term_string\"}],\"inLanguage\":\"en-US\"},{\"@type\":\"ImageObject\",\"@id\":\"https:\/\/livrariasolmar.pt\/produto\/o-que-podemos-saber\/#primaryimage\",\"inLanguage\":\"en-US\",\"url\":\"https:\/\/livrariasolmar.pt\/wp-content\/uploads\/2026\/02\/0c1f5170-b805-410c-94c4-89f813f2ec4a.jpg\",\"contentUrl\":\"https:\/\/livrariasolmar.pt\/wp-content\/uploads\/2026\/02\/0c1f5170-b805-410c-94c4-89f813f2ec4a.jpg\",\"width\":300,\"height\":452},{\"@type\":\"WebPage\",\"@id\":\"https:\/\/livrariasolmar.pt\/produto\/o-que-podemos-saber\/#webpage\",\"url\":\"https:\/\/livrariasolmar.pt\/produto\/o-que-podemos-saber\/\",\"name\":\"O que Podemos Saber - Livraria Solmar - Livraria online\",\"isPartOf\":{\"@id\":\"https:\/\/livrariasolmar.pt\/#website\"},\"primaryImageOfPage\":{\"@id\":\"https:\/\/livrariasolmar.pt\/produto\/o-que-podemos-saber\/#primaryimage\"},\"datePublished\":\"2026-02-27T16:49:29+00:00\",\"dateModified\":\"2026-04-16T16:02:23+00:00\",\"breadcrumb\":{\"@id\":\"https:\/\/livrariasolmar.pt\/produto\/o-que-podemos-saber\/#breadcrumb\"},\"inLanguage\":\"en-US\",\"potentialAction\":[{\"@type\":\"ReadAction\",\"target\":[\"https:\/\/livrariasolmar.pt\/produto\/o-que-podemos-saber\/\"]}]},{\"@type\":\"BreadcrumbList\",\"@id\":\"https:\/\/livrariasolmar.pt\/produto\/o-que-podemos-saber\/#breadcrumb\",\"itemListElement\":[{\"@type\":\"ListItem\",\"position\":1,\"name\":\"In\\u00edcio\",\"item\":\"https:\/\/livrariasolmar.pt\/en\/\"},{\"@type\":\"ListItem\",\"position\":2,\"name\":\"Shop\",\"item\":\"https:\/\/livrariasolmar.pt\/en\/shop\/\"},{\"@type\":\"ListItem\",\"position\":3,\"name\":\"O que Podemos Saber\"}]}]}<\/script>\n<!-- \/ Yoast SEO plugin. -->","_links":{"self":[{"href":"https:\/\/livrariasolmar.pt\/en\/wp-json\/wp\/v2\/product\/11548"}],"collection":[{"href":"https:\/\/livrariasolmar.pt\/en\/wp-json\/wp\/v2\/product"}],"about":[{"href":"https:\/\/livrariasolmar.pt\/en\/wp-json\/wp\/v2\/types\/product"}],"author":[{"embeddable":true,"href":"https:\/\/livrariasolmar.pt\/en\/wp-json\/wp\/v2\/users\/2"}],"wp:featuredmedia":[{"embeddable":true,"href":"https:\/\/livrariasolmar.pt\/en\/wp-json\/wp\/v2\/media\/11551"}],"wp:attachment":[{"href":"https:\/\/livrariasolmar.pt\/en\/wp-json\/wp\/v2\/media?parent=11548"}],"wp:term":[{"taxonomy":"product_cat","embeddable":true,"href":"https:\/\/livrariasolmar.pt\/en\/wp-json\/wp\/v2\/product_cat?post=11548"},{"taxonomy":"product_tag","embeddable":true,"href":"https:\/\/livrariasolmar.pt\/en\/wp-json\/wp\/v2\/product_tag?post=11548"},{"taxonomy":"cat_produtos","embeddable":true,"href":"https:\/\/livrariasolmar.pt\/en\/wp-json\/wp\/v2\/cat_produtos?post=11548"}],"curies":[{"name":"wp","href":"https:\/\/api.w.org\/{rel}","templated":true}]}}