{"id":11563,"date":"2026-02-28T17:38:11","date_gmt":"2026-02-28T17:38:11","guid":{"rendered":"https:\/\/livrariasolmar.pt\/?post_type=product&#038;p=11563"},"modified":"2026-02-28T17:38:11","modified_gmt":"2026-02-28T17:38:11","slug":"a-grande-magia","status":"publish","type":"product","link":"https:\/\/livrariasolmar.pt\/en\/produto\/a-grande-magia\/","title":{"rendered":"A Grande Magia"},"content":{"rendered":"","protected":false},"excerpt":{"rendered":"<p>Alguma vez pensou em escrever um livro e desistiu mesmo antes de come\u00e7ar? Ou em mudar de profiss\u00e3o, embora nunca tenha feito nada para que isso acontecesse? Ou em fazer aquela viagem que mudaria tudo, apenas para afastar logo a ideia, arranjando mil desculpas? No fundo, quantas vezes j\u00e1 se quis libertar das conven\u00e7\u00f5es, das inseguran\u00e7as e do medo e seguir o chamamento de algo maior, mas n\u00e3o soube como faz\u00ea-lo?<\/p>\n<p>Neste livro, Elizabeth Gilbert reflete sobre o papel da criatividade na constru\u00e7\u00e3o de uma vida plena. A maioria de n\u00f3s tem um lado criativo que quase nunca tenta desenvolver por motivos pr\u00e1ticos ou pessoais. Com uma capacidade de empatia not\u00e1vel, a autora mostra-nos como construir uma vida mais criativa, motivada pela curiosidade. Esta perspetiva \u00fanica permite-nos alcan\u00e7ar o que mais desejamos e enfrentar o que mais tememos.<\/p>\n<p>A mudan\u00e7a faz-se de dentro para fora. Come\u00e7a nas atitudes que temos, na forma como abordamos os lados bom e mau da vida e nos h\u00e1bitos que precisamos de desenvolver para levar uma vida mais criativa, mais corajosa e mais realizada. \u00c9 no equil\u00edbrio entre a espiritualidade e o pragmatismo que Elizabeth Gilbert nos encoraja a descobrir a preciosidade que escondemos dentro de n\u00f3s e a traz\u00ea-la para o nosso dia a dia.<\/p>\n<p>Viver a vida com mais paix\u00e3o, menos ang\u00fastias e em toda a sua plenitude: \u00e9 este o desafio d\u2019<i>A Grande Magia<\/i>, uma porta aberta para o mundo da inspira\u00e7\u00e3o e da felicidade.<\/p>\n","protected":false},"author":2,"featured_media":11564,"template":"","meta":[],"product_cat":[173],"product_tag":[],"cat_produtos":[1944],"yoast_head":"<!-- This site is optimized with the Yoast SEO plugin v16.6 - https:\/\/yoast.com\/wordpress\/plugins\/seo\/ -->\n<title>A Grande Magia - Livraria Solmar - Livraria online<\/title>\n<meta name=\"robots\" content=\"index, follow, max-snippet:-1, max-image-preview:large, max-video-preview:-1\" \/>\n<link rel=\"canonical\" href=\"https:\/\/livrariasolmar.pt\/en\/produto\/a-grande-magia\/\" \/>\n<meta property=\"og:locale\" content=\"en_US\" \/>\n<meta property=\"og:type\" content=\"article\" \/>\n<meta property=\"og:title\" content=\"A Grande Magia - Livraria Solmar - Livraria online\" \/>\n<meta property=\"og:description\" content=\"Alguma vez pensou em escrever um livro e desistiu mesmo antes de come\u00e7ar? Ou em mudar de profiss\u00e3o, embora nunca tenha feito nada para que isso acontecesse? Ou em fazer aquela viagem que mudaria tudo, apenas para afastar logo a ideia, arranjando mil desculpas? No fundo, quantas vezes j\u00e1 se quis libertar das conven\u00e7\u00f5es, das inseguran\u00e7as e do medo e seguir o chamamento de algo maior, mas n\u00e3o soube como faz\u00ea-lo?  Neste livro, Elizabeth Gilbert reflete sobre o papel da criatividade na constru\u00e7\u00e3o de uma vida plena. A maioria de n\u00f3s tem um lado criativo que quase nunca tenta desenvolver por motivos pr\u00e1ticos ou pessoais. Com uma capacidade de empatia not\u00e1vel, a autora mostra-nos como construir uma vida mais criativa, motivada pela curiosidade. Esta perspetiva \u00fanica permite-nos alcan\u00e7ar o que mais desejamos e enfrentar o que mais tememos.  A mudan\u00e7a faz-se de dentro para fora. Come\u00e7a nas atitudes que temos, na forma como abordamos os lados bom e mau da vida e nos h\u00e1bitos que precisamos de desenvolver para levar uma vida mais criativa, mais corajosa e mais realizada. \u00c9 no equil\u00edbrio entre a espiritualidade e o pragmatismo que Elizabeth Gilbert nos encoraja a descobrir a preciosidade que escondemos dentro de n\u00f3s e a traz\u00ea-la para o nosso dia a dia.  Viver a vida com mais paix\u00e3o, menos ang\u00fastias e em toda a sua plenitude: \u00e9 este o desafio d\u2019A Grande Magia, uma porta aberta para o mundo da inspira\u00e7\u00e3o e da felicidade.\" \/>\n<meta property=\"og:url\" content=\"https:\/\/livrariasolmar.pt\/produto\/a-grande-magia\/\" \/>\n<meta property=\"og:site_name\" content=\"Livraria Solmar - Livraria online\" \/>\n<meta property=\"og:image\" content=\"https:\/\/livrariasolmar.pt\/wp-content\/uploads\/2026\/02\/1507-1-4.jpg\" \/>\n\t<meta property=\"og:image:width\" content=\"400\" \/>\n\t<meta property=\"og:image:height\" content=\"500\" \/>\n<meta name=\"twitter:card\" content=\"summary_large_image\" \/>\n<script type=\"application\/ld+json\" class=\"yoast-schema-graph\">{\"@context\":\"https:\/\/schema.org\",\"@graph\":[{\"@type\":\"WebSite\",\"@id\":\"https:\/\/livrariasolmar.pt\/#website\",\"url\":\"https:\/\/livrariasolmar.pt\/\",\"name\":\"Livraria Solmar - Livraria online\",\"description\":\"Com\\u00e9rcio Livros E Objetos De Arte, Lda - Ponta Delgada, A\\u00e7ores\",\"potentialAction\":[{\"@type\":\"SearchAction\",\"target\":{\"@type\":\"EntryPoint\",\"urlTemplate\":\"https:\/\/livrariasolmar.pt\/?s={search_term_string}\"},\"query-input\":\"required name=search_term_string\"}],\"inLanguage\":\"en-US\"},{\"@type\":\"ImageObject\",\"@id\":\"https:\/\/livrariasolmar.pt\/produto\/a-grande-magia\/#primaryimage\",\"inLanguage\":\"en-US\",\"url\":\"https:\/\/livrariasolmar.pt\/wp-content\/uploads\/2026\/02\/1507-1-4.jpg\",\"contentUrl\":\"https:\/\/livrariasolmar.pt\/wp-content\/uploads\/2026\/02\/1507-1-4.jpg\",\"width\":400,\"height\":500},{\"@type\":\"WebPage\",\"@id\":\"https:\/\/livrariasolmar.pt\/produto\/a-grande-magia\/#webpage\",\"url\":\"https:\/\/livrariasolmar.pt\/produto\/a-grande-magia\/\",\"name\":\"A Grande Magia - Livraria Solmar - Livraria online\",\"isPartOf\":{\"@id\":\"https:\/\/livrariasolmar.pt\/#website\"},\"primaryImageOfPage\":{\"@id\":\"https:\/\/livrariasolmar.pt\/produto\/a-grande-magia\/#primaryimage\"},\"datePublished\":\"2026-02-28T17:38:11+00:00\",\"dateModified\":\"2026-02-28T17:38:11+00:00\",\"breadcrumb\":{\"@id\":\"https:\/\/livrariasolmar.pt\/produto\/a-grande-magia\/#breadcrumb\"},\"inLanguage\":\"en-US\",\"potentialAction\":[{\"@type\":\"ReadAction\",\"target\":[\"https:\/\/livrariasolmar.pt\/produto\/a-grande-magia\/\"]}]},{\"@type\":\"BreadcrumbList\",\"@id\":\"https:\/\/livrariasolmar.pt\/produto\/a-grande-magia\/#breadcrumb\",\"itemListElement\":[{\"@type\":\"ListItem\",\"position\":1,\"name\":\"In\\u00edcio\",\"item\":\"https:\/\/livrariasolmar.pt\/en\/\"},{\"@type\":\"ListItem\",\"position\":2,\"name\":\"Shop\",\"item\":\"https:\/\/livrariasolmar.pt\/en\/shop\/\"},{\"@type\":\"ListItem\",\"position\":3,\"name\":\"A Grande Magia\"}]}]}<\/script>\n<!-- \/ Yoast SEO plugin. -->","_links":{"self":[{"href":"https:\/\/livrariasolmar.pt\/en\/wp-json\/wp\/v2\/product\/11563"}],"collection":[{"href":"https:\/\/livrariasolmar.pt\/en\/wp-json\/wp\/v2\/product"}],"about":[{"href":"https:\/\/livrariasolmar.pt\/en\/wp-json\/wp\/v2\/types\/product"}],"author":[{"embeddable":true,"href":"https:\/\/livrariasolmar.pt\/en\/wp-json\/wp\/v2\/users\/2"}],"wp:featuredmedia":[{"embeddable":true,"href":"https:\/\/livrariasolmar.pt\/en\/wp-json\/wp\/v2\/media\/11564"}],"wp:attachment":[{"href":"https:\/\/livrariasolmar.pt\/en\/wp-json\/wp\/v2\/media?parent=11563"}],"wp:term":[{"taxonomy":"product_cat","embeddable":true,"href":"https:\/\/livrariasolmar.pt\/en\/wp-json\/wp\/v2\/product_cat?post=11563"},{"taxonomy":"product_tag","embeddable":true,"href":"https:\/\/livrariasolmar.pt\/en\/wp-json\/wp\/v2\/product_tag?post=11563"},{"taxonomy":"cat_produtos","embeddable":true,"href":"https:\/\/livrariasolmar.pt\/en\/wp-json\/wp\/v2\/cat_produtos?post=11563"}],"curies":[{"name":"wp","href":"https:\/\/api.w.org\/{rel}","templated":true}]}}