{"id":11566,"date":"2026-02-28T17:46:28","date_gmt":"2026-02-28T17:46:28","guid":{"rendered":"https:\/\/livrariasolmar.pt\/?post_type=product&#038;p=11566"},"modified":"2026-02-28T17:46:28","modified_gmt":"2026-02-28T17:46:28","slug":"anatema","status":"publish","type":"product","link":"https:\/\/livrariasolmar.pt\/en\/produto\/anatema\/","title":{"rendered":"An\u00e1tema"},"content":{"rendered":"","protected":false},"excerpt":{"rendered":"<p>Encontrada abandonada na orla da floresta quando era apenas uma beb\u00e9, Maevyth Bronwick foi olhada de lado durante toda a vida. Desconhecendo as suas origens e os seus poderes, v\u00ea-se for\u00e7ada a transpor o arco de ossos e adentrar o nebuloso labirinto de \u00e1rvores, mergulhando assim em Aethyria, um mundo sombrio e fant\u00e1stico com tanto de perigoso como de tentador.<\/p>\n<p>\u00c9 a\u00ed que encontra o imortal Zevander Rydainn, o Escorpi\u00e3o, o assassino mais frio e calculista \u00e0s ordens do rei de Aethyria que em crian\u00e7a foi amaldi\u00e7oado por um feiticeiro cruel. Para se libertar da sua maldi\u00e7\u00e3o, ele precisa do sangue de Maevyth. Contudo, quando a v\u00ea, n\u00e3o \u00e9 capaz de a matar, acabando por deixar-se cair numa paix\u00e3o avassaladora pela mortal que amea\u00e7a destruir tudo aquilo que j\u00e1 construiu.<\/p>\n<p>At\u00e9 ele pr\u00f3prio.<\/p>\n","protected":false},"author":2,"featured_media":11569,"template":"","meta":[],"product_cat":[160],"product_tag":[],"cat_produtos":[1945],"yoast_head":"<!-- This site is optimized with the Yoast SEO plugin v16.6 - https:\/\/yoast.com\/wordpress\/plugins\/seo\/ -->\n<title>An\u00e1tema - Livraria Solmar - Livraria online<\/title>\n<meta name=\"robots\" content=\"index, follow, max-snippet:-1, max-image-preview:large, max-video-preview:-1\" \/>\n<link rel=\"canonical\" href=\"https:\/\/livrariasolmar.pt\/en\/produto\/anatema\/\" \/>\n<meta property=\"og:locale\" content=\"en_US\" \/>\n<meta property=\"og:type\" content=\"article\" \/>\n<meta property=\"og:title\" content=\"An\u00e1tema - Livraria Solmar - Livraria online\" \/>\n<meta property=\"og:description\" content=\"Encontrada abandonada na orla da floresta quando era apenas uma beb\u00e9, Maevyth Bronwick foi olhada de lado durante toda a vida. Desconhecendo as suas origens e os seus poderes, v\u00ea-se for\u00e7ada a transpor o arco de ossos e adentrar o nebuloso labirinto de \u00e1rvores, mergulhando assim em Aethyria, um mundo sombrio e fant\u00e1stico com tanto de perigoso como de tentador.  \u00c9 a\u00ed que encontra o imortal Zevander Rydainn, o Escorpi\u00e3o, o assassino mais frio e calculista \u00e0s ordens do rei de Aethyria que em crian\u00e7a foi amaldi\u00e7oado por um feiticeiro cruel. Para se libertar da sua maldi\u00e7\u00e3o, ele precisa do sangue de Maevyth. Contudo, quando a v\u00ea, n\u00e3o \u00e9 capaz de a matar, acabando por deixar-se cair numa paix\u00e3o avassaladora pela mortal que amea\u00e7a destruir tudo aquilo que j\u00e1 construiu.  At\u00e9 ele pr\u00f3prio.\" \/>\n<meta property=\"og:url\" content=\"https:\/\/livrariasolmar.pt\/produto\/anatema\/\" \/>\n<meta property=\"og:site_name\" content=\"Livraria Solmar - Livraria online\" \/>\n<meta property=\"og:image\" content=\"https:\/\/livrariasolmar.pt\/wp-content\/uploads\/2026\/02\/9789895896004_1770256966.jpg\" \/>\n\t<meta property=\"og:image:width\" content=\"529\" \/>\n\t<meta property=\"og:image:height\" content=\"800\" \/>\n<meta name=\"twitter:card\" content=\"summary_large_image\" \/>\n<script type=\"application\/ld+json\" class=\"yoast-schema-graph\">{\"@context\":\"https:\/\/schema.org\",\"@graph\":[{\"@type\":\"WebSite\",\"@id\":\"https:\/\/livrariasolmar.pt\/#website\",\"url\":\"https:\/\/livrariasolmar.pt\/\",\"name\":\"Livraria Solmar - Livraria online\",\"description\":\"Com\\u00e9rcio Livros E Objetos De Arte, Lda - Ponta Delgada, A\\u00e7ores\",\"potentialAction\":[{\"@type\":\"SearchAction\",\"target\":{\"@type\":\"EntryPoint\",\"urlTemplate\":\"https:\/\/livrariasolmar.pt\/?s={search_term_string}\"},\"query-input\":\"required name=search_term_string\"}],\"inLanguage\":\"en-US\"},{\"@type\":\"ImageObject\",\"@id\":\"https:\/\/livrariasolmar.pt\/produto\/anatema\/#primaryimage\",\"inLanguage\":\"en-US\",\"url\":\"https:\/\/livrariasolmar.pt\/wp-content\/uploads\/2026\/02\/9789895896004_1770256966.jpg\",\"contentUrl\":\"https:\/\/livrariasolmar.pt\/wp-content\/uploads\/2026\/02\/9789895896004_1770256966.jpg\",\"width\":529,\"height\":800},{\"@type\":\"WebPage\",\"@id\":\"https:\/\/livrariasolmar.pt\/produto\/anatema\/#webpage\",\"url\":\"https:\/\/livrariasolmar.pt\/produto\/anatema\/\",\"name\":\"An\\u00e1tema - Livraria Solmar - Livraria online\",\"isPartOf\":{\"@id\":\"https:\/\/livrariasolmar.pt\/#website\"},\"primaryImageOfPage\":{\"@id\":\"https:\/\/livrariasolmar.pt\/produto\/anatema\/#primaryimage\"},\"datePublished\":\"2026-02-28T17:46:28+00:00\",\"dateModified\":\"2026-02-28T17:46:28+00:00\",\"breadcrumb\":{\"@id\":\"https:\/\/livrariasolmar.pt\/produto\/anatema\/#breadcrumb\"},\"inLanguage\":\"en-US\",\"potentialAction\":[{\"@type\":\"ReadAction\",\"target\":[\"https:\/\/livrariasolmar.pt\/produto\/anatema\/\"]}]},{\"@type\":\"BreadcrumbList\",\"@id\":\"https:\/\/livrariasolmar.pt\/produto\/anatema\/#breadcrumb\",\"itemListElement\":[{\"@type\":\"ListItem\",\"position\":1,\"name\":\"In\\u00edcio\",\"item\":\"https:\/\/livrariasolmar.pt\/en\/\"},{\"@type\":\"ListItem\",\"position\":2,\"name\":\"Shop\",\"item\":\"https:\/\/livrariasolmar.pt\/en\/shop\/\"},{\"@type\":\"ListItem\",\"position\":3,\"name\":\"An\\u00e1tema\"}]}]}<\/script>\n<!-- \/ Yoast SEO plugin. -->","_links":{"self":[{"href":"https:\/\/livrariasolmar.pt\/en\/wp-json\/wp\/v2\/product\/11566"}],"collection":[{"href":"https:\/\/livrariasolmar.pt\/en\/wp-json\/wp\/v2\/product"}],"about":[{"href":"https:\/\/livrariasolmar.pt\/en\/wp-json\/wp\/v2\/types\/product"}],"author":[{"embeddable":true,"href":"https:\/\/livrariasolmar.pt\/en\/wp-json\/wp\/v2\/users\/2"}],"wp:featuredmedia":[{"embeddable":true,"href":"https:\/\/livrariasolmar.pt\/en\/wp-json\/wp\/v2\/media\/11569"}],"wp:attachment":[{"href":"https:\/\/livrariasolmar.pt\/en\/wp-json\/wp\/v2\/media?parent=11566"}],"wp:term":[{"taxonomy":"product_cat","embeddable":true,"href":"https:\/\/livrariasolmar.pt\/en\/wp-json\/wp\/v2\/product_cat?post=11566"},{"taxonomy":"product_tag","embeddable":true,"href":"https:\/\/livrariasolmar.pt\/en\/wp-json\/wp\/v2\/product_tag?post=11566"},{"taxonomy":"cat_produtos","embeddable":true,"href":"https:\/\/livrariasolmar.pt\/en\/wp-json\/wp\/v2\/cat_produtos?post=11566"}],"curies":[{"name":"wp","href":"https:\/\/api.w.org\/{rel}","templated":true}]}}