{"id":11571,"date":"2026-02-28T17:54:51","date_gmt":"2026-02-28T17:54:51","guid":{"rendered":"https:\/\/livrariasolmar.pt\/?post_type=product&#038;p=11571"},"modified":"2026-02-28T17:54:51","modified_gmt":"2026-02-28T17:54:51","slug":"em-asas-de-sangue-academia-bloodwing-livro-1","status":"publish","type":"product","link":"https:\/\/livrariasolmar.pt\/en\/produto\/em-asas-de-sangue-academia-bloodwing-livro-1\/","title":{"rendered":"Em Asas de Sangue &#8211; Academia Bloodwing \u2013 Livro 1"},"content":{"rendered":"","protected":false},"excerpt":{"rendered":"<p>Uma fada numa escola de vampiros?<br \/>\n\u00c9 a receita para o desastre.<\/p>\n<p>Sou a Medra Pendragon, a \u00faltima cavaleira de drag\u00f5es. O mais engra\u00e7ado \u00e9 que j\u00e1 n\u00e3o h\u00e1 drag\u00f5es. Mas isso n\u00e3o impediu estes vampiros de me capturarem e enviarem para a Academia Bloodwing.<\/p>\n<p>Entra em cena o Blake Drakharrow. Frio, arrogante e demasiado bonito. Gra\u00e7as a um qualquer ritual antigo, estamos prometidos. Ele acha que eu lhe perten\u00e7o, mas est\u00e1 enganado.<\/p>\n<p>Entre competi\u00e7\u00f5es mortais, mentiras e segredos, preciso de sobreviver. F\u00e1cil, certo? S\u00f3 que o verdadeiro perigo n\u00e3o \u00e9 a academia, mas os terr\u00edveis jogos de poder. E o Blake, claro.<\/p>\n<p>Eles acham que me podem controlar.<br \/>\nMas n\u00e3o fazem ideia do que despertaram.<\/p>\n","protected":false},"author":2,"featured_media":11572,"template":"","meta":[],"product_cat":[160],"product_tag":[],"cat_produtos":[1946],"yoast_head":"<!-- This site is optimized with the Yoast SEO plugin v16.6 - https:\/\/yoast.com\/wordpress\/plugins\/seo\/ -->\n<title>Em Asas de Sangue - Academia Bloodwing \u2013 Livro 1 - Livraria Solmar - Livraria online<\/title>\n<meta name=\"robots\" content=\"index, follow, max-snippet:-1, max-image-preview:large, max-video-preview:-1\" \/>\n<link rel=\"canonical\" href=\"https:\/\/livrariasolmar.pt\/en\/produto\/em-asas-de-sangue-academia-bloodwing-livro-1\/\" \/>\n<meta property=\"og:locale\" content=\"en_US\" \/>\n<meta property=\"og:type\" content=\"article\" \/>\n<meta property=\"og:title\" content=\"Em Asas de Sangue - Academia Bloodwing \u2013 Livro 1 - Livraria Solmar - Livraria online\" \/>\n<meta property=\"og:description\" content=\"Uma fada numa escola de vampiros? \u00c9 a receita para o desastre.  Sou a Medra Pendragon, a \u00faltima cavaleira de drag\u00f5es. O mais engra\u00e7ado \u00e9 que j\u00e1 n\u00e3o h\u00e1 drag\u00f5es. Mas isso n\u00e3o impediu estes vampiros de me capturarem e enviarem para a Academia Bloodwing.  Entra em cena o Blake Drakharrow. Frio, arrogante e demasiado bonito. Gra\u00e7as a um qualquer ritual antigo, estamos prometidos. Ele acha que eu lhe perten\u00e7o, mas est\u00e1 enganado.  Entre competi\u00e7\u00f5es mortais, mentiras e segredos, preciso de sobreviver. F\u00e1cil, certo? S\u00f3 que o verdadeiro perigo n\u00e3o \u00e9 a academia, mas os terr\u00edveis jogos de poder. E o Blake, claro.  Eles acham que me podem controlar. Mas n\u00e3o fazem ideia do que despertaram.\" \/>\n<meta property=\"og:url\" content=\"https:\/\/livrariasolmar.pt\/produto\/em-asas-de-sangue-academia-bloodwing-livro-1\/\" \/>\n<meta property=\"og:site_name\" content=\"Livraria Solmar - Livraria online\" \/>\n<meta property=\"og:image\" content=\"https:\/\/livrariasolmar.pt\/wp-content\/uploads\/2026\/02\/9789895894789_1770865856.jpg\" \/>\n\t<meta property=\"og:image:width\" content=\"529\" \/>\n\t<meta property=\"og:image:height\" content=\"800\" \/>\n<meta name=\"twitter:card\" content=\"summary_large_image\" \/>\n<script type=\"application\/ld+json\" class=\"yoast-schema-graph\">{\"@context\":\"https:\/\/schema.org\",\"@graph\":[{\"@type\":\"WebSite\",\"@id\":\"https:\/\/livrariasolmar.pt\/#website\",\"url\":\"https:\/\/livrariasolmar.pt\/\",\"name\":\"Livraria Solmar - Livraria online\",\"description\":\"Com\\u00e9rcio Livros E Objetos De Arte, Lda - Ponta Delgada, A\\u00e7ores\",\"potentialAction\":[{\"@type\":\"SearchAction\",\"target\":{\"@type\":\"EntryPoint\",\"urlTemplate\":\"https:\/\/livrariasolmar.pt\/?s={search_term_string}\"},\"query-input\":\"required name=search_term_string\"}],\"inLanguage\":\"en-US\"},{\"@type\":\"ImageObject\",\"@id\":\"https:\/\/livrariasolmar.pt\/produto\/em-asas-de-sangue-academia-bloodwing-livro-1\/#primaryimage\",\"inLanguage\":\"en-US\",\"url\":\"https:\/\/livrariasolmar.pt\/wp-content\/uploads\/2026\/02\/9789895894789_1770865856.jpg\",\"contentUrl\":\"https:\/\/livrariasolmar.pt\/wp-content\/uploads\/2026\/02\/9789895894789_1770865856.jpg\",\"width\":529,\"height\":800},{\"@type\":\"WebPage\",\"@id\":\"https:\/\/livrariasolmar.pt\/produto\/em-asas-de-sangue-academia-bloodwing-livro-1\/#webpage\",\"url\":\"https:\/\/livrariasolmar.pt\/produto\/em-asas-de-sangue-academia-bloodwing-livro-1\/\",\"name\":\"Em Asas de Sangue - Academia Bloodwing \\u2013 Livro 1 - Livraria Solmar - Livraria online\",\"isPartOf\":{\"@id\":\"https:\/\/livrariasolmar.pt\/#website\"},\"primaryImageOfPage\":{\"@id\":\"https:\/\/livrariasolmar.pt\/produto\/em-asas-de-sangue-academia-bloodwing-livro-1\/#primaryimage\"},\"datePublished\":\"2026-02-28T17:54:51+00:00\",\"dateModified\":\"2026-02-28T17:54:51+00:00\",\"breadcrumb\":{\"@id\":\"https:\/\/livrariasolmar.pt\/produto\/em-asas-de-sangue-academia-bloodwing-livro-1\/#breadcrumb\"},\"inLanguage\":\"en-US\",\"potentialAction\":[{\"@type\":\"ReadAction\",\"target\":[\"https:\/\/livrariasolmar.pt\/produto\/em-asas-de-sangue-academia-bloodwing-livro-1\/\"]}]},{\"@type\":\"BreadcrumbList\",\"@id\":\"https:\/\/livrariasolmar.pt\/produto\/em-asas-de-sangue-academia-bloodwing-livro-1\/#breadcrumb\",\"itemListElement\":[{\"@type\":\"ListItem\",\"position\":1,\"name\":\"In\\u00edcio\",\"item\":\"https:\/\/livrariasolmar.pt\/en\/\"},{\"@type\":\"ListItem\",\"position\":2,\"name\":\"Shop\",\"item\":\"https:\/\/livrariasolmar.pt\/en\/shop\/\"},{\"@type\":\"ListItem\",\"position\":3,\"name\":\"Em Asas de Sangue &#8211; Academia Bloodwing \\u2013 Livro 1\"}]}]}<\/script>\n<!-- \/ Yoast SEO plugin. -->","_links":{"self":[{"href":"https:\/\/livrariasolmar.pt\/en\/wp-json\/wp\/v2\/product\/11571"}],"collection":[{"href":"https:\/\/livrariasolmar.pt\/en\/wp-json\/wp\/v2\/product"}],"about":[{"href":"https:\/\/livrariasolmar.pt\/en\/wp-json\/wp\/v2\/types\/product"}],"author":[{"embeddable":true,"href":"https:\/\/livrariasolmar.pt\/en\/wp-json\/wp\/v2\/users\/2"}],"wp:featuredmedia":[{"embeddable":true,"href":"https:\/\/livrariasolmar.pt\/en\/wp-json\/wp\/v2\/media\/11572"}],"wp:attachment":[{"href":"https:\/\/livrariasolmar.pt\/en\/wp-json\/wp\/v2\/media?parent=11571"}],"wp:term":[{"taxonomy":"product_cat","embeddable":true,"href":"https:\/\/livrariasolmar.pt\/en\/wp-json\/wp\/v2\/product_cat?post=11571"},{"taxonomy":"product_tag","embeddable":true,"href":"https:\/\/livrariasolmar.pt\/en\/wp-json\/wp\/v2\/product_tag?post=11571"},{"taxonomy":"cat_produtos","embeddable":true,"href":"https:\/\/livrariasolmar.pt\/en\/wp-json\/wp\/v2\/cat_produtos?post=11571"}],"curies":[{"name":"wp","href":"https:\/\/api.w.org\/{rel}","templated":true}]}}