{"id":11577,"date":"2026-02-28T18:10:17","date_gmt":"2026-02-28T18:10:17","guid":{"rendered":"https:\/\/livrariasolmar.pt\/?post_type=product&#038;p=11577"},"modified":"2026-04-20T16:46:55","modified_gmt":"2026-04-20T16:46:55","slug":"promessas-ao-luar-irmas-lyndon-volume-i","status":"publish","type":"product","link":"https:\/\/livrariasolmar.pt\/en\/produto\/promessas-ao-luar-irmas-lyndon-volume-i\/","title":{"rendered":"Promessas ao Luar: Irm\u00e3s Lyndon &#8211; Volume I"},"content":{"rendered":"","protected":false},"excerpt":{"rendered":"<p>Entre Victoria e Robert foi amor \u00e0 primeira vista. Mas ela era a filha do vig\u00e1rio, e ele era o conde de Macclesfield. Foi o que bastou para os pais de ambos serem contra a uni\u00e3o. Por isso, quando o plano de fuga dos amantes fracassou, todos suspiraram de al\u00edvio.<\/p>\n<p>Agora, o acaso junta-os de novo, e Robert apercebe-se, perplexo, que a jovem que destruiu os seus sonhos ainda o deixa sem f\u00f4lego. Tamb\u00e9m para Victoria continua a ser imposs\u00edvel resistir aos encantos dele. Mas como pode ela dar uma segunda oportunidade ao homem que lhe prometeu casamento e a seguir lhe despeda\u00e7ou o cora\u00e7\u00e3o?<\/p>\n<p>Depois de tantas m\u00e1goas e mal-entendidos, ser\u00e1 que estes dois eternos apaixonados algum dia ser\u00e3o capazes de perdoar e permitir que o amor cure as suas feridas?<\/p>\n","protected":false},"author":2,"featured_media":11578,"template":"","meta":[],"product_cat":[477],"product_tag":[],"cat_produtos":[1948],"yoast_head":"<!-- This site is optimized with the Yoast SEO plugin v16.6 - https:\/\/yoast.com\/wordpress\/plugins\/seo\/ -->\n<title>Promessas ao Luar: Irm\u00e3s Lyndon - Volume I - Livraria Solmar - Livraria online<\/title>\n<meta name=\"robots\" content=\"index, follow, max-snippet:-1, max-image-preview:large, max-video-preview:-1\" \/>\n<link rel=\"canonical\" href=\"https:\/\/livrariasolmar.pt\/en\/produto\/promessas-ao-luar-irmas-lyndon-volume-i\/\" \/>\n<meta property=\"og:locale\" content=\"en_US\" \/>\n<meta property=\"og:type\" content=\"article\" \/>\n<meta property=\"og:title\" content=\"Promessas ao Luar: Irm\u00e3s Lyndon - Volume I - Livraria Solmar - Livraria online\" \/>\n<meta property=\"og:description\" content=\"Entre Victoria e Robert foi amor \u00e0 primeira vista. Mas ela era a filha do vig\u00e1rio, e ele era o conde de Macclesfield. Foi o que bastou para os pais de ambos serem contra a uni\u00e3o. Por isso, quando o plano de fuga dos amantes fracassou, todos suspiraram de al\u00edvio.  Agora, o acaso junta-os de novo, e Robert apercebe-se, perplexo, que a jovem que destruiu os seus sonhos ainda o deixa sem f\u00f4lego. Tamb\u00e9m para Victoria continua a ser imposs\u00edvel resistir aos encantos dele. Mas como pode ela dar uma segunda oportunidade ao homem que lhe prometeu casamento e a seguir lhe despeda\u00e7ou o cora\u00e7\u00e3o?  Depois de tantas m\u00e1goas e mal-entendidos, ser\u00e1 que estes dois eternos apaixonados algum dia ser\u00e3o capazes de perdoar e permitir que o amor cure as suas feridas?\" \/>\n<meta property=\"og:url\" content=\"https:\/\/livrariasolmar.pt\/produto\/promessas-ao-luar-irmas-lyndon-volume-i\/\" \/>\n<meta property=\"og:site_name\" content=\"Livraria Solmar - Livraria online\" \/>\n<meta property=\"article:modified_time\" content=\"2026-04-20T16:46:55+00:00\" \/>\n<meta property=\"og:image\" content=\"https:\/\/livrariasolmar.pt\/wp-content\/uploads\/2026\/02\/9789892367774_1769090605.jpg\" \/>\n\t<meta property=\"og:image:width\" content=\"466\" \/>\n\t<meta property=\"og:image:height\" content=\"704\" \/>\n<meta name=\"twitter:card\" content=\"summary_large_image\" \/>\n<script type=\"application\/ld+json\" class=\"yoast-schema-graph\">{\"@context\":\"https:\/\/schema.org\",\"@graph\":[{\"@type\":\"WebSite\",\"@id\":\"https:\/\/livrariasolmar.pt\/#website\",\"url\":\"https:\/\/livrariasolmar.pt\/\",\"name\":\"Livraria Solmar - Livraria online\",\"description\":\"Com\\u00e9rcio Livros E Objetos De Arte, Lda - Ponta Delgada, A\\u00e7ores\",\"potentialAction\":[{\"@type\":\"SearchAction\",\"target\":{\"@type\":\"EntryPoint\",\"urlTemplate\":\"https:\/\/livrariasolmar.pt\/?s={search_term_string}\"},\"query-input\":\"required name=search_term_string\"}],\"inLanguage\":\"en-US\"},{\"@type\":\"ImageObject\",\"@id\":\"https:\/\/livrariasolmar.pt\/produto\/promessas-ao-luar-irmas-lyndon-volume-i\/#primaryimage\",\"inLanguage\":\"en-US\",\"url\":\"https:\/\/livrariasolmar.pt\/wp-content\/uploads\/2026\/02\/9789892367774_1769090605.jpg\",\"contentUrl\":\"https:\/\/livrariasolmar.pt\/wp-content\/uploads\/2026\/02\/9789892367774_1769090605.jpg\",\"width\":466,\"height\":704},{\"@type\":\"WebPage\",\"@id\":\"https:\/\/livrariasolmar.pt\/produto\/promessas-ao-luar-irmas-lyndon-volume-i\/#webpage\",\"url\":\"https:\/\/livrariasolmar.pt\/produto\/promessas-ao-luar-irmas-lyndon-volume-i\/\",\"name\":\"Promessas ao Luar: Irm\\u00e3s Lyndon - Volume I - Livraria Solmar - Livraria online\",\"isPartOf\":{\"@id\":\"https:\/\/livrariasolmar.pt\/#website\"},\"primaryImageOfPage\":{\"@id\":\"https:\/\/livrariasolmar.pt\/produto\/promessas-ao-luar-irmas-lyndon-volume-i\/#primaryimage\"},\"datePublished\":\"2026-02-28T18:10:17+00:00\",\"dateModified\":\"2026-04-20T16:46:55+00:00\",\"breadcrumb\":{\"@id\":\"https:\/\/livrariasolmar.pt\/produto\/promessas-ao-luar-irmas-lyndon-volume-i\/#breadcrumb\"},\"inLanguage\":\"en-US\",\"potentialAction\":[{\"@type\":\"ReadAction\",\"target\":[\"https:\/\/livrariasolmar.pt\/produto\/promessas-ao-luar-irmas-lyndon-volume-i\/\"]}]},{\"@type\":\"BreadcrumbList\",\"@id\":\"https:\/\/livrariasolmar.pt\/produto\/promessas-ao-luar-irmas-lyndon-volume-i\/#breadcrumb\",\"itemListElement\":[{\"@type\":\"ListItem\",\"position\":1,\"name\":\"In\\u00edcio\",\"item\":\"https:\/\/livrariasolmar.pt\/en\/\"},{\"@type\":\"ListItem\",\"position\":2,\"name\":\"Shop\",\"item\":\"https:\/\/livrariasolmar.pt\/en\/shop\/\"},{\"@type\":\"ListItem\",\"position\":3,\"name\":\"Promessas ao Luar: Irm\\u00e3s Lyndon &#8211; Volume I\"}]}]}<\/script>\n<!-- \/ Yoast SEO plugin. -->","_links":{"self":[{"href":"https:\/\/livrariasolmar.pt\/en\/wp-json\/wp\/v2\/product\/11577"}],"collection":[{"href":"https:\/\/livrariasolmar.pt\/en\/wp-json\/wp\/v2\/product"}],"about":[{"href":"https:\/\/livrariasolmar.pt\/en\/wp-json\/wp\/v2\/types\/product"}],"author":[{"embeddable":true,"href":"https:\/\/livrariasolmar.pt\/en\/wp-json\/wp\/v2\/users\/2"}],"wp:featuredmedia":[{"embeddable":true,"href":"https:\/\/livrariasolmar.pt\/en\/wp-json\/wp\/v2\/media\/11578"}],"wp:attachment":[{"href":"https:\/\/livrariasolmar.pt\/en\/wp-json\/wp\/v2\/media?parent=11577"}],"wp:term":[{"taxonomy":"product_cat","embeddable":true,"href":"https:\/\/livrariasolmar.pt\/en\/wp-json\/wp\/v2\/product_cat?post=11577"},{"taxonomy":"product_tag","embeddable":true,"href":"https:\/\/livrariasolmar.pt\/en\/wp-json\/wp\/v2\/product_tag?post=11577"},{"taxonomy":"cat_produtos","embeddable":true,"href":"https:\/\/livrariasolmar.pt\/en\/wp-json\/wp\/v2\/cat_produtos?post=11577"}],"curies":[{"name":"wp","href":"https:\/\/api.w.org\/{rel}","templated":true}]}}