{"id":11580,"date":"2026-02-28T18:23:14","date_gmt":"2026-02-28T18:23:14","guid":{"rendered":"https:\/\/livrariasolmar.pt\/?post_type=product&#038;p=11580"},"modified":"2026-04-11T18:23:20","modified_gmt":"2026-04-11T18:23:20","slug":"a-nossa-casa-e-um-ninho","status":"publish","type":"product","link":"https:\/\/livrariasolmar.pt\/en\/produto\/a-nossa-casa-e-um-ninho\/","title":{"rendered":"A Nossa Casa \u00e9 um Ninho"},"content":{"rendered":"","protected":false},"excerpt":{"rendered":"<p>Do conforto das tocas, no inverno, at\u00e9 ao despontar da primavera e ao primeiro voo de um passarinho, a vida floresce na natureza que nos rodeia. Uma casa, uma toca ou um ninho s\u00e3o mais do que simples ref\u00fagios \u2014 s\u00e3o lugares de aconchego, prote\u00e7\u00e3o e amor.<\/p>\n<p>Celebra\u00e7\u00e3o da ternura e do cuidado que nascem com a chegada de uma nova vida, explorando os la\u00e7os que criamos com a nossa casa e a nossa fam\u00edlia. Autora premiada e distinguida pela cr\u00edtica de o que v\u00eas quando olhas para uma \u00e1rvore e o tempo corre como um rio.<\/p>\n<p>Com acabamentos de luxo, este \u00e9 um livro perfeito para oferecer quando nasce um beb\u00e9 e para ler \u00e0 noite a crian\u00e7as pequenas.<\/p>\n","protected":false},"author":2,"featured_media":11581,"template":"","meta":[],"product_cat":[172],"product_tag":[],"cat_produtos":[1949],"yoast_head":"<!-- This site is optimized with the Yoast SEO plugin v16.6 - https:\/\/yoast.com\/wordpress\/plugins\/seo\/ -->\n<title>A Nossa Casa \u00e9 um Ninho - Livraria Solmar - Livraria online<\/title>\n<meta name=\"robots\" content=\"index, follow, max-snippet:-1, max-image-preview:large, max-video-preview:-1\" \/>\n<link rel=\"canonical\" href=\"https:\/\/livrariasolmar.pt\/en\/produto\/a-nossa-casa-e-um-ninho\/\" \/>\n<meta property=\"og:locale\" content=\"en_US\" \/>\n<meta property=\"og:type\" content=\"article\" \/>\n<meta property=\"og:title\" content=\"A Nossa Casa \u00e9 um Ninho - Livraria Solmar - Livraria online\" \/>\n<meta property=\"og:description\" content=\"Do conforto das tocas, no inverno, at\u00e9 ao despontar da primavera e ao primeiro voo de um passarinho, a vida floresce na natureza que nos rodeia. Uma casa, uma toca ou um ninho s\u00e3o mais do que simples ref\u00fagios \u2014 s\u00e3o lugares de aconchego, prote\u00e7\u00e3o e amor.  Celebra\u00e7\u00e3o da ternura e do cuidado que nascem com a chegada de uma nova vida, explorando os la\u00e7os que criamos com a nossa casa e a nossa fam\u00edlia. Autora premiada e distinguida pela cr\u00edtica de o que v\u00eas quando olhas para uma \u00e1rvore e o tempo corre como um rio.  Com acabamentos de luxo, este \u00e9 um livro perfeito para oferecer quando nasce um beb\u00e9 e para ler \u00e0 noite a crian\u00e7as pequenas.\" \/>\n<meta property=\"og:url\" content=\"https:\/\/livrariasolmar.pt\/produto\/a-nossa-casa-e-um-ninho\/\" \/>\n<meta property=\"og:site_name\" content=\"Livraria Solmar - Livraria online\" \/>\n<meta property=\"article:modified_time\" content=\"2026-04-11T18:23:20+00:00\" \/>\n<meta property=\"og:image\" content=\"https:\/\/livrariasolmar.pt\/wp-content\/uploads\/2026\/02\/9789895893577_1770257124.jpg\" \/>\n\t<meta property=\"og:image:width\" content=\"796\" \/>\n\t<meta property=\"og:image:height\" content=\"800\" \/>\n<meta name=\"twitter:card\" content=\"summary_large_image\" \/>\n<script type=\"application\/ld+json\" class=\"yoast-schema-graph\">{\"@context\":\"https:\/\/schema.org\",\"@graph\":[{\"@type\":\"WebSite\",\"@id\":\"https:\/\/livrariasolmar.pt\/#website\",\"url\":\"https:\/\/livrariasolmar.pt\/\",\"name\":\"Livraria Solmar - Livraria online\",\"description\":\"Com\\u00e9rcio Livros E Objetos De Arte, Lda - Ponta Delgada, A\\u00e7ores\",\"potentialAction\":[{\"@type\":\"SearchAction\",\"target\":{\"@type\":\"EntryPoint\",\"urlTemplate\":\"https:\/\/livrariasolmar.pt\/?s={search_term_string}\"},\"query-input\":\"required name=search_term_string\"}],\"inLanguage\":\"en-US\"},{\"@type\":\"ImageObject\",\"@id\":\"https:\/\/livrariasolmar.pt\/produto\/a-nossa-casa-e-um-ninho\/#primaryimage\",\"inLanguage\":\"en-US\",\"url\":\"https:\/\/livrariasolmar.pt\/wp-content\/uploads\/2026\/02\/9789895893577_1770257124.jpg\",\"contentUrl\":\"https:\/\/livrariasolmar.pt\/wp-content\/uploads\/2026\/02\/9789895893577_1770257124.jpg\",\"width\":796,\"height\":800},{\"@type\":\"WebPage\",\"@id\":\"https:\/\/livrariasolmar.pt\/produto\/a-nossa-casa-e-um-ninho\/#webpage\",\"url\":\"https:\/\/livrariasolmar.pt\/produto\/a-nossa-casa-e-um-ninho\/\",\"name\":\"A Nossa Casa \\u00e9 um Ninho - Livraria Solmar - Livraria online\",\"isPartOf\":{\"@id\":\"https:\/\/livrariasolmar.pt\/#website\"},\"primaryImageOfPage\":{\"@id\":\"https:\/\/livrariasolmar.pt\/produto\/a-nossa-casa-e-um-ninho\/#primaryimage\"},\"datePublished\":\"2026-02-28T18:23:14+00:00\",\"dateModified\":\"2026-04-11T18:23:20+00:00\",\"breadcrumb\":{\"@id\":\"https:\/\/livrariasolmar.pt\/produto\/a-nossa-casa-e-um-ninho\/#breadcrumb\"},\"inLanguage\":\"en-US\",\"potentialAction\":[{\"@type\":\"ReadAction\",\"target\":[\"https:\/\/livrariasolmar.pt\/produto\/a-nossa-casa-e-um-ninho\/\"]}]},{\"@type\":\"BreadcrumbList\",\"@id\":\"https:\/\/livrariasolmar.pt\/produto\/a-nossa-casa-e-um-ninho\/#breadcrumb\",\"itemListElement\":[{\"@type\":\"ListItem\",\"position\":1,\"name\":\"In\\u00edcio\",\"item\":\"https:\/\/livrariasolmar.pt\/en\/\"},{\"@type\":\"ListItem\",\"position\":2,\"name\":\"Shop\",\"item\":\"https:\/\/livrariasolmar.pt\/en\/shop\/\"},{\"@type\":\"ListItem\",\"position\":3,\"name\":\"A Nossa Casa \\u00e9 um Ninho\"}]}]}<\/script>\n<!-- \/ Yoast SEO plugin. -->","_links":{"self":[{"href":"https:\/\/livrariasolmar.pt\/en\/wp-json\/wp\/v2\/product\/11580"}],"collection":[{"href":"https:\/\/livrariasolmar.pt\/en\/wp-json\/wp\/v2\/product"}],"about":[{"href":"https:\/\/livrariasolmar.pt\/en\/wp-json\/wp\/v2\/types\/product"}],"author":[{"embeddable":true,"href":"https:\/\/livrariasolmar.pt\/en\/wp-json\/wp\/v2\/users\/2"}],"wp:featuredmedia":[{"embeddable":true,"href":"https:\/\/livrariasolmar.pt\/en\/wp-json\/wp\/v2\/media\/11581"}],"wp:attachment":[{"href":"https:\/\/livrariasolmar.pt\/en\/wp-json\/wp\/v2\/media?parent=11580"}],"wp:term":[{"taxonomy":"product_cat","embeddable":true,"href":"https:\/\/livrariasolmar.pt\/en\/wp-json\/wp\/v2\/product_cat?post=11580"},{"taxonomy":"product_tag","embeddable":true,"href":"https:\/\/livrariasolmar.pt\/en\/wp-json\/wp\/v2\/product_tag?post=11580"},{"taxonomy":"cat_produtos","embeddable":true,"href":"https:\/\/livrariasolmar.pt\/en\/wp-json\/wp\/v2\/cat_produtos?post=11580"}],"curies":[{"name":"wp","href":"https:\/\/api.w.org\/{rel}","templated":true}]}}