{"id":11586,"date":"2026-03-01T13:21:39","date_gmt":"2026-03-01T13:21:39","guid":{"rendered":"https:\/\/livrariasolmar.pt\/?post_type=product&#038;p=11586"},"modified":"2026-03-01T13:21:39","modified_gmt":"2026-03-01T13:21:39","slug":"bluey-o-guia-do-senhor-grande-e-azul-para-ser-um-pai-genial","status":"publish","type":"product","link":"https:\/\/livrariasolmar.pt\/en\/produto\/bluey-o-guia-do-senhor-grande-e-azul-para-ser-um-pai-genial\/","title":{"rendered":"Bluey: O Guia do Senhor Grande e Azul para ser um Pai Genial"},"content":{"rendered":"","protected":false},"excerpt":{"rendered":"<p>Ser\u00e1 que o senhor grande e azul sabe mesmo como ser um pai genial? Ser\u00e1 que dan\u00e7ar como se ningu\u00e9m estivesse a ver e fazer exames m\u00e9dicos regularmente s\u00e3o requisitos para ser o pai mais genial de sempre?<\/p>\n<p>Vem descobrir tudo neste guia divertido, perfeito para o dia do pai e para todos os outros dias do ano, para ser sempre genial.<\/p>\n<p>Baseado nos epis\u00f3dios de televis\u00e3o!<\/p>\n","protected":false},"author":2,"featured_media":11587,"template":"","meta":[],"product_cat":[172],"product_tag":[],"cat_produtos":[1952],"yoast_head":"<!-- This site is optimized with the Yoast SEO plugin v16.6 - https:\/\/yoast.com\/wordpress\/plugins\/seo\/ -->\n<title>Bluey: O Guia do Senhor Grande e Azul para ser um Pai Genial - Livraria Solmar - Livraria online<\/title>\n<meta name=\"robots\" content=\"index, follow, max-snippet:-1, max-image-preview:large, max-video-preview:-1\" \/>\n<link rel=\"canonical\" href=\"https:\/\/livrariasolmar.pt\/en\/produto\/bluey-o-guia-do-senhor-grande-e-azul-para-ser-um-pai-genial\/\" \/>\n<meta property=\"og:locale\" content=\"en_US\" \/>\n<meta property=\"og:type\" content=\"article\" \/>\n<meta property=\"og:title\" content=\"Bluey: O Guia do Senhor Grande e Azul para ser um Pai Genial - Livraria Solmar - Livraria online\" \/>\n<meta property=\"og:description\" content=\"Ser\u00e1 que o senhor grande e azul sabe mesmo como ser um pai genial? Ser\u00e1 que dan\u00e7ar como se ningu\u00e9m estivesse a ver e fazer exames m\u00e9dicos regularmente s\u00e3o requisitos para ser o pai mais genial de sempre?  Vem descobrir tudo neste guia divertido, perfeito para o dia do pai e para todos os outros dias do ano, para ser sempre genial.  Baseado nos epis\u00f3dios de televis\u00e3o!\" \/>\n<meta property=\"og:url\" content=\"https:\/\/livrariasolmar.pt\/produto\/bluey-o-guia-do-senhor-grande-e-azul-para-ser-um-pai-genial\/\" \/>\n<meta property=\"og:site_name\" content=\"Livraria Solmar - Livraria online\" \/>\n<meta property=\"og:image\" content=\"https:\/\/livrariasolmar.pt\/wp-content\/uploads\/2026\/03\/1540-1-3.jpg\" \/>\n\t<meta property=\"og:image:width\" content=\"340\" \/>\n\t<meta property=\"og:image:height\" content=\"340\" \/>\n<meta name=\"twitter:card\" content=\"summary_large_image\" \/>\n<script type=\"application\/ld+json\" class=\"yoast-schema-graph\">{\"@context\":\"https:\/\/schema.org\",\"@graph\":[{\"@type\":\"WebSite\",\"@id\":\"https:\/\/livrariasolmar.pt\/#website\",\"url\":\"https:\/\/livrariasolmar.pt\/\",\"name\":\"Livraria Solmar - Livraria online\",\"description\":\"Com\\u00e9rcio Livros E Objetos De Arte, Lda - Ponta Delgada, A\\u00e7ores\",\"potentialAction\":[{\"@type\":\"SearchAction\",\"target\":{\"@type\":\"EntryPoint\",\"urlTemplate\":\"https:\/\/livrariasolmar.pt\/?s={search_term_string}\"},\"query-input\":\"required name=search_term_string\"}],\"inLanguage\":\"en-US\"},{\"@type\":\"ImageObject\",\"@id\":\"https:\/\/livrariasolmar.pt\/produto\/bluey-o-guia-do-senhor-grande-e-azul-para-ser-um-pai-genial\/#primaryimage\",\"inLanguage\":\"en-US\",\"url\":\"https:\/\/livrariasolmar.pt\/wp-content\/uploads\/2026\/03\/1540-1-3.jpg\",\"contentUrl\":\"https:\/\/livrariasolmar.pt\/wp-content\/uploads\/2026\/03\/1540-1-3.jpg\",\"width\":340,\"height\":340},{\"@type\":\"WebPage\",\"@id\":\"https:\/\/livrariasolmar.pt\/produto\/bluey-o-guia-do-senhor-grande-e-azul-para-ser-um-pai-genial\/#webpage\",\"url\":\"https:\/\/livrariasolmar.pt\/produto\/bluey-o-guia-do-senhor-grande-e-azul-para-ser-um-pai-genial\/\",\"name\":\"Bluey: O Guia do Senhor Grande e Azul para ser um Pai Genial - Livraria Solmar - Livraria online\",\"isPartOf\":{\"@id\":\"https:\/\/livrariasolmar.pt\/#website\"},\"primaryImageOfPage\":{\"@id\":\"https:\/\/livrariasolmar.pt\/produto\/bluey-o-guia-do-senhor-grande-e-azul-para-ser-um-pai-genial\/#primaryimage\"},\"datePublished\":\"2026-03-01T13:21:39+00:00\",\"dateModified\":\"2026-03-01T13:21:39+00:00\",\"breadcrumb\":{\"@id\":\"https:\/\/livrariasolmar.pt\/produto\/bluey-o-guia-do-senhor-grande-e-azul-para-ser-um-pai-genial\/#breadcrumb\"},\"inLanguage\":\"en-US\",\"potentialAction\":[{\"@type\":\"ReadAction\",\"target\":[\"https:\/\/livrariasolmar.pt\/produto\/bluey-o-guia-do-senhor-grande-e-azul-para-ser-um-pai-genial\/\"]}]},{\"@type\":\"BreadcrumbList\",\"@id\":\"https:\/\/livrariasolmar.pt\/produto\/bluey-o-guia-do-senhor-grande-e-azul-para-ser-um-pai-genial\/#breadcrumb\",\"itemListElement\":[{\"@type\":\"ListItem\",\"position\":1,\"name\":\"In\\u00edcio\",\"item\":\"https:\/\/livrariasolmar.pt\/en\/\"},{\"@type\":\"ListItem\",\"position\":2,\"name\":\"Shop\",\"item\":\"https:\/\/livrariasolmar.pt\/en\/shop\/\"},{\"@type\":\"ListItem\",\"position\":3,\"name\":\"Bluey: O Guia do Senhor Grande e Azul para ser um Pai Genial\"}]}]}<\/script>\n<!-- \/ Yoast SEO plugin. -->","_links":{"self":[{"href":"https:\/\/livrariasolmar.pt\/en\/wp-json\/wp\/v2\/product\/11586"}],"collection":[{"href":"https:\/\/livrariasolmar.pt\/en\/wp-json\/wp\/v2\/product"}],"about":[{"href":"https:\/\/livrariasolmar.pt\/en\/wp-json\/wp\/v2\/types\/product"}],"author":[{"embeddable":true,"href":"https:\/\/livrariasolmar.pt\/en\/wp-json\/wp\/v2\/users\/2"}],"wp:featuredmedia":[{"embeddable":true,"href":"https:\/\/livrariasolmar.pt\/en\/wp-json\/wp\/v2\/media\/11587"}],"wp:attachment":[{"href":"https:\/\/livrariasolmar.pt\/en\/wp-json\/wp\/v2\/media?parent=11586"}],"wp:term":[{"taxonomy":"product_cat","embeddable":true,"href":"https:\/\/livrariasolmar.pt\/en\/wp-json\/wp\/v2\/product_cat?post=11586"},{"taxonomy":"product_tag","embeddable":true,"href":"https:\/\/livrariasolmar.pt\/en\/wp-json\/wp\/v2\/product_tag?post=11586"},{"taxonomy":"cat_produtos","embeddable":true,"href":"https:\/\/livrariasolmar.pt\/en\/wp-json\/wp\/v2\/cat_produtos?post=11586"}],"curies":[{"name":"wp","href":"https:\/\/api.w.org\/{rel}","templated":true}]}}