{"id":11593,"date":"2026-03-03T16:36:43","date_gmt":"2026-03-03T16:36:43","guid":{"rendered":"https:\/\/livrariasolmar.pt\/?post_type=product&#038;p=11593"},"modified":"2026-03-03T16:36:43","modified_gmt":"2026-03-03T16:36:43","slug":"operacao-coldwire","status":"publish","type":"product","link":"https:\/\/livrariasolmar.pt\/en\/produto\/operacao-coldwire\/","title":{"rendered":"Opera\u00e7\u00e3o Coldwire"},"content":{"rendered":"","protected":false},"excerpt":{"rendered":"<p>Num mundo \u00e0 beira do colapso, a humanidade est\u00e1 dividida em dois planos da realidade: o pa\u00eds de cima, um mundo virtual cintilante e o pa\u00eds de baixo, destru\u00eddo e em ru\u00ednas.<\/p>\n<p>Quando Eirale, agente militar no pa\u00eds de baixo, \u00e9 incriminada por Nik, o anarquista mais procurado do mundo, s\u00f3 lhe resta uma escolha: cooperar ou ser condenada por trai\u00e7\u00e3o. ao mesmo tempo, Lia, rec\u00e9m-formada na Academia Militar do pa\u00eds de cima, aceita uma miss\u00e3o de alto risco ao lado do seu maior rival, Kieran. o que nenhuma delas sabe \u00e9 que est\u00e3o prestes a salvar o mundo\u2026 ou a conden\u00e1-lo.<\/p>\n<p>\u00c0 medida que se aproximam da verdade, Eirale e Lia entram numa rota de colis\u00e3o devastadora.<\/p>\n","protected":false},"author":2,"featured_media":11594,"template":"","meta":[],"product_cat":[477],"product_tag":[],"cat_produtos":[1954],"yoast_head":"<!-- This site is optimized with the Yoast SEO plugin v16.6 - https:\/\/yoast.com\/wordpress\/plugins\/seo\/ -->\n<title>Opera\u00e7\u00e3o Coldwire - Livraria Solmar - Livraria online<\/title>\n<meta name=\"robots\" content=\"index, follow, max-snippet:-1, max-image-preview:large, max-video-preview:-1\" \/>\n<link rel=\"canonical\" href=\"https:\/\/livrariasolmar.pt\/en\/produto\/operacao-coldwire\/\" \/>\n<meta property=\"og:locale\" content=\"en_US\" \/>\n<meta property=\"og:type\" content=\"article\" \/>\n<meta property=\"og:title\" content=\"Opera\u00e7\u00e3o Coldwire - Livraria Solmar - Livraria online\" \/>\n<meta property=\"og:description\" content=\"Num mundo \u00e0 beira do colapso, a humanidade est\u00e1 dividida em dois planos da realidade: o pa\u00eds de cima, um mundo virtual cintilante e o pa\u00eds de baixo, destru\u00eddo e em ru\u00ednas.  Quando Eirale, agente militar no pa\u00eds de baixo, \u00e9 incriminada por Nik, o anarquista mais procurado do mundo, s\u00f3 lhe resta uma escolha: cooperar ou ser condenada por trai\u00e7\u00e3o. ao mesmo tempo, Lia, rec\u00e9m-formada na Academia Militar do pa\u00eds de cima, aceita uma miss\u00e3o de alto risco ao lado do seu maior rival, Kieran. o que nenhuma delas sabe \u00e9 que est\u00e3o prestes a salvar o mundo\u2026 ou a conden\u00e1-lo.  \u00c0 medida que se aproximam da verdade, Eirale e Lia entram numa rota de colis\u00e3o devastadora.\" \/>\n<meta property=\"og:url\" content=\"https:\/\/livrariasolmar.pt\/produto\/operacao-coldwire\/\" \/>\n<meta property=\"og:site_name\" content=\"Livraria Solmar - Livraria online\" \/>\n<meta property=\"og:image\" content=\"https:\/\/livrariasolmar.pt\/wp-content\/uploads\/2026\/03\/1507-1-1.jpg\" \/>\n\t<meta property=\"og:image:width\" content=\"400\" \/>\n\t<meta property=\"og:image:height\" content=\"500\" \/>\n<meta name=\"twitter:card\" content=\"summary_large_image\" \/>\n<script type=\"application\/ld+json\" class=\"yoast-schema-graph\">{\"@context\":\"https:\/\/schema.org\",\"@graph\":[{\"@type\":\"WebSite\",\"@id\":\"https:\/\/livrariasolmar.pt\/#website\",\"url\":\"https:\/\/livrariasolmar.pt\/\",\"name\":\"Livraria Solmar - Livraria online\",\"description\":\"Com\\u00e9rcio Livros E Objetos De Arte, Lda - Ponta Delgada, A\\u00e7ores\",\"potentialAction\":[{\"@type\":\"SearchAction\",\"target\":{\"@type\":\"EntryPoint\",\"urlTemplate\":\"https:\/\/livrariasolmar.pt\/?s={search_term_string}\"},\"query-input\":\"required name=search_term_string\"}],\"inLanguage\":\"en-US\"},{\"@type\":\"ImageObject\",\"@id\":\"https:\/\/livrariasolmar.pt\/produto\/operacao-coldwire\/#primaryimage\",\"inLanguage\":\"en-US\",\"url\":\"https:\/\/livrariasolmar.pt\/wp-content\/uploads\/2026\/03\/1507-1-1.jpg\",\"contentUrl\":\"https:\/\/livrariasolmar.pt\/wp-content\/uploads\/2026\/03\/1507-1-1.jpg\",\"width\":400,\"height\":500},{\"@type\":\"WebPage\",\"@id\":\"https:\/\/livrariasolmar.pt\/produto\/operacao-coldwire\/#webpage\",\"url\":\"https:\/\/livrariasolmar.pt\/produto\/operacao-coldwire\/\",\"name\":\"Opera\\u00e7\\u00e3o Coldwire - Livraria Solmar - Livraria online\",\"isPartOf\":{\"@id\":\"https:\/\/livrariasolmar.pt\/#website\"},\"primaryImageOfPage\":{\"@id\":\"https:\/\/livrariasolmar.pt\/produto\/operacao-coldwire\/#primaryimage\"},\"datePublished\":\"2026-03-03T16:36:43+00:00\",\"dateModified\":\"2026-03-03T16:36:43+00:00\",\"breadcrumb\":{\"@id\":\"https:\/\/livrariasolmar.pt\/produto\/operacao-coldwire\/#breadcrumb\"},\"inLanguage\":\"en-US\",\"potentialAction\":[{\"@type\":\"ReadAction\",\"target\":[\"https:\/\/livrariasolmar.pt\/produto\/operacao-coldwire\/\"]}]},{\"@type\":\"BreadcrumbList\",\"@id\":\"https:\/\/livrariasolmar.pt\/produto\/operacao-coldwire\/#breadcrumb\",\"itemListElement\":[{\"@type\":\"ListItem\",\"position\":1,\"name\":\"In\\u00edcio\",\"item\":\"https:\/\/livrariasolmar.pt\/en\/\"},{\"@type\":\"ListItem\",\"position\":2,\"name\":\"Shop\",\"item\":\"https:\/\/livrariasolmar.pt\/en\/shop\/\"},{\"@type\":\"ListItem\",\"position\":3,\"name\":\"Opera\\u00e7\\u00e3o Coldwire\"}]}]}<\/script>\n<!-- \/ Yoast SEO plugin. -->","_links":{"self":[{"href":"https:\/\/livrariasolmar.pt\/en\/wp-json\/wp\/v2\/product\/11593"}],"collection":[{"href":"https:\/\/livrariasolmar.pt\/en\/wp-json\/wp\/v2\/product"}],"about":[{"href":"https:\/\/livrariasolmar.pt\/en\/wp-json\/wp\/v2\/types\/product"}],"author":[{"embeddable":true,"href":"https:\/\/livrariasolmar.pt\/en\/wp-json\/wp\/v2\/users\/2"}],"wp:featuredmedia":[{"embeddable":true,"href":"https:\/\/livrariasolmar.pt\/en\/wp-json\/wp\/v2\/media\/11594"}],"wp:attachment":[{"href":"https:\/\/livrariasolmar.pt\/en\/wp-json\/wp\/v2\/media?parent=11593"}],"wp:term":[{"taxonomy":"product_cat","embeddable":true,"href":"https:\/\/livrariasolmar.pt\/en\/wp-json\/wp\/v2\/product_cat?post=11593"},{"taxonomy":"product_tag","embeddable":true,"href":"https:\/\/livrariasolmar.pt\/en\/wp-json\/wp\/v2\/product_tag?post=11593"},{"taxonomy":"cat_produtos","embeddable":true,"href":"https:\/\/livrariasolmar.pt\/en\/wp-json\/wp\/v2\/cat_produtos?post=11593"}],"curies":[{"name":"wp","href":"https:\/\/api.w.org\/{rel}","templated":true}]}}