{"id":11597,"date":"2026-03-06T18:08:34","date_gmt":"2026-03-06T18:08:34","guid":{"rendered":"https:\/\/livrariasolmar.pt\/?post_type=product&#038;p=11597"},"modified":"2026-04-16T15:59:14","modified_gmt":"2026-04-16T15:59:14","slug":"tudo-na-natureza-apenas-continua","status":"publish","type":"product","link":"https:\/\/livrariasolmar.pt\/en\/produto\/tudo-na-natureza-apenas-continua\/","title":{"rendered":"Tudo na Natureza Apenas Continua"},"content":{"rendered":"","protected":false},"excerpt":{"rendered":"<p>\u00abEscrever, ensinar, jardinar, ir ao supermercado, cozinhar, tratar da roupa \u2014 s\u00e3o atividades que, situando-se no tempo, n\u00e3o rivalizam com os meus filhos, porque eles se tornaram intemporais.\u00bb<\/p>\n<p>Vincent morreu com 16 anos. James morreu com 19 anos. Num intervalo de sete anos, os dois filhos de Yiyun Li escolheram o suic\u00eddio, a meio caminho entre a escola e a casa de fam\u00edlia. Tudo na natureza apenas continua \u00e9 um testemunho delicado, revolucion\u00e1rio, que tem origem no\u00a0<i>abismo<\/i>, o novo habitat de uma escritora que escolhe professar a\u00a0<i>aceita\u00e7\u00e3o radical<\/i>\u00a0destas mortes tr\u00e1gicas.<\/p>\n<p>Indefet\u00edvel na eterna condi\u00e7\u00e3o de m\u00e3e, eternamente ligada aos seus filhos, Yiyun Li faz germinar neste livro uma gram\u00e1tica s\u00f3 sua: austera, \u00edntima, capaz de descrever uma das mais extremas experi\u00eancias humanas, no ponto exato em que a linguagem costuma falhar.<\/p>\n<p>Num exerc\u00edcio liter\u00e1rio inigual\u00e1vel, Yiyun Li fixa para sempre o lugar dos seus filhos no mundo, porque \u00abn\u00e3o h\u00e1 agora e outrora, agora e mais tarde; s\u00f3 agora e agora e agora e agora\u00bb, mas somente agora e agora e agora e agora\u00bb, como um tempo que nunca termina, apesar da trag\u00e9dia.<\/p>\n","protected":false},"author":2,"featured_media":11598,"template":"","meta":[],"product_cat":[153,190,192],"product_tag":[],"cat_produtos":[1955],"yoast_head":"<!-- This site is optimized with the Yoast SEO plugin v16.6 - https:\/\/yoast.com\/wordpress\/plugins\/seo\/ -->\n<title>Tudo na Natureza Apenas Continua - Livraria Solmar - Livraria online<\/title>\n<meta name=\"robots\" content=\"index, follow, max-snippet:-1, max-image-preview:large, max-video-preview:-1\" \/>\n<link rel=\"canonical\" href=\"https:\/\/livrariasolmar.pt\/en\/produto\/tudo-na-natureza-apenas-continua\/\" \/>\n<meta property=\"og:locale\" content=\"en_US\" \/>\n<meta property=\"og:type\" content=\"article\" \/>\n<meta property=\"og:title\" content=\"Tudo na Natureza Apenas Continua - Livraria Solmar - Livraria online\" \/>\n<meta property=\"og:description\" content=\"\u00abEscrever, ensinar, jardinar, ir ao supermercado, cozinhar, tratar da roupa \u2014 s\u00e3o atividades que, situando-se no tempo, n\u00e3o rivalizam com os meus filhos, porque eles se tornaram intemporais.\u00bb  Vincent morreu com 16 anos. James morreu com 19 anos. Num intervalo de sete anos, os dois filhos de Yiyun Li escolheram o suic\u00eddio, a meio caminho entre a escola e a casa de fam\u00edlia. Tudo na natureza apenas continua \u00e9 um testemunho delicado, revolucion\u00e1rio, que tem origem no\u00a0abismo, o novo habitat de uma escritora que escolhe professar a\u00a0aceita\u00e7\u00e3o radical\u00a0destas mortes tr\u00e1gicas.  Indefet\u00edvel na eterna condi\u00e7\u00e3o de m\u00e3e, eternamente ligada aos seus filhos, Yiyun Li faz germinar neste livro uma gram\u00e1tica s\u00f3 sua: austera, \u00edntima, capaz de descrever uma das mais extremas experi\u00eancias humanas, no ponto exato em que a linguagem costuma falhar.  Num exerc\u00edcio liter\u00e1rio inigual\u00e1vel, Yiyun Li fixa para sempre o lugar dos seus filhos no mundo, porque \u00abn\u00e3o h\u00e1 agora e outrora, agora e mais tarde; s\u00f3 agora e agora e agora e agora\u00bb, mas somente agora e agora e agora e agora\u00bb, como um tempo que nunca termina, apesar da trag\u00e9dia.\" \/>\n<meta property=\"og:url\" content=\"https:\/\/livrariasolmar.pt\/produto\/tudo-na-natureza-apenas-continua\/\" \/>\n<meta property=\"og:site_name\" content=\"Livraria Solmar - Livraria online\" \/>\n<meta property=\"article:modified_time\" content=\"2026-04-16T15:59:14+00:00\" \/>\n<meta property=\"og:image\" content=\"https:\/\/livrariasolmar.pt\/wp-content\/uploads\/2026\/03\/1540-1-4.jpg\" \/>\n\t<meta property=\"og:image:width\" content=\"400\" \/>\n\t<meta property=\"og:image:height\" content=\"500\" \/>\n<meta name=\"twitter:card\" content=\"summary_large_image\" \/>\n<script type=\"application\/ld+json\" class=\"yoast-schema-graph\">{\"@context\":\"https:\/\/schema.org\",\"@graph\":[{\"@type\":\"WebSite\",\"@id\":\"https:\/\/livrariasolmar.pt\/#website\",\"url\":\"https:\/\/livrariasolmar.pt\/\",\"name\":\"Livraria Solmar - Livraria online\",\"description\":\"Com\\u00e9rcio Livros E Objetos De Arte, Lda - Ponta Delgada, A\\u00e7ores\",\"potentialAction\":[{\"@type\":\"SearchAction\",\"target\":{\"@type\":\"EntryPoint\",\"urlTemplate\":\"https:\/\/livrariasolmar.pt\/?s={search_term_string}\"},\"query-input\":\"required name=search_term_string\"}],\"inLanguage\":\"en-US\"},{\"@type\":\"ImageObject\",\"@id\":\"https:\/\/livrariasolmar.pt\/produto\/tudo-na-natureza-apenas-continua\/#primaryimage\",\"inLanguage\":\"en-US\",\"url\":\"https:\/\/livrariasolmar.pt\/wp-content\/uploads\/2026\/03\/1540-1-4.jpg\",\"contentUrl\":\"https:\/\/livrariasolmar.pt\/wp-content\/uploads\/2026\/03\/1540-1-4.jpg\",\"width\":400,\"height\":500},{\"@type\":\"WebPage\",\"@id\":\"https:\/\/livrariasolmar.pt\/produto\/tudo-na-natureza-apenas-continua\/#webpage\",\"url\":\"https:\/\/livrariasolmar.pt\/produto\/tudo-na-natureza-apenas-continua\/\",\"name\":\"Tudo na Natureza Apenas Continua - Livraria Solmar - Livraria online\",\"isPartOf\":{\"@id\":\"https:\/\/livrariasolmar.pt\/#website\"},\"primaryImageOfPage\":{\"@id\":\"https:\/\/livrariasolmar.pt\/produto\/tudo-na-natureza-apenas-continua\/#primaryimage\"},\"datePublished\":\"2026-03-06T18:08:34+00:00\",\"dateModified\":\"2026-04-16T15:59:14+00:00\",\"breadcrumb\":{\"@id\":\"https:\/\/livrariasolmar.pt\/produto\/tudo-na-natureza-apenas-continua\/#breadcrumb\"},\"inLanguage\":\"en-US\",\"potentialAction\":[{\"@type\":\"ReadAction\",\"target\":[\"https:\/\/livrariasolmar.pt\/produto\/tudo-na-natureza-apenas-continua\/\"]}]},{\"@type\":\"BreadcrumbList\",\"@id\":\"https:\/\/livrariasolmar.pt\/produto\/tudo-na-natureza-apenas-continua\/#breadcrumb\",\"itemListElement\":[{\"@type\":\"ListItem\",\"position\":1,\"name\":\"In\\u00edcio\",\"item\":\"https:\/\/livrariasolmar.pt\/en\/\"},{\"@type\":\"ListItem\",\"position\":2,\"name\":\"Shop\",\"item\":\"https:\/\/livrariasolmar.pt\/en\/shop\/\"},{\"@type\":\"ListItem\",\"position\":3,\"name\":\"Tudo na Natureza Apenas Continua\"}]}]}<\/script>\n<!-- \/ Yoast SEO plugin. -->","_links":{"self":[{"href":"https:\/\/livrariasolmar.pt\/en\/wp-json\/wp\/v2\/product\/11597"}],"collection":[{"href":"https:\/\/livrariasolmar.pt\/en\/wp-json\/wp\/v2\/product"}],"about":[{"href":"https:\/\/livrariasolmar.pt\/en\/wp-json\/wp\/v2\/types\/product"}],"author":[{"embeddable":true,"href":"https:\/\/livrariasolmar.pt\/en\/wp-json\/wp\/v2\/users\/2"}],"wp:featuredmedia":[{"embeddable":true,"href":"https:\/\/livrariasolmar.pt\/en\/wp-json\/wp\/v2\/media\/11598"}],"wp:attachment":[{"href":"https:\/\/livrariasolmar.pt\/en\/wp-json\/wp\/v2\/media?parent=11597"}],"wp:term":[{"taxonomy":"product_cat","embeddable":true,"href":"https:\/\/livrariasolmar.pt\/en\/wp-json\/wp\/v2\/product_cat?post=11597"},{"taxonomy":"product_tag","embeddable":true,"href":"https:\/\/livrariasolmar.pt\/en\/wp-json\/wp\/v2\/product_tag?post=11597"},{"taxonomy":"cat_produtos","embeddable":true,"href":"https:\/\/livrariasolmar.pt\/en\/wp-json\/wp\/v2\/cat_produtos?post=11597"}],"curies":[{"name":"wp","href":"https:\/\/api.w.org\/{rel}","templated":true}]}}