{"id":11604,"date":"2026-03-09T16:25:10","date_gmt":"2026-03-09T16:25:10","guid":{"rendered":"https:\/\/livrariasolmar.pt\/?post_type=product&#038;p=11604"},"modified":"2026-04-09T16:47:31","modified_gmt":"2026-04-09T16:47:31","slug":"as-dores-do-mundo","status":"publish","type":"product","link":"https:\/\/livrariasolmar.pt\/en\/produto\/as-dores-do-mundo\/","title":{"rendered":"As Dores do Mundo"},"content":{"rendered":"","protected":false},"excerpt":{"rendered":"<p>Schopenhauer convida-nos a olhar a dor n\u00e3o como falha, mas como destino.<\/p>\n<p>Entre reflex\u00f5es serenas e perguntas que ecoam, Schopenhauer abre espa\u00e7o para percebermos que a exist\u00eancia \u00e9 feita de ciclos, de expectativas que se desdobram e de uma busca silenciosa por significado.<\/p>\n<p>Neste livro, a dor ganha contornos de mestre, e a felicidade, de brisa que passa \u2014 ambas revelando, na sua dan\u00e7a, aquilo que a consci\u00eancia tenta tocar.\u00a0<i>As Dores do Mundo<\/i>\u00a0\u00e9 um convite a olhar a vida como um grande mist\u00e9rio pulsante, onde cada alegria e cada sombra fazem parte do mesmo des\u00edgnio. Aqui, a dor n\u00e3o surge como um fardo, mas como uma chave: um sinal de que existimos, sentimos e fazemos parte de algo maior do que n\u00f3s pr\u00f3prios.<\/p>\n<p>O leitor encontra, p\u00e1gina ap\u00f3s p\u00e1gina, um olhar atento sobre a alma humana. Mas, acima de tudo, encontra um caminho, uma medita\u00e7\u00e3o suave sobre o existir, onde a dor se ilumina, o pensamento respira e a vida, finalmente, se revela como um enigma belo e inevit\u00e1vel. A dor \u00e9 a \u00fanica verdade que n\u00e3o se mascara.<\/p>\n","protected":false},"author":2,"featured_media":11605,"template":"","meta":[],"product_cat":[164,163],"product_tag":[],"cat_produtos":[1956],"yoast_head":"<!-- This site is optimized with the Yoast SEO plugin v16.6 - https:\/\/yoast.com\/wordpress\/plugins\/seo\/ -->\n<title>As Dores do Mundo - Livraria Solmar - Livraria online<\/title>\n<meta name=\"robots\" content=\"index, follow, max-snippet:-1, max-image-preview:large, max-video-preview:-1\" \/>\n<link rel=\"canonical\" href=\"https:\/\/livrariasolmar.pt\/en\/produto\/as-dores-do-mundo\/\" \/>\n<meta property=\"og:locale\" content=\"en_US\" \/>\n<meta property=\"og:type\" content=\"article\" \/>\n<meta property=\"og:title\" content=\"As Dores do Mundo - Livraria Solmar - Livraria online\" \/>\n<meta property=\"og:description\" content=\"Schopenhauer convida-nos a olhar a dor n\u00e3o como falha, mas como destino.  Entre reflex\u00f5es serenas e perguntas que ecoam, Schopenhauer abre espa\u00e7o para percebermos que a exist\u00eancia \u00e9 feita de ciclos, de expectativas que se desdobram e de uma busca silenciosa por significado.  Neste livro, a dor ganha contornos de mestre, e a felicidade, de brisa que passa \u2014 ambas revelando, na sua dan\u00e7a, aquilo que a consci\u00eancia tenta tocar.\u00a0As Dores do Mundo\u00a0\u00e9 um convite a olhar a vida como um grande mist\u00e9rio pulsante, onde cada alegria e cada sombra fazem parte do mesmo des\u00edgnio. Aqui, a dor n\u00e3o surge como um fardo, mas como uma chave: um sinal de que existimos, sentimos e fazemos parte de algo maior do que n\u00f3s pr\u00f3prios.  O leitor encontra, p\u00e1gina ap\u00f3s p\u00e1gina, um olhar atento sobre a alma humana. Mas, acima de tudo, encontra um caminho, uma medita\u00e7\u00e3o suave sobre o existir, onde a dor se ilumina, o pensamento respira e a vida, finalmente, se revela como um enigma belo e inevit\u00e1vel. A dor \u00e9 a \u00fanica verdade que n\u00e3o se mascara.\" \/>\n<meta property=\"og:url\" content=\"https:\/\/livrariasolmar.pt\/produto\/as-dores-do-mundo\/\" \/>\n<meta property=\"og:site_name\" content=\"Livraria Solmar - Livraria online\" \/>\n<meta property=\"article:modified_time\" content=\"2026-04-09T16:47:31+00:00\" \/>\n<meta property=\"og:image\" content=\"https:\/\/livrariasolmar.pt\/wp-content\/uploads\/2026\/03\/1507-1-1-1.jpg\" \/>\n\t<meta property=\"og:image:width\" content=\"400\" \/>\n\t<meta property=\"og:image:height\" content=\"600\" \/>\n<meta name=\"twitter:card\" content=\"summary_large_image\" \/>\n<script type=\"application\/ld+json\" class=\"yoast-schema-graph\">{\"@context\":\"https:\/\/schema.org\",\"@graph\":[{\"@type\":\"WebSite\",\"@id\":\"https:\/\/livrariasolmar.pt\/#website\",\"url\":\"https:\/\/livrariasolmar.pt\/\",\"name\":\"Livraria Solmar - Livraria online\",\"description\":\"Com\\u00e9rcio Livros E Objetos De Arte, Lda - Ponta Delgada, A\\u00e7ores\",\"potentialAction\":[{\"@type\":\"SearchAction\",\"target\":{\"@type\":\"EntryPoint\",\"urlTemplate\":\"https:\/\/livrariasolmar.pt\/?s={search_term_string}\"},\"query-input\":\"required name=search_term_string\"}],\"inLanguage\":\"en-US\"},{\"@type\":\"ImageObject\",\"@id\":\"https:\/\/livrariasolmar.pt\/produto\/as-dores-do-mundo\/#primaryimage\",\"inLanguage\":\"en-US\",\"url\":\"https:\/\/livrariasolmar.pt\/wp-content\/uploads\/2026\/03\/1507-1-1-1.jpg\",\"contentUrl\":\"https:\/\/livrariasolmar.pt\/wp-content\/uploads\/2026\/03\/1507-1-1-1.jpg\",\"width\":400,\"height\":600},{\"@type\":\"WebPage\",\"@id\":\"https:\/\/livrariasolmar.pt\/produto\/as-dores-do-mundo\/#webpage\",\"url\":\"https:\/\/livrariasolmar.pt\/produto\/as-dores-do-mundo\/\",\"name\":\"As Dores do Mundo - Livraria Solmar - Livraria online\",\"isPartOf\":{\"@id\":\"https:\/\/livrariasolmar.pt\/#website\"},\"primaryImageOfPage\":{\"@id\":\"https:\/\/livrariasolmar.pt\/produto\/as-dores-do-mundo\/#primaryimage\"},\"datePublished\":\"2026-03-09T16:25:10+00:00\",\"dateModified\":\"2026-04-09T16:47:31+00:00\",\"breadcrumb\":{\"@id\":\"https:\/\/livrariasolmar.pt\/produto\/as-dores-do-mundo\/#breadcrumb\"},\"inLanguage\":\"en-US\",\"potentialAction\":[{\"@type\":\"ReadAction\",\"target\":[\"https:\/\/livrariasolmar.pt\/produto\/as-dores-do-mundo\/\"]}]},{\"@type\":\"BreadcrumbList\",\"@id\":\"https:\/\/livrariasolmar.pt\/produto\/as-dores-do-mundo\/#breadcrumb\",\"itemListElement\":[{\"@type\":\"ListItem\",\"position\":1,\"name\":\"In\\u00edcio\",\"item\":\"https:\/\/livrariasolmar.pt\/en\/\"},{\"@type\":\"ListItem\",\"position\":2,\"name\":\"Shop\",\"item\":\"https:\/\/livrariasolmar.pt\/en\/shop\/\"},{\"@type\":\"ListItem\",\"position\":3,\"name\":\"As Dores do Mundo\"}]}]}<\/script>\n<!-- \/ Yoast SEO plugin. -->","_links":{"self":[{"href":"https:\/\/livrariasolmar.pt\/en\/wp-json\/wp\/v2\/product\/11604"}],"collection":[{"href":"https:\/\/livrariasolmar.pt\/en\/wp-json\/wp\/v2\/product"}],"about":[{"href":"https:\/\/livrariasolmar.pt\/en\/wp-json\/wp\/v2\/types\/product"}],"author":[{"embeddable":true,"href":"https:\/\/livrariasolmar.pt\/en\/wp-json\/wp\/v2\/users\/2"}],"wp:featuredmedia":[{"embeddable":true,"href":"https:\/\/livrariasolmar.pt\/en\/wp-json\/wp\/v2\/media\/11605"}],"wp:attachment":[{"href":"https:\/\/livrariasolmar.pt\/en\/wp-json\/wp\/v2\/media?parent=11604"}],"wp:term":[{"taxonomy":"product_cat","embeddable":true,"href":"https:\/\/livrariasolmar.pt\/en\/wp-json\/wp\/v2\/product_cat?post=11604"},{"taxonomy":"product_tag","embeddable":true,"href":"https:\/\/livrariasolmar.pt\/en\/wp-json\/wp\/v2\/product_tag?post=11604"},{"taxonomy":"cat_produtos","embeddable":true,"href":"https:\/\/livrariasolmar.pt\/en\/wp-json\/wp\/v2\/cat_produtos?post=11604"}],"curies":[{"name":"wp","href":"https:\/\/api.w.org\/{rel}","templated":true}]}}