{"id":11607,"date":"2026-03-09T16:30:39","date_gmt":"2026-03-09T16:30:39","guid":{"rendered":"https:\/\/livrariasolmar.pt\/?post_type=product&#038;p=11607"},"modified":"2026-03-28T18:17:10","modified_gmt":"2026-03-28T18:17:10","slug":"a-historia-secreta-dos-reis-de-portugal","status":"publish","type":"product","link":"https:\/\/livrariasolmar.pt\/en\/produto\/a-historia-secreta-dos-reis-de-portugal\/","title":{"rendered":"A Hist\u00f3ria Secreta dos Reis de Portugal"},"content":{"rendered":"","protected":false},"excerpt":{"rendered":"<p>idas exemplares? Ou nem tanto?<\/p>\n<p><i>A Hist\u00f3ria Secreta dos Reis de Portugal<\/i>\u00a0est\u00e1 longe de ser apenas uma sucess\u00e3o de datas e conquistas. \u00c9 um enredo vibrante, humano e surpreendente, tecido com casamentos por conveni\u00eancia, paix\u00f5es proibidas, conspira\u00e7\u00f5es palacianas, fidelidades improv\u00e1veis e trai\u00e7\u00f5es fatais.<\/p>\n<p>Entre batalhas, coroas e juramentos, escondem-se vidas de excessos, profunda devo\u00e7\u00e3o religiosa, lux\u00faria desmedida e solid\u00e3o absoluta. Alguns reis foram bo\u00e9mios encantadores, poetas e amantes da boa vida; outros, vision\u00e1rios destemidos que disputaram amores \u00e0 espada e, reza a lenda, comeram o cora\u00e7\u00e3o dos inimigos.<\/p>\n<p>Houve os que governaram com disciplina ao romper da aurora e os que jamais mostraram voca\u00e7\u00e3o para o trono. Entre v\u00edcios, virtudes e temperamentos extremos; de amantes incans\u00e1veis a maridos surpreendentemente fi\u00e9is; de excomungados e fan\u00e1ticos a t\u00edmidos, cru\u00e9is, depressivos, frouxos ou brilhantes, estes homens, divididos entre o poder e o prazer, acabaram por moldar o destino do pa\u00eds.<\/p>\n<p>Um retrato fascinante e inesperado daqueles que foram, durante s\u00e9culos, a for\u00e7a vital do reino &#8211; por vezes s\u00e1bio, por vezes desastroso, mas sempre intensamente humano.<\/p>\n","protected":false},"author":2,"featured_media":11608,"template":"","meta":[],"product_cat":[366],"product_tag":[],"cat_produtos":[1957],"yoast_head":"<!-- This site is optimized with the Yoast SEO plugin v16.6 - https:\/\/yoast.com\/wordpress\/plugins\/seo\/ -->\n<title>A Hist\u00f3ria Secreta dos Reis de Portugal - Livraria Solmar - Livraria online<\/title>\n<meta name=\"robots\" content=\"index, follow, max-snippet:-1, max-image-preview:large, max-video-preview:-1\" \/>\n<link rel=\"canonical\" href=\"https:\/\/livrariasolmar.pt\/en\/produto\/a-historia-secreta-dos-reis-de-portugal\/\" \/>\n<meta property=\"og:locale\" content=\"en_US\" \/>\n<meta property=\"og:type\" content=\"article\" \/>\n<meta property=\"og:title\" content=\"A Hist\u00f3ria Secreta dos Reis de Portugal - Livraria Solmar - Livraria online\" \/>\n<meta property=\"og:description\" content=\"idas exemplares? Ou nem tanto?  A Hist\u00f3ria Secreta dos Reis de Portugal\u00a0est\u00e1 longe de ser apenas uma sucess\u00e3o de datas e conquistas. \u00c9 um enredo vibrante, humano e surpreendente, tecido com casamentos por conveni\u00eancia, paix\u00f5es proibidas, conspira\u00e7\u00f5es palacianas, fidelidades improv\u00e1veis e trai\u00e7\u00f5es fatais.  Entre batalhas, coroas e juramentos, escondem-se vidas de excessos, profunda devo\u00e7\u00e3o religiosa, lux\u00faria desmedida e solid\u00e3o absoluta. Alguns reis foram bo\u00e9mios encantadores, poetas e amantes da boa vida; outros, vision\u00e1rios destemidos que disputaram amores \u00e0 espada e, reza a lenda, comeram o cora\u00e7\u00e3o dos inimigos.  Houve os que governaram com disciplina ao romper da aurora e os que jamais mostraram voca\u00e7\u00e3o para o trono. Entre v\u00edcios, virtudes e temperamentos extremos; de amantes incans\u00e1veis a maridos surpreendentemente fi\u00e9is; de excomungados e fan\u00e1ticos a t\u00edmidos, cru\u00e9is, depressivos, frouxos ou brilhantes, estes homens, divididos entre o poder e o prazer, acabaram por moldar o destino do pa\u00eds.  Um retrato fascinante e inesperado daqueles que foram, durante s\u00e9culos, a for\u00e7a vital do reino - por vezes s\u00e1bio, por vezes desastroso, mas sempre intensamente humano.\" \/>\n<meta property=\"og:url\" content=\"https:\/\/livrariasolmar.pt\/produto\/a-historia-secreta-dos-reis-de-portugal\/\" \/>\n<meta property=\"og:site_name\" content=\"Livraria Solmar - Livraria online\" \/>\n<meta property=\"article:modified_time\" content=\"2026-03-28T18:17:10+00:00\" \/>\n<meta property=\"og:image\" content=\"https:\/\/livrariasolmar.pt\/wp-content\/uploads\/2026\/03\/1540-1-2-1.jpg\" \/>\n\t<meta property=\"og:image:width\" content=\"340\" \/>\n\t<meta property=\"og:image:height\" content=\"340\" \/>\n<meta name=\"twitter:card\" content=\"summary_large_image\" \/>\n<script type=\"application\/ld+json\" class=\"yoast-schema-graph\">{\"@context\":\"https:\/\/schema.org\",\"@graph\":[{\"@type\":\"WebSite\",\"@id\":\"https:\/\/livrariasolmar.pt\/#website\",\"url\":\"https:\/\/livrariasolmar.pt\/\",\"name\":\"Livraria Solmar - Livraria online\",\"description\":\"Com\\u00e9rcio Livros E Objetos De Arte, Lda - Ponta Delgada, A\\u00e7ores\",\"potentialAction\":[{\"@type\":\"SearchAction\",\"target\":{\"@type\":\"EntryPoint\",\"urlTemplate\":\"https:\/\/livrariasolmar.pt\/?s={search_term_string}\"},\"query-input\":\"required name=search_term_string\"}],\"inLanguage\":\"en-US\"},{\"@type\":\"ImageObject\",\"@id\":\"https:\/\/livrariasolmar.pt\/produto\/a-historia-secreta-dos-reis-de-portugal\/#primaryimage\",\"inLanguage\":\"en-US\",\"url\":\"https:\/\/livrariasolmar.pt\/wp-content\/uploads\/2026\/03\/1540-1-2-1.jpg\",\"contentUrl\":\"https:\/\/livrariasolmar.pt\/wp-content\/uploads\/2026\/03\/1540-1-2-1.jpg\",\"width\":340,\"height\":340},{\"@type\":\"WebPage\",\"@id\":\"https:\/\/livrariasolmar.pt\/produto\/a-historia-secreta-dos-reis-de-portugal\/#webpage\",\"url\":\"https:\/\/livrariasolmar.pt\/produto\/a-historia-secreta-dos-reis-de-portugal\/\",\"name\":\"A Hist\\u00f3ria Secreta dos Reis de Portugal - Livraria Solmar - Livraria online\",\"isPartOf\":{\"@id\":\"https:\/\/livrariasolmar.pt\/#website\"},\"primaryImageOfPage\":{\"@id\":\"https:\/\/livrariasolmar.pt\/produto\/a-historia-secreta-dos-reis-de-portugal\/#primaryimage\"},\"datePublished\":\"2026-03-09T16:30:39+00:00\",\"dateModified\":\"2026-03-28T18:17:10+00:00\",\"breadcrumb\":{\"@id\":\"https:\/\/livrariasolmar.pt\/produto\/a-historia-secreta-dos-reis-de-portugal\/#breadcrumb\"},\"inLanguage\":\"en-US\",\"potentialAction\":[{\"@type\":\"ReadAction\",\"target\":[\"https:\/\/livrariasolmar.pt\/produto\/a-historia-secreta-dos-reis-de-portugal\/\"]}]},{\"@type\":\"BreadcrumbList\",\"@id\":\"https:\/\/livrariasolmar.pt\/produto\/a-historia-secreta-dos-reis-de-portugal\/#breadcrumb\",\"itemListElement\":[{\"@type\":\"ListItem\",\"position\":1,\"name\":\"In\\u00edcio\",\"item\":\"https:\/\/livrariasolmar.pt\/en\/\"},{\"@type\":\"ListItem\",\"position\":2,\"name\":\"Shop\",\"item\":\"https:\/\/livrariasolmar.pt\/en\/shop\/\"},{\"@type\":\"ListItem\",\"position\":3,\"name\":\"A Hist\\u00f3ria Secreta dos Reis de Portugal\"}]}]}<\/script>\n<!-- \/ Yoast SEO plugin. -->","_links":{"self":[{"href":"https:\/\/livrariasolmar.pt\/en\/wp-json\/wp\/v2\/product\/11607"}],"collection":[{"href":"https:\/\/livrariasolmar.pt\/en\/wp-json\/wp\/v2\/product"}],"about":[{"href":"https:\/\/livrariasolmar.pt\/en\/wp-json\/wp\/v2\/types\/product"}],"author":[{"embeddable":true,"href":"https:\/\/livrariasolmar.pt\/en\/wp-json\/wp\/v2\/users\/2"}],"wp:featuredmedia":[{"embeddable":true,"href":"https:\/\/livrariasolmar.pt\/en\/wp-json\/wp\/v2\/media\/11608"}],"wp:attachment":[{"href":"https:\/\/livrariasolmar.pt\/en\/wp-json\/wp\/v2\/media?parent=11607"}],"wp:term":[{"taxonomy":"product_cat","embeddable":true,"href":"https:\/\/livrariasolmar.pt\/en\/wp-json\/wp\/v2\/product_cat?post=11607"},{"taxonomy":"product_tag","embeddable":true,"href":"https:\/\/livrariasolmar.pt\/en\/wp-json\/wp\/v2\/product_tag?post=11607"},{"taxonomy":"cat_produtos","embeddable":true,"href":"https:\/\/livrariasolmar.pt\/en\/wp-json\/wp\/v2\/cat_produtos?post=11607"}],"curies":[{"name":"wp","href":"https:\/\/api.w.org\/{rel}","templated":true}]}}