{"id":11628,"date":"2026-03-25T15:55:24","date_gmt":"2026-03-25T15:55:24","guid":{"rendered":"https:\/\/livrariasolmar.pt\/?post_type=product&#038;p=11628"},"modified":"2026-03-25T18:38:25","modified_gmt":"2026-03-25T18:38:25","slug":"barriga-de-aluguer","status":"publish","type":"product","link":"https:\/\/livrariasolmar.pt\/en\/produto\/barriga-de-aluguer\/","title":{"rendered":"Barriga de Aluguer"},"content":{"rendered":"","protected":false},"excerpt":{"rendered":"<p>Da autora\u00a0<i>bestseller<\/i>\u00a0de\u00a0<i>A Criada<\/i><br \/>\nUm\u00a0<i>thriller<\/i>\u00a0psicol\u00f3gico intenso e imposs\u00edvel de largar!<\/p>\n<p>O maior sonho de Abby \u00e9 ser m\u00e3e. Depois de anos de tratamentos de infertilidade falhados e de sucessivos processos de ado\u00e7\u00e3o que nunca se concretizaram, come\u00e7a a aceitar que a maternidade talvez n\u00e3o fa\u00e7a parte do seu futuro. A dor da perda e da frustra\u00e7\u00e3o acompanha-a todos os dias, seja no trabalho, no casamento ou na vida que idealizou e nunca chegou a acontecer.<\/p>\n<p>Tudo se altera quando Monica, a sua assistente pessoal, lhe faz uma proposta inesperada: ser a sua barriga de aluguer. De repente, aquilo que parecia imposs\u00edvel torna-se real. Pela primeira vez em muito tempo, Abby acredita que o seu sonho de ser m\u00e3e est\u00e1 prestes a realizar-se.<\/p>\n<p>Mas, \u00e0 medida que a gravidez avan\u00e7a, algumas situa\u00e7\u00f5es come\u00e7am a levantar suspeitas: atitudes estranhas, coment\u00e1rios inadequados, uma proximidade excessiva\u2026 Abby sente que algo n\u00e3o est\u00e1 certo, embora tente convencer-se de que tudo n\u00e3o passa de ansiedade e medo de perder aquilo que tanto desejou.<\/p>\n<p>Rapidamente se torna claro que Monica n\u00e3o \u00e9 quem diz ser. A mulher que agora carrega o filho de Abby esconde um segredo inquietante, capaz de destruir vidas. Quanto mais Abby se aproxima da verdade, mais perigosa a situa\u00e7\u00e3o se torna &#8211; porque Monica n\u00e3o vai parar at\u00e9 conseguir o que quer.<\/p>\n","protected":false},"author":2,"featured_media":11634,"template":"","meta":[],"product_cat":[190,588,192],"product_tag":[],"cat_produtos":[1961],"yoast_head":"<!-- This site is optimized with the Yoast SEO plugin v16.6 - https:\/\/yoast.com\/wordpress\/plugins\/seo\/ -->\n<title>Barriga de Aluguer - Livraria Solmar - Livraria online<\/title>\n<meta name=\"robots\" content=\"index, follow, max-snippet:-1, max-image-preview:large, max-video-preview:-1\" \/>\n<link rel=\"canonical\" href=\"https:\/\/livrariasolmar.pt\/en\/produto\/barriga-de-aluguer\/\" \/>\n<meta property=\"og:locale\" content=\"en_US\" \/>\n<meta property=\"og:type\" content=\"article\" \/>\n<meta property=\"og:title\" content=\"Barriga de Aluguer - Livraria Solmar - Livraria online\" \/>\n<meta property=\"og:description\" content=\"Da autora\u00a0bestseller\u00a0de\u00a0A Criada Um\u00a0thriller\u00a0psicol\u00f3gico intenso e imposs\u00edvel de largar!  O maior sonho de Abby \u00e9 ser m\u00e3e. Depois de anos de tratamentos de infertilidade falhados e de sucessivos processos de ado\u00e7\u00e3o que nunca se concretizaram, come\u00e7a a aceitar que a maternidade talvez n\u00e3o fa\u00e7a parte do seu futuro. A dor da perda e da frustra\u00e7\u00e3o acompanha-a todos os dias, seja no trabalho, no casamento ou na vida que idealizou e nunca chegou a acontecer.  Tudo se altera quando Monica, a sua assistente pessoal, lhe faz uma proposta inesperada: ser a sua barriga de aluguer. De repente, aquilo que parecia imposs\u00edvel torna-se real. Pela primeira vez em muito tempo, Abby acredita que o seu sonho de ser m\u00e3e est\u00e1 prestes a realizar-se.  Mas, \u00e0 medida que a gravidez avan\u00e7a, algumas situa\u00e7\u00f5es come\u00e7am a levantar suspeitas: atitudes estranhas, coment\u00e1rios inadequados, uma proximidade excessiva\u2026 Abby sente que algo n\u00e3o est\u00e1 certo, embora tente convencer-se de que tudo n\u00e3o passa de ansiedade e medo de perder aquilo que tanto desejou.  Rapidamente se torna claro que Monica n\u00e3o \u00e9 quem diz ser. A mulher que agora carrega o filho de Abby esconde um segredo inquietante, capaz de destruir vidas. Quanto mais Abby se aproxima da verdade, mais perigosa a situa\u00e7\u00e3o se torna - porque Monica n\u00e3o vai parar at\u00e9 conseguir o que quer.\" \/>\n<meta property=\"og:url\" content=\"https:\/\/livrariasolmar.pt\/produto\/barriga-de-aluguer\/\" \/>\n<meta property=\"og:site_name\" content=\"Livraria Solmar - Livraria online\" \/>\n<meta property=\"article:modified_time\" content=\"2026-03-25T18:38:25+00:00\" \/>\n<meta property=\"og:image\" content=\"https:\/\/livrariasolmar.pt\/wp-content\/uploads\/2026\/03\/08b387a2a248d746d35ac6e18125adc8-768x1165-1.jpg\" \/>\n\t<meta property=\"og:image:width\" content=\"768\" \/>\n\t<meta property=\"og:image:height\" content=\"1165\" \/>\n<meta name=\"twitter:card\" content=\"summary_large_image\" \/>\n<script type=\"application\/ld+json\" class=\"yoast-schema-graph\">{\"@context\":\"https:\/\/schema.org\",\"@graph\":[{\"@type\":\"WebSite\",\"@id\":\"https:\/\/livrariasolmar.pt\/#website\",\"url\":\"https:\/\/livrariasolmar.pt\/\",\"name\":\"Livraria Solmar - Livraria online\",\"description\":\"Com\\u00e9rcio Livros E Objetos De Arte, Lda - Ponta Delgada, A\\u00e7ores\",\"potentialAction\":[{\"@type\":\"SearchAction\",\"target\":{\"@type\":\"EntryPoint\",\"urlTemplate\":\"https:\/\/livrariasolmar.pt\/?s={search_term_string}\"},\"query-input\":\"required name=search_term_string\"}],\"inLanguage\":\"en-US\"},{\"@type\":\"ImageObject\",\"@id\":\"https:\/\/livrariasolmar.pt\/produto\/barriga-de-aluguer\/#primaryimage\",\"inLanguage\":\"en-US\",\"url\":\"https:\/\/livrariasolmar.pt\/wp-content\/uploads\/2026\/03\/08b387a2a248d746d35ac6e18125adc8-768x1165-1.jpg\",\"contentUrl\":\"https:\/\/livrariasolmar.pt\/wp-content\/uploads\/2026\/03\/08b387a2a248d746d35ac6e18125adc8-768x1165-1.jpg\",\"width\":768,\"height\":1165},{\"@type\":\"WebPage\",\"@id\":\"https:\/\/livrariasolmar.pt\/produto\/barriga-de-aluguer\/#webpage\",\"url\":\"https:\/\/livrariasolmar.pt\/produto\/barriga-de-aluguer\/\",\"name\":\"Barriga de Aluguer - Livraria Solmar - Livraria online\",\"isPartOf\":{\"@id\":\"https:\/\/livrariasolmar.pt\/#website\"},\"primaryImageOfPage\":{\"@id\":\"https:\/\/livrariasolmar.pt\/produto\/barriga-de-aluguer\/#primaryimage\"},\"datePublished\":\"2026-03-25T15:55:24+00:00\",\"dateModified\":\"2026-03-25T18:38:25+00:00\",\"breadcrumb\":{\"@id\":\"https:\/\/livrariasolmar.pt\/produto\/barriga-de-aluguer\/#breadcrumb\"},\"inLanguage\":\"en-US\",\"potentialAction\":[{\"@type\":\"ReadAction\",\"target\":[\"https:\/\/livrariasolmar.pt\/produto\/barriga-de-aluguer\/\"]}]},{\"@type\":\"BreadcrumbList\",\"@id\":\"https:\/\/livrariasolmar.pt\/produto\/barriga-de-aluguer\/#breadcrumb\",\"itemListElement\":[{\"@type\":\"ListItem\",\"position\":1,\"name\":\"In\\u00edcio\",\"item\":\"https:\/\/livrariasolmar.pt\/en\/\"},{\"@type\":\"ListItem\",\"position\":2,\"name\":\"Shop\",\"item\":\"https:\/\/livrariasolmar.pt\/en\/shop\/\"},{\"@type\":\"ListItem\",\"position\":3,\"name\":\"Barriga de Aluguer\"}]}]}<\/script>\n<!-- \/ Yoast SEO plugin. -->","_links":{"self":[{"href":"https:\/\/livrariasolmar.pt\/en\/wp-json\/wp\/v2\/product\/11628"}],"collection":[{"href":"https:\/\/livrariasolmar.pt\/en\/wp-json\/wp\/v2\/product"}],"about":[{"href":"https:\/\/livrariasolmar.pt\/en\/wp-json\/wp\/v2\/types\/product"}],"author":[{"embeddable":true,"href":"https:\/\/livrariasolmar.pt\/en\/wp-json\/wp\/v2\/users\/2"}],"wp:featuredmedia":[{"embeddable":true,"href":"https:\/\/livrariasolmar.pt\/en\/wp-json\/wp\/v2\/media\/11634"}],"wp:attachment":[{"href":"https:\/\/livrariasolmar.pt\/en\/wp-json\/wp\/v2\/media?parent=11628"}],"wp:term":[{"taxonomy":"product_cat","embeddable":true,"href":"https:\/\/livrariasolmar.pt\/en\/wp-json\/wp\/v2\/product_cat?post=11628"},{"taxonomy":"product_tag","embeddable":true,"href":"https:\/\/livrariasolmar.pt\/en\/wp-json\/wp\/v2\/product_tag?post=11628"},{"taxonomy":"cat_produtos","embeddable":true,"href":"https:\/\/livrariasolmar.pt\/en\/wp-json\/wp\/v2\/cat_produtos?post=11628"}],"curies":[{"name":"wp","href":"https:\/\/api.w.org\/{rel}","templated":true}]}}