{"id":11638,"date":"2026-04-02T17:31:57","date_gmt":"2026-04-02T17:31:57","guid":{"rendered":"https:\/\/livrariasolmar.pt\/?post_type=product&#038;p=11638"},"modified":"2026-04-16T16:11:54","modified_gmt":"2026-04-16T16:11:54","slug":"os-irmaos-burgess","status":"publish","type":"product","link":"https:\/\/livrariasolmar.pt\/en\/produto\/os-irmaos-burgess\/","title":{"rendered":"Os Irm\u00e3os Burgess"},"content":{"rendered":"","protected":false},"excerpt":{"rendered":"<p>A fam\u00edlia Burgess era perfeita, vivia numa casa amarela no topo de uma colina da pacata cidade de Shirley Falls, at\u00e9 o patriarca morrer num acidente de contornos bizarros. Assombrados pela trag\u00e9dia, Jim e Bob Burgess abandonam a cidade natal assim que podem, para fazer vida em Nova Iorque. Jim, carism\u00e1tico e ambicioso, constr\u00f3i uma carreira de sucesso como advogado corporativo, a passo que Bob, um bom cora\u00e7\u00e3o ensombrado pelo remorso, tenta encontrar o seu lugar \u00e0 sombra do irm\u00e3o mais velho. Sem esquecer os traumas da inf\u00e2ncia, levam na cidade grande uma vida confort\u00e1vel, apenas amea\u00e7ada pela crise de meia-idade.<\/p>\n<p>Mas a amea\u00e7a chega de onde j\u00e1 n\u00e3o esperavam, quando a irm\u00e3 Susan &#8211; a Burgess que ficou para tr\u00e1s, g\u00e9mea de Bob &#8211; os chama de regresso a casa, para ajudar o filho Zach, um\u00a0<i>mosquinha morta<\/i>\u00a0acusado de um crime de \u00f3dio. no cen\u00e1rio da sua inf\u00e2ncia, as tens\u00f5es, os sil\u00eancios e os ressentimentos ressurgem de formas inesperadas, comprometendo a dif\u00edcil tarefa de se reconciliarem com o passado, antes que seja tarde demais.<\/p>\n<p>Elizabeth Strout retorna a Shirley Falls, a pacata cidade do Maine que simboliza tantas pequenas cidades americanas, para nos apresentar a Bob Burgess, irresistivelmente humano e imperfeito. Com a sensibilidade e delicadeza que a caracterizam, oferece-nos uma hist\u00f3ria inesquec\u00edvel sobre o que significa pertencer: a uma fam\u00edlia, a um lugar e a n\u00f3s mesmos.<\/p>\n","protected":false},"author":2,"featured_media":11639,"template":"","meta":[],"product_cat":[153,190,192],"product_tag":[],"cat_produtos":[1962],"yoast_head":"<!-- This site is optimized with the Yoast SEO plugin v16.6 - https:\/\/yoast.com\/wordpress\/plugins\/seo\/ -->\n<title>Os Irm\u00e3os Burgess - Livraria Solmar - Livraria online<\/title>\n<meta name=\"robots\" content=\"index, follow, max-snippet:-1, max-image-preview:large, max-video-preview:-1\" \/>\n<link rel=\"canonical\" href=\"https:\/\/livrariasolmar.pt\/en\/produto\/os-irmaos-burgess\/\" \/>\n<meta property=\"og:locale\" content=\"en_US\" \/>\n<meta property=\"og:type\" content=\"article\" \/>\n<meta property=\"og:title\" content=\"Os Irm\u00e3os Burgess - Livraria Solmar - Livraria online\" \/>\n<meta property=\"og:description\" content=\"A fam\u00edlia Burgess era perfeita, vivia numa casa amarela no topo de uma colina da pacata cidade de Shirley Falls, at\u00e9 o patriarca morrer num acidente de contornos bizarros. Assombrados pela trag\u00e9dia, Jim e Bob Burgess abandonam a cidade natal assim que podem, para fazer vida em Nova Iorque. Jim, carism\u00e1tico e ambicioso, constr\u00f3i uma carreira de sucesso como advogado corporativo, a passo que Bob, um bom cora\u00e7\u00e3o ensombrado pelo remorso, tenta encontrar o seu lugar \u00e0 sombra do irm\u00e3o mais velho. Sem esquecer os traumas da inf\u00e2ncia, levam na cidade grande uma vida confort\u00e1vel, apenas amea\u00e7ada pela crise de meia-idade.  Mas a amea\u00e7a chega de onde j\u00e1 n\u00e3o esperavam, quando a irm\u00e3 Susan - a Burgess que ficou para tr\u00e1s, g\u00e9mea de Bob - os chama de regresso a casa, para ajudar o filho Zach, um\u00a0mosquinha morta\u00a0acusado de um crime de \u00f3dio. no cen\u00e1rio da sua inf\u00e2ncia, as tens\u00f5es, os sil\u00eancios e os ressentimentos ressurgem de formas inesperadas, comprometendo a dif\u00edcil tarefa de se reconciliarem com o passado, antes que seja tarde demais.  Elizabeth Strout retorna a Shirley Falls, a pacata cidade do Maine que simboliza tantas pequenas cidades americanas, para nos apresentar a Bob Burgess, irresistivelmente humano e imperfeito. Com a sensibilidade e delicadeza que a caracterizam, oferece-nos uma hist\u00f3ria inesquec\u00edvel sobre o que significa pertencer: a uma fam\u00edlia, a um lugar e a n\u00f3s mesmos.\" \/>\n<meta property=\"og:url\" content=\"https:\/\/livrariasolmar.pt\/produto\/os-irmaos-burgess\/\" \/>\n<meta property=\"og:site_name\" content=\"Livraria Solmar - Livraria online\" \/>\n<meta property=\"article:modified_time\" content=\"2026-04-16T16:11:54+00:00\" \/>\n<meta property=\"og:image\" content=\"https:\/\/livrariasolmar.pt\/wp-content\/uploads\/2026\/04\/1507-1-2.jpg\" \/>\n\t<meta property=\"og:image:width\" content=\"400\" \/>\n\t<meta property=\"og:image:height\" content=\"500\" \/>\n<meta name=\"twitter:card\" content=\"summary_large_image\" \/>\n<script type=\"application\/ld+json\" class=\"yoast-schema-graph\">{\"@context\":\"https:\/\/schema.org\",\"@graph\":[{\"@type\":\"WebSite\",\"@id\":\"https:\/\/livrariasolmar.pt\/#website\",\"url\":\"https:\/\/livrariasolmar.pt\/\",\"name\":\"Livraria Solmar - Livraria online\",\"description\":\"Com\\u00e9rcio Livros E Objetos De Arte, Lda - Ponta Delgada, A\\u00e7ores\",\"potentialAction\":[{\"@type\":\"SearchAction\",\"target\":{\"@type\":\"EntryPoint\",\"urlTemplate\":\"https:\/\/livrariasolmar.pt\/?s={search_term_string}\"},\"query-input\":\"required name=search_term_string\"}],\"inLanguage\":\"en-US\"},{\"@type\":\"ImageObject\",\"@id\":\"https:\/\/livrariasolmar.pt\/produto\/os-irmaos-burgess\/#primaryimage\",\"inLanguage\":\"en-US\",\"url\":\"https:\/\/livrariasolmar.pt\/wp-content\/uploads\/2026\/04\/1507-1-2.jpg\",\"contentUrl\":\"https:\/\/livrariasolmar.pt\/wp-content\/uploads\/2026\/04\/1507-1-2.jpg\",\"width\":400,\"height\":500},{\"@type\":\"WebPage\",\"@id\":\"https:\/\/livrariasolmar.pt\/produto\/os-irmaos-burgess\/#webpage\",\"url\":\"https:\/\/livrariasolmar.pt\/produto\/os-irmaos-burgess\/\",\"name\":\"Os Irm\\u00e3os Burgess - Livraria Solmar - Livraria online\",\"isPartOf\":{\"@id\":\"https:\/\/livrariasolmar.pt\/#website\"},\"primaryImageOfPage\":{\"@id\":\"https:\/\/livrariasolmar.pt\/produto\/os-irmaos-burgess\/#primaryimage\"},\"datePublished\":\"2026-04-02T17:31:57+00:00\",\"dateModified\":\"2026-04-16T16:11:54+00:00\",\"breadcrumb\":{\"@id\":\"https:\/\/livrariasolmar.pt\/produto\/os-irmaos-burgess\/#breadcrumb\"},\"inLanguage\":\"en-US\",\"potentialAction\":[{\"@type\":\"ReadAction\",\"target\":[\"https:\/\/livrariasolmar.pt\/produto\/os-irmaos-burgess\/\"]}]},{\"@type\":\"BreadcrumbList\",\"@id\":\"https:\/\/livrariasolmar.pt\/produto\/os-irmaos-burgess\/#breadcrumb\",\"itemListElement\":[{\"@type\":\"ListItem\",\"position\":1,\"name\":\"In\\u00edcio\",\"item\":\"https:\/\/livrariasolmar.pt\/en\/\"},{\"@type\":\"ListItem\",\"position\":2,\"name\":\"Shop\",\"item\":\"https:\/\/livrariasolmar.pt\/en\/shop\/\"},{\"@type\":\"ListItem\",\"position\":3,\"name\":\"Os Irm\\u00e3os Burgess\"}]}]}<\/script>\n<!-- \/ Yoast SEO plugin. -->","_links":{"self":[{"href":"https:\/\/livrariasolmar.pt\/en\/wp-json\/wp\/v2\/product\/11638"}],"collection":[{"href":"https:\/\/livrariasolmar.pt\/en\/wp-json\/wp\/v2\/product"}],"about":[{"href":"https:\/\/livrariasolmar.pt\/en\/wp-json\/wp\/v2\/types\/product"}],"author":[{"embeddable":true,"href":"https:\/\/livrariasolmar.pt\/en\/wp-json\/wp\/v2\/users\/2"}],"wp:featuredmedia":[{"embeddable":true,"href":"https:\/\/livrariasolmar.pt\/en\/wp-json\/wp\/v2\/media\/11639"}],"wp:attachment":[{"href":"https:\/\/livrariasolmar.pt\/en\/wp-json\/wp\/v2\/media?parent=11638"}],"wp:term":[{"taxonomy":"product_cat","embeddable":true,"href":"https:\/\/livrariasolmar.pt\/en\/wp-json\/wp\/v2\/product_cat?post=11638"},{"taxonomy":"product_tag","embeddable":true,"href":"https:\/\/livrariasolmar.pt\/en\/wp-json\/wp\/v2\/product_tag?post=11638"},{"taxonomy":"cat_produtos","embeddable":true,"href":"https:\/\/livrariasolmar.pt\/en\/wp-json\/wp\/v2\/cat_produtos?post=11638"}],"curies":[{"name":"wp","href":"https:\/\/api.w.org\/{rel}","templated":true}]}}