{"id":11653,"date":"2026-04-04T13:43:39","date_gmt":"2026-04-04T13:43:39","guid":{"rendered":"https:\/\/livrariasolmar.pt\/?post_type=product&#038;p=11653"},"modified":"2026-04-04T13:43:39","modified_gmt":"2026-04-04T13:43:39","slug":"negras-costas-do-tempo","status":"publish","type":"product","link":"https:\/\/livrariasolmar.pt\/en\/produto\/negras-costas-do-tempo\/","title":{"rendered":"Negras Costas do Tempo"},"content":{"rendered":"","protected":false},"excerpt":{"rendered":"<p>Talvez nenhum outro autor tenha visto a sua realidade t\u00e3o invadida pela fic\u00e7\u00e3o como Javier Mar\u00edas, nem tantas pessoas a comportarem-se como as personagens dos seus romances; talvez nenhum outro autor tenha tamb\u00e9m mergulhado t\u00e3o intensamente nas p\u00e1ginas que escreveu.<\/p>\n<p>Neste livro a que chamou \u00abfalso romance\u00bb, Mar\u00edas revisitou\u00a0<i>Todas as Almas<\/i>, publicado anos antes e que despertara nele um mundo adormecido onde tudo cabe: o acaso e a fatalidade, a fortuna e o infort\u00fanio, uma bala perdida no M\u00e9xico, uma maldi\u00e7\u00e3o familiar em Havana, um rapaz surdo que escreve o nome de tr\u00e1s para a frente e at\u00e9 um piloto mercen\u00e1rio que engana a morte. Com a destreza de um cirurgi\u00e3o, o autor disseca as estranhas e revela os segredos da anatomia da sua obra. A voz do autor-narrador \u00e9 como um barco \u00e0 deriva entre o espa\u00e7o e o tempo, entre a realidade vivida e a realidade sonhada, rumo \u00e0 pr\u00f3pria literatura.<\/p>\n<p>Em\u00a0<i>Negras costas do tempo<\/i>, romance crucial na trajet\u00f3ria de Javier Mar\u00edas e na hist\u00f3ria da literatura espanhola desde ent\u00e3o, a voz do autor \u00e9 mais ambiciosa do que nunca: \u00aba voz do tempo, quando ainda n\u00e3o h\u00e1 passado\u00bb.<\/p>\n","protected":false},"author":2,"featured_media":11654,"template":"","meta":[],"product_cat":[153,190],"product_tag":[],"cat_produtos":[1964],"yoast_head":"<!-- This site is optimized with the Yoast SEO plugin v16.6 - https:\/\/yoast.com\/wordpress\/plugins\/seo\/ -->\n<title>Negras Costas do Tempo - Livraria Solmar - Livraria online<\/title>\n<meta name=\"robots\" content=\"index, follow, max-snippet:-1, max-image-preview:large, max-video-preview:-1\" \/>\n<link rel=\"canonical\" href=\"https:\/\/livrariasolmar.pt\/en\/produto\/negras-costas-do-tempo\/\" \/>\n<meta property=\"og:locale\" content=\"en_US\" \/>\n<meta property=\"og:type\" content=\"article\" \/>\n<meta property=\"og:title\" content=\"Negras Costas do Tempo - Livraria Solmar - Livraria online\" \/>\n<meta property=\"og:description\" content=\"Talvez nenhum outro autor tenha visto a sua realidade t\u00e3o invadida pela fic\u00e7\u00e3o como Javier Mar\u00edas, nem tantas pessoas a comportarem-se como as personagens dos seus romances; talvez nenhum outro autor tenha tamb\u00e9m mergulhado t\u00e3o intensamente nas p\u00e1ginas que escreveu.  Neste livro a que chamou \u00abfalso romance\u00bb, Mar\u00edas revisitou\u00a0Todas as Almas, publicado anos antes e que despertara nele um mundo adormecido onde tudo cabe: o acaso e a fatalidade, a fortuna e o infort\u00fanio, uma bala perdida no M\u00e9xico, uma maldi\u00e7\u00e3o familiar em Havana, um rapaz surdo que escreve o nome de tr\u00e1s para a frente e at\u00e9 um piloto mercen\u00e1rio que engana a morte. Com a destreza de um cirurgi\u00e3o, o autor disseca as estranhas e revela os segredos da anatomia da sua obra. A voz do autor-narrador \u00e9 como um barco \u00e0 deriva entre o espa\u00e7o e o tempo, entre a realidade vivida e a realidade sonhada, rumo \u00e0 pr\u00f3pria literatura.  Em\u00a0Negras costas do tempo, romance crucial na trajet\u00f3ria de Javier Mar\u00edas e na hist\u00f3ria da literatura espanhola desde ent\u00e3o, a voz do autor \u00e9 mais ambiciosa do que nunca: \u00aba voz do tempo, quando ainda n\u00e3o h\u00e1 passado\u00bb.\" \/>\n<meta property=\"og:url\" content=\"https:\/\/livrariasolmar.pt\/produto\/negras-costas-do-tempo\/\" \/>\n<meta property=\"og:site_name\" content=\"Livraria Solmar - Livraria online\" \/>\n<meta property=\"og:image\" content=\"https:\/\/livrariasolmar.pt\/wp-content\/uploads\/2026\/04\/1540-1-3.jpg\" \/>\n\t<meta property=\"og:image:width\" content=\"340\" \/>\n\t<meta property=\"og:image:height\" content=\"340\" \/>\n<meta name=\"twitter:card\" content=\"summary_large_image\" \/>\n<script type=\"application\/ld+json\" class=\"yoast-schema-graph\">{\"@context\":\"https:\/\/schema.org\",\"@graph\":[{\"@type\":\"WebSite\",\"@id\":\"https:\/\/livrariasolmar.pt\/#website\",\"url\":\"https:\/\/livrariasolmar.pt\/\",\"name\":\"Livraria Solmar - Livraria online\",\"description\":\"Com\\u00e9rcio Livros E Objetos De Arte, Lda - Ponta Delgada, A\\u00e7ores\",\"potentialAction\":[{\"@type\":\"SearchAction\",\"target\":{\"@type\":\"EntryPoint\",\"urlTemplate\":\"https:\/\/livrariasolmar.pt\/?s={search_term_string}\"},\"query-input\":\"required name=search_term_string\"}],\"inLanguage\":\"en-US\"},{\"@type\":\"ImageObject\",\"@id\":\"https:\/\/livrariasolmar.pt\/produto\/negras-costas-do-tempo\/#primaryimage\",\"inLanguage\":\"en-US\",\"url\":\"https:\/\/livrariasolmar.pt\/wp-content\/uploads\/2026\/04\/1540-1-3.jpg\",\"contentUrl\":\"https:\/\/livrariasolmar.pt\/wp-content\/uploads\/2026\/04\/1540-1-3.jpg\",\"width\":340,\"height\":340},{\"@type\":\"WebPage\",\"@id\":\"https:\/\/livrariasolmar.pt\/produto\/negras-costas-do-tempo\/#webpage\",\"url\":\"https:\/\/livrariasolmar.pt\/produto\/negras-costas-do-tempo\/\",\"name\":\"Negras Costas do Tempo - Livraria Solmar - Livraria online\",\"isPartOf\":{\"@id\":\"https:\/\/livrariasolmar.pt\/#website\"},\"primaryImageOfPage\":{\"@id\":\"https:\/\/livrariasolmar.pt\/produto\/negras-costas-do-tempo\/#primaryimage\"},\"datePublished\":\"2026-04-04T13:43:39+00:00\",\"dateModified\":\"2026-04-04T13:43:39+00:00\",\"breadcrumb\":{\"@id\":\"https:\/\/livrariasolmar.pt\/produto\/negras-costas-do-tempo\/#breadcrumb\"},\"inLanguage\":\"en-US\",\"potentialAction\":[{\"@type\":\"ReadAction\",\"target\":[\"https:\/\/livrariasolmar.pt\/produto\/negras-costas-do-tempo\/\"]}]},{\"@type\":\"BreadcrumbList\",\"@id\":\"https:\/\/livrariasolmar.pt\/produto\/negras-costas-do-tempo\/#breadcrumb\",\"itemListElement\":[{\"@type\":\"ListItem\",\"position\":1,\"name\":\"In\\u00edcio\",\"item\":\"https:\/\/livrariasolmar.pt\/en\/\"},{\"@type\":\"ListItem\",\"position\":2,\"name\":\"Shop\",\"item\":\"https:\/\/livrariasolmar.pt\/en\/shop\/\"},{\"@type\":\"ListItem\",\"position\":3,\"name\":\"Negras Costas do Tempo\"}]}]}<\/script>\n<!-- \/ Yoast SEO plugin. -->","_links":{"self":[{"href":"https:\/\/livrariasolmar.pt\/en\/wp-json\/wp\/v2\/product\/11653"}],"collection":[{"href":"https:\/\/livrariasolmar.pt\/en\/wp-json\/wp\/v2\/product"}],"about":[{"href":"https:\/\/livrariasolmar.pt\/en\/wp-json\/wp\/v2\/types\/product"}],"author":[{"embeddable":true,"href":"https:\/\/livrariasolmar.pt\/en\/wp-json\/wp\/v2\/users\/2"}],"wp:featuredmedia":[{"embeddable":true,"href":"https:\/\/livrariasolmar.pt\/en\/wp-json\/wp\/v2\/media\/11654"}],"wp:attachment":[{"href":"https:\/\/livrariasolmar.pt\/en\/wp-json\/wp\/v2\/media?parent=11653"}],"wp:term":[{"taxonomy":"product_cat","embeddable":true,"href":"https:\/\/livrariasolmar.pt\/en\/wp-json\/wp\/v2\/product_cat?post=11653"},{"taxonomy":"product_tag","embeddable":true,"href":"https:\/\/livrariasolmar.pt\/en\/wp-json\/wp\/v2\/product_tag?post=11653"},{"taxonomy":"cat_produtos","embeddable":true,"href":"https:\/\/livrariasolmar.pt\/en\/wp-json\/wp\/v2\/cat_produtos?post=11653"}],"curies":[{"name":"wp","href":"https:\/\/api.w.org\/{rel}","templated":true}]}}