{"id":11658,"date":"2026-04-10T18:53:17","date_gmt":"2026-04-10T18:53:17","guid":{"rendered":"https:\/\/livrariasolmar.pt\/?post_type=product&#038;p=11658"},"modified":"2026-04-10T18:53:18","modified_gmt":"2026-04-10T18:53:18","slug":"tudo-de-pernas-para-o-ar","status":"publish","type":"product","link":"https:\/\/livrariasolmar.pt\/en\/produto\/tudo-de-pernas-para-o-ar\/","title":{"rendered":"Tudo de Pernas para o Ar"},"content":{"rendered":"","protected":false},"excerpt":{"rendered":"<p>Era um dia calmo na savana. Estavam todos no seu lugar, todos, exceto o elefante, que de repente se aproximou a fortes passadas, fazendo estremecer o ch\u00e3o e a savana inteira e criando uma aut\u00eantica confus\u00e3o: e n\u00e3o \u00e9 que ficou TUDO DE PERNAS PARA O AR?<\/p>\n<p>Felizmente, eis que chega o momento dos pequenos leitores, os verdadeiros protagonistas deste \u00e1lbum, porem m\u00e3os \u00e0 obra, pois ter\u00e3o de sacudir o livro uma e outra vez at\u00e9 que tudo volte ao seu lugar.<\/p>\n<p>Se o sacudirem com muita for\u00e7a, a paisagem ficar\u00e1 de pernas para o ar. Se n\u00e3o o sacudirem com for\u00e7a suficiente, algumas coisas ficar\u00e3o desorganizadas. H\u00e1 que sacudir de cima para baixo, da esquerda para a direita&#8230;<\/p>\n<p>Mas, aten\u00e7\u00e3o! Quem se esconde atr\u00e1s do arbusto? Um ca\u00e7ador? V\u00e1 l\u00e1, for\u00e7a, continuem a sacudir at\u00e9 faz\u00ea-lo desaparecer!<\/p>\n<p>Um divertido livro-jogo em que a participa\u00e7\u00e3o dos pequenos leitores ser\u00e1 imprescind\u00edvel para ajudar os animais da savana!<\/p>\n","protected":false},"author":2,"featured_media":11659,"template":"","meta":[],"product_cat":[384],"product_tag":[],"cat_produtos":[1965],"yoast_head":"<!-- This site is optimized with the Yoast SEO plugin v16.6 - https:\/\/yoast.com\/wordpress\/plugins\/seo\/ -->\n<title>Tudo de Pernas para o Ar - Livraria Solmar - Livraria online<\/title>\n<meta name=\"robots\" content=\"index, follow, max-snippet:-1, max-image-preview:large, max-video-preview:-1\" \/>\n<link rel=\"canonical\" href=\"https:\/\/livrariasolmar.pt\/en\/produto\/tudo-de-pernas-para-o-ar\/\" \/>\n<meta property=\"og:locale\" content=\"en_US\" \/>\n<meta property=\"og:type\" content=\"article\" \/>\n<meta property=\"og:title\" content=\"Tudo de Pernas para o Ar - Livraria Solmar - Livraria online\" \/>\n<meta property=\"og:description\" content=\"Era um dia calmo na savana. Estavam todos no seu lugar, todos, exceto o elefante, que de repente se aproximou a fortes passadas, fazendo estremecer o ch\u00e3o e a savana inteira e criando uma aut\u00eantica confus\u00e3o: e n\u00e3o \u00e9 que ficou TUDO DE PERNAS PARA O AR?  Felizmente, eis que chega o momento dos pequenos leitores, os verdadeiros protagonistas deste \u00e1lbum, porem m\u00e3os \u00e0 obra, pois ter\u00e3o de sacudir o livro uma e outra vez at\u00e9 que tudo volte ao seu lugar.  Se o sacudirem com muita for\u00e7a, a paisagem ficar\u00e1 de pernas para o ar. Se n\u00e3o o sacudirem com for\u00e7a suficiente, algumas coisas ficar\u00e3o desorganizadas. H\u00e1 que sacudir de cima para baixo, da esquerda para a direita...  Mas, aten\u00e7\u00e3o! Quem se esconde atr\u00e1s do arbusto? Um ca\u00e7ador? V\u00e1 l\u00e1, for\u00e7a, continuem a sacudir at\u00e9 faz\u00ea-lo desaparecer!  Um divertido livro-jogo em que a participa\u00e7\u00e3o dos pequenos leitores ser\u00e1 imprescind\u00edvel para ajudar os animais da savana!\" \/>\n<meta property=\"og:url\" content=\"https:\/\/livrariasolmar.pt\/produto\/tudo-de-pernas-para-o-ar\/\" \/>\n<meta property=\"og:site_name\" content=\"Livraria Solmar - Livraria online\" \/>\n<meta property=\"article:modified_time\" content=\"2026-04-10T18:53:18+00:00\" \/>\n<meta property=\"og:image\" content=\"https:\/\/livrariasolmar.pt\/wp-content\/uploads\/2026\/04\/1507-1-2-1.jpg\" \/>\n\t<meta property=\"og:image:width\" content=\"400\" \/>\n\t<meta property=\"og:image:height\" content=\"418\" \/>\n<meta name=\"twitter:card\" content=\"summary_large_image\" \/>\n<script type=\"application\/ld+json\" class=\"yoast-schema-graph\">{\"@context\":\"https:\/\/schema.org\",\"@graph\":[{\"@type\":\"WebSite\",\"@id\":\"https:\/\/livrariasolmar.pt\/#website\",\"url\":\"https:\/\/livrariasolmar.pt\/\",\"name\":\"Livraria Solmar - Livraria online\",\"description\":\"Com\\u00e9rcio Livros E Objetos De Arte, Lda - Ponta Delgada, A\\u00e7ores\",\"potentialAction\":[{\"@type\":\"SearchAction\",\"target\":{\"@type\":\"EntryPoint\",\"urlTemplate\":\"https:\/\/livrariasolmar.pt\/?s={search_term_string}\"},\"query-input\":\"required name=search_term_string\"}],\"inLanguage\":\"en-US\"},{\"@type\":\"ImageObject\",\"@id\":\"https:\/\/livrariasolmar.pt\/produto\/tudo-de-pernas-para-o-ar\/#primaryimage\",\"inLanguage\":\"en-US\",\"url\":\"https:\/\/livrariasolmar.pt\/wp-content\/uploads\/2026\/04\/1507-1-2-1.jpg\",\"contentUrl\":\"https:\/\/livrariasolmar.pt\/wp-content\/uploads\/2026\/04\/1507-1-2-1.jpg\",\"width\":400,\"height\":418},{\"@type\":\"WebPage\",\"@id\":\"https:\/\/livrariasolmar.pt\/produto\/tudo-de-pernas-para-o-ar\/#webpage\",\"url\":\"https:\/\/livrariasolmar.pt\/produto\/tudo-de-pernas-para-o-ar\/\",\"name\":\"Tudo de Pernas para o Ar - Livraria Solmar - Livraria online\",\"isPartOf\":{\"@id\":\"https:\/\/livrariasolmar.pt\/#website\"},\"primaryImageOfPage\":{\"@id\":\"https:\/\/livrariasolmar.pt\/produto\/tudo-de-pernas-para-o-ar\/#primaryimage\"},\"datePublished\":\"2026-04-10T18:53:17+00:00\",\"dateModified\":\"2026-04-10T18:53:18+00:00\",\"breadcrumb\":{\"@id\":\"https:\/\/livrariasolmar.pt\/produto\/tudo-de-pernas-para-o-ar\/#breadcrumb\"},\"inLanguage\":\"en-US\",\"potentialAction\":[{\"@type\":\"ReadAction\",\"target\":[\"https:\/\/livrariasolmar.pt\/produto\/tudo-de-pernas-para-o-ar\/\"]}]},{\"@type\":\"BreadcrumbList\",\"@id\":\"https:\/\/livrariasolmar.pt\/produto\/tudo-de-pernas-para-o-ar\/#breadcrumb\",\"itemListElement\":[{\"@type\":\"ListItem\",\"position\":1,\"name\":\"In\\u00edcio\",\"item\":\"https:\/\/livrariasolmar.pt\/en\/\"},{\"@type\":\"ListItem\",\"position\":2,\"name\":\"Shop\",\"item\":\"https:\/\/livrariasolmar.pt\/en\/shop\/\"},{\"@type\":\"ListItem\",\"position\":3,\"name\":\"Tudo de Pernas para o Ar\"}]}]}<\/script>\n<!-- \/ Yoast SEO plugin. -->","_links":{"self":[{"href":"https:\/\/livrariasolmar.pt\/en\/wp-json\/wp\/v2\/product\/11658"}],"collection":[{"href":"https:\/\/livrariasolmar.pt\/en\/wp-json\/wp\/v2\/product"}],"about":[{"href":"https:\/\/livrariasolmar.pt\/en\/wp-json\/wp\/v2\/types\/product"}],"author":[{"embeddable":true,"href":"https:\/\/livrariasolmar.pt\/en\/wp-json\/wp\/v2\/users\/2"}],"wp:featuredmedia":[{"embeddable":true,"href":"https:\/\/livrariasolmar.pt\/en\/wp-json\/wp\/v2\/media\/11659"}],"wp:attachment":[{"href":"https:\/\/livrariasolmar.pt\/en\/wp-json\/wp\/v2\/media?parent=11658"}],"wp:term":[{"taxonomy":"product_cat","embeddable":true,"href":"https:\/\/livrariasolmar.pt\/en\/wp-json\/wp\/v2\/product_cat?post=11658"},{"taxonomy":"product_tag","embeddable":true,"href":"https:\/\/livrariasolmar.pt\/en\/wp-json\/wp\/v2\/product_tag?post=11658"},{"taxonomy":"cat_produtos","embeddable":true,"href":"https:\/\/livrariasolmar.pt\/en\/wp-json\/wp\/v2\/cat_produtos?post=11658"}],"curies":[{"name":"wp","href":"https:\/\/api.w.org\/{rel}","templated":true}]}}