{"id":11661,"date":"2026-04-10T19:26:19","date_gmt":"2026-04-10T19:26:19","guid":{"rendered":"https:\/\/livrariasolmar.pt\/?post_type=product&#038;p=11661"},"modified":"2026-04-10T19:26:19","modified_gmt":"2026-04-10T19:26:19","slug":"matilde-e-a-girafa","status":"publish","type":"product","link":"https:\/\/livrariasolmar.pt\/en\/produto\/matilde-e-a-girafa\/","title":{"rendered":"Matilde e a Girafa"},"content":{"rendered":"","protected":false},"excerpt":{"rendered":"<p>A Matilde e a Girafa adoram criar ARTE. Mas os trabalhos da Girafa s\u00e3o t\u00e3o bons que a Matilde acaba por ficar frustrada.<\/p>\n<p>Irritada, a Matilde come\u00e7a a criar pinturas ferozes e demasiado rabiscadas. Mas pinturas zangadas fazem com que\u2026 Oh, oh!\u2026 Ser\u00e1 que as duas encontrar\u00e3o novamente a alegria de criar arte juntas?<\/p>\n","protected":false},"author":2,"featured_media":11662,"template":"","meta":[],"product_cat":[384],"product_tag":[],"cat_produtos":[1966],"yoast_head":"<!-- This site is optimized with the Yoast SEO plugin v16.6 - https:\/\/yoast.com\/wordpress\/plugins\/seo\/ -->\n<title>Matilde e a Girafa - Livraria Solmar - Livraria online<\/title>\n<meta name=\"robots\" content=\"index, follow, max-snippet:-1, max-image-preview:large, max-video-preview:-1\" \/>\n<link rel=\"canonical\" href=\"https:\/\/livrariasolmar.pt\/en\/produto\/matilde-e-a-girafa\/\" \/>\n<meta property=\"og:locale\" content=\"en_US\" \/>\n<meta property=\"og:type\" content=\"article\" \/>\n<meta property=\"og:title\" content=\"Matilde e a Girafa - Livraria Solmar - Livraria online\" \/>\n<meta property=\"og:description\" content=\"A Matilde e a Girafa adoram criar ARTE. Mas os trabalhos da Girafa s\u00e3o t\u00e3o bons que a Matilde acaba por ficar frustrada.  Irritada, a Matilde come\u00e7a a criar pinturas ferozes e demasiado rabiscadas. Mas pinturas zangadas fazem com que\u2026 Oh, oh!\u2026 Ser\u00e1 que as duas encontrar\u00e3o novamente a alegria de criar arte juntas?\" \/>\n<meta property=\"og:url\" content=\"https:\/\/livrariasolmar.pt\/produto\/matilde-e-a-girafa\/\" \/>\n<meta property=\"og:site_name\" content=\"Livraria Solmar - Livraria online\" \/>\n<meta property=\"og:image\" content=\"https:\/\/livrariasolmar.pt\/wp-content\/uploads\/2026\/04\/1540-1-5.jpg\" \/>\n\t<meta property=\"og:image:width\" content=\"340\" \/>\n\t<meta property=\"og:image:height\" content=\"340\" \/>\n<meta name=\"twitter:card\" content=\"summary_large_image\" \/>\n<script type=\"application\/ld+json\" class=\"yoast-schema-graph\">{\"@context\":\"https:\/\/schema.org\",\"@graph\":[{\"@type\":\"WebSite\",\"@id\":\"https:\/\/livrariasolmar.pt\/#website\",\"url\":\"https:\/\/livrariasolmar.pt\/\",\"name\":\"Livraria Solmar - Livraria online\",\"description\":\"Com\\u00e9rcio Livros E Objetos De Arte, Lda - Ponta Delgada, A\\u00e7ores\",\"potentialAction\":[{\"@type\":\"SearchAction\",\"target\":{\"@type\":\"EntryPoint\",\"urlTemplate\":\"https:\/\/livrariasolmar.pt\/?s={search_term_string}\"},\"query-input\":\"required name=search_term_string\"}],\"inLanguage\":\"en-US\"},{\"@type\":\"ImageObject\",\"@id\":\"https:\/\/livrariasolmar.pt\/produto\/matilde-e-a-girafa\/#primaryimage\",\"inLanguage\":\"en-US\",\"url\":\"https:\/\/livrariasolmar.pt\/wp-content\/uploads\/2026\/04\/1540-1-5.jpg\",\"contentUrl\":\"https:\/\/livrariasolmar.pt\/wp-content\/uploads\/2026\/04\/1540-1-5.jpg\",\"width\":340,\"height\":340},{\"@type\":\"WebPage\",\"@id\":\"https:\/\/livrariasolmar.pt\/produto\/matilde-e-a-girafa\/#webpage\",\"url\":\"https:\/\/livrariasolmar.pt\/produto\/matilde-e-a-girafa\/\",\"name\":\"Matilde e a Girafa - Livraria Solmar - Livraria online\",\"isPartOf\":{\"@id\":\"https:\/\/livrariasolmar.pt\/#website\"},\"primaryImageOfPage\":{\"@id\":\"https:\/\/livrariasolmar.pt\/produto\/matilde-e-a-girafa\/#primaryimage\"},\"datePublished\":\"2026-04-10T19:26:19+00:00\",\"dateModified\":\"2026-04-10T19:26:19+00:00\",\"breadcrumb\":{\"@id\":\"https:\/\/livrariasolmar.pt\/produto\/matilde-e-a-girafa\/#breadcrumb\"},\"inLanguage\":\"en-US\",\"potentialAction\":[{\"@type\":\"ReadAction\",\"target\":[\"https:\/\/livrariasolmar.pt\/produto\/matilde-e-a-girafa\/\"]}]},{\"@type\":\"BreadcrumbList\",\"@id\":\"https:\/\/livrariasolmar.pt\/produto\/matilde-e-a-girafa\/#breadcrumb\",\"itemListElement\":[{\"@type\":\"ListItem\",\"position\":1,\"name\":\"In\\u00edcio\",\"item\":\"https:\/\/livrariasolmar.pt\/en\/\"},{\"@type\":\"ListItem\",\"position\":2,\"name\":\"Shop\",\"item\":\"https:\/\/livrariasolmar.pt\/en\/shop\/\"},{\"@type\":\"ListItem\",\"position\":3,\"name\":\"Matilde e a Girafa\"}]}]}<\/script>\n<!-- \/ Yoast SEO plugin. -->","_links":{"self":[{"href":"https:\/\/livrariasolmar.pt\/en\/wp-json\/wp\/v2\/product\/11661"}],"collection":[{"href":"https:\/\/livrariasolmar.pt\/en\/wp-json\/wp\/v2\/product"}],"about":[{"href":"https:\/\/livrariasolmar.pt\/en\/wp-json\/wp\/v2\/types\/product"}],"author":[{"embeddable":true,"href":"https:\/\/livrariasolmar.pt\/en\/wp-json\/wp\/v2\/users\/2"}],"wp:featuredmedia":[{"embeddable":true,"href":"https:\/\/livrariasolmar.pt\/en\/wp-json\/wp\/v2\/media\/11662"}],"wp:attachment":[{"href":"https:\/\/livrariasolmar.pt\/en\/wp-json\/wp\/v2\/media?parent=11661"}],"wp:term":[{"taxonomy":"product_cat","embeddable":true,"href":"https:\/\/livrariasolmar.pt\/en\/wp-json\/wp\/v2\/product_cat?post=11661"},{"taxonomy":"product_tag","embeddable":true,"href":"https:\/\/livrariasolmar.pt\/en\/wp-json\/wp\/v2\/product_tag?post=11661"},{"taxonomy":"cat_produtos","embeddable":true,"href":"https:\/\/livrariasolmar.pt\/en\/wp-json\/wp\/v2\/cat_produtos?post=11661"}],"curies":[{"name":"wp","href":"https:\/\/api.w.org\/{rel}","templated":true}]}}