{"id":11664,"date":"2026-04-10T19:19:38","date_gmt":"2026-04-10T19:19:38","guid":{"rendered":"https:\/\/livrariasolmar.pt\/?post_type=product&#038;p=11664"},"modified":"2026-04-10T19:19:38","modified_gmt":"2026-04-10T19:19:38","slug":"ovos-a-solta","status":"publish","type":"product","link":"https:\/\/livrariasolmar.pt\/en\/produto\/ovos-a-solta\/","title":{"rendered":"Ovos \u00e0 Solta!"},"content":{"rendered":"","protected":false},"excerpt":{"rendered":"<p>O Ovo Bom e os seus amigos decidem fazer algo inesperado: fugir da caixa e partir \u00e0 aventura. Por entre cestas de fruta, potes de mel ou pacotes de biscoitos, todos arranjam um esconderijo perfeito pela loja. Bem, quase todos!<\/p>\n<p>O Casca fica para tr\u00e1s. Sozinho, o sil\u00eancio at\u00e9 \u00e9 agrad\u00e1vel. Afinal, estar na sua pr\u00f3pria casca \u00e9 muito confort\u00e1vel. No entanto, \u00e0 medida que o tempo passa e os amigos n\u00e3o regressam, a calma d\u00e1 lugar ao nervosismo. Dever\u00e1 ficar onde est\u00e1, ou sair da casca e ir em busca dos amigos?<\/p>\n<p>Uma hist\u00f3ria que nos lembra que sair da casca pode ser o primeiro passo para descobrir a alegria de brincar juntos.<\/p>\n","protected":false},"author":2,"featured_media":11665,"template":"","meta":[],"product_cat":[172,384],"product_tag":[],"cat_produtos":[1967],"yoast_head":"<!-- This site is optimized with the Yoast SEO plugin v16.6 - https:\/\/yoast.com\/wordpress\/plugins\/seo\/ -->\n<title>Ovos \u00e0 Solta! - Livraria Solmar - Livraria online<\/title>\n<meta name=\"robots\" content=\"index, follow, max-snippet:-1, max-image-preview:large, max-video-preview:-1\" \/>\n<link rel=\"canonical\" href=\"https:\/\/livrariasolmar.pt\/en\/produto\/ovos-a-solta\/\" \/>\n<meta property=\"og:locale\" content=\"en_US\" \/>\n<meta property=\"og:type\" content=\"article\" \/>\n<meta property=\"og:title\" content=\"Ovos \u00e0 Solta! - Livraria Solmar - Livraria online\" \/>\n<meta property=\"og:description\" content=\"O Ovo Bom e os seus amigos decidem fazer algo inesperado: fugir da caixa e partir \u00e0 aventura. Por entre cestas de fruta, potes de mel ou pacotes de biscoitos, todos arranjam um esconderijo perfeito pela loja. Bem, quase todos!  O Casca fica para tr\u00e1s. Sozinho, o sil\u00eancio at\u00e9 \u00e9 agrad\u00e1vel. Afinal, estar na sua pr\u00f3pria casca \u00e9 muito confort\u00e1vel. No entanto, \u00e0 medida que o tempo passa e os amigos n\u00e3o regressam, a calma d\u00e1 lugar ao nervosismo. Dever\u00e1 ficar onde est\u00e1, ou sair da casca e ir em busca dos amigos?  Uma hist\u00f3ria que nos lembra que sair da casca pode ser o primeiro passo para descobrir a alegria de brincar juntos.\" \/>\n<meta property=\"og:url\" content=\"https:\/\/livrariasolmar.pt\/produto\/ovos-a-solta\/\" \/>\n<meta property=\"og:site_name\" content=\"Livraria Solmar - Livraria online\" \/>\n<meta property=\"og:image\" content=\"https:\/\/livrariasolmar.pt\/wp-content\/uploads\/2026\/04\/1540-1-8.jpg\" \/>\n\t<meta property=\"og:image:width\" content=\"340\" \/>\n\t<meta property=\"og:image:height\" content=\"340\" \/>\n<meta name=\"twitter:card\" content=\"summary_large_image\" \/>\n<script type=\"application\/ld+json\" class=\"yoast-schema-graph\">{\"@context\":\"https:\/\/schema.org\",\"@graph\":[{\"@type\":\"WebSite\",\"@id\":\"https:\/\/livrariasolmar.pt\/#website\",\"url\":\"https:\/\/livrariasolmar.pt\/\",\"name\":\"Livraria Solmar - Livraria online\",\"description\":\"Com\\u00e9rcio Livros E Objetos De Arte, Lda - Ponta Delgada, A\\u00e7ores\",\"potentialAction\":[{\"@type\":\"SearchAction\",\"target\":{\"@type\":\"EntryPoint\",\"urlTemplate\":\"https:\/\/livrariasolmar.pt\/?s={search_term_string}\"},\"query-input\":\"required name=search_term_string\"}],\"inLanguage\":\"en-US\"},{\"@type\":\"ImageObject\",\"@id\":\"https:\/\/livrariasolmar.pt\/produto\/ovos-a-solta\/#primaryimage\",\"inLanguage\":\"en-US\",\"url\":\"https:\/\/livrariasolmar.pt\/wp-content\/uploads\/2026\/04\/1540-1-8.jpg\",\"contentUrl\":\"https:\/\/livrariasolmar.pt\/wp-content\/uploads\/2026\/04\/1540-1-8.jpg\",\"width\":340,\"height\":340},{\"@type\":\"WebPage\",\"@id\":\"https:\/\/livrariasolmar.pt\/produto\/ovos-a-solta\/#webpage\",\"url\":\"https:\/\/livrariasolmar.pt\/produto\/ovos-a-solta\/\",\"name\":\"Ovos \\u00e0 Solta! - Livraria Solmar - Livraria online\",\"isPartOf\":{\"@id\":\"https:\/\/livrariasolmar.pt\/#website\"},\"primaryImageOfPage\":{\"@id\":\"https:\/\/livrariasolmar.pt\/produto\/ovos-a-solta\/#primaryimage\"},\"datePublished\":\"2026-04-10T19:19:38+00:00\",\"dateModified\":\"2026-04-10T19:19:38+00:00\",\"breadcrumb\":{\"@id\":\"https:\/\/livrariasolmar.pt\/produto\/ovos-a-solta\/#breadcrumb\"},\"inLanguage\":\"en-US\",\"potentialAction\":[{\"@type\":\"ReadAction\",\"target\":[\"https:\/\/livrariasolmar.pt\/produto\/ovos-a-solta\/\"]}]},{\"@type\":\"BreadcrumbList\",\"@id\":\"https:\/\/livrariasolmar.pt\/produto\/ovos-a-solta\/#breadcrumb\",\"itemListElement\":[{\"@type\":\"ListItem\",\"position\":1,\"name\":\"In\\u00edcio\",\"item\":\"https:\/\/livrariasolmar.pt\/en\/\"},{\"@type\":\"ListItem\",\"position\":2,\"name\":\"Shop\",\"item\":\"https:\/\/livrariasolmar.pt\/en\/shop\/\"},{\"@type\":\"ListItem\",\"position\":3,\"name\":\"Ovos \\u00e0 Solta!\"}]}]}<\/script>\n<!-- \/ Yoast SEO plugin. -->","_links":{"self":[{"href":"https:\/\/livrariasolmar.pt\/en\/wp-json\/wp\/v2\/product\/11664"}],"collection":[{"href":"https:\/\/livrariasolmar.pt\/en\/wp-json\/wp\/v2\/product"}],"about":[{"href":"https:\/\/livrariasolmar.pt\/en\/wp-json\/wp\/v2\/types\/product"}],"author":[{"embeddable":true,"href":"https:\/\/livrariasolmar.pt\/en\/wp-json\/wp\/v2\/users\/2"}],"wp:featuredmedia":[{"embeddable":true,"href":"https:\/\/livrariasolmar.pt\/en\/wp-json\/wp\/v2\/media\/11665"}],"wp:attachment":[{"href":"https:\/\/livrariasolmar.pt\/en\/wp-json\/wp\/v2\/media?parent=11664"}],"wp:term":[{"taxonomy":"product_cat","embeddable":true,"href":"https:\/\/livrariasolmar.pt\/en\/wp-json\/wp\/v2\/product_cat?post=11664"},{"taxonomy":"product_tag","embeddable":true,"href":"https:\/\/livrariasolmar.pt\/en\/wp-json\/wp\/v2\/product_tag?post=11664"},{"taxonomy":"cat_produtos","embeddable":true,"href":"https:\/\/livrariasolmar.pt\/en\/wp-json\/wp\/v2\/cat_produtos?post=11664"}],"curies":[{"name":"wp","href":"https:\/\/api.w.org\/{rel}","templated":true}]}}