{"id":11667,"date":"2026-04-11T17:19:58","date_gmt":"2026-04-11T17:19:58","guid":{"rendered":"https:\/\/livrariasolmar.pt\/?post_type=product&#038;p=11667"},"modified":"2026-04-11T17:19:58","modified_gmt":"2026-04-11T17:19:58","slug":"classicos-ilustrados-mulherzinhas","status":"publish","type":"product","link":"https:\/\/livrariasolmar.pt\/en\/produto\/classicos-ilustrados-mulherzinhas\/","title":{"rendered":"Cl\u00e1ssicos Ilustrados: Mulherzinhas"},"content":{"rendered":"","protected":false},"excerpt":{"rendered":"<p>As irm\u00e3s Meg, Jo, Amy e Beth s\u00e3o muito unidas, apesar das diferentes personalidades e dos pequenos mal-entendidos do dia a dia.<\/p>\n<p>O advento da guerra, por\u00e9m, amea\u00e7a a serenidade da fam\u00edlia, obrigando-as a enfrentar n\u00e3o s\u00f3 os desafios t\u00edpicos da adolesc\u00eancia, mas tamb\u00e9m acontecimentos graves que acabar\u00e3o por uni-las ainda mais!<\/p>\n<p>Um dos cl\u00e1ssicos mais acarinhados do mundo \u00e9 reinterpretado nas p\u00e1ginas deste livro, perfeito para os pequenos leitores que procuram uma aventura intemporal!<\/p>\n","protected":false},"author":2,"featured_media":11670,"template":"","meta":[],"product_cat":[172,384],"product_tag":[],"cat_produtos":[1968],"yoast_head":"<!-- This site is optimized with the Yoast SEO plugin v16.6 - https:\/\/yoast.com\/wordpress\/plugins\/seo\/ -->\n<title>Cl\u00e1ssicos Ilustrados: Mulherzinhas - Livraria Solmar - Livraria online<\/title>\n<meta name=\"robots\" content=\"index, follow, max-snippet:-1, max-image-preview:large, max-video-preview:-1\" \/>\n<link rel=\"canonical\" href=\"https:\/\/livrariasolmar.pt\/en\/produto\/classicos-ilustrados-mulherzinhas\/\" \/>\n<meta property=\"og:locale\" content=\"en_US\" \/>\n<meta property=\"og:type\" content=\"article\" \/>\n<meta property=\"og:title\" content=\"Cl\u00e1ssicos Ilustrados: Mulherzinhas - Livraria Solmar - Livraria online\" \/>\n<meta property=\"og:description\" content=\"As irm\u00e3s Meg, Jo, Amy e Beth s\u00e3o muito unidas, apesar das diferentes personalidades e dos pequenos mal-entendidos do dia a dia.  O advento da guerra, por\u00e9m, amea\u00e7a a serenidade da fam\u00edlia, obrigando-as a enfrentar n\u00e3o s\u00f3 os desafios t\u00edpicos da adolesc\u00eancia, mas tamb\u00e9m acontecimentos graves que acabar\u00e3o por uni-las ainda mais!  Um dos cl\u00e1ssicos mais acarinhados do mundo \u00e9 reinterpretado nas p\u00e1ginas deste livro, perfeito para os pequenos leitores que procuram uma aventura intemporal!\" \/>\n<meta property=\"og:url\" content=\"https:\/\/livrariasolmar.pt\/produto\/classicos-ilustrados-mulherzinhas\/\" \/>\n<meta property=\"og:site_name\" content=\"Livraria Solmar - Livraria online\" \/>\n<meta property=\"og:image\" content=\"https:\/\/livrariasolmar.pt\/wp-content\/uploads\/2026\/04\/8788807-topshot.jpg\" \/>\n\t<meta property=\"og:image:width\" content=\"2000\" \/>\n\t<meta property=\"og:image:height\" content=\"2000\" \/>\n<meta name=\"twitter:card\" content=\"summary_large_image\" \/>\n<script type=\"application\/ld+json\" class=\"yoast-schema-graph\">{\"@context\":\"https:\/\/schema.org\",\"@graph\":[{\"@type\":\"WebSite\",\"@id\":\"https:\/\/livrariasolmar.pt\/#website\",\"url\":\"https:\/\/livrariasolmar.pt\/\",\"name\":\"Livraria Solmar - Livraria online\",\"description\":\"Com\\u00e9rcio Livros E Objetos De Arte, Lda - Ponta Delgada, A\\u00e7ores\",\"potentialAction\":[{\"@type\":\"SearchAction\",\"target\":{\"@type\":\"EntryPoint\",\"urlTemplate\":\"https:\/\/livrariasolmar.pt\/?s={search_term_string}\"},\"query-input\":\"required name=search_term_string\"}],\"inLanguage\":\"en-US\"},{\"@type\":\"ImageObject\",\"@id\":\"https:\/\/livrariasolmar.pt\/produto\/classicos-ilustrados-mulherzinhas\/#primaryimage\",\"inLanguage\":\"en-US\",\"url\":\"https:\/\/livrariasolmar.pt\/wp-content\/uploads\/2026\/04\/8788807-topshot.jpg\",\"contentUrl\":\"https:\/\/livrariasolmar.pt\/wp-content\/uploads\/2026\/04\/8788807-topshot.jpg\",\"width\":2000,\"height\":2000},{\"@type\":\"WebPage\",\"@id\":\"https:\/\/livrariasolmar.pt\/produto\/classicos-ilustrados-mulherzinhas\/#webpage\",\"url\":\"https:\/\/livrariasolmar.pt\/produto\/classicos-ilustrados-mulherzinhas\/\",\"name\":\"Cl\\u00e1ssicos Ilustrados: Mulherzinhas - Livraria Solmar - Livraria online\",\"isPartOf\":{\"@id\":\"https:\/\/livrariasolmar.pt\/#website\"},\"primaryImageOfPage\":{\"@id\":\"https:\/\/livrariasolmar.pt\/produto\/classicos-ilustrados-mulherzinhas\/#primaryimage\"},\"datePublished\":\"2026-04-11T17:19:58+00:00\",\"dateModified\":\"2026-04-11T17:19:58+00:00\",\"breadcrumb\":{\"@id\":\"https:\/\/livrariasolmar.pt\/produto\/classicos-ilustrados-mulherzinhas\/#breadcrumb\"},\"inLanguage\":\"en-US\",\"potentialAction\":[{\"@type\":\"ReadAction\",\"target\":[\"https:\/\/livrariasolmar.pt\/produto\/classicos-ilustrados-mulherzinhas\/\"]}]},{\"@type\":\"BreadcrumbList\",\"@id\":\"https:\/\/livrariasolmar.pt\/produto\/classicos-ilustrados-mulherzinhas\/#breadcrumb\",\"itemListElement\":[{\"@type\":\"ListItem\",\"position\":1,\"name\":\"In\\u00edcio\",\"item\":\"https:\/\/livrariasolmar.pt\/en\/\"},{\"@type\":\"ListItem\",\"position\":2,\"name\":\"Shop\",\"item\":\"https:\/\/livrariasolmar.pt\/en\/shop\/\"},{\"@type\":\"ListItem\",\"position\":3,\"name\":\"Cl\\u00e1ssicos Ilustrados: Mulherzinhas\"}]}]}<\/script>\n<!-- \/ Yoast SEO plugin. -->","_links":{"self":[{"href":"https:\/\/livrariasolmar.pt\/en\/wp-json\/wp\/v2\/product\/11667"}],"collection":[{"href":"https:\/\/livrariasolmar.pt\/en\/wp-json\/wp\/v2\/product"}],"about":[{"href":"https:\/\/livrariasolmar.pt\/en\/wp-json\/wp\/v2\/types\/product"}],"author":[{"embeddable":true,"href":"https:\/\/livrariasolmar.pt\/en\/wp-json\/wp\/v2\/users\/2"}],"wp:featuredmedia":[{"embeddable":true,"href":"https:\/\/livrariasolmar.pt\/en\/wp-json\/wp\/v2\/media\/11670"}],"wp:attachment":[{"href":"https:\/\/livrariasolmar.pt\/en\/wp-json\/wp\/v2\/media?parent=11667"}],"wp:term":[{"taxonomy":"product_cat","embeddable":true,"href":"https:\/\/livrariasolmar.pt\/en\/wp-json\/wp\/v2\/product_cat?post=11667"},{"taxonomy":"product_tag","embeddable":true,"href":"https:\/\/livrariasolmar.pt\/en\/wp-json\/wp\/v2\/product_tag?post=11667"},{"taxonomy":"cat_produtos","embeddable":true,"href":"https:\/\/livrariasolmar.pt\/en\/wp-json\/wp\/v2\/cat_produtos?post=11667"}],"curies":[{"name":"wp","href":"https:\/\/api.w.org\/{rel}","templated":true}]}}