{"id":11675,"date":"2026-04-11T17:31:05","date_gmt":"2026-04-11T17:31:05","guid":{"rendered":"https:\/\/livrariasolmar.pt\/?post_type=product&#038;p=11675"},"modified":"2026-04-11T17:31:06","modified_gmt":"2026-04-11T17:31:06","slug":"anne-frank","status":"publish","type":"product","link":"https:\/\/livrariasolmar.pt\/en\/produto\/anne-frank\/","title":{"rendered":"Anne Frank"},"content":{"rendered":"","protected":false},"excerpt":{"rendered":"<p>Meninas pequenas, grandes sonhos \u00e9 uma colec\u00e7\u00e3o de contos sobre algumas das mulheres mais importantes da nossa hist\u00f3ria, para que as crian\u00e7as de hoje saibam quem foram e o que alcan\u00e7aram com a sua determina\u00e7\u00e3o.<\/p>\n<p>Anne Frank viveu um momento tr\u00e1gico e excecional da hist\u00f3ria do mundo, mas nunca perdeu a esperan\u00e7a e alimentou sempre o seu maior sonho: ser escritora.<\/p>\n<p>Hoje, \u00e9 por esse sonho tornado realidade que a conhecemos.<\/p>\n","protected":false},"author":2,"featured_media":11676,"template":"","meta":[],"product_cat":[172],"product_tag":[],"cat_produtos":[1970],"yoast_head":"<!-- This site is optimized with the Yoast SEO plugin v16.6 - https:\/\/yoast.com\/wordpress\/plugins\/seo\/ -->\n<title>Anne Frank - Livraria Solmar - Livraria online<\/title>\n<meta name=\"robots\" content=\"index, follow, max-snippet:-1, max-image-preview:large, max-video-preview:-1\" \/>\n<link rel=\"canonical\" href=\"https:\/\/livrariasolmar.pt\/en\/produto\/anne-frank\/\" \/>\n<meta property=\"og:locale\" content=\"en_US\" \/>\n<meta property=\"og:type\" content=\"article\" \/>\n<meta property=\"og:title\" content=\"Anne Frank - Livraria Solmar - Livraria online\" \/>\n<meta property=\"og:description\" content=\"Meninas pequenas, grandes sonhos \u00e9 uma colec\u00e7\u00e3o de contos sobre algumas das mulheres mais importantes da nossa hist\u00f3ria, para que as crian\u00e7as de hoje saibam quem foram e o que alcan\u00e7aram com a sua determina\u00e7\u00e3o.  Anne Frank viveu um momento tr\u00e1gico e excecional da hist\u00f3ria do mundo, mas nunca perdeu a esperan\u00e7a e alimentou sempre o seu maior sonho: ser escritora.  Hoje, \u00e9 por esse sonho tornado realidade que a conhecemos.\" \/>\n<meta property=\"og:url\" content=\"https:\/\/livrariasolmar.pt\/produto\/anne-frank\/\" \/>\n<meta property=\"og:site_name\" content=\"Livraria Solmar - Livraria online\" \/>\n<meta property=\"article:modified_time\" content=\"2026-04-11T17:31:06+00:00\" \/>\n<meta property=\"og:image\" content=\"https:\/\/livrariasolmar.pt\/wp-content\/uploads\/2026\/04\/1540-1-2-1.jpg\" \/>\n\t<meta property=\"og:image:width\" content=\"340\" \/>\n\t<meta property=\"og:image:height\" content=\"340\" \/>\n<meta name=\"twitter:card\" content=\"summary_large_image\" \/>\n<script type=\"application\/ld+json\" class=\"yoast-schema-graph\">{\"@context\":\"https:\/\/schema.org\",\"@graph\":[{\"@type\":\"WebSite\",\"@id\":\"https:\/\/livrariasolmar.pt\/#website\",\"url\":\"https:\/\/livrariasolmar.pt\/\",\"name\":\"Livraria Solmar - Livraria online\",\"description\":\"Com\\u00e9rcio Livros E Objetos De Arte, Lda - Ponta Delgada, A\\u00e7ores\",\"potentialAction\":[{\"@type\":\"SearchAction\",\"target\":{\"@type\":\"EntryPoint\",\"urlTemplate\":\"https:\/\/livrariasolmar.pt\/?s={search_term_string}\"},\"query-input\":\"required name=search_term_string\"}],\"inLanguage\":\"en-US\"},{\"@type\":\"ImageObject\",\"@id\":\"https:\/\/livrariasolmar.pt\/produto\/anne-frank\/#primaryimage\",\"inLanguage\":\"en-US\",\"url\":\"https:\/\/livrariasolmar.pt\/wp-content\/uploads\/2026\/04\/1540-1-2-1.jpg\",\"contentUrl\":\"https:\/\/livrariasolmar.pt\/wp-content\/uploads\/2026\/04\/1540-1-2-1.jpg\",\"width\":340,\"height\":340},{\"@type\":\"WebPage\",\"@id\":\"https:\/\/livrariasolmar.pt\/produto\/anne-frank\/#webpage\",\"url\":\"https:\/\/livrariasolmar.pt\/produto\/anne-frank\/\",\"name\":\"Anne Frank - Livraria Solmar - Livraria online\",\"isPartOf\":{\"@id\":\"https:\/\/livrariasolmar.pt\/#website\"},\"primaryImageOfPage\":{\"@id\":\"https:\/\/livrariasolmar.pt\/produto\/anne-frank\/#primaryimage\"},\"datePublished\":\"2026-04-11T17:31:05+00:00\",\"dateModified\":\"2026-04-11T17:31:06+00:00\",\"breadcrumb\":{\"@id\":\"https:\/\/livrariasolmar.pt\/produto\/anne-frank\/#breadcrumb\"},\"inLanguage\":\"en-US\",\"potentialAction\":[{\"@type\":\"ReadAction\",\"target\":[\"https:\/\/livrariasolmar.pt\/produto\/anne-frank\/\"]}]},{\"@type\":\"BreadcrumbList\",\"@id\":\"https:\/\/livrariasolmar.pt\/produto\/anne-frank\/#breadcrumb\",\"itemListElement\":[{\"@type\":\"ListItem\",\"position\":1,\"name\":\"In\\u00edcio\",\"item\":\"https:\/\/livrariasolmar.pt\/en\/\"},{\"@type\":\"ListItem\",\"position\":2,\"name\":\"Shop\",\"item\":\"https:\/\/livrariasolmar.pt\/en\/shop\/\"},{\"@type\":\"ListItem\",\"position\":3,\"name\":\"Anne Frank\"}]}]}<\/script>\n<!-- \/ Yoast SEO plugin. -->","_links":{"self":[{"href":"https:\/\/livrariasolmar.pt\/en\/wp-json\/wp\/v2\/product\/11675"}],"collection":[{"href":"https:\/\/livrariasolmar.pt\/en\/wp-json\/wp\/v2\/product"}],"about":[{"href":"https:\/\/livrariasolmar.pt\/en\/wp-json\/wp\/v2\/types\/product"}],"author":[{"embeddable":true,"href":"https:\/\/livrariasolmar.pt\/en\/wp-json\/wp\/v2\/users\/2"}],"wp:featuredmedia":[{"embeddable":true,"href":"https:\/\/livrariasolmar.pt\/en\/wp-json\/wp\/v2\/media\/11676"}],"wp:attachment":[{"href":"https:\/\/livrariasolmar.pt\/en\/wp-json\/wp\/v2\/media?parent=11675"}],"wp:term":[{"taxonomy":"product_cat","embeddable":true,"href":"https:\/\/livrariasolmar.pt\/en\/wp-json\/wp\/v2\/product_cat?post=11675"},{"taxonomy":"product_tag","embeddable":true,"href":"https:\/\/livrariasolmar.pt\/en\/wp-json\/wp\/v2\/product_tag?post=11675"},{"taxonomy":"cat_produtos","embeddable":true,"href":"https:\/\/livrariasolmar.pt\/en\/wp-json\/wp\/v2\/cat_produtos?post=11675"}],"curies":[{"name":"wp","href":"https:\/\/api.w.org\/{rel}","templated":true}]}}