{"id":11678,"date":"2026-04-11T17:41:01","date_gmt":"2026-04-11T17:41:01","guid":{"rendered":"https:\/\/livrariasolmar.pt\/?post_type=product&#038;p=11678"},"modified":"2026-04-11T17:41:01","modified_gmt":"2026-04-11T17:41:01","slug":"david-attenborough","status":"publish","type":"product","link":"https:\/\/livrariasolmar.pt\/en\/produto\/david-attenborough\/","title":{"rendered":"David Attenborough"},"content":{"rendered":"","protected":false},"excerpt":{"rendered":"<p>David Attenborough, o inspirador conservacionista e apresentador de televis\u00e3o, cresceu em Leicester, no campus de uma universidade onde o seu pai foi professor. Em crian\u00e7a, passou horas na biblioteca de ci\u00eancias, reunindo os seus pr\u00f3prios esp\u00e9cimes e criando um minimuseu de animais.<\/p>\n<p>Quando tinha idade suficiente para ir para a universidade, estoudou Ci\u00eancia e Zoologia &#8211; mas o que ele queria mais do que tudo era estar perto dos animais que estudava. Foi ent\u00e3o que come\u00e7ou a trabalhar na televis\u00e3o, visitando animais nos seus habitats naturais e contando ao mundo as hist\u00f3rias desses animais.<\/p>\n<p>Um livro comovente com ilustra\u00e7\u00f5es encantadoras e informa\u00e7\u00f5es extras da vida do apresentador.<\/p>\n","protected":false},"author":2,"featured_media":11679,"template":"","meta":[],"product_cat":[172],"product_tag":[],"cat_produtos":[1971],"yoast_head":"<!-- This site is optimized with the Yoast SEO plugin v16.6 - https:\/\/yoast.com\/wordpress\/plugins\/seo\/ -->\n<title>David Attenborough - Livraria Solmar - Livraria online<\/title>\n<meta name=\"robots\" content=\"index, follow, max-snippet:-1, max-image-preview:large, max-video-preview:-1\" \/>\n<link rel=\"canonical\" href=\"https:\/\/livrariasolmar.pt\/en\/produto\/david-attenborough\/\" \/>\n<meta property=\"og:locale\" content=\"en_US\" \/>\n<meta property=\"og:type\" content=\"article\" \/>\n<meta property=\"og:title\" content=\"David Attenborough - Livraria Solmar - Livraria online\" \/>\n<meta property=\"og:description\" content=\"David Attenborough, o inspirador conservacionista e apresentador de televis\u00e3o, cresceu em Leicester, no campus de uma universidade onde o seu pai foi professor. Em crian\u00e7a, passou horas na biblioteca de ci\u00eancias, reunindo os seus pr\u00f3prios esp\u00e9cimes e criando um minimuseu de animais.  Quando tinha idade suficiente para ir para a universidade, estoudou Ci\u00eancia e Zoologia - mas o que ele queria mais do que tudo era estar perto dos animais que estudava. Foi ent\u00e3o que come\u00e7ou a trabalhar na televis\u00e3o, visitando animais nos seus habitats naturais e contando ao mundo as hist\u00f3rias desses animais.  Um livro comovente com ilustra\u00e7\u00f5es encantadoras e informa\u00e7\u00f5es extras da vida do apresentador.\" \/>\n<meta property=\"og:url\" content=\"https:\/\/livrariasolmar.pt\/produto\/david-attenborough\/\" \/>\n<meta property=\"og:site_name\" content=\"Livraria Solmar - Livraria online\" \/>\n<meta property=\"og:image\" content=\"https:\/\/livrariasolmar.pt\/wp-content\/uploads\/2026\/04\/1507-1-1-1.jpg\" \/>\n\t<meta property=\"og:image:width\" content=\"400\" \/>\n\t<meta property=\"og:image:height\" content=\"495\" \/>\n<meta name=\"twitter:card\" content=\"summary_large_image\" \/>\n<script type=\"application\/ld+json\" class=\"yoast-schema-graph\">{\"@context\":\"https:\/\/schema.org\",\"@graph\":[{\"@type\":\"WebSite\",\"@id\":\"https:\/\/livrariasolmar.pt\/#website\",\"url\":\"https:\/\/livrariasolmar.pt\/\",\"name\":\"Livraria Solmar - Livraria online\",\"description\":\"Com\\u00e9rcio Livros E Objetos De Arte, Lda - Ponta Delgada, A\\u00e7ores\",\"potentialAction\":[{\"@type\":\"SearchAction\",\"target\":{\"@type\":\"EntryPoint\",\"urlTemplate\":\"https:\/\/livrariasolmar.pt\/?s={search_term_string}\"},\"query-input\":\"required name=search_term_string\"}],\"inLanguage\":\"en-US\"},{\"@type\":\"ImageObject\",\"@id\":\"https:\/\/livrariasolmar.pt\/produto\/david-attenborough\/#primaryimage\",\"inLanguage\":\"en-US\",\"url\":\"https:\/\/livrariasolmar.pt\/wp-content\/uploads\/2026\/04\/1507-1-1-1.jpg\",\"contentUrl\":\"https:\/\/livrariasolmar.pt\/wp-content\/uploads\/2026\/04\/1507-1-1-1.jpg\",\"width\":400,\"height\":495},{\"@type\":\"WebPage\",\"@id\":\"https:\/\/livrariasolmar.pt\/produto\/david-attenborough\/#webpage\",\"url\":\"https:\/\/livrariasolmar.pt\/produto\/david-attenborough\/\",\"name\":\"David Attenborough - Livraria Solmar - Livraria online\",\"isPartOf\":{\"@id\":\"https:\/\/livrariasolmar.pt\/#website\"},\"primaryImageOfPage\":{\"@id\":\"https:\/\/livrariasolmar.pt\/produto\/david-attenborough\/#primaryimage\"},\"datePublished\":\"2026-04-11T17:41:01+00:00\",\"dateModified\":\"2026-04-11T17:41:01+00:00\",\"breadcrumb\":{\"@id\":\"https:\/\/livrariasolmar.pt\/produto\/david-attenborough\/#breadcrumb\"},\"inLanguage\":\"en-US\",\"potentialAction\":[{\"@type\":\"ReadAction\",\"target\":[\"https:\/\/livrariasolmar.pt\/produto\/david-attenborough\/\"]}]},{\"@type\":\"BreadcrumbList\",\"@id\":\"https:\/\/livrariasolmar.pt\/produto\/david-attenborough\/#breadcrumb\",\"itemListElement\":[{\"@type\":\"ListItem\",\"position\":1,\"name\":\"In\\u00edcio\",\"item\":\"https:\/\/livrariasolmar.pt\/en\/\"},{\"@type\":\"ListItem\",\"position\":2,\"name\":\"Shop\",\"item\":\"https:\/\/livrariasolmar.pt\/en\/shop\/\"},{\"@type\":\"ListItem\",\"position\":3,\"name\":\"David Attenborough\"}]}]}<\/script>\n<!-- \/ Yoast SEO plugin. -->","_links":{"self":[{"href":"https:\/\/livrariasolmar.pt\/en\/wp-json\/wp\/v2\/product\/11678"}],"collection":[{"href":"https:\/\/livrariasolmar.pt\/en\/wp-json\/wp\/v2\/product"}],"about":[{"href":"https:\/\/livrariasolmar.pt\/en\/wp-json\/wp\/v2\/types\/product"}],"author":[{"embeddable":true,"href":"https:\/\/livrariasolmar.pt\/en\/wp-json\/wp\/v2\/users\/2"}],"wp:featuredmedia":[{"embeddable":true,"href":"https:\/\/livrariasolmar.pt\/en\/wp-json\/wp\/v2\/media\/11679"}],"wp:attachment":[{"href":"https:\/\/livrariasolmar.pt\/en\/wp-json\/wp\/v2\/media?parent=11678"}],"wp:term":[{"taxonomy":"product_cat","embeddable":true,"href":"https:\/\/livrariasolmar.pt\/en\/wp-json\/wp\/v2\/product_cat?post=11678"},{"taxonomy":"product_tag","embeddable":true,"href":"https:\/\/livrariasolmar.pt\/en\/wp-json\/wp\/v2\/product_tag?post=11678"},{"taxonomy":"cat_produtos","embeddable":true,"href":"https:\/\/livrariasolmar.pt\/en\/wp-json\/wp\/v2\/cat_produtos?post=11678"}],"curies":[{"name":"wp","href":"https:\/\/api.w.org\/{rel}","templated":true}]}}