{"id":11681,"date":"2026-04-11T17:46:54","date_gmt":"2026-04-11T17:46:54","guid":{"rendered":"https:\/\/livrariasolmar.pt\/?post_type=product&#038;p=11681"},"modified":"2026-04-11T17:46:54","modified_gmt":"2026-04-11T17:46:54","slug":"nelson-mandela","status":"publish","type":"product","link":"https:\/\/livrariasolmar.pt\/en\/produto\/nelson-mandela\/","title":{"rendered":"Nelson Mandela"},"content":{"rendered":"","protected":false},"excerpt":{"rendered":"<p>O pequeno Nelson cresceu sofrendo na pele as divis\u00f5es raciais na \u00c1frica do Sul e o tratamento injusto do seu povo. J\u00e1 adulto, protestou veementemente contra o Apartheid, um sistema que separava as pessoas com base na cor da sua pele. At\u00e9 que, um dia, foi preso.<\/p>\n<p>Apesar da sua longa caminhada para a liberdade, o Nelson nunca desistiu da luta pela justi\u00e7a e pela igualdade. Foi o primeiro presidente Negro da \u00c1frica do Sul, tornando-se um \u00edcone mundial.<\/p>\n","protected":false},"author":2,"featured_media":11682,"template":"","meta":[],"product_cat":[172],"product_tag":[],"cat_produtos":[1972],"yoast_head":"<!-- This site is optimized with the Yoast SEO plugin v16.6 - https:\/\/yoast.com\/wordpress\/plugins\/seo\/ -->\n<title>Nelson Mandela - Livraria Solmar - Livraria online<\/title>\n<meta name=\"robots\" content=\"index, follow, max-snippet:-1, max-image-preview:large, max-video-preview:-1\" \/>\n<link rel=\"canonical\" href=\"https:\/\/livrariasolmar.pt\/en\/produto\/nelson-mandela\/\" \/>\n<meta property=\"og:locale\" content=\"en_US\" \/>\n<meta property=\"og:type\" content=\"article\" \/>\n<meta property=\"og:title\" content=\"Nelson Mandela - Livraria Solmar - Livraria online\" \/>\n<meta property=\"og:description\" content=\"O pequeno Nelson cresceu sofrendo na pele as divis\u00f5es raciais na \u00c1frica do Sul e o tratamento injusto do seu povo. J\u00e1 adulto, protestou veementemente contra o Apartheid, um sistema que separava as pessoas com base na cor da sua pele. At\u00e9 que, um dia, foi preso.  Apesar da sua longa caminhada para a liberdade, o Nelson nunca desistiu da luta pela justi\u00e7a e pela igualdade. Foi o primeiro presidente Negro da \u00c1frica do Sul, tornando-se um \u00edcone mundial.\" \/>\n<meta property=\"og:url\" content=\"https:\/\/livrariasolmar.pt\/produto\/nelson-mandela\/\" \/>\n<meta property=\"og:site_name\" content=\"Livraria Solmar - Livraria online\" \/>\n<meta property=\"og:image\" content=\"https:\/\/livrariasolmar.pt\/wp-content\/uploads\/2026\/04\/1540-1-2-2.jpg\" \/>\n\t<meta property=\"og:image:width\" content=\"340\" \/>\n\t<meta property=\"og:image:height\" content=\"340\" \/>\n<meta name=\"twitter:card\" content=\"summary_large_image\" \/>\n<script type=\"application\/ld+json\" class=\"yoast-schema-graph\">{\"@context\":\"https:\/\/schema.org\",\"@graph\":[{\"@type\":\"WebSite\",\"@id\":\"https:\/\/livrariasolmar.pt\/#website\",\"url\":\"https:\/\/livrariasolmar.pt\/\",\"name\":\"Livraria Solmar - Livraria online\",\"description\":\"Com\\u00e9rcio Livros E Objetos De Arte, Lda - Ponta Delgada, A\\u00e7ores\",\"potentialAction\":[{\"@type\":\"SearchAction\",\"target\":{\"@type\":\"EntryPoint\",\"urlTemplate\":\"https:\/\/livrariasolmar.pt\/?s={search_term_string}\"},\"query-input\":\"required name=search_term_string\"}],\"inLanguage\":\"en-US\"},{\"@type\":\"ImageObject\",\"@id\":\"https:\/\/livrariasolmar.pt\/produto\/nelson-mandela\/#primaryimage\",\"inLanguage\":\"en-US\",\"url\":\"https:\/\/livrariasolmar.pt\/wp-content\/uploads\/2026\/04\/1540-1-2-2.jpg\",\"contentUrl\":\"https:\/\/livrariasolmar.pt\/wp-content\/uploads\/2026\/04\/1540-1-2-2.jpg\",\"width\":340,\"height\":340},{\"@type\":\"WebPage\",\"@id\":\"https:\/\/livrariasolmar.pt\/produto\/nelson-mandela\/#webpage\",\"url\":\"https:\/\/livrariasolmar.pt\/produto\/nelson-mandela\/\",\"name\":\"Nelson Mandela - Livraria Solmar - Livraria online\",\"isPartOf\":{\"@id\":\"https:\/\/livrariasolmar.pt\/#website\"},\"primaryImageOfPage\":{\"@id\":\"https:\/\/livrariasolmar.pt\/produto\/nelson-mandela\/#primaryimage\"},\"datePublished\":\"2026-04-11T17:46:54+00:00\",\"dateModified\":\"2026-04-11T17:46:54+00:00\",\"breadcrumb\":{\"@id\":\"https:\/\/livrariasolmar.pt\/produto\/nelson-mandela\/#breadcrumb\"},\"inLanguage\":\"en-US\",\"potentialAction\":[{\"@type\":\"ReadAction\",\"target\":[\"https:\/\/livrariasolmar.pt\/produto\/nelson-mandela\/\"]}]},{\"@type\":\"BreadcrumbList\",\"@id\":\"https:\/\/livrariasolmar.pt\/produto\/nelson-mandela\/#breadcrumb\",\"itemListElement\":[{\"@type\":\"ListItem\",\"position\":1,\"name\":\"In\\u00edcio\",\"item\":\"https:\/\/livrariasolmar.pt\/en\/\"},{\"@type\":\"ListItem\",\"position\":2,\"name\":\"Shop\",\"item\":\"https:\/\/livrariasolmar.pt\/en\/shop\/\"},{\"@type\":\"ListItem\",\"position\":3,\"name\":\"Nelson Mandela\"}]}]}<\/script>\n<!-- \/ Yoast SEO plugin. -->","_links":{"self":[{"href":"https:\/\/livrariasolmar.pt\/en\/wp-json\/wp\/v2\/product\/11681"}],"collection":[{"href":"https:\/\/livrariasolmar.pt\/en\/wp-json\/wp\/v2\/product"}],"about":[{"href":"https:\/\/livrariasolmar.pt\/en\/wp-json\/wp\/v2\/types\/product"}],"author":[{"embeddable":true,"href":"https:\/\/livrariasolmar.pt\/en\/wp-json\/wp\/v2\/users\/2"}],"wp:featuredmedia":[{"embeddable":true,"href":"https:\/\/livrariasolmar.pt\/en\/wp-json\/wp\/v2\/media\/11682"}],"wp:attachment":[{"href":"https:\/\/livrariasolmar.pt\/en\/wp-json\/wp\/v2\/media?parent=11681"}],"wp:term":[{"taxonomy":"product_cat","embeddable":true,"href":"https:\/\/livrariasolmar.pt\/en\/wp-json\/wp\/v2\/product_cat?post=11681"},{"taxonomy":"product_tag","embeddable":true,"href":"https:\/\/livrariasolmar.pt\/en\/wp-json\/wp\/v2\/product_tag?post=11681"},{"taxonomy":"cat_produtos","embeddable":true,"href":"https:\/\/livrariasolmar.pt\/en\/wp-json\/wp\/v2\/cat_produtos?post=11681"}],"curies":[{"name":"wp","href":"https:\/\/api.w.org\/{rel}","templated":true}]}}