{"id":11684,"date":"2026-04-11T17:57:33","date_gmt":"2026-04-11T17:57:33","guid":{"rendered":"https:\/\/livrariasolmar.pt\/?post_type=product&#038;p=11684"},"modified":"2026-04-11T17:57:33","modified_gmt":"2026-04-11T17:57:33","slug":"arquivo-dos-medos-inuteis","status":"publish","type":"product","link":"https:\/\/livrariasolmar.pt\/en\/produto\/arquivo-dos-medos-inuteis\/","title":{"rendered":"Arquivo dos Medos (In)\u00dateis"},"content":{"rendered":"","protected":false},"excerpt":{"rendered":"<p>Um livro po\u00e9tico e delicado sobre os medos que carregamos \u2014 pequenos, estranhos, invis\u00edveis \u2014 e que, no fundo, todos partilhamos.<\/p>\n<p>O\u00a0<i>Arquivo dos Medos (In)\u00dateis<\/i>\u00a0convida-nos a abrir o nosso pr\u00f3prio\u00a0<i>arquivo<\/i>\u00a0interior, a olhar de frente para aquilo que nos assusta e a descobrir que, quando o medo \u00e9 partilhado, perde o seu poder.<\/p>\n<p>Com as ilustra\u00e7\u00f5es art\u00edsticas e sens\u00edveis de Pauline Cremer, esta obra transforma a vulnerabilidade em empatia e o medo em for\u00e7a.<\/p>\n","protected":false},"author":2,"featured_media":11687,"template":"","meta":[],"product_cat":[172,384],"product_tag":[],"cat_produtos":[1973],"yoast_head":"<!-- This site is optimized with the Yoast SEO plugin v16.6 - https:\/\/yoast.com\/wordpress\/plugins\/seo\/ -->\n<title>Arquivo dos Medos (In)\u00dateis - Livraria Solmar - Livraria online<\/title>\n<meta name=\"robots\" content=\"index, follow, max-snippet:-1, max-image-preview:large, max-video-preview:-1\" \/>\n<link rel=\"canonical\" href=\"https:\/\/livrariasolmar.pt\/en\/produto\/arquivo-dos-medos-inuteis\/\" \/>\n<meta property=\"og:locale\" content=\"en_US\" \/>\n<meta property=\"og:type\" content=\"article\" \/>\n<meta property=\"og:title\" content=\"Arquivo dos Medos (In)\u00dateis - Livraria Solmar - Livraria online\" \/>\n<meta property=\"og:description\" content=\"Um livro po\u00e9tico e delicado sobre os medos que carregamos \u2014 pequenos, estranhos, invis\u00edveis \u2014 e que, no fundo, todos partilhamos.  O\u00a0Arquivo dos Medos (In)\u00dateis\u00a0convida-nos a abrir o nosso pr\u00f3prio\u00a0arquivo\u00a0interior, a olhar de frente para aquilo que nos assusta e a descobrir que, quando o medo \u00e9 partilhado, perde o seu poder.  Com as ilustra\u00e7\u00f5es art\u00edsticas e sens\u00edveis de Pauline Cremer, esta obra transforma a vulnerabilidade em empatia e o medo em for\u00e7a.\" \/>\n<meta property=\"og:url\" content=\"https:\/\/livrariasolmar.pt\/produto\/arquivo-dos-medos-inuteis\/\" \/>\n<meta property=\"og:site_name\" content=\"Livraria Solmar - Livraria online\" \/>\n<meta property=\"og:image\" content=\"https:\/\/livrariasolmar.pt\/wp-content\/uploads\/2026\/04\/8788902-topshot.jpg\" \/>\n\t<meta property=\"og:image:width\" content=\"2000\" \/>\n\t<meta property=\"og:image:height\" content=\"2000\" \/>\n<meta name=\"twitter:card\" content=\"summary_large_image\" \/>\n<script type=\"application\/ld+json\" class=\"yoast-schema-graph\">{\"@context\":\"https:\/\/schema.org\",\"@graph\":[{\"@type\":\"WebSite\",\"@id\":\"https:\/\/livrariasolmar.pt\/#website\",\"url\":\"https:\/\/livrariasolmar.pt\/\",\"name\":\"Livraria Solmar - Livraria online\",\"description\":\"Com\\u00e9rcio Livros E Objetos De Arte, Lda - Ponta Delgada, A\\u00e7ores\",\"potentialAction\":[{\"@type\":\"SearchAction\",\"target\":{\"@type\":\"EntryPoint\",\"urlTemplate\":\"https:\/\/livrariasolmar.pt\/?s={search_term_string}\"},\"query-input\":\"required name=search_term_string\"}],\"inLanguage\":\"en-US\"},{\"@type\":\"ImageObject\",\"@id\":\"https:\/\/livrariasolmar.pt\/produto\/arquivo-dos-medos-inuteis\/#primaryimage\",\"inLanguage\":\"en-US\",\"url\":\"https:\/\/livrariasolmar.pt\/wp-content\/uploads\/2026\/04\/8788902-topshot.jpg\",\"contentUrl\":\"https:\/\/livrariasolmar.pt\/wp-content\/uploads\/2026\/04\/8788902-topshot.jpg\",\"width\":2000,\"height\":2000},{\"@type\":\"WebPage\",\"@id\":\"https:\/\/livrariasolmar.pt\/produto\/arquivo-dos-medos-inuteis\/#webpage\",\"url\":\"https:\/\/livrariasolmar.pt\/produto\/arquivo-dos-medos-inuteis\/\",\"name\":\"Arquivo dos Medos (In)\\u00dateis - Livraria Solmar - Livraria online\",\"isPartOf\":{\"@id\":\"https:\/\/livrariasolmar.pt\/#website\"},\"primaryImageOfPage\":{\"@id\":\"https:\/\/livrariasolmar.pt\/produto\/arquivo-dos-medos-inuteis\/#primaryimage\"},\"datePublished\":\"2026-04-11T17:57:33+00:00\",\"dateModified\":\"2026-04-11T17:57:33+00:00\",\"breadcrumb\":{\"@id\":\"https:\/\/livrariasolmar.pt\/produto\/arquivo-dos-medos-inuteis\/#breadcrumb\"},\"inLanguage\":\"en-US\",\"potentialAction\":[{\"@type\":\"ReadAction\",\"target\":[\"https:\/\/livrariasolmar.pt\/produto\/arquivo-dos-medos-inuteis\/\"]}]},{\"@type\":\"BreadcrumbList\",\"@id\":\"https:\/\/livrariasolmar.pt\/produto\/arquivo-dos-medos-inuteis\/#breadcrumb\",\"itemListElement\":[{\"@type\":\"ListItem\",\"position\":1,\"name\":\"In\\u00edcio\",\"item\":\"https:\/\/livrariasolmar.pt\/en\/\"},{\"@type\":\"ListItem\",\"position\":2,\"name\":\"Shop\",\"item\":\"https:\/\/livrariasolmar.pt\/en\/shop\/\"},{\"@type\":\"ListItem\",\"position\":3,\"name\":\"Arquivo dos Medos (In)\\u00dateis\"}]}]}<\/script>\n<!-- \/ Yoast SEO plugin. -->","_links":{"self":[{"href":"https:\/\/livrariasolmar.pt\/en\/wp-json\/wp\/v2\/product\/11684"}],"collection":[{"href":"https:\/\/livrariasolmar.pt\/en\/wp-json\/wp\/v2\/product"}],"about":[{"href":"https:\/\/livrariasolmar.pt\/en\/wp-json\/wp\/v2\/types\/product"}],"author":[{"embeddable":true,"href":"https:\/\/livrariasolmar.pt\/en\/wp-json\/wp\/v2\/users\/2"}],"wp:featuredmedia":[{"embeddable":true,"href":"https:\/\/livrariasolmar.pt\/en\/wp-json\/wp\/v2\/media\/11687"}],"wp:attachment":[{"href":"https:\/\/livrariasolmar.pt\/en\/wp-json\/wp\/v2\/media?parent=11684"}],"wp:term":[{"taxonomy":"product_cat","embeddable":true,"href":"https:\/\/livrariasolmar.pt\/en\/wp-json\/wp\/v2\/product_cat?post=11684"},{"taxonomy":"product_tag","embeddable":true,"href":"https:\/\/livrariasolmar.pt\/en\/wp-json\/wp\/v2\/product_tag?post=11684"},{"taxonomy":"cat_produtos","embeddable":true,"href":"https:\/\/livrariasolmar.pt\/en\/wp-json\/wp\/v2\/cat_produtos?post=11684"}],"curies":[{"name":"wp","href":"https:\/\/api.w.org\/{rel}","templated":true}]}}