{"id":11689,"date":"2026-04-11T18:20:19","date_gmt":"2026-04-11T18:20:19","guid":{"rendered":"https:\/\/livrariasolmar.pt\/?post_type=product&#038;p=11689"},"modified":"2026-04-11T18:20:19","modified_gmt":"2026-04-11T18:20:19","slug":"todos-podemos-voar","status":"publish","type":"product","link":"https:\/\/livrariasolmar.pt\/en\/produto\/todos-podemos-voar\/","title":{"rendered":"Todos Podemos Voar"},"content":{"rendered":"","protected":false},"excerpt":{"rendered":"<p>Uma hist\u00f3ria delicada e poderosa sobre aquilo que nos torna \u00fanicos<\/p>\n<p>O Tom\u00e1s parece um rapaz normal, com uma vida normal, que gosta de fazer coisas normais&#8230; At\u00e9 ao dia em que um segredo se revela: o Tom\u00e1s tem asas. Asas que tenta esconder, por medo de ser diferente. Mas, por entre quedas, tentativas e sonhos, aprende que aceitar quem somos \u00e9 o primeiro passo para descobrir tudo aquilo de que somos capazes.<\/p>\n<p>Uma narrativa profundamente inspiradora, acompanhada de magn\u00edficas ilustra\u00e7\u00f5es, que fala sobre identidade, coragem, empatia e diversidade, mostrando que todos temos asas, talentos e sonhos \u00fanicos.<\/p>\n","protected":false},"author":2,"featured_media":11690,"template":"","meta":[],"product_cat":[172,384],"product_tag":[],"cat_produtos":[1974],"yoast_head":"<!-- This site is optimized with the Yoast SEO plugin v16.6 - https:\/\/yoast.com\/wordpress\/plugins\/seo\/ -->\n<title>Todos Podemos Voar - Livraria Solmar - Livraria online<\/title>\n<meta name=\"robots\" content=\"index, follow, max-snippet:-1, max-image-preview:large, max-video-preview:-1\" \/>\n<link rel=\"canonical\" href=\"https:\/\/livrariasolmar.pt\/en\/produto\/todos-podemos-voar\/\" \/>\n<meta property=\"og:locale\" content=\"en_US\" \/>\n<meta property=\"og:type\" content=\"article\" \/>\n<meta property=\"og:title\" content=\"Todos Podemos Voar - Livraria Solmar - Livraria online\" \/>\n<meta property=\"og:description\" content=\"Uma hist\u00f3ria delicada e poderosa sobre aquilo que nos torna \u00fanicos  O Tom\u00e1s parece um rapaz normal, com uma vida normal, que gosta de fazer coisas normais... At\u00e9 ao dia em que um segredo se revela: o Tom\u00e1s tem asas. Asas que tenta esconder, por medo de ser diferente. Mas, por entre quedas, tentativas e sonhos, aprende que aceitar quem somos \u00e9 o primeiro passo para descobrir tudo aquilo de que somos capazes.  Uma narrativa profundamente inspiradora, acompanhada de magn\u00edficas ilustra\u00e7\u00f5es, que fala sobre identidade, coragem, empatia e diversidade, mostrando que todos temos asas, talentos e sonhos \u00fanicos.\" \/>\n<meta property=\"og:url\" content=\"https:\/\/livrariasolmar.pt\/produto\/todos-podemos-voar\/\" \/>\n<meta property=\"og:site_name\" content=\"Livraria Solmar - Livraria online\" \/>\n<meta property=\"og:image\" content=\"https:\/\/livrariasolmar.pt\/wp-content\/uploads\/2026\/04\/8782223-topshot.jpg\" \/>\n\t<meta property=\"og:image:width\" content=\"2000\" \/>\n\t<meta property=\"og:image:height\" content=\"2000\" \/>\n<meta name=\"twitter:card\" content=\"summary_large_image\" \/>\n<script type=\"application\/ld+json\" class=\"yoast-schema-graph\">{\"@context\":\"https:\/\/schema.org\",\"@graph\":[{\"@type\":\"WebSite\",\"@id\":\"https:\/\/livrariasolmar.pt\/#website\",\"url\":\"https:\/\/livrariasolmar.pt\/\",\"name\":\"Livraria Solmar - Livraria online\",\"description\":\"Com\\u00e9rcio Livros E Objetos De Arte, Lda - Ponta Delgada, A\\u00e7ores\",\"potentialAction\":[{\"@type\":\"SearchAction\",\"target\":{\"@type\":\"EntryPoint\",\"urlTemplate\":\"https:\/\/livrariasolmar.pt\/?s={search_term_string}\"},\"query-input\":\"required name=search_term_string\"}],\"inLanguage\":\"en-US\"},{\"@type\":\"ImageObject\",\"@id\":\"https:\/\/livrariasolmar.pt\/produto\/todos-podemos-voar\/#primaryimage\",\"inLanguage\":\"en-US\",\"url\":\"https:\/\/livrariasolmar.pt\/wp-content\/uploads\/2026\/04\/8782223-topshot.jpg\",\"contentUrl\":\"https:\/\/livrariasolmar.pt\/wp-content\/uploads\/2026\/04\/8782223-topshot.jpg\",\"width\":2000,\"height\":2000},{\"@type\":\"WebPage\",\"@id\":\"https:\/\/livrariasolmar.pt\/produto\/todos-podemos-voar\/#webpage\",\"url\":\"https:\/\/livrariasolmar.pt\/produto\/todos-podemos-voar\/\",\"name\":\"Todos Podemos Voar - Livraria Solmar - Livraria online\",\"isPartOf\":{\"@id\":\"https:\/\/livrariasolmar.pt\/#website\"},\"primaryImageOfPage\":{\"@id\":\"https:\/\/livrariasolmar.pt\/produto\/todos-podemos-voar\/#primaryimage\"},\"datePublished\":\"2026-04-11T18:20:19+00:00\",\"dateModified\":\"2026-04-11T18:20:19+00:00\",\"breadcrumb\":{\"@id\":\"https:\/\/livrariasolmar.pt\/produto\/todos-podemos-voar\/#breadcrumb\"},\"inLanguage\":\"en-US\",\"potentialAction\":[{\"@type\":\"ReadAction\",\"target\":[\"https:\/\/livrariasolmar.pt\/produto\/todos-podemos-voar\/\"]}]},{\"@type\":\"BreadcrumbList\",\"@id\":\"https:\/\/livrariasolmar.pt\/produto\/todos-podemos-voar\/#breadcrumb\",\"itemListElement\":[{\"@type\":\"ListItem\",\"position\":1,\"name\":\"In\\u00edcio\",\"item\":\"https:\/\/livrariasolmar.pt\/en\/\"},{\"@type\":\"ListItem\",\"position\":2,\"name\":\"Shop\",\"item\":\"https:\/\/livrariasolmar.pt\/en\/shop\/\"},{\"@type\":\"ListItem\",\"position\":3,\"name\":\"Todos Podemos Voar\"}]}]}<\/script>\n<!-- \/ Yoast SEO plugin. -->","_links":{"self":[{"href":"https:\/\/livrariasolmar.pt\/en\/wp-json\/wp\/v2\/product\/11689"}],"collection":[{"href":"https:\/\/livrariasolmar.pt\/en\/wp-json\/wp\/v2\/product"}],"about":[{"href":"https:\/\/livrariasolmar.pt\/en\/wp-json\/wp\/v2\/types\/product"}],"author":[{"embeddable":true,"href":"https:\/\/livrariasolmar.pt\/en\/wp-json\/wp\/v2\/users\/2"}],"wp:featuredmedia":[{"embeddable":true,"href":"https:\/\/livrariasolmar.pt\/en\/wp-json\/wp\/v2\/media\/11690"}],"wp:attachment":[{"href":"https:\/\/livrariasolmar.pt\/en\/wp-json\/wp\/v2\/media?parent=11689"}],"wp:term":[{"taxonomy":"product_cat","embeddable":true,"href":"https:\/\/livrariasolmar.pt\/en\/wp-json\/wp\/v2\/product_cat?post=11689"},{"taxonomy":"product_tag","embeddable":true,"href":"https:\/\/livrariasolmar.pt\/en\/wp-json\/wp\/v2\/product_tag?post=11689"},{"taxonomy":"cat_produtos","embeddable":true,"href":"https:\/\/livrariasolmar.pt\/en\/wp-json\/wp\/v2\/cat_produtos?post=11689"}],"curies":[{"name":"wp","href":"https:\/\/api.w.org\/{rel}","templated":true}]}}