{"id":11692,"date":"2026-04-11T18:14:48","date_gmt":"2026-04-11T18:14:48","guid":{"rendered":"https:\/\/livrariasolmar.pt\/?post_type=product&#038;p=11692"},"modified":"2026-04-11T18:14:48","modified_gmt":"2026-04-11T18:14:48","slug":"misterios-da-natureza-a-descoberta-dos-ciclos-e-segredos-do-mundo-natural","status":"publish","type":"product","link":"https:\/\/livrariasolmar.pt\/en\/produto\/misterios-da-natureza-a-descoberta-dos-ciclos-e-segredos-do-mundo-natural\/","title":{"rendered":"Mist\u00e9rios da Natureza: \u00c0 descoberta dos ciclos e segredos do mundo natural"},"content":{"rendered":"","protected":false},"excerpt":{"rendered":"<p>Tal como as crian\u00e7as est\u00e3o a crescer, a passar de crian\u00e7as a adultos, tudo no nosso mundo natural est\u00e1 em constante mudan\u00e7a. Desde min\u00fasculas sementes que d\u00e3o origem a \u00e1rvores gigantescas, \u00e0 \u00e1gua que evapora e cai sob a forma de chuva, cada transforma\u00e7\u00e3o faz parte de um ciclo cont\u00ednuo.<\/p>\n<p>Este livro convida crian\u00e7as e adultos a explorarem juntos os ciclos da natureza.<\/p>\n<p>Com linguagem acess\u00edvel, esquemas coloridos e ilustra\u00e7\u00f5es envolventes, o livro revela como as esta\u00e7\u00f5es, o clima e os ecossistemas se conectam num mundo cheio de vida e transforma\u00e7\u00e3o.<\/p>\n<p>Tem um conte\u00fado interdisciplinar: integra ci\u00eancia, ecologia e observa\u00e7\u00e3o da natureza de forma envolvente e educativa. Incentiva o respeito \u00e0 natureza e a consci\u00eancia ambiental desde cedo.<\/p>\n<p>Com acabamento de luxo e ilustra\u00e7\u00f5es encantadoras, \u00e9 o presente ideal para despertar o interesse pela ci\u00eancia e o amor pela natureza.<\/p>\n","protected":false},"author":2,"featured_media":11693,"template":"","meta":[],"product_cat":[384],"product_tag":[],"cat_produtos":[1975],"yoast_head":"<!-- This site is optimized with the Yoast SEO plugin v16.6 - https:\/\/yoast.com\/wordpress\/plugins\/seo\/ -->\n<title>Mist\u00e9rios da Natureza: \u00c0 descoberta dos ciclos e segredos do mundo natural - Livraria Solmar - Livraria online<\/title>\n<meta name=\"robots\" content=\"index, follow, max-snippet:-1, max-image-preview:large, max-video-preview:-1\" \/>\n<link rel=\"canonical\" href=\"https:\/\/livrariasolmar.pt\/en\/produto\/misterios-da-natureza-a-descoberta-dos-ciclos-e-segredos-do-mundo-natural\/\" \/>\n<meta property=\"og:locale\" content=\"en_US\" \/>\n<meta property=\"og:type\" content=\"article\" \/>\n<meta property=\"og:title\" content=\"Mist\u00e9rios da Natureza: \u00c0 descoberta dos ciclos e segredos do mundo natural - Livraria Solmar - Livraria online\" \/>\n<meta property=\"og:description\" content=\"Tal como as crian\u00e7as est\u00e3o a crescer, a passar de crian\u00e7as a adultos, tudo no nosso mundo natural est\u00e1 em constante mudan\u00e7a. Desde min\u00fasculas sementes que d\u00e3o origem a \u00e1rvores gigantescas, \u00e0 \u00e1gua que evapora e cai sob a forma de chuva, cada transforma\u00e7\u00e3o faz parte de um ciclo cont\u00ednuo.  Este livro convida crian\u00e7as e adultos a explorarem juntos os ciclos da natureza.  Com linguagem acess\u00edvel, esquemas coloridos e ilustra\u00e7\u00f5es envolventes, o livro revela como as esta\u00e7\u00f5es, o clima e os ecossistemas se conectam num mundo cheio de vida e transforma\u00e7\u00e3o.  Tem um conte\u00fado interdisciplinar: integra ci\u00eancia, ecologia e observa\u00e7\u00e3o da natureza de forma envolvente e educativa. Incentiva o respeito \u00e0 natureza e a consci\u00eancia ambiental desde cedo.  Com acabamento de luxo e ilustra\u00e7\u00f5es encantadoras, \u00e9 o presente ideal para despertar o interesse pela ci\u00eancia e o amor pela natureza.\" \/>\n<meta property=\"og:url\" content=\"https:\/\/livrariasolmar.pt\/produto\/misterios-da-natureza-a-descoberta-dos-ciclos-e-segredos-do-mundo-natural\/\" \/>\n<meta property=\"og:site_name\" content=\"Livraria Solmar - Livraria online\" \/>\n<meta property=\"og:image\" content=\"https:\/\/livrariasolmar.pt\/wp-content\/uploads\/2026\/04\/8773614-topshot.jpg\" \/>\n\t<meta property=\"og:image:width\" content=\"2000\" \/>\n\t<meta property=\"og:image:height\" content=\"2000\" \/>\n<meta name=\"twitter:card\" content=\"summary_large_image\" \/>\n<script type=\"application\/ld+json\" class=\"yoast-schema-graph\">{\"@context\":\"https:\/\/schema.org\",\"@graph\":[{\"@type\":\"WebSite\",\"@id\":\"https:\/\/livrariasolmar.pt\/#website\",\"url\":\"https:\/\/livrariasolmar.pt\/\",\"name\":\"Livraria Solmar - Livraria online\",\"description\":\"Com\\u00e9rcio Livros E Objetos De Arte, Lda - Ponta Delgada, A\\u00e7ores\",\"potentialAction\":[{\"@type\":\"SearchAction\",\"target\":{\"@type\":\"EntryPoint\",\"urlTemplate\":\"https:\/\/livrariasolmar.pt\/?s={search_term_string}\"},\"query-input\":\"required name=search_term_string\"}],\"inLanguage\":\"en-US\"},{\"@type\":\"ImageObject\",\"@id\":\"https:\/\/livrariasolmar.pt\/produto\/misterios-da-natureza-a-descoberta-dos-ciclos-e-segredos-do-mundo-natural\/#primaryimage\",\"inLanguage\":\"en-US\",\"url\":\"https:\/\/livrariasolmar.pt\/wp-content\/uploads\/2026\/04\/8773614-topshot.jpg\",\"contentUrl\":\"https:\/\/livrariasolmar.pt\/wp-content\/uploads\/2026\/04\/8773614-topshot.jpg\",\"width\":2000,\"height\":2000},{\"@type\":\"WebPage\",\"@id\":\"https:\/\/livrariasolmar.pt\/produto\/misterios-da-natureza-a-descoberta-dos-ciclos-e-segredos-do-mundo-natural\/#webpage\",\"url\":\"https:\/\/livrariasolmar.pt\/produto\/misterios-da-natureza-a-descoberta-dos-ciclos-e-segredos-do-mundo-natural\/\",\"name\":\"Mist\\u00e9rios da Natureza: \\u00c0 descoberta dos ciclos e segredos do mundo natural - Livraria Solmar - Livraria online\",\"isPartOf\":{\"@id\":\"https:\/\/livrariasolmar.pt\/#website\"},\"primaryImageOfPage\":{\"@id\":\"https:\/\/livrariasolmar.pt\/produto\/misterios-da-natureza-a-descoberta-dos-ciclos-e-segredos-do-mundo-natural\/#primaryimage\"},\"datePublished\":\"2026-04-11T18:14:48+00:00\",\"dateModified\":\"2026-04-11T18:14:48+00:00\",\"breadcrumb\":{\"@id\":\"https:\/\/livrariasolmar.pt\/produto\/misterios-da-natureza-a-descoberta-dos-ciclos-e-segredos-do-mundo-natural\/#breadcrumb\"},\"inLanguage\":\"en-US\",\"potentialAction\":[{\"@type\":\"ReadAction\",\"target\":[\"https:\/\/livrariasolmar.pt\/produto\/misterios-da-natureza-a-descoberta-dos-ciclos-e-segredos-do-mundo-natural\/\"]}]},{\"@type\":\"BreadcrumbList\",\"@id\":\"https:\/\/livrariasolmar.pt\/produto\/misterios-da-natureza-a-descoberta-dos-ciclos-e-segredos-do-mundo-natural\/#breadcrumb\",\"itemListElement\":[{\"@type\":\"ListItem\",\"position\":1,\"name\":\"In\\u00edcio\",\"item\":\"https:\/\/livrariasolmar.pt\/en\/\"},{\"@type\":\"ListItem\",\"position\":2,\"name\":\"Shop\",\"item\":\"https:\/\/livrariasolmar.pt\/en\/shop\/\"},{\"@type\":\"ListItem\",\"position\":3,\"name\":\"Mist\\u00e9rios da Natureza: \\u00c0 descoberta dos ciclos e segredos do mundo natural\"}]}]}<\/script>\n<!-- \/ Yoast SEO plugin. -->","_links":{"self":[{"href":"https:\/\/livrariasolmar.pt\/en\/wp-json\/wp\/v2\/product\/11692"}],"collection":[{"href":"https:\/\/livrariasolmar.pt\/en\/wp-json\/wp\/v2\/product"}],"about":[{"href":"https:\/\/livrariasolmar.pt\/en\/wp-json\/wp\/v2\/types\/product"}],"author":[{"embeddable":true,"href":"https:\/\/livrariasolmar.pt\/en\/wp-json\/wp\/v2\/users\/2"}],"wp:featuredmedia":[{"embeddable":true,"href":"https:\/\/livrariasolmar.pt\/en\/wp-json\/wp\/v2\/media\/11693"}],"wp:attachment":[{"href":"https:\/\/livrariasolmar.pt\/en\/wp-json\/wp\/v2\/media?parent=11692"}],"wp:term":[{"taxonomy":"product_cat","embeddable":true,"href":"https:\/\/livrariasolmar.pt\/en\/wp-json\/wp\/v2\/product_cat?post=11692"},{"taxonomy":"product_tag","embeddable":true,"href":"https:\/\/livrariasolmar.pt\/en\/wp-json\/wp\/v2\/product_tag?post=11692"},{"taxonomy":"cat_produtos","embeddable":true,"href":"https:\/\/livrariasolmar.pt\/en\/wp-json\/wp\/v2\/cat_produtos?post=11692"}],"curies":[{"name":"wp","href":"https:\/\/api.w.org\/{rel}","templated":true}]}}