{"id":11696,"date":"2026-04-12T15:11:03","date_gmt":"2026-04-12T15:11:03","guid":{"rendered":"https:\/\/livrariasolmar.pt\/?post_type=product&#038;p=11696"},"modified":"2026-04-12T15:11:04","modified_gmt":"2026-04-12T15:11:04","slug":"o-gato-dos-sete-nomes","status":"publish","type":"product","link":"https:\/\/livrariasolmar.pt\/en\/produto\/o-gato-dos-sete-nomes\/","title":{"rendered":"O Gato dos Sete Nomes"},"content":{"rendered":"","protected":false},"excerpt":{"rendered":"<p>Esta hist\u00f3ria come\u00e7a com um gatinho de seis semanas, de nariz sujo, olhos verdes brilhantes e pelo preto eri\u00e7ado, a vaguear sozinho, \u00e0 chuva, pelas ruas de uma cidade.<\/p>\n<p>N\u00e3o sabe aonde o levar\u00e1 o seu percurso ou com quem se cruzar\u00e1, mas s\u00e3o muitas as hist\u00f3rias e as pessoas que j\u00e1 o esperam, para juntos percorrerem esse caminho: a jovem Matilde, v\u00edtima de\u00a0<i>bullying<\/i>\u00a0pelos colegas de escola; Diana e Paolo, almas solit\u00e1rias destinadas a unir-se; M\u00e1rio, um estafeta que ficou sem emprego e sem casa; Demir, um rapaz de cora\u00e7\u00e3o enorme e grandes sonhos; Teresa, uma idosa que precisa de companhia; e Elena, uma mulher com uma carreira brilhante, mas infeliz.<\/p>\n<p>Para eles, o protagonista desta f\u00e1bula ser\u00e1 o fiel companheiro que lhes trar\u00e1 conforto nos momentos dif\u00edceis, a presen\u00e7a que os ajudar\u00e1 a encontrar coragem para dar aquele passo importante, o amigo em quem poder\u00e3o confiar nos momentos de solid\u00e3o. Mas ele n\u00e3o sabe tudo isto, porque ainda \u00e9 um gatinho e isto \u00e9 apenas o come\u00e7o. O come\u00e7o da hist\u00f3ria do gato dos sete nomes.<\/p>\n","protected":false},"author":2,"featured_media":11697,"template":"","meta":[],"product_cat":[477],"product_tag":[],"cat_produtos":[1976],"yoast_head":"<!-- This site is optimized with the Yoast SEO plugin v16.6 - https:\/\/yoast.com\/wordpress\/plugins\/seo\/ -->\n<title>O Gato dos Sete Nomes - Livraria Solmar - Livraria online<\/title>\n<meta name=\"robots\" content=\"index, follow, max-snippet:-1, max-image-preview:large, max-video-preview:-1\" \/>\n<link rel=\"canonical\" href=\"https:\/\/livrariasolmar.pt\/en\/produto\/o-gato-dos-sete-nomes\/\" \/>\n<meta property=\"og:locale\" content=\"en_US\" \/>\n<meta property=\"og:type\" content=\"article\" \/>\n<meta property=\"og:title\" content=\"O Gato dos Sete Nomes - Livraria Solmar - Livraria online\" \/>\n<meta property=\"og:description\" content=\"Esta hist\u00f3ria come\u00e7a com um gatinho de seis semanas, de nariz sujo, olhos verdes brilhantes e pelo preto eri\u00e7ado, a vaguear sozinho, \u00e0 chuva, pelas ruas de uma cidade.  N\u00e3o sabe aonde o levar\u00e1 o seu percurso ou com quem se cruzar\u00e1, mas s\u00e3o muitas as hist\u00f3rias e as pessoas que j\u00e1 o esperam, para juntos percorrerem esse caminho: a jovem Matilde, v\u00edtima de\u00a0bullying\u00a0pelos colegas de escola; Diana e Paolo, almas solit\u00e1rias destinadas a unir-se; M\u00e1rio, um estafeta que ficou sem emprego e sem casa; Demir, um rapaz de cora\u00e7\u00e3o enorme e grandes sonhos; Teresa, uma idosa que precisa de companhia; e Elena, uma mulher com uma carreira brilhante, mas infeliz.  Para eles, o protagonista desta f\u00e1bula ser\u00e1 o fiel companheiro que lhes trar\u00e1 conforto nos momentos dif\u00edceis, a presen\u00e7a que os ajudar\u00e1 a encontrar coragem para dar aquele passo importante, o amigo em quem poder\u00e3o confiar nos momentos de solid\u00e3o. Mas ele n\u00e3o sabe tudo isto, porque ainda \u00e9 um gatinho e isto \u00e9 apenas o come\u00e7o. O come\u00e7o da hist\u00f3ria do gato dos sete nomes.\" \/>\n<meta property=\"og:url\" content=\"https:\/\/livrariasolmar.pt\/produto\/o-gato-dos-sete-nomes\/\" \/>\n<meta property=\"og:site_name\" content=\"Livraria Solmar - Livraria online\" \/>\n<meta property=\"article:modified_time\" content=\"2026-04-12T15:11:04+00:00\" \/>\n<meta property=\"og:image\" content=\"https:\/\/livrariasolmar.pt\/wp-content\/uploads\/2026\/04\/1540-1-2-3.jpg\" \/>\n\t<meta property=\"og:image:width\" content=\"340\" \/>\n\t<meta property=\"og:image:height\" content=\"340\" \/>\n<meta name=\"twitter:card\" content=\"summary_large_image\" \/>\n<script type=\"application\/ld+json\" class=\"yoast-schema-graph\">{\"@context\":\"https:\/\/schema.org\",\"@graph\":[{\"@type\":\"WebSite\",\"@id\":\"https:\/\/livrariasolmar.pt\/#website\",\"url\":\"https:\/\/livrariasolmar.pt\/\",\"name\":\"Livraria Solmar - Livraria online\",\"description\":\"Com\\u00e9rcio Livros E Objetos De Arte, Lda - Ponta Delgada, A\\u00e7ores\",\"potentialAction\":[{\"@type\":\"SearchAction\",\"target\":{\"@type\":\"EntryPoint\",\"urlTemplate\":\"https:\/\/livrariasolmar.pt\/?s={search_term_string}\"},\"query-input\":\"required name=search_term_string\"}],\"inLanguage\":\"en-US\"},{\"@type\":\"ImageObject\",\"@id\":\"https:\/\/livrariasolmar.pt\/produto\/o-gato-dos-sete-nomes\/#primaryimage\",\"inLanguage\":\"en-US\",\"url\":\"https:\/\/livrariasolmar.pt\/wp-content\/uploads\/2026\/04\/1540-1-2-3.jpg\",\"contentUrl\":\"https:\/\/livrariasolmar.pt\/wp-content\/uploads\/2026\/04\/1540-1-2-3.jpg\",\"width\":340,\"height\":340},{\"@type\":\"WebPage\",\"@id\":\"https:\/\/livrariasolmar.pt\/produto\/o-gato-dos-sete-nomes\/#webpage\",\"url\":\"https:\/\/livrariasolmar.pt\/produto\/o-gato-dos-sete-nomes\/\",\"name\":\"O Gato dos Sete Nomes - Livraria Solmar - Livraria online\",\"isPartOf\":{\"@id\":\"https:\/\/livrariasolmar.pt\/#website\"},\"primaryImageOfPage\":{\"@id\":\"https:\/\/livrariasolmar.pt\/produto\/o-gato-dos-sete-nomes\/#primaryimage\"},\"datePublished\":\"2026-04-12T15:11:03+00:00\",\"dateModified\":\"2026-04-12T15:11:04+00:00\",\"breadcrumb\":{\"@id\":\"https:\/\/livrariasolmar.pt\/produto\/o-gato-dos-sete-nomes\/#breadcrumb\"},\"inLanguage\":\"en-US\",\"potentialAction\":[{\"@type\":\"ReadAction\",\"target\":[\"https:\/\/livrariasolmar.pt\/produto\/o-gato-dos-sete-nomes\/\"]}]},{\"@type\":\"BreadcrumbList\",\"@id\":\"https:\/\/livrariasolmar.pt\/produto\/o-gato-dos-sete-nomes\/#breadcrumb\",\"itemListElement\":[{\"@type\":\"ListItem\",\"position\":1,\"name\":\"In\\u00edcio\",\"item\":\"https:\/\/livrariasolmar.pt\/en\/\"},{\"@type\":\"ListItem\",\"position\":2,\"name\":\"Shop\",\"item\":\"https:\/\/livrariasolmar.pt\/en\/shop\/\"},{\"@type\":\"ListItem\",\"position\":3,\"name\":\"O Gato dos Sete Nomes\"}]}]}<\/script>\n<!-- \/ Yoast SEO plugin. -->","_links":{"self":[{"href":"https:\/\/livrariasolmar.pt\/en\/wp-json\/wp\/v2\/product\/11696"}],"collection":[{"href":"https:\/\/livrariasolmar.pt\/en\/wp-json\/wp\/v2\/product"}],"about":[{"href":"https:\/\/livrariasolmar.pt\/en\/wp-json\/wp\/v2\/types\/product"}],"author":[{"embeddable":true,"href":"https:\/\/livrariasolmar.pt\/en\/wp-json\/wp\/v2\/users\/2"}],"wp:featuredmedia":[{"embeddable":true,"href":"https:\/\/livrariasolmar.pt\/en\/wp-json\/wp\/v2\/media\/11697"}],"wp:attachment":[{"href":"https:\/\/livrariasolmar.pt\/en\/wp-json\/wp\/v2\/media?parent=11696"}],"wp:term":[{"taxonomy":"product_cat","embeddable":true,"href":"https:\/\/livrariasolmar.pt\/en\/wp-json\/wp\/v2\/product_cat?post=11696"},{"taxonomy":"product_tag","embeddable":true,"href":"https:\/\/livrariasolmar.pt\/en\/wp-json\/wp\/v2\/product_tag?post=11696"},{"taxonomy":"cat_produtos","embeddable":true,"href":"https:\/\/livrariasolmar.pt\/en\/wp-json\/wp\/v2\/cat_produtos?post=11696"}],"curies":[{"name":"wp","href":"https:\/\/api.w.org\/{rel}","templated":true}]}}