{"id":11705,"date":"2026-04-16T16:25:26","date_gmt":"2026-04-16T16:25:26","guid":{"rendered":"https:\/\/livrariasolmar.pt\/?post_type=product&#038;p=11705"},"modified":"2026-04-16T16:25:27","modified_gmt":"2026-04-16T16:25:27","slug":"a-montanha-e-a-nuvem","status":"publish","type":"product","link":"https:\/\/livrariasolmar.pt\/en\/produto\/a-montanha-e-a-nuvem\/","title":{"rendered":"A Montanha e a Nuvem"},"content":{"rendered":"","protected":false},"excerpt":{"rendered":"<p>A Montanha e a Nuvem s\u00e3o as Melhores amigas. Elas fazem tudo juntas! Quando uma enorme tempestade leva a Nuvem para muito, muito longe, elas sentem-se perdidas uma sem a outra. Conseguir\u00e3o as duas amigas enfrentar os seus medos para encontrarem o caminho que as leva de volta uma at\u00e9 \u00e0 outra?<\/p>\n<p>Um \u00e1lbum belissimamente ilustrado que explora tem\u00e1ticas muito relevantes para o desenvolvimento emocional das crian\u00e7as: saber lidar com as preocupa\u00e7\u00f5es e enfrentar obst\u00e1culos, valorizar a amizade e os la\u00e7os que nos unem aos que amamos, ser resiliente e nunca perder a esperan\u00e7a.<\/p>\n<p>Um livro que explora as paisagens naturais e as transforma\u00e7\u00f5es f\u00edsicas e emocionais que acontecem na nossa vida.<br \/>\nImperd\u00edvel!<\/p>\n","protected":false},"author":2,"featured_media":11706,"template":"","meta":[],"product_cat":[384],"product_tag":[],"cat_produtos":[1977],"yoast_head":"<!-- This site is optimized with the Yoast SEO plugin v16.6 - https:\/\/yoast.com\/wordpress\/plugins\/seo\/ -->\n<title>A Montanha e a Nuvem - Livraria Solmar - Livraria online<\/title>\n<meta name=\"robots\" content=\"index, follow, max-snippet:-1, max-image-preview:large, max-video-preview:-1\" \/>\n<link rel=\"canonical\" href=\"https:\/\/livrariasolmar.pt\/en\/produto\/a-montanha-e-a-nuvem\/\" \/>\n<meta property=\"og:locale\" content=\"en_US\" \/>\n<meta property=\"og:type\" content=\"article\" \/>\n<meta property=\"og:title\" content=\"A Montanha e a Nuvem - Livraria Solmar - Livraria online\" \/>\n<meta property=\"og:description\" content=\"A Montanha e a Nuvem s\u00e3o as Melhores amigas. Elas fazem tudo juntas! Quando uma enorme tempestade leva a Nuvem para muito, muito longe, elas sentem-se perdidas uma sem a outra. Conseguir\u00e3o as duas amigas enfrentar os seus medos para encontrarem o caminho que as leva de volta uma at\u00e9 \u00e0 outra?  Um \u00e1lbum belissimamente ilustrado que explora tem\u00e1ticas muito relevantes para o desenvolvimento emocional das crian\u00e7as: saber lidar com as preocupa\u00e7\u00f5es e enfrentar obst\u00e1culos, valorizar a amizade e os la\u00e7os que nos unem aos que amamos, ser resiliente e nunca perder a esperan\u00e7a.  Um livro que explora as paisagens naturais e as transforma\u00e7\u00f5es f\u00edsicas e emocionais que acontecem na nossa vida. Imperd\u00edvel!\" \/>\n<meta property=\"og:url\" content=\"https:\/\/livrariasolmar.pt\/produto\/a-montanha-e-a-nuvem\/\" \/>\n<meta property=\"og:site_name\" content=\"Livraria Solmar - Livraria online\" \/>\n<meta property=\"article:modified_time\" content=\"2026-04-16T16:25:27+00:00\" \/>\n<meta property=\"og:image\" content=\"https:\/\/livrariasolmar.pt\/wp-content\/uploads\/2026\/04\/9789895832828_1753754543.jpg\" \/>\n\t<meta property=\"og:image:width\" content=\"699\" \/>\n\t<meta property=\"og:image:height\" content=\"699\" \/>\n<meta name=\"twitter:card\" content=\"summary_large_image\" \/>\n<script type=\"application\/ld+json\" class=\"yoast-schema-graph\">{\"@context\":\"https:\/\/schema.org\",\"@graph\":[{\"@type\":\"WebSite\",\"@id\":\"https:\/\/livrariasolmar.pt\/#website\",\"url\":\"https:\/\/livrariasolmar.pt\/\",\"name\":\"Livraria Solmar - Livraria online\",\"description\":\"Com\\u00e9rcio Livros E Objetos De Arte, Lda - Ponta Delgada, A\\u00e7ores\",\"potentialAction\":[{\"@type\":\"SearchAction\",\"target\":{\"@type\":\"EntryPoint\",\"urlTemplate\":\"https:\/\/livrariasolmar.pt\/?s={search_term_string}\"},\"query-input\":\"required name=search_term_string\"}],\"inLanguage\":\"en-US\"},{\"@type\":\"ImageObject\",\"@id\":\"https:\/\/livrariasolmar.pt\/produto\/a-montanha-e-a-nuvem\/#primaryimage\",\"inLanguage\":\"en-US\",\"url\":\"https:\/\/livrariasolmar.pt\/wp-content\/uploads\/2026\/04\/9789895832828_1753754543.jpg\",\"contentUrl\":\"https:\/\/livrariasolmar.pt\/wp-content\/uploads\/2026\/04\/9789895832828_1753754543.jpg\",\"width\":699,\"height\":699},{\"@type\":\"WebPage\",\"@id\":\"https:\/\/livrariasolmar.pt\/produto\/a-montanha-e-a-nuvem\/#webpage\",\"url\":\"https:\/\/livrariasolmar.pt\/produto\/a-montanha-e-a-nuvem\/\",\"name\":\"A Montanha e a Nuvem - Livraria Solmar - Livraria online\",\"isPartOf\":{\"@id\":\"https:\/\/livrariasolmar.pt\/#website\"},\"primaryImageOfPage\":{\"@id\":\"https:\/\/livrariasolmar.pt\/produto\/a-montanha-e-a-nuvem\/#primaryimage\"},\"datePublished\":\"2026-04-16T16:25:26+00:00\",\"dateModified\":\"2026-04-16T16:25:27+00:00\",\"breadcrumb\":{\"@id\":\"https:\/\/livrariasolmar.pt\/produto\/a-montanha-e-a-nuvem\/#breadcrumb\"},\"inLanguage\":\"en-US\",\"potentialAction\":[{\"@type\":\"ReadAction\",\"target\":[\"https:\/\/livrariasolmar.pt\/produto\/a-montanha-e-a-nuvem\/\"]}]},{\"@type\":\"BreadcrumbList\",\"@id\":\"https:\/\/livrariasolmar.pt\/produto\/a-montanha-e-a-nuvem\/#breadcrumb\",\"itemListElement\":[{\"@type\":\"ListItem\",\"position\":1,\"name\":\"In\\u00edcio\",\"item\":\"https:\/\/livrariasolmar.pt\/en\/\"},{\"@type\":\"ListItem\",\"position\":2,\"name\":\"Shop\",\"item\":\"https:\/\/livrariasolmar.pt\/en\/shop\/\"},{\"@type\":\"ListItem\",\"position\":3,\"name\":\"A Montanha e a Nuvem\"}]}]}<\/script>\n<!-- \/ Yoast SEO plugin. -->","_links":{"self":[{"href":"https:\/\/livrariasolmar.pt\/en\/wp-json\/wp\/v2\/product\/11705"}],"collection":[{"href":"https:\/\/livrariasolmar.pt\/en\/wp-json\/wp\/v2\/product"}],"about":[{"href":"https:\/\/livrariasolmar.pt\/en\/wp-json\/wp\/v2\/types\/product"}],"author":[{"embeddable":true,"href":"https:\/\/livrariasolmar.pt\/en\/wp-json\/wp\/v2\/users\/2"}],"wp:featuredmedia":[{"embeddable":true,"href":"https:\/\/livrariasolmar.pt\/en\/wp-json\/wp\/v2\/media\/11706"}],"wp:attachment":[{"href":"https:\/\/livrariasolmar.pt\/en\/wp-json\/wp\/v2\/media?parent=11705"}],"wp:term":[{"taxonomy":"product_cat","embeddable":true,"href":"https:\/\/livrariasolmar.pt\/en\/wp-json\/wp\/v2\/product_cat?post=11705"},{"taxonomy":"product_tag","embeddable":true,"href":"https:\/\/livrariasolmar.pt\/en\/wp-json\/wp\/v2\/product_tag?post=11705"},{"taxonomy":"cat_produtos","embeddable":true,"href":"https:\/\/livrariasolmar.pt\/en\/wp-json\/wp\/v2\/cat_produtos?post=11705"}],"curies":[{"name":"wp","href":"https:\/\/api.w.org\/{rel}","templated":true}]}}