{"id":11708,"date":"2026-04-16T16:28:51","date_gmt":"2026-04-16T16:28:51","guid":{"rendered":"https:\/\/livrariasolmar.pt\/?post_type=product&#038;p=11708"},"modified":"2026-04-16T16:28:51","modified_gmt":"2026-04-16T16:28:51","slug":"1000-coisas-para-aprender","status":"publish","type":"product","link":"https:\/\/livrariasolmar.pt\/en\/produto\/1000-coisas-para-aprender\/","title":{"rendered":"1000 Coisas para Aprender"},"content":{"rendered":"","protected":false},"excerpt":{"rendered":"<p>Este livro \u00e9 ideal para os mais pequeninos aprenderem e desenvolverem o seu vocabul\u00e1rio. Ao longo do livro h\u00e1 perguntas simples para que se divirtam enquanto aprendem coisas novas.<\/p>\n<p>N\u00e3o se esque\u00e7am de procurar pela ratinha Sofia, ela est\u00e1 escondida em todas as p\u00e1ginas!<\/p>\n<p>Livro graficamente muito apelativo, sofisticado e diferente. Atividades divertidas, interativas e educativas.<\/p>\n","protected":false},"author":2,"featured_media":11709,"template":"","meta":[],"product_cat":[384],"product_tag":[],"cat_produtos":[1978],"yoast_head":"<!-- This site is optimized with the Yoast SEO plugin v16.6 - https:\/\/yoast.com\/wordpress\/plugins\/seo\/ -->\n<title>1000 Coisas para Aprender - Livraria Solmar - Livraria online<\/title>\n<meta name=\"robots\" content=\"index, follow, max-snippet:-1, max-image-preview:large, max-video-preview:-1\" \/>\n<link rel=\"canonical\" href=\"https:\/\/livrariasolmar.pt\/en\/produto\/1000-coisas-para-aprender\/\" \/>\n<meta property=\"og:locale\" content=\"en_US\" \/>\n<meta property=\"og:type\" content=\"article\" \/>\n<meta property=\"og:title\" content=\"1000 Coisas para Aprender - Livraria Solmar - Livraria online\" \/>\n<meta property=\"og:description\" content=\"Este livro \u00e9 ideal para os mais pequeninos aprenderem e desenvolverem o seu vocabul\u00e1rio. Ao longo do livro h\u00e1 perguntas simples para que se divirtam enquanto aprendem coisas novas.  N\u00e3o se esque\u00e7am de procurar pela ratinha Sofia, ela est\u00e1 escondida em todas as p\u00e1ginas!  Livro graficamente muito apelativo, sofisticado e diferente. Atividades divertidas, interativas e educativas.\" \/>\n<meta property=\"og:url\" content=\"https:\/\/livrariasolmar.pt\/produto\/1000-coisas-para-aprender\/\" \/>\n<meta property=\"og:site_name\" content=\"Livraria Solmar - Livraria online\" \/>\n<meta property=\"og:image\" content=\"https:\/\/livrariasolmar.pt\/wp-content\/uploads\/2026\/04\/9789897076633_1564029693.jpg\" \/>\n\t<meta property=\"og:image:width\" content=\"511\" \/>\n\t<meta property=\"og:image:height\" content=\"704\" \/>\n<meta name=\"twitter:card\" content=\"summary_large_image\" \/>\n<script type=\"application\/ld+json\" class=\"yoast-schema-graph\">{\"@context\":\"https:\/\/schema.org\",\"@graph\":[{\"@type\":\"WebSite\",\"@id\":\"https:\/\/livrariasolmar.pt\/#website\",\"url\":\"https:\/\/livrariasolmar.pt\/\",\"name\":\"Livraria Solmar - Livraria online\",\"description\":\"Com\\u00e9rcio Livros E Objetos De Arte, Lda - Ponta Delgada, A\\u00e7ores\",\"potentialAction\":[{\"@type\":\"SearchAction\",\"target\":{\"@type\":\"EntryPoint\",\"urlTemplate\":\"https:\/\/livrariasolmar.pt\/?s={search_term_string}\"},\"query-input\":\"required name=search_term_string\"}],\"inLanguage\":\"en-US\"},{\"@type\":\"ImageObject\",\"@id\":\"https:\/\/livrariasolmar.pt\/produto\/1000-coisas-para-aprender\/#primaryimage\",\"inLanguage\":\"en-US\",\"url\":\"https:\/\/livrariasolmar.pt\/wp-content\/uploads\/2026\/04\/9789897076633_1564029693.jpg\",\"contentUrl\":\"https:\/\/livrariasolmar.pt\/wp-content\/uploads\/2026\/04\/9789897076633_1564029693.jpg\",\"width\":511,\"height\":704},{\"@type\":\"WebPage\",\"@id\":\"https:\/\/livrariasolmar.pt\/produto\/1000-coisas-para-aprender\/#webpage\",\"url\":\"https:\/\/livrariasolmar.pt\/produto\/1000-coisas-para-aprender\/\",\"name\":\"1000 Coisas para Aprender - Livraria Solmar - Livraria online\",\"isPartOf\":{\"@id\":\"https:\/\/livrariasolmar.pt\/#website\"},\"primaryImageOfPage\":{\"@id\":\"https:\/\/livrariasolmar.pt\/produto\/1000-coisas-para-aprender\/#primaryimage\"},\"datePublished\":\"2026-04-16T16:28:51+00:00\",\"dateModified\":\"2026-04-16T16:28:51+00:00\",\"breadcrumb\":{\"@id\":\"https:\/\/livrariasolmar.pt\/produto\/1000-coisas-para-aprender\/#breadcrumb\"},\"inLanguage\":\"en-US\",\"potentialAction\":[{\"@type\":\"ReadAction\",\"target\":[\"https:\/\/livrariasolmar.pt\/produto\/1000-coisas-para-aprender\/\"]}]},{\"@type\":\"BreadcrumbList\",\"@id\":\"https:\/\/livrariasolmar.pt\/produto\/1000-coisas-para-aprender\/#breadcrumb\",\"itemListElement\":[{\"@type\":\"ListItem\",\"position\":1,\"name\":\"In\\u00edcio\",\"item\":\"https:\/\/livrariasolmar.pt\/en\/\"},{\"@type\":\"ListItem\",\"position\":2,\"name\":\"Shop\",\"item\":\"https:\/\/livrariasolmar.pt\/en\/shop\/\"},{\"@type\":\"ListItem\",\"position\":3,\"name\":\"1000 Coisas para Aprender\"}]}]}<\/script>\n<!-- \/ Yoast SEO plugin. -->","_links":{"self":[{"href":"https:\/\/livrariasolmar.pt\/en\/wp-json\/wp\/v2\/product\/11708"}],"collection":[{"href":"https:\/\/livrariasolmar.pt\/en\/wp-json\/wp\/v2\/product"}],"about":[{"href":"https:\/\/livrariasolmar.pt\/en\/wp-json\/wp\/v2\/types\/product"}],"author":[{"embeddable":true,"href":"https:\/\/livrariasolmar.pt\/en\/wp-json\/wp\/v2\/users\/2"}],"wp:featuredmedia":[{"embeddable":true,"href":"https:\/\/livrariasolmar.pt\/en\/wp-json\/wp\/v2\/media\/11709"}],"wp:attachment":[{"href":"https:\/\/livrariasolmar.pt\/en\/wp-json\/wp\/v2\/media?parent=11708"}],"wp:term":[{"taxonomy":"product_cat","embeddable":true,"href":"https:\/\/livrariasolmar.pt\/en\/wp-json\/wp\/v2\/product_cat?post=11708"},{"taxonomy":"product_tag","embeddable":true,"href":"https:\/\/livrariasolmar.pt\/en\/wp-json\/wp\/v2\/product_tag?post=11708"},{"taxonomy":"cat_produtos","embeddable":true,"href":"https:\/\/livrariasolmar.pt\/en\/wp-json\/wp\/v2\/cat_produtos?post=11708"}],"curies":[{"name":"wp","href":"https:\/\/api.w.org\/{rel}","templated":true}]}}