{"id":11711,"date":"2026-04-18T12:12:01","date_gmt":"2026-04-18T12:12:01","guid":{"rendered":"https:\/\/livrariasolmar.pt\/?post_type=product&#038;p=11711"},"modified":"2026-04-18T12:12:01","modified_gmt":"2026-04-18T12:12:01","slug":"a-cozinheira-do-ditador","status":"publish","type":"product","link":"https:\/\/livrariasolmar.pt\/en\/produto\/a-cozinheira-do-ditador\/","title":{"rendered":"A Cozinheira do Ditador"},"content":{"rendered":"","protected":false},"excerpt":{"rendered":"<p>Ela tem l\u00e1bios finos, olhos de \u00e1guia e nariz adunco. Ele, l\u00e1bios carnudos, olhos meigos e nariz pequeno. De fora, ningu\u00e9m diria ser ele o agressor e ela, a v\u00edtima. Um olhar mais demorado, por\u00e9m, uma aten\u00e7\u00e3o redobrada, e a hierarquia torna-se evidente: ele manda, ela obedece; ele p\u00f5e e disp\u00f5e; ela come e cala. Mas tamb\u00e9m cozinha. Porque ela \u00e9 a cozinheira do ditador. E, entre tachos e panelas, al\u00e9m de belos repastos para tentar satisfazer a sempre insaci\u00e1vel fome do ditador, ela cozinha a sua vingan\u00e7a, que, como as mais belas vingan\u00e7as liter\u00e1rias, se serve fria e metaforicamente.<\/p>\n<p><i>A cozinheira do ditador<\/i>, tratado de culin\u00e1ria e da arte de bem comer, \u00e9 um romance divertido e mordaz sobre a perversidade que se esconde onde menos se espera e o muito que se cozinha na sombra, recheado de personagens \u00edmpares e temperado com a sempiterna clarivid\u00eancia de Afonso Cruz.<\/p>\n","protected":false},"author":2,"featured_media":11712,"template":"","meta":[],"product_cat":[190],"product_tag":[],"cat_produtos":[1804],"yoast_head":"<!-- This site is optimized with the Yoast SEO plugin v16.6 - https:\/\/yoast.com\/wordpress\/plugins\/seo\/ -->\n<title>A Cozinheira do Ditador - Livraria Solmar - Livraria online<\/title>\n<meta name=\"robots\" content=\"index, follow, max-snippet:-1, max-image-preview:large, max-video-preview:-1\" \/>\n<link rel=\"canonical\" href=\"https:\/\/livrariasolmar.pt\/en\/produto\/a-cozinheira-do-ditador\/\" \/>\n<meta property=\"og:locale\" content=\"en_US\" \/>\n<meta property=\"og:type\" content=\"article\" \/>\n<meta property=\"og:title\" content=\"A Cozinheira do Ditador - Livraria Solmar - Livraria online\" \/>\n<meta property=\"og:description\" content=\"Ela tem l\u00e1bios finos, olhos de \u00e1guia e nariz adunco. Ele, l\u00e1bios carnudos, olhos meigos e nariz pequeno. De fora, ningu\u00e9m diria ser ele o agressor e ela, a v\u00edtima. Um olhar mais demorado, por\u00e9m, uma aten\u00e7\u00e3o redobrada, e a hierarquia torna-se evidente: ele manda, ela obedece; ele p\u00f5e e disp\u00f5e; ela come e cala. Mas tamb\u00e9m cozinha. Porque ela \u00e9 a cozinheira do ditador. E, entre tachos e panelas, al\u00e9m de belos repastos para tentar satisfazer a sempre insaci\u00e1vel fome do ditador, ela cozinha a sua vingan\u00e7a, que, como as mais belas vingan\u00e7as liter\u00e1rias, se serve fria e metaforicamente.  A cozinheira do ditador, tratado de culin\u00e1ria e da arte de bem comer, \u00e9 um romance divertido e mordaz sobre a perversidade que se esconde onde menos se espera e o muito que se cozinha na sombra, recheado de personagens \u00edmpares e temperado com a sempiterna clarivid\u00eancia de Afonso Cruz.\" \/>\n<meta property=\"og:url\" content=\"https:\/\/livrariasolmar.pt\/produto\/a-cozinheira-do-ditador\/\" \/>\n<meta property=\"og:site_name\" content=\"Livraria Solmar - Livraria online\" \/>\n<meta property=\"og:image\" content=\"https:\/\/livrariasolmar.pt\/wp-content\/uploads\/2026\/04\/5472a7073e68c98405c7593a936096fe.jpg\" \/>\n\t<meta property=\"og:image:width\" content=\"440\" \/>\n\t<meta property=\"og:image:height\" content=\"689\" \/>\n<meta name=\"twitter:card\" content=\"summary_large_image\" \/>\n<script type=\"application\/ld+json\" class=\"yoast-schema-graph\">{\"@context\":\"https:\/\/schema.org\",\"@graph\":[{\"@type\":\"WebSite\",\"@id\":\"https:\/\/livrariasolmar.pt\/#website\",\"url\":\"https:\/\/livrariasolmar.pt\/\",\"name\":\"Livraria Solmar - Livraria online\",\"description\":\"Com\\u00e9rcio Livros E Objetos De Arte, Lda - Ponta Delgada, A\\u00e7ores\",\"potentialAction\":[{\"@type\":\"SearchAction\",\"target\":{\"@type\":\"EntryPoint\",\"urlTemplate\":\"https:\/\/livrariasolmar.pt\/?s={search_term_string}\"},\"query-input\":\"required name=search_term_string\"}],\"inLanguage\":\"en-US\"},{\"@type\":\"ImageObject\",\"@id\":\"https:\/\/livrariasolmar.pt\/produto\/a-cozinheira-do-ditador\/#primaryimage\",\"inLanguage\":\"en-US\",\"url\":\"https:\/\/livrariasolmar.pt\/wp-content\/uploads\/2026\/04\/5472a7073e68c98405c7593a936096fe.jpg\",\"contentUrl\":\"https:\/\/livrariasolmar.pt\/wp-content\/uploads\/2026\/04\/5472a7073e68c98405c7593a936096fe.jpg\",\"width\":440,\"height\":689},{\"@type\":\"WebPage\",\"@id\":\"https:\/\/livrariasolmar.pt\/produto\/a-cozinheira-do-ditador\/#webpage\",\"url\":\"https:\/\/livrariasolmar.pt\/produto\/a-cozinheira-do-ditador\/\",\"name\":\"A Cozinheira do Ditador - Livraria Solmar - Livraria online\",\"isPartOf\":{\"@id\":\"https:\/\/livrariasolmar.pt\/#website\"},\"primaryImageOfPage\":{\"@id\":\"https:\/\/livrariasolmar.pt\/produto\/a-cozinheira-do-ditador\/#primaryimage\"},\"datePublished\":\"2026-04-18T12:12:01+00:00\",\"dateModified\":\"2026-04-18T12:12:01+00:00\",\"breadcrumb\":{\"@id\":\"https:\/\/livrariasolmar.pt\/produto\/a-cozinheira-do-ditador\/#breadcrumb\"},\"inLanguage\":\"en-US\",\"potentialAction\":[{\"@type\":\"ReadAction\",\"target\":[\"https:\/\/livrariasolmar.pt\/produto\/a-cozinheira-do-ditador\/\"]}]},{\"@type\":\"BreadcrumbList\",\"@id\":\"https:\/\/livrariasolmar.pt\/produto\/a-cozinheira-do-ditador\/#breadcrumb\",\"itemListElement\":[{\"@type\":\"ListItem\",\"position\":1,\"name\":\"In\\u00edcio\",\"item\":\"https:\/\/livrariasolmar.pt\/en\/\"},{\"@type\":\"ListItem\",\"position\":2,\"name\":\"Shop\",\"item\":\"https:\/\/livrariasolmar.pt\/en\/shop\/\"},{\"@type\":\"ListItem\",\"position\":3,\"name\":\"A Cozinheira do Ditador\"}]}]}<\/script>\n<!-- \/ Yoast SEO plugin. -->","_links":{"self":[{"href":"https:\/\/livrariasolmar.pt\/en\/wp-json\/wp\/v2\/product\/11711"}],"collection":[{"href":"https:\/\/livrariasolmar.pt\/en\/wp-json\/wp\/v2\/product"}],"about":[{"href":"https:\/\/livrariasolmar.pt\/en\/wp-json\/wp\/v2\/types\/product"}],"author":[{"embeddable":true,"href":"https:\/\/livrariasolmar.pt\/en\/wp-json\/wp\/v2\/users\/2"}],"wp:featuredmedia":[{"embeddable":true,"href":"https:\/\/livrariasolmar.pt\/en\/wp-json\/wp\/v2\/media\/11712"}],"wp:attachment":[{"href":"https:\/\/livrariasolmar.pt\/en\/wp-json\/wp\/v2\/media?parent=11711"}],"wp:term":[{"taxonomy":"product_cat","embeddable":true,"href":"https:\/\/livrariasolmar.pt\/en\/wp-json\/wp\/v2\/product_cat?post=11711"},{"taxonomy":"product_tag","embeddable":true,"href":"https:\/\/livrariasolmar.pt\/en\/wp-json\/wp\/v2\/product_tag?post=11711"},{"taxonomy":"cat_produtos","embeddable":true,"href":"https:\/\/livrariasolmar.pt\/en\/wp-json\/wp\/v2\/cat_produtos?post=11711"}],"curies":[{"name":"wp","href":"https:\/\/api.w.org\/{rel}","templated":true}]}}