{"id":11714,"date":"2026-04-18T12:34:43","date_gmt":"2026-04-18T12:34:43","guid":{"rendered":"https:\/\/livrariasolmar.pt\/?post_type=product&#038;p=11714"},"modified":"2026-04-18T12:34:43","modified_gmt":"2026-04-18T12:34:43","slug":"a-minha-mae-e-eu-um-diario","status":"publish","type":"product","link":"https:\/\/livrariasolmar.pt\/en\/produto\/a-minha-mae-e-eu-um-diario\/","title":{"rendered":"A Minha M\u00e3e e Eu: Um di\u00e1rio"},"content":{"rendered":"","protected":false},"excerpt":{"rendered":"<p>Este di\u00e1rio \u00e9 um convite para desligar do ritmo do dia a dia e abrir espa\u00e7o ao que realmente importa partilhar. Entre propostas de atividades para fazerem a dois e p\u00e1ginas reservadas para escrever desejos, esperan\u00e7as e sonhos, cada momento transforma-se numa mem\u00f3ria &#8211; e cada mem\u00f3ria, num tesouro para o futuro.<\/p>\n<p>Pensado para todas as fam\u00edlias e todos os tipos de m\u00e3e, este \u00e9 um livro escrito a quatro m\u00e3os verdadeiro, afetivo e feito para ser folheado muitas vezes.<\/p>\n<p>Para oferecer no Dia da M\u00e3e, no anivers\u00e1rio, ou num dia qualquer &#8211; porque criar mem\u00f3rias \u00e9 o melhor presente de todos.<\/p>\n","protected":false},"author":2,"featured_media":11715,"template":"","meta":[],"product_cat":[384],"product_tag":[],"cat_produtos":[1979],"yoast_head":"<!-- This site is optimized with the Yoast SEO plugin v16.6 - https:\/\/yoast.com\/wordpress\/plugins\/seo\/ -->\n<title>A Minha M\u00e3e e Eu: Um di\u00e1rio - Livraria Solmar - Livraria online<\/title>\n<meta name=\"robots\" content=\"index, follow, max-snippet:-1, max-image-preview:large, max-video-preview:-1\" \/>\n<link rel=\"canonical\" href=\"https:\/\/livrariasolmar.pt\/en\/produto\/a-minha-mae-e-eu-um-diario\/\" \/>\n<meta property=\"og:locale\" content=\"en_US\" \/>\n<meta property=\"og:type\" content=\"article\" \/>\n<meta property=\"og:title\" content=\"A Minha M\u00e3e e Eu: Um di\u00e1rio - Livraria Solmar - Livraria online\" \/>\n<meta property=\"og:description\" content=\"Este di\u00e1rio \u00e9 um convite para desligar do ritmo do dia a dia e abrir espa\u00e7o ao que realmente importa partilhar. Entre propostas de atividades para fazerem a dois e p\u00e1ginas reservadas para escrever desejos, esperan\u00e7as e sonhos, cada momento transforma-se numa mem\u00f3ria - e cada mem\u00f3ria, num tesouro para o futuro.  Pensado para todas as fam\u00edlias e todos os tipos de m\u00e3e, este \u00e9 um livro escrito a quatro m\u00e3os verdadeiro, afetivo e feito para ser folheado muitas vezes.  Para oferecer no Dia da M\u00e3e, no anivers\u00e1rio, ou num dia qualquer - porque criar mem\u00f3rias \u00e9 o melhor presente de todos.\" \/>\n<meta property=\"og:url\" content=\"https:\/\/livrariasolmar.pt\/produto\/a-minha-mae-e-eu-um-diario\/\" \/>\n<meta property=\"og:site_name\" content=\"Livraria Solmar - Livraria online\" \/>\n<meta property=\"og:image\" content=\"https:\/\/livrariasolmar.pt\/wp-content\/uploads\/2026\/04\/ebc0d8c1e266bb458b9dea85ed79a882.jpg\" \/>\n\t<meta property=\"og:image:width\" content=\"440\" \/>\n\t<meta property=\"og:image:height\" content=\"615\" \/>\n<meta name=\"twitter:card\" content=\"summary_large_image\" \/>\n<script type=\"application\/ld+json\" class=\"yoast-schema-graph\">{\"@context\":\"https:\/\/schema.org\",\"@graph\":[{\"@type\":\"WebSite\",\"@id\":\"https:\/\/livrariasolmar.pt\/#website\",\"url\":\"https:\/\/livrariasolmar.pt\/\",\"name\":\"Livraria Solmar - Livraria online\",\"description\":\"Com\\u00e9rcio Livros E Objetos De Arte, Lda - Ponta Delgada, A\\u00e7ores\",\"potentialAction\":[{\"@type\":\"SearchAction\",\"target\":{\"@type\":\"EntryPoint\",\"urlTemplate\":\"https:\/\/livrariasolmar.pt\/?s={search_term_string}\"},\"query-input\":\"required name=search_term_string\"}],\"inLanguage\":\"en-US\"},{\"@type\":\"ImageObject\",\"@id\":\"https:\/\/livrariasolmar.pt\/produto\/a-minha-mae-e-eu-um-diario\/#primaryimage\",\"inLanguage\":\"en-US\",\"url\":\"https:\/\/livrariasolmar.pt\/wp-content\/uploads\/2026\/04\/ebc0d8c1e266bb458b9dea85ed79a882.jpg\",\"contentUrl\":\"https:\/\/livrariasolmar.pt\/wp-content\/uploads\/2026\/04\/ebc0d8c1e266bb458b9dea85ed79a882.jpg\",\"width\":440,\"height\":615},{\"@type\":\"WebPage\",\"@id\":\"https:\/\/livrariasolmar.pt\/produto\/a-minha-mae-e-eu-um-diario\/#webpage\",\"url\":\"https:\/\/livrariasolmar.pt\/produto\/a-minha-mae-e-eu-um-diario\/\",\"name\":\"A Minha M\\u00e3e e Eu: Um di\\u00e1rio - Livraria Solmar - Livraria online\",\"isPartOf\":{\"@id\":\"https:\/\/livrariasolmar.pt\/#website\"},\"primaryImageOfPage\":{\"@id\":\"https:\/\/livrariasolmar.pt\/produto\/a-minha-mae-e-eu-um-diario\/#primaryimage\"},\"datePublished\":\"2026-04-18T12:34:43+00:00\",\"dateModified\":\"2026-04-18T12:34:43+00:00\",\"breadcrumb\":{\"@id\":\"https:\/\/livrariasolmar.pt\/produto\/a-minha-mae-e-eu-um-diario\/#breadcrumb\"},\"inLanguage\":\"en-US\",\"potentialAction\":[{\"@type\":\"ReadAction\",\"target\":[\"https:\/\/livrariasolmar.pt\/produto\/a-minha-mae-e-eu-um-diario\/\"]}]},{\"@type\":\"BreadcrumbList\",\"@id\":\"https:\/\/livrariasolmar.pt\/produto\/a-minha-mae-e-eu-um-diario\/#breadcrumb\",\"itemListElement\":[{\"@type\":\"ListItem\",\"position\":1,\"name\":\"In\\u00edcio\",\"item\":\"https:\/\/livrariasolmar.pt\/en\/\"},{\"@type\":\"ListItem\",\"position\":2,\"name\":\"Shop\",\"item\":\"https:\/\/livrariasolmar.pt\/en\/shop\/\"},{\"@type\":\"ListItem\",\"position\":3,\"name\":\"A Minha M\\u00e3e e Eu: Um di\\u00e1rio\"}]}]}<\/script>\n<!-- \/ Yoast SEO plugin. -->","_links":{"self":[{"href":"https:\/\/livrariasolmar.pt\/en\/wp-json\/wp\/v2\/product\/11714"}],"collection":[{"href":"https:\/\/livrariasolmar.pt\/en\/wp-json\/wp\/v2\/product"}],"about":[{"href":"https:\/\/livrariasolmar.pt\/en\/wp-json\/wp\/v2\/types\/product"}],"author":[{"embeddable":true,"href":"https:\/\/livrariasolmar.pt\/en\/wp-json\/wp\/v2\/users\/2"}],"wp:featuredmedia":[{"embeddable":true,"href":"https:\/\/livrariasolmar.pt\/en\/wp-json\/wp\/v2\/media\/11715"}],"wp:attachment":[{"href":"https:\/\/livrariasolmar.pt\/en\/wp-json\/wp\/v2\/media?parent=11714"}],"wp:term":[{"taxonomy":"product_cat","embeddable":true,"href":"https:\/\/livrariasolmar.pt\/en\/wp-json\/wp\/v2\/product_cat?post=11714"},{"taxonomy":"product_tag","embeddable":true,"href":"https:\/\/livrariasolmar.pt\/en\/wp-json\/wp\/v2\/product_tag?post=11714"},{"taxonomy":"cat_produtos","embeddable":true,"href":"https:\/\/livrariasolmar.pt\/en\/wp-json\/wp\/v2\/cat_produtos?post=11714"}],"curies":[{"name":"wp","href":"https:\/\/api.w.org\/{rel}","templated":true}]}}